{"id":998,"date":"2021-03-17T16:50:39","date_gmt":"2021-03-17T15:50:39","guid":{"rendered":"http:\/\/www.abyssa.com\/abys2021\/?page_id=998"},"modified":"2025-07-07T11:36:18","modified_gmt":"2025-07-07T09:36:18","slug":"la-societe","status":"publish","type":"page","link":"https:\/\/www.abyssa.com\/fr\/abyssa\/la-societe\/","title":{"rendered":"La soci\u00e9t\u00e9"},"content":{"rendered":"<div class=\"wpb-content-wrapper\"><p>[vc_row][vc_column]<div id=\"ultimate-heading-291969e7669793236\" class=\"uvc-heading ult-adjust-bottom-margin ultimate-heading-291969e7669793236 uvc-3087 \" data-hspacer=\"icon_only\"  data-halign=\"left\" style=\"text-align:left\"><div class=\"uvc-heading-spacer icon_only\" style=\"margin-bottom:20px;\"><div class=\"ult-just-icon-wrapper  \"><div class=\"align-icon\" style=\"text-align:left;\">\n<div class=\"aio-icon advanced \"  style=\"color:#697787;border-style:dashed;border-color:#697787;border-width:1px;width:45px;height:45px;line-height:45px;border-radius:500px;font-size:20px;\">\n\t<i class=\"icomoon-the7-font-the7-plus-04\"><\/i>\n<\/div><\/div><\/div><\/div><div class=\"uvc-main-heading ult-responsive\"  data-ultimate-target='.uvc-heading.ultimate-heading-291969e7669793236 h2'  data-responsive-json-new='{\"font-size\":\"desktop:50px;\",\"line-height\":\"desktop:60px;\"}' ><h2 style=\"font-family:&#039;Exo 2&#039;;font-weight:200;margin-bottom:25px;\">ABYSSA, l\u2019exploration des grands fonds marins<\/h2><\/div><div class=\"uvc-sub-heading ult-responsive\"  data-ultimate-target='.uvc-heading.ultimate-heading-291969e7669793236 .uvc-sub-heading '  data-responsive-json-new='{\"font-size\":\"desktop:22px;\",\"line-height\":\"desktop:32px;\"}'  style=\"font-family:&#039;Exo 2&#039;;font-weight:200;margin-bottom:35px;\">ABYSSA propose une activit\u00e9 de services orient\u00e9e vers les Etats ou les autorit\u00e9s publiques qui souhaitent acc\u00e9der \u00e0 la connaissance de leur patrimoine sous-marin profond, mais \u00e9galement vers les industriels qui veulent connaitre la richesse et les contraintes environnementales \u00e0 prendre en compte.<\/div><\/div>[\/vc_column][\/vc_row][vc_row gap=\u00a0\u00bb35&Prime; equal_height=\u00a0\u00bbyes\u00a0\u00bb content_placement=\u00a0\u00bbmiddle\u00a0\u00bb][vc_column width=\u00a0\u00bb2\/3&Prime;]<div id=\"ultimate-heading-404069e766979331e\" class=\"uvc-heading ult-adjust-bottom-margin ultimate-heading-404069e766979331e uvc-7636 \" data-hspacer=\"no_spacer\"  data-halign=\"left\" style=\"text-align:left\"><div class=\"uvc-heading-spacer no_spacer\" style=\"top\"><\/div><div class=\"uvc-main-heading ult-responsive\"  data-ultimate-target='.uvc-heading.ultimate-heading-404069e766979331e h2'  data-responsive-json-new='{\"font-size\":\"desktop:45px;\",\"line-height\":\"desktop:55px;\"}' ><h2 style=\"font-family:&#039;Exo 2&#039;;font-weight:200;margin-bottom:25px;\">Des d\u00e9buts prometteurs<\/h2><\/div><div class=\"uvc-sub-heading ult-responsive\"  data-ultimate-target='.uvc-heading.ultimate-heading-404069e766979331e .uvc-sub-heading '  data-responsive-json-new='{\"font-size\":\"desktop:16px;\",\"line-height\":\"desktop:26px;\"}'  style=\"font-family:&#039;Exo 2&#039;;font-weight:300;\">L\u2019origine de ABYSSA est un projet scientifique (projet MESSIDOR\/MELODI, r\u00e9alis\u00e9 entre 2014 et 2018) soutenu par Bpifrance dans le cadre du Concours Mondial Innovation, qui visait \u00e0 proposer le d\u00e9ploiement d\u2019une flotte d\u2019AUVs pour la d\u00e9tection des amas sulfur\u00e9s, l\u2019une des 3 principales ressources min\u00e9rales des grands fonds marins.<\/p>\n<p>D\u00e8s sa cr\u00e9ation, ABYSSA a b\u00e9n\u00e9fici\u00e9 du support de plusieurs institutions, organismes et partenaires : Vice-Pr\u00e9sidence de la Polyn\u00e9sie Fran\u00e7aise, Gouvernement de Nouvelle-Cal\u00e9donie, Secr\u00e9tariat G\u00e9n\u00e9ral de la Mer, Minist\u00e8re des Affaires Etrang\u00e8res, Ifremer, Institut de Physique du Globe de Paris, Cluster Maritime Fran\u00e7ais, Groupement des Industries de Construction et Activit\u00e9s Navales, TechnipFMC, Deep Sea Mining Alliance.<\/div><\/div>[\/vc_column][vc_column width=\u00a0\u00bb1\/3&Prime;]<div class=\"ult-animation  ult-no-mobile \" data-animate=\"fadeInRightBig\" data-animation-delay=\"0\" data-animation-duration=\"3\" data-animation-iteration=\"1\" style=\"\" >[vc_single_image image=\u00a0\u00bb335&Prime; img_size=\u00a0\u00bbfull\u00a0\u00bb alignment=\u00a0\u00bbcenter\u00a0\u00bb css_animation=\u00a0\u00bbnone\u00a0\u00bb image_hovers=\u00a0\u00bbfalse\u00a0\u00bb]<\/div>[\/vc_column][\/vc_row][vc_row full_width=\u00a0\u00bbstretch_row_content\u00a0\u00bb equal_height=\u00a0\u00bbyes\u00a0\u00bb content_placement=\u00a0\u00bbmiddle\u00a0\u00bb bg_type=\u00a0\u00bbbg_color\u00a0\u00bb bg_override=\u00a0\u00bbex-full\u00a0\u00bb css=\u00a0\u00bb.vc_custom_1616152420903{margin-top: 35px !important;margin-bottom: 35px !important;}\u00a0\u00bb bg_color_value=\u00a0\u00bb#37495f\u00a0\u00bb][vc_column width=\u00a0\u00bb1\/2&Prime; css=\u00a0\u00bb.vc_custom_1658844261128{background-image: url(https:\/\/www.abyssa.com\/abys2021\/wp-content\/uploads\/2022\/07\/societe.jpg?id=2245) !important;background-position: center !important;background-repeat: no-repeat !important;background-size: cover !important;}\u00a0\u00bb][vc_empty_space height=\u00a0\u00bb200px\u00a0\u00bb][\/vc_column][vc_column width=\u00a0\u00bb1\/2&Prime; css=\u00a0\u00bb.vc_custom_1616079379776{padding: 45px !important;}\u00a0\u00bb]<div id=\"ultimate-heading-236169e7669793443\" class=\"uvc-heading ult-adjust-bottom-margin ultimate-heading-236169e7669793443 uvc-8273 \" data-hspacer=\"no_spacer\"  data-halign=\"left\" style=\"text-align:left\"><div class=\"uvc-heading-spacer no_spacer\" style=\"top\"><\/div><div class=\"uvc-main-heading ult-responsive\"  data-ultimate-target='.uvc-heading.ultimate-heading-236169e7669793443 h2'  data-responsive-json-new='{\"font-size\":\"desktop:45px;\",\"line-height\":\"desktop:55px;\"}' ><h2 style=\"font-family:&#039;Exo 2&#039;;font-weight:200;color:#f4f4f5;margin-bottom:25px;\">Une vision et des challenges<\/h2><\/div><div class=\"uvc-sub-heading ult-responsive\"  data-ultimate-target='.uvc-heading.ultimate-heading-236169e7669793443 .uvc-sub-heading '  data-responsive-json-new='{\"font-size\":\"desktop:16px;\",\"line-height\":\"desktop:26px;\"}'  style=\"font-family:&#039;Exo 2&#039;;font-weight:300;color:#f4f4f5;\">Avec l\u2019exploration des grands fonds marins, ABYSSA adresse diff\u00e9rents challenges :<\/p>\n<ul>\n<li>Un d\u00e9fi scientifique puisque les grands fonds oc\u00e9aniques sont particuli\u00e8rement m\u00e9connus ;<\/li>\n<li>Un d\u00e9fi \u00e9conomique et strat\u00e9gique puisque les grands fonds oc\u00e9aniques constituent des ressources potentielles g\u00e9ologiques, biologiques et \u00e9nerg\u00e9tiques renouvelables ;<\/li>\n<li>Un d\u00e9fi technique puisque ces explorations et cartographies pr\u00e9cises n\u00e9cessitent d\u2019utiliser des \u00e9quipements et m\u00e9thodes sp\u00e9cifiques \u00e0 la pointe de la technologie.<\/li>\n<\/ul>\n<p>L\u2019exploration des grands fonds marins par le d\u00e9ploiement d\u2019AUVs permet d\u2019apporter des connaissances sur ces milieux peu\/pas explor\u00e9s, pr\u00e9alable n\u00e9cessaire \u00e0 la connaissance et \u00e0 la protection du milieu.<\/div><\/div>[\/vc_column][\/vc_row][vc_row full_width=\u00a0\u00bbstretch_row\u00a0\u00bb equal_height=\u00a0\u00bbyes\u00a0\u00bb content_placement=\u00a0\u00bbmiddle\u00a0\u00bb bg_type=\u00a0\u00bbimage\u00a0\u00bb parallax_style=\u00a0\u00bbvcpb-default\u00a0\u00bb bg_image_new=\u00a0\u00bbid^256|url^https:\/\/www.abyssa.com\/abys2021\/wp-content\/uploads\/2021\/03\/motif-carte.svg|caption^null|alt^null|title^motif-carte|description^null\u00a0\u00bb bg_image_repeat=\u00a0\u00bbno-repeat\u00a0\u00bb bg_image_size=\u00a0\u00bbinitial\u00a0\u00bb bg_override=\u00a0\u00bbex-full\u00a0\u00bb css=\u00a0\u00bb.vc_custom_1751880659895{margin-top: 35px !important;margin-bottom: 0px !important;}\u00a0\u00bb][vc_column width=\u00a0\u00bb2\/3&Prime; css=\u00a0\u00bb.vc_custom_1616083517277{padding-bottom: 35px !important;}\u00a0\u00bb]<div id=\"ultimate-heading-894769e76697934f8\" class=\"uvc-heading ult-adjust-bottom-margin ultimate-heading-894769e76697934f8 uvc-363 \" data-hspacer=\"no_spacer\"  data-halign=\"left\" style=\"text-align:left\"><div class=\"uvc-heading-spacer no_spacer\" style=\"top\"><\/div><div class=\"uvc-main-heading ult-responsive\"  data-ultimate-target='.uvc-heading.ultimate-heading-894769e76697934f8 h2'  data-responsive-json-new='{\"font-size\":\"desktop:45px;\",\"line-height\":\"desktop:55px;\"}' ><h2 style=\"font-family:&#039;Exo 2&#039;;font-weight:200;margin-bottom:25px;\">Nos missions<\/h2><\/div><div class=\"uvc-sub-heading ult-responsive\"  data-ultimate-target='.uvc-heading.ultimate-heading-894769e76697934f8 .uvc-sub-heading '  data-responsive-json-new='{\"font-size\":\"desktop:16px;\",\"line-height\":\"desktop:26px;\"}'  style=\"font-family:&#039;Exo 2&#039;;font-weight:300;\">Explorer les grands fonds oc\u00e9aniques (jusqu\u2019\u00e0 6000 m de profondeur) en utilisant des v\u00e9hicules autonomes sous-marins (AUVs) afin de r\u00e9aliser des cartographies de haute-r\u00e9solution des fonds marins.<br \/>\nLes missions de cartographies, r\u00e9alis\u00e9es pour des clients priv\u00e9s ou publics, permettent de fournir des donn\u00e9es techniques (bathym\u00e9trie, nature de fonds, courants\u2026) et environnementales (habitats et sensibilit\u00e9 du milieu, inventaire de la g\u00e9odiversit\u00e9 et biodiversit\u00e9) pour diff\u00e9rents types de projets (projets d\u2019inventaire du patrimoine, projets industriels \u2026).<\/p>\n<p>En compl\u00e9ment de ce volet op\u00e9rationnel, ABYSSA porte \u00e9galement un volet de conseil et d\u2019analyse. En amont des missions d\u2019exploration, ABYSSA aide \u00e0 la d\u00e9finition des objectifs et du contenu de la campagne d\u2019exploration. ABYSSA, avec son \u00e9quipe scientifique, r\u00e9alise par ailleurs l\u2019analyse et l\u2019interpr\u00e9tation des donn\u00e9es collect\u00e9es.<br \/>\nEn absence de connaissances sur ces milieux, ces donn\u00e9es sont n\u00e9cessaires pour prendre des d\u00e9cisions \u00e9clair\u00e9es.<\/div><\/div>[\/vc_column][vc_column css_animation=\u00a0\u00bbslideInRight\u00a0\u00bb width=\u00a0\u00bb1\/3&Prime;]<div class=\" ubtn-ctn-center \"><a class=\"ubtn-link ult-adjust-bottom-margin ubtn-center ubtn-normal \" href=\"https:\/\/www.abyssa.com\/fr\/notre-offre\/cartographier\/\" title=\"Cartographier\" ><button type=\"button\" id=\"ubtn-4946\"  class=\"ubtn ult-adjust-bottom-margin ult-responsive ubtn-normal ubtn-fade-bg  ulta-grow  ubtn-sep-icon ubtn-sep-icon-right-push  ubtn-center   tooltip-69e76697935c8\"  data-hover=\"#f4f4f5\" data-border-color=\"#1e334b\" data-bg=\"rgba(244,244,245,0.5)\" data-hover-bg=\"rgba(30,51,75,0.65)\" data-border-hover=\"#ffffff\" data-shadow-hover=\"\" data-shadow-click=\"none\" data-shadow=\"\" data-shd-shadow=\"\"  data-ultimate-target='#ubtn-4946'  data-responsive-json-new='{\"font-size\":\"desktop:20px;\",\"line-height\":\"desktop:30px;\"}'  style=\"font-family:&#039;Exo 2&#039;;font-weight:200;border-radius:300px;border-width:1px;border-color:#1e334b;border-style:solid;background: rgba(244,244,245,0.5);color: #1e334b;\"><span class=\"ubtn-data ubtn-icon\"><i class=\"icomoon-the7-font-the7-plus-04\" style=\"font-size:18px;color:#ffffff;\"><\/i><\/span><span class=\"ubtn-hover\" style=\"background-color:rgba(30,51,75,0.65)\"><\/span><span class=\"ubtn-data ubtn-text \" >Cartographier<\/span><\/button><\/a><\/div><div class=\" ubtn-ctn-center \"><a class=\"ubtn-link ult-adjust-bottom-margin ubtn-center ubtn-normal \" href=\"https:\/\/www.abyssa.com\/fr\/notre-offre\/localiser\/\" title=\"Localiser\" ><button type=\"button\" id=\"ubtn-8865\"  class=\"ubtn ult-adjust-bottom-margin ult-responsive ubtn-normal ubtn-fade-bg  ulta-grow  ubtn-sep-icon ubtn-sep-icon-right-push  ubtn-center   tooltip-69e7669793697\"  data-hover=\"#f4f4f5\" data-border-color=\"#1e334b\" data-bg=\"rgba(244,244,245,0.5)\" data-hover-bg=\"rgba(30,51,75,0.65)\" data-border-hover=\"#ffffff\" data-shadow-hover=\"\" data-shadow-click=\"none\" data-shadow=\"\" data-shd-shadow=\"\"  data-ultimate-target='#ubtn-8865'  data-responsive-json-new='{\"font-size\":\"desktop:20px;\",\"line-height\":\"desktop:30px;\"}'  style=\"font-family:&#039;Exo 2&#039;;font-weight:200;border-radius:300px;border-width:1px;border-color:#1e334b;border-style:solid;background: rgba(244,244,245,0.5);color: #1e334b;\"><span class=\"ubtn-data ubtn-icon\"><i class=\"icomoon-the7-font-the7-plus-04\" style=\"font-size:18px;color:#ffffff;\"><\/i><\/span><span class=\"ubtn-hover\" style=\"background-color:rgba(30,51,75,0.65)\"><\/span><span class=\"ubtn-data ubtn-text \" >Localiser<\/span><\/button><\/a><\/div><div class=\" ubtn-ctn-center \"><a class=\"ubtn-link ult-adjust-bottom-margin ubtn-center ubtn-normal \" href=\"https:\/\/www.abyssa.com\/fr\/notre-offre\/inventorier\/\" title=\"Inventorier\" ><button type=\"button\" id=\"ubtn-4934\"  class=\"ubtn ult-adjust-bottom-margin ult-responsive ubtn-normal ubtn-fade-bg  ulta-grow  ubtn-sep-icon ubtn-sep-icon-right-push  ubtn-center   tooltip-69e7669793718\"  data-hover=\"#f4f4f5\" data-border-color=\"#1e334b\" data-bg=\"rgba(244,244,245,0.5)\" data-hover-bg=\"rgba(30,51,75,0.5)\" data-border-hover=\"#ffffff\" data-shadow-hover=\"\" data-shadow-click=\"none\" data-shadow=\"\" data-shd-shadow=\"\"  data-ultimate-target='#ubtn-4934'  data-responsive-json-new='{\"font-size\":\"desktop:20px;\",\"line-height\":\"desktop:30px;\"}'  style=\"font-family:&#039;Exo 2&#039;;font-weight:200;border-radius:300px;border-width:1px;border-color:#1e334b;border-style:solid;background: rgba(244,244,245,0.5);color: #1e334b;\"><span class=\"ubtn-data ubtn-icon\"><i class=\"icomoon-the7-font-the7-plus-04\" style=\"font-size:18px;color:#ffffff;\"><\/i><\/span><span class=\"ubtn-hover\" style=\"background-color:rgba(30,51,75,0.5)\"><\/span><span class=\"ubtn-data ubtn-text \" >Inventorier<\/span><\/button><\/a><\/div><div class=\" ubtn-ctn-center \"><a class=\"ubtn-link ult-adjust-bottom-margin ubtn-center ubtn-normal \" href=\"https:\/\/www.abyssa.com\/fr\/notre-offre\/operateur-dauv\/\" title=\"Op\u00e9rateur d\u2019AUV\" ><button type=\"button\" id=\"ubtn-4074\"  class=\"ubtn ult-adjust-bottom-margin ult-responsive ubtn-normal ubtn-fade-bg  ulta-grow  ubtn-sep-icon ubtn-sep-icon-right-push  ubtn-center   tooltip-69e76697937a9\"  data-hover=\"#f4f4f5\" data-border-color=\"#1e334b\" data-bg=\"rgba(244,244,245,0.5)\" data-hover-bg=\"rgba(30,51,75,0.65)\" data-border-hover=\"#ffffff\" data-shadow-hover=\"\" data-shadow-click=\"none\" data-shadow=\"\" data-shd-shadow=\"\"  data-ultimate-target='#ubtn-4074'  data-responsive-json-new='{\"font-size\":\"desktop:20px;\",\"line-height\":\"desktop:30px;\"}'  style=\"font-family:&#039;Exo 2&#039;;font-weight:200;border-radius:300px;border-width:1px;border-color:#1e334b;border-style:solid;background: rgba(244,244,245,0.5);color: #1e334b;\"><span class=\"ubtn-data ubtn-icon\"><i class=\"icomoon-the7-font-the7-plus-04\" style=\"font-size:18px;color:#ffffff;\"><\/i><\/span><span class=\"ubtn-hover\" style=\"background-color:rgba(30,51,75,0.65)\"><\/span><span class=\"ubtn-data ubtn-text \" >Op\u00e9rateur d&#039;AUV<\/span><\/button><\/a><\/div>[\/vc_column][\/vc_row][vc_row full_width=\u00a0\u00bbstretch_row\u00a0\u00bb gap=\u00a0\u00bb35&Prime; content_placement=\u00a0\u00bbmiddle\u00a0\u00bb css=\u00a0\u00bb.vc_custom_1751880718883{margin-bottom: 0px !important;padding-top: 30px !important;padding-bottom: 30px !important;background-color: #ffffff !important;}\u00a0\u00bb][vc_column width=\u00a0\u00bb2\/3&Prime; css=\u00a0\u00bb.vc_custom_1751880587449{padding-top: 0px !important;}\u00a0\u00bb]<div id=\"ultimate-heading-758069e7669793835\" class=\"uvc-heading ult-adjust-bottom-margin ultimate-heading-758069e7669793835 uvc-1483 \" data-hspacer=\"no_spacer\"  data-halign=\"left\" style=\"text-align:left\"><div class=\"uvc-heading-spacer no_spacer\" style=\"top\"><\/div><div class=\"uvc-main-heading ult-responsive\"  data-ultimate-target='.uvc-heading.ultimate-heading-758069e7669793835 h2'  data-responsive-json-new='{\"font-size\":\"desktop:35px;\",\"line-height\":\"desktop:45px;\"}' ><h2 style=\"font-family:&#039;Exo 2&#039;;font-weight:200;margin-bottom:15px;\">Certification ISO 9001<\/h2><\/div><div class=\"uvc-sub-heading ult-responsive\"  data-ultimate-target='.uvc-heading.ultimate-heading-758069e7669793835 .uvc-sub-heading '  data-responsive-json-new='{\"font-size\":\"desktop:16px;\",\"line-height\":\"desktop:26px;\"}'  style=\"font-family:&#039;Exo 2&#039;;font-weight:300;\">La soci\u00e9t\u00e9 d\u00e9tient la certification ISO9001, depuis mai 2025. Celle-ci t\u00e9moigne de l&rsquo;efficacit\u00e9 des syst\u00e8mes de management, de production, et d&rsquo;informations au sein de l&rsquo;\u00e9quipe, assurant ainsi un engagement et une prestation de qualit\u00e9 aupr\u00e8s de ses clients.<\/div><\/div>[\/vc_column][vc_column width=\u00a0\u00bb1\/3&Prime; css=\u00a0\u00bb.vc_custom_1751880596873{padding-top: 0px !important;}\u00a0\u00bb][vc_single_image image=\u00a0\u00bb4014&Prime; img_size=\u00a0\u00bbfull\u00a0\u00bb alignment=\u00a0\u00bbcenter\u00a0\u00bb css=\u00a0\u00bb.vc_custom_1751880446738{margin-bottom: 0px !important;}\u00a0\u00bb image_hovers=\u00a0\u00bbfalse\u00a0\u00bb][\/vc_column][\/vc_row]<\/p>\n<\/div>","protected":false},"excerpt":{"rendered":"<p>[vc_row][vc_column][\/vc_column][\/vc_row][vc_row gap=\u00a0\u00bb35&Prime; equal_height=\u00a0\u00bbyes\u00a0\u00bb content_placement=\u00a0\u00bbmiddle\u00a0\u00bb][vc_column width=\u00a0\u00bb2\/3&Prime;][\/vc_column][vc_column width=\u00a0\u00bb1\/3&Prime;][\/vc_column][\/vc_row][vc_row full_width=\u00a0\u00bbstretch_row_content\u00a0\u00bb equal_height=\u00a0\u00bbyes\u00a0\u00bb content_placement=\u00a0\u00bbmiddle\u00a0\u00bb bg_type=\u00a0\u00bbbg_color\u00a0\u00bb bg_override=\u00a0\u00bbex-full\u00a0\u00bb css=\u00a0\u00bb.vc_custom_1616152420903{margin-top: 35px !important;margin-bottom: 35px !important;}\u00a0\u00bb bg_color_value=\u00a0\u00bb#37495f\u00a0\u00bb][vc_column width=\u00a0\u00bb1\/2&Prime; css=\u00a0\u00bb.vc_custom_1658844261128{background-image: url(https:\/\/www.abyssa.com\/abys2021\/wp-content\/uploads\/2022\/07\/societe.jpg?id=2245) !important;background-position: center !important;background-repeat: no-repeat !important;background-size: cover !important;}\u00a0\u00bb][vc_empty_space height=\u00a0\u00bb200px\u00a0\u00bb][\/vc_column][vc_column width=\u00a0\u00bb1\/2&Prime; css=\u00a0\u00bb.vc_custom_1616079379776{padding: 45px !important;}\u00a0\u00bb][\/vc_column][\/vc_row][vc_row full_width=\u00a0\u00bbstretch_row\u00a0\u00bb equal_height=\u00a0\u00bbyes\u00a0\u00bb content_placement=\u00a0\u00bbmiddle\u00a0\u00bb bg_type=\u00a0\u00bbimage\u00a0\u00bb parallax_style=\u00a0\u00bbvcpb-default\u00a0\u00bb bg_image_new=\u00a0\u00bbid^256|url^https:\/\/www.abyssa.com\/abys2021\/wp-content\/uploads\/2021\/03\/motif-carte.svg|caption^null|alt^null|title^motif-carte|description^null\u00a0\u00bb bg_image_repeat=\u00a0\u00bbno-repeat\u00a0\u00bb bg_image_size=\u00a0\u00bbinitial\u00a0\u00bb bg_override=\u00a0\u00bbex-full\u00a0\u00bb css=\u00a0\u00bb.vc_custom_1751880659895{margin-top: 35px !important;margin-bottom: 0px !important;}\u00a0\u00bb][vc_column width=\u00a0\u00bb2\/3&Prime; css=\u00a0\u00bb.vc_custom_1616083517277{padding-bottom: 35px !important;}\u00a0\u00bb][\/vc_column][vc_column css_animation=\u00a0\u00bbslideInRight\u00a0\u00bb width=\u00a0\u00bb1\/3&Prime;][\/vc_column][\/vc_row][vc_row full_width=\u00a0\u00bbstretch_row\u00a0\u00bb gap=\u00a0\u00bb35&Prime; content_placement=\u00a0\u00bbmiddle\u00a0\u00bb&hellip;<\/p>\n","protected":false},"author":1,"featured_media":0,"parent":227,"menu_order":1,"comment_status":"closed","ping_status":"closed","template":"","meta":{"footnotes":""},"class_list":["post-998","page","type-page","status-publish","hentry","description-off"],"yoast_head":"<!-- This site is optimized with the Yoast SEO plugin v26.7 - https:\/\/yoast.com\/wordpress\/plugins\/seo\/ -->\n<title>La soci\u00e9t\u00e9 - Abyssa<\/title>\n<meta name=\"description\" content=\"Par l&#039;exploration des grands fonds sous-marins, la soci\u00e9t\u00e9 ABYSSA rel\u00e8ve des challenges scientifiques, \u00e9conomiques et technologiques.\" \/>\n<meta name=\"robots\" content=\"index, follow, max-snippet:-1, max-image-preview:large, max-video-preview:-1\" \/>\n<link rel=\"canonical\" href=\"https:\/\/www.abyssa.com\/fr\/abyssa\/la-societe\/\" \/>\n<meta property=\"og:locale\" content=\"fr_FR\" \/>\n<meta property=\"og:type\" content=\"article\" \/>\n<meta property=\"og:title\" content=\"La soci\u00e9t\u00e9 - Abyssa\" \/>\n<meta property=\"og:description\" content=\"Par l&#039;exploration des grands fonds sous-marins, la soci\u00e9t\u00e9 ABYSSA rel\u00e8ve des challenges scientifiques, \u00e9conomiques et technologiques.\" \/>\n<meta property=\"og:url\" content=\"https:\/\/www.abyssa.com\/fr\/abyssa\/la-societe\/\" \/>\n<meta property=\"og:site_name\" content=\"Abyssa\" \/>\n<meta property=\"article:modified_time\" content=\"2025-07-07T09:36:18+00:00\" \/>\n<meta name=\"twitter:card\" content=\"summary_large_image\" \/>\n<meta name=\"twitter:label1\" content=\"Dur\u00e9e de lecture estim\u00e9e\" \/>\n\t<meta name=\"twitter:data1\" content=\"4 minutes\" \/>\n<script type=\"application\/ld+json\" class=\"yoast-schema-graph\">{\"@context\":\"https:\/\/schema.org\",\"@graph\":[{\"@type\":\"WebPage\",\"@id\":\"https:\/\/www.abyssa.com\/fr\/abyssa\/la-societe\/\",\"url\":\"https:\/\/www.abyssa.com\/fr\/abyssa\/la-societe\/\",\"name\":\"La soci\u00e9t\u00e9 - Abyssa\",\"isPartOf\":{\"@id\":\"https:\/\/www.abyssa.com\/fr\/#website\"},\"datePublished\":\"2021-03-17T15:50:39+00:00\",\"dateModified\":\"2025-07-07T09:36:18+00:00\",\"description\":\"Par l'exploration des grands fonds sous-marins, la soci\u00e9t\u00e9 ABYSSA rel\u00e8ve des challenges scientifiques, \u00e9conomiques et technologiques.\",\"breadcrumb\":{\"@id\":\"https:\/\/www.abyssa.com\/fr\/abyssa\/la-societe\/#breadcrumb\"},\"inLanguage\":\"fr-FR\",\"potentialAction\":[{\"@type\":\"ReadAction\",\"target\":[\"https:\/\/www.abyssa.com\/fr\/abyssa\/la-societe\/\"]}]},{\"@type\":\"BreadcrumbList\",\"@id\":\"https:\/\/www.abyssa.com\/fr\/abyssa\/la-societe\/#breadcrumb\",\"itemListElement\":[{\"@type\":\"ListItem\",\"position\":1,\"name\":\"Accueil\",\"item\":\"https:\/\/www.abyssa.com\/fr\/\"},{\"@type\":\"ListItem\",\"position\":2,\"name\":\"ABYSSA\",\"item\":\"https:\/\/www.abyssa.com\/fr\/abyssa\/\"},{\"@type\":\"ListItem\",\"position\":3,\"name\":\"La soci\u00e9t\u00e9\"}]},{\"@type\":\"WebSite\",\"@id\":\"https:\/\/www.abyssa.com\/fr\/#website\",\"url\":\"https:\/\/www.abyssa.com\/fr\/\",\"name\":\"Abyssa\",\"description\":\"Soci\u00e9t\u00e9 fran\u00e7aise d&#039;exploration des grands fonds marins\",\"potentialAction\":[{\"@type\":\"SearchAction\",\"target\":{\"@type\":\"EntryPoint\",\"urlTemplate\":\"https:\/\/www.abyssa.com\/fr\/?s={search_term_string}\"},\"query-input\":{\"@type\":\"PropertyValueSpecification\",\"valueRequired\":true,\"valueName\":\"search_term_string\"}}],\"inLanguage\":\"fr-FR\"}]}<\/script>\n<!-- \/ Yoast SEO plugin. -->","yoast_head_json":{"title":"La soci\u00e9t\u00e9 - Abyssa","description":"Par l'exploration des grands fonds sous-marins, la soci\u00e9t\u00e9 ABYSSA rel\u00e8ve des challenges scientifiques, \u00e9conomiques et technologiques.","robots":{"index":"index","follow":"follow","max-snippet":"max-snippet:-1","max-image-preview":"max-image-preview:large","max-video-preview":"max-video-preview:-1"},"canonical":"https:\/\/www.abyssa.com\/fr\/abyssa\/la-societe\/","og_locale":"fr_FR","og_type":"article","og_title":"La soci\u00e9t\u00e9 - Abyssa","og_description":"Par l'exploration des grands fonds sous-marins, la soci\u00e9t\u00e9 ABYSSA rel\u00e8ve des challenges scientifiques, \u00e9conomiques et technologiques.","og_url":"https:\/\/www.abyssa.com\/fr\/abyssa\/la-societe\/","og_site_name":"Abyssa","article_modified_time":"2025-07-07T09:36:18+00:00","twitter_card":"summary_large_image","twitter_misc":{"Dur\u00e9e de lecture estim\u00e9e":"4 minutes"},"schema":{"@context":"https:\/\/schema.org","@graph":[{"@type":"WebPage","@id":"https:\/\/www.abyssa.com\/fr\/abyssa\/la-societe\/","url":"https:\/\/www.abyssa.com\/fr\/abyssa\/la-societe\/","name":"La soci\u00e9t\u00e9 - Abyssa","isPartOf":{"@id":"https:\/\/www.abyssa.com\/fr\/#website"},"datePublished":"2021-03-17T15:50:39+00:00","dateModified":"2025-07-07T09:36:18+00:00","description":"Par l'exploration des grands fonds sous-marins, la soci\u00e9t\u00e9 ABYSSA rel\u00e8ve des challenges scientifiques, \u00e9conomiques et technologiques.","breadcrumb":{"@id":"https:\/\/www.abyssa.com\/fr\/abyssa\/la-societe\/#breadcrumb"},"inLanguage":"fr-FR","potentialAction":[{"@type":"ReadAction","target":["https:\/\/www.abyssa.com\/fr\/abyssa\/la-societe\/"]}]},{"@type":"BreadcrumbList","@id":"https:\/\/www.abyssa.com\/fr\/abyssa\/la-societe\/#breadcrumb","itemListElement":[{"@type":"ListItem","position":1,"name":"Accueil","item":"https:\/\/www.abyssa.com\/fr\/"},{"@type":"ListItem","position":2,"name":"ABYSSA","item":"https:\/\/www.abyssa.com\/fr\/abyssa\/"},{"@type":"ListItem","position":3,"name":"La soci\u00e9t\u00e9"}]},{"@type":"WebSite","@id":"https:\/\/www.abyssa.com\/fr\/#website","url":"https:\/\/www.abyssa.com\/fr\/","name":"Abyssa","description":"Soci\u00e9t\u00e9 fran\u00e7aise d&#039;exploration des grands fonds marins","potentialAction":[{"@type":"SearchAction","target":{"@type":"EntryPoint","urlTemplate":"https:\/\/www.abyssa.com\/fr\/?s={search_term_string}"},"query-input":{"@type":"PropertyValueSpecification","valueRequired":true,"valueName":"search_term_string"}}],"inLanguage":"fr-FR"}]}},"_links":{"self":[{"href":"https:\/\/www.abyssa.com\/fr\/wp-json\/wp\/v2\/pages\/998","targetHints":{"allow":["GET"]}}],"collection":[{"href":"https:\/\/www.abyssa.com\/fr\/wp-json\/wp\/v2\/pages"}],"about":[{"href":"https:\/\/www.abyssa.com\/fr\/wp-json\/wp\/v2\/types\/page"}],"author":[{"embeddable":true,"href":"https:\/\/www.abyssa.com\/fr\/wp-json\/wp\/v2\/users\/1"}],"replies":[{"embeddable":true,"href":"https:\/\/www.abyssa.com\/fr\/wp-json\/wp\/v2\/comments?post=998"}],"version-history":[{"count":6,"href":"https:\/\/www.abyssa.com\/fr\/wp-json\/wp\/v2\/pages\/998\/revisions"}],"predecessor-version":[{"id":4021,"href":"https:\/\/www.abyssa.com\/fr\/wp-json\/wp\/v2\/pages\/998\/revisions\/4021"}],"up":[{"embeddable":true,"href":"https:\/\/www.abyssa.com\/fr\/wp-json\/wp\/v2\/pages\/227"}],"wp:attachment":[{"href":"https:\/\/www.abyssa.com\/fr\/wp-json\/wp\/v2\/media?parent=998"}],"curies":[{"name":"wp","href":"https:\/\/api.w.org\/{rel}","templated":true}]}}