{"id":918,"date":"2021-04-15T17:30:54","date_gmt":"2021-04-15T15:30:54","guid":{"rendered":"http:\/\/www.abyssa.com\/abys2021\/?page_id=918"},"modified":"2022-09-05T15:38:27","modified_gmt":"2022-09-05T13:38:27","slug":"approche-multi-echelle","status":"publish","type":"page","link":"https:\/\/www.abyssa.com\/fr\/outils\/approche-multi-echelle\/","title":{"rendered":"Approche multi-\u00e9chelle"},"content":{"rendered":"<div class=\"wpb-content-wrapper\"><p>[vc_row bg_type=\u00a0\u00bbimage\u00a0\u00bb parallax_style=\u00a0\u00bbvcpb-default\u00a0\u00bb bg_image_new=\u00a0\u00bbid^462|url^https:\/\/www.abyssa.com\/abys2021\/wp-content\/uploads\/2021\/04\/fondvideo-1920&#215;1080-1.svg|caption^null|alt^null|title^ABYSSA|description^null\u00a0\u00bb bg_image_repeat=\u00a0\u00bbno-repeat\u00a0\u00bb bg_override=\u00a0\u00bbex-full\u00a0\u00bb enable_overlay=\u00a0\u00bbenable_overlay_value\u00a0\u00bb overlay_color=\u00a0\u00bbrgba(244,244,245,0.55)\u00a0\u00bb css=\u00a0\u00bb.vc_custom_1617873756232{margin-top: 0px !important;margin-bottom: 0px !important;border-bottom-width: 35px !important;}\u00a0\u00bb][vc_column]<div id=\"ultimate-heading-689669ea5cdd6019a\" class=\"uvc-heading ult-adjust-bottom-margin ultimate-heading-689669ea5cdd6019a uvc-2159 \" data-hspacer=\"icon_only\"  data-halign=\"left\" style=\"text-align:left\"><div class=\"uvc-heading-spacer icon_only\" style=\"margin-bottom:20px;\"><div class=\"ult-just-icon-wrapper  \"><div class=\"align-icon\" style=\"text-align:left;\">\n<div class=\"aio-icon advanced \"  style=\"color:#697787;border-style:dashed;border-color:#697787;border-width:1px;width:45px;height:45px;line-height:45px;border-radius:500px;font-size:20px;\">\n\t<i class=\"Defaults-align-justify\"><\/i>\n<\/div><\/div><\/div><\/div><div class=\"uvc-main-heading ult-responsive\"  data-ultimate-target='.uvc-heading.ultimate-heading-689669ea5cdd6019a h2'  data-responsive-json-new='{\"font-size\":\"desktop:50px;\",\"line-height\":\"desktop:60px;\"}' ><h2 style=\"font-family:&#039;Exo 2&#039;;font-weight:200;margin-bottom:25px;\">Cartographie r\u00e9gionale et d\u00e9tection de petits objets : approche multi-\u00e9chelle<\/h2><\/div><div class=\"uvc-sub-heading ult-responsive\"  data-ultimate-target='.uvc-heading.ultimate-heading-689669ea5cdd6019a .uvc-sub-heading '  data-responsive-json-new='{\"font-size\":\"desktop:22px;\",\"line-height\":\"desktop:32px;\"}'  style=\"font-family:&#039;Exo 2&#039;;font-weight:200;margin-bottom:35px;\">Diff\u00e9rents protocoles op\u00e9ratoires, m\u00ealant capteurs, plans et altitudes de vol, fournissent des visions du fond qui peuvent \u00eatre tr\u00e8s compl\u00e9mentaires. <\/div><\/div>[vc_column_text]Il est alors possible d\u2019imaginer les enchainer sur une m\u00eame zone d\u2019int\u00e9r\u00eat en r\u00e9alisant diff\u00e9rents passages \u00e0 des altitudes de vol diff\u00e9rentes et proposer un protocole exploratoire multi-\u00e9chelle apte \u00e0 faire de la d\u00e9tection r\u00e9gionale et de la caract\u00e9risation locale.[\/vc_column_text][vc_row_inner content_placement=\u00a0\u00bbtop\u00a0\u00bb gap=\u00a0\u00bb25&Prime; css=\u00a0\u00bb.vc_custom_1622019166102{margin-top: 35px !important;}\u00a0\u00bb][vc_column_inner width=\u00a0\u00bb1\/2&Prime;]<div id=\"ultimate-heading-731069ea5cdd6027c\" class=\"uvc-heading ult-adjust-bottom-margin ultimate-heading-731069ea5cdd6027c uvc-6970 \" data-hspacer=\"no_spacer\"  data-halign=\"left\" style=\"text-align:left\"><div class=\"uvc-heading-spacer no_spacer\" style=\"top\"><\/div><div class=\"uvc-main-heading ult-responsive\"  data-ultimate-target='.uvc-heading.ultimate-heading-731069ea5cdd6027c h2'  data-responsive-json-new='{\"font-size\":\"desktop:32px;\",\"line-height\":\"desktop:42px;\"}' ><h2 style=\"font-family:&#039;Exo 2&#039;;font-weight:300;margin-bottom:25px;\">Vous avez besoin d\u2019une cartographie bathym\u00e9trique g\u00e9n\u00e9rale des fonds marins ?<\/h2><\/div><div class=\"uvc-sub-heading ult-responsive\"  data-ultimate-target='.uvc-heading.ultimate-heading-731069ea5cdd6027c .uvc-sub-heading '  data-responsive-json-new='{\"font-size\":\"desktop:16px;\",\"line-height\":\"desktop:26px;\"}'  style=\"font-family:&#039;Exo 2&#039;;font-weight:300;margin-bottom:30px;\">Nous vous proposerons une altitude de vol \u00e0 100-150 m au-dessus du fond avec un sondeur bathym\u00e9trique multifaisceaux pour obtenir une carte bathym\u00e9trique de r\u00e9solution sur le fond de 2 \u00e0 3 m.<\/div><\/div>[\/vc_column_inner][vc_column_inner width=\u00a0\u00bb1\/2&Prime;][vc_single_image image=\u00a0\u00bb1090&Prime; img_size=\u00a0\u00bbfull\u00a0\u00bb alignment=\u00a0\u00bbcenter\u00a0\u00bb onclick=\u00a0\u00bblink_image\u00a0\u00bb css=\u00a0\u00bb.vc_custom_1659428769074{padding-top: 10px !important;padding-right: 10px !important;padding-bottom: 10px !important;padding-left: 10px !important;background-color: rgba(244,244,245,0.7) !important;*background-color: rgb(244,244,245) !important;}\u00a0\u00bb][\/vc_column_inner][\/vc_row_inner][vc_row_inner content_placement=\u00a0\u00bbtop\u00a0\u00bb gap=\u00a0\u00bb25&Prime;][vc_column_inner width=\u00a0\u00bb1\/2&Prime;]<div id=\"ultimate-heading-342969ea5cdd602fb\" class=\"uvc-heading ult-adjust-bottom-margin ultimate-heading-342969ea5cdd602fb uvc-3396 \" data-hspacer=\"no_spacer\"  data-halign=\"left\" style=\"text-align:left\"><div class=\"uvc-heading-spacer no_spacer\" style=\"top\"><\/div><div class=\"uvc-main-heading ult-responsive\"  data-ultimate-target='.uvc-heading.ultimate-heading-342969ea5cdd602fb h2'  data-responsive-json-new='{\"font-size\":\"desktop:32px;\",\"line-height\":\"desktop:42px;\"}' ><h2 style=\"font-family:&#039;Exo 2&#039;;font-weight:300;margin-bottom:20px;\">Vous cherchez \u00e0 localiser de petits objets de quelques m\u00e8tres ou d\u00e9cim\u00e8tres pr\u00e9sents sur les fonds ?<\/h2><\/div><div class=\"uvc-sub-heading ult-responsive\"  data-ultimate-target='.uvc-heading.ultimate-heading-342969ea5cdd602fb .uvc-sub-heading '  data-responsive-json-new='{\"font-size\":\"desktop:16px;\",\"line-height\":\"desktop:26px;\"}'  style=\"font-family:&#039;Exo 2&#039;;font-weight:300;margin-bottom:25px;\">Il faudra alors chercher \u00e0 faire de la haute-r\u00e9solution en faisant naviguer nos v\u00e9hicules \u00e0 plus basse-altitude. Des profils \u00e0 20 m en enregistrant des donn\u00e9es avec un sonar acoustique \u00e0 large fauch\u00e9e permettent par exemple de r\u00e9pondre \u00e0 un besoin de d\u00e9tection d\u2019objets.<\/div><\/div><div id=\"ultimate-heading-128169ea5cdd60371\" class=\"uvc-heading ult-adjust-bottom-margin ultimate-heading-128169ea5cdd60371 uvc-6501 \" data-hspacer=\"no_spacer\"  data-halign=\"left\" style=\"text-align:left\"><div class=\"uvc-heading-spacer no_spacer\" style=\"top\"><\/div><div class=\"uvc-main-heading ult-responsive\"  data-ultimate-target='.uvc-heading.ultimate-heading-128169ea5cdd60371 h2'  data-responsive-json-new='{\"font-size\":\"desktop:26px;\",\"line-height\":\"desktop:36px;\"}' ><h2 style=\"font-family:&#039;Exo 2&#039;;font-weight:300;margin-bottom:15px;\">Vous voulez des images optiques le long d\u2019un c\u00e2ble ou d\u2019une conduite ?<\/h2><\/div><div class=\"uvc-sub-heading ult-responsive\"  data-ultimate-target='.uvc-heading.ultimate-heading-128169ea5cdd60371 .uvc-sub-heading '  data-responsive-json-new='{\"font-size\":\"desktop:16px;\",\"line-height\":\"desktop:26px;\"}'  style=\"font-family:&#039;Exo 2&#039;;font-weight:300;margin-bottom:20px;\">Nos v\u00e9hicules \u00e9volueront alors \u00e0 5 m du fond pour faire de la caract\u00e9risation d\u00e9taill\u00e9e de l\u2019objet.<\/div><\/div>[\/vc_column_inner][vc_column_inner width=\u00a0\u00bb1\/2&Prime;][vc_single_image image=\u00a0\u00bb1091&Prime; img_size=\u00a0\u00bbfull\u00a0\u00bb alignment=\u00a0\u00bbcenter\u00a0\u00bb onclick=\u00a0\u00bblink_image\u00a0\u00bb css=\u00a0\u00bb.vc_custom_1618822438414{padding-top: 10px !important;padding-right: 10px !important;padding-bottom: 10px !important;padding-left: 10px !important;background-color: rgba(244,244,245,0.7) !important;*background-color: rgb(244,244,245) !important;}\u00a0\u00bb][\/vc_column_inner][\/vc_row_inner][\/vc_column][\/vc_row][vc_row full_width=\u00a0\u00bbstretch_row_content\u00a0\u00bb equal_height=\u00a0\u00bbyes\u00a0\u00bb content_placement=\u00a0\u00bbmiddle\u00a0\u00bb bg_type=\u00a0\u00bbbg_color\u00a0\u00bb bg_override=\u00a0\u00bbex-full\u00a0\u00bb css=\u00a0\u00bb.vc_custom_1617868666841{margin-top: 0px !important;margin-bottom: 0px !important;}\u00a0\u00bb bg_color_value=\u00a0\u00bb#37495f\u00a0\u00bb][vc_column width=\u00a0\u00bb1\/2&Prime; css=\u00a0\u00bb.vc_custom_1618503318947{padding-top: 100px !important;padding-bottom: 100px !important;background-image: url(https:\/\/www.abyssa.com\/abys2021\/wp-content\/uploads\/2021\/04\/abyssa-auv-prospection.jpg?id=944) !important;background-position: center !important;background-repeat: no-repeat !important;background-size: cover !important;}\u00a0\u00bb][\/vc_column][vc_column width=\u00a0\u00bb1\/2&Prime; css=\u00a0\u00bb.vc_custom_1616079379776{padding: 45px !important;}\u00a0\u00bb]<div id=\"ultimate-heading-2269ea5cdd603e2\" class=\"uvc-heading ult-adjust-bottom-margin ultimate-heading-2269ea5cdd603e2 uvc-9423 \" data-hspacer=\"no_spacer\"  data-halign=\"left\" style=\"text-align:left\"><div class=\"uvc-heading-spacer no_spacer\" style=\"top\"><\/div><div class=\"uvc-main-heading ult-responsive\"  data-ultimate-target='.uvc-heading.ultimate-heading-2269ea5cdd603e2 h2'  data-responsive-json-new='{\"font-size\":\"desktop:40px;\",\"line-height\":\"desktop:50px;\"}' ><h2 style=\"font-family:&#039;Exo 2&#039;;font-weight:200;color:#f4f4f5;margin-bottom:25px;\">En amont de la mission, d\u00e9finir un protocole de reconnaissance<\/h2><\/div><div class=\"uvc-sub-heading ult-responsive\"  data-ultimate-target='.uvc-heading.ultimate-heading-2269ea5cdd603e2 .uvc-sub-heading '  data-responsive-json-new='{\"font-size\":\"desktop:16px;\",\"line-height\":\"desktop:26px;\"}'  style=\"font-family:&#039;Exo 2&#039;;font-weight:200;color:#f4f4f5;\">Avant d\u2019op\u00e9rer nos AUVs pour cartographier, localiser ou inventorier le patrimoine, une \u00e9tape importante est de bien d\u00e9finir le protocole de reconnaissance : quelles mesures ? quel plan de vol ? \u00e0 quelles altitudes faire les mesures ?<br \/>\nCes diff\u00e9rents param\u00e8tres qui vont conditionner les op\u00e9rations en mer sont d\u00e9finis en amont de la mission, en fonction de vos besoins et attentes et selon les contraintes locales (rugosit\u00e9 du relief sous-marin, courantologie, etc).<\/div><\/div>[\/vc_column][\/vc_row][vc_row full_width=\u00a0\u00bbstretch_row\u00a0\u00bb equal_height=\u00a0\u00bbyes\u00a0\u00bb content_placement=\u00a0\u00bbmiddle\u00a0\u00bb bg_type=\u00a0\u00bbbg_color\u00a0\u00bb bg_override=\u00a0\u00bbex-full\u00a0\u00bb css=\u00a0\u00bb.vc_custom_1618501579853{margin-top: 0px !important;margin-bottom: 0px !important;}\u00a0\u00bb bg_color_value=\u00a0\u00bbrgba(55,73,95,0.85)\u00a0\u00bb][vc_column width=\u00a0\u00bb2\/3&Prime; css=\u00a0\u00bb.vc_custom_1618502162210{padding-top: 25px !important;padding-bottom: 25px !important;}\u00a0\u00bb]<div id=\"ultimate-heading-105469ea5cdd60452\" class=\"uvc-heading ult-adjust-bottom-margin ultimate-heading-105469ea5cdd60452 uvc-317 \" data-hspacer=\"no_spacer\"  data-halign=\"left\" style=\"text-align:left\"><div class=\"uvc-heading-spacer no_spacer\" style=\"top\"><\/div><div class=\"uvc-main-heading ult-responsive\"  data-ultimate-target='.uvc-heading.ultimate-heading-105469ea5cdd60452 h2'  data-responsive-json-new='{\"font-size\":\"desktop:30px;\",\"line-height\":\"desktop:40px;\"}' ><h2 style=\"font-family:&#039;Exo 2&#039;;font-weight:200;color:#f4f4f5;margin-bottom:5px;\">Contactez-nous pour nous faire part de vos besoins !<\/h2><\/div><div class=\"uvc-sub-heading ult-responsive\"  data-ultimate-target='.uvc-heading.ultimate-heading-105469ea5cdd60452 .uvc-sub-heading '  data-responsive-json-new='{\"font-size\":\"desktop:16px;\",\"line-height\":\"desktop:26px;\"}'  style=\"font-family:&#039;Exo 2&#039;;font-weight:200;color:#f4f4f5;\">Nous \u00e9laborerons la mission optimale pour r\u00e9pondre \u00e0 vos attentes.<\/div><\/div>[\/vc_column][vc_column width=\u00a0\u00bb1\/3&Prime;]<div class=\" ubtn-ctn-center \"><a class=\"ubtn-link ult-adjust-bottom-margin ubtn-center ubtn-normal \" href=\"https:\/\/www.abyssa.com\/fr\/contacts\/\" title=\"Contacts\" ><button type=\"button\" id=\"ubtn-2780\"  class=\"ubtn ult-adjust-bottom-margin ult-responsive ubtn-normal ubtn-fade-bg  none  ubtn-sep-icon ubtn-sep-icon-right-push  ubtn-center   tooltip-69ea5cdd604b8\"  data-hover=\"#f4f4f5\" data-border-color=\"#f4f4f5\" data-bg=\"\" data-hover-bg=\"rgba(244,244,245,0.65)\" data-border-hover=\"#f4f4f5\" data-shadow-hover=\"\" data-shadow-click=\"none\" data-shadow=\"\" data-shd-shadow=\"\"  data-ultimate-target='#ubtn-2780'  data-responsive-json-new='{\"font-size\":\"desktop:20px;\",\"line-height\":\"desktop:30px;\"}'  style=\"font-family:&#039;Exo 2&#039;;font-weight:200;border-radius:300px;border-width:1px;border-color:#f4f4f5;border-style:solid;color: #f4f4f5;\"><span class=\"ubtn-data ubtn-icon\"><i class=\"icomoon-the7-font-the7-comment-01\" style=\"font-size:20px;color:#37495f;\"><\/i><\/span><span class=\"ubtn-hover\" style=\"background-color:rgba(244,244,245,0.65)\"><\/span><span class=\"ubtn-data ubtn-text \" >Contactez-nous<\/span><\/button><\/a><\/div>[\/vc_column][\/vc_row]<\/p>\n<\/div>","protected":false},"excerpt":{"rendered":"<p>[vc_row bg_type=\u00a0\u00bbimage\u00a0\u00bb parallax_style=\u00a0\u00bbvcpb-default\u00a0\u00bb bg_image_new=\u00a0\u00bbid^462|url^https:\/\/www.abyssa.com\/abys2021\/wp-content\/uploads\/2021\/04\/fondvideo-1920&#215;1080-1.svg|caption^null|alt^null|title^ABYSSA|description^null\u00a0\u00bb bg_image_repeat=\u00a0\u00bbno-repeat\u00a0\u00bb bg_override=\u00a0\u00bbex-full\u00a0\u00bb enable_overlay=\u00a0\u00bbenable_overlay_value\u00a0\u00bb overlay_color=\u00a0\u00bbrgba(244,244,245,0.55)\u00a0\u00bb css=\u00a0\u00bb.vc_custom_1617873756232{margin-top: 0px !important;margin-bottom: 0px !important;border-bottom-width: 35px !important;}\u00a0\u00bb][vc_column][vc_column_text]Il est alors possible d\u2019imaginer les enchainer sur une m\u00eame zone d\u2019int\u00e9r\u00eat en r\u00e9alisant diff\u00e9rents passages \u00e0 des altitudes de vol diff\u00e9rentes et proposer un protocole exploratoire multi-\u00e9chelle apte \u00e0 faire de la d\u00e9tection r\u00e9gionale et de la caract\u00e9risation locale.[\/vc_column_text][vc_row_inner content_placement=\u00a0\u00bbtop\u00a0\u00bb&hellip;<\/p>\n","protected":false},"author":1,"featured_media":0,"parent":233,"menu_order":4,"comment_status":"closed","ping_status":"closed","template":"","meta":{"footnotes":""},"class_list":["post-918","page","type-page","status-publish","hentry","description-off"],"yoast_head":"<!-- This site is optimized with the Yoast SEO plugin v26.7 - https:\/\/yoast.com\/wordpress\/plugins\/seo\/ -->\n<title>Approche multi-\u00e9chelle - Abyssa<\/title>\n<meta name=\"description\" content=\"Dans ses missions d&#039;exploration, ABYSSA privil\u00e9gie une approche multi-\u00e9chelle apte \u00e0 faire de la d\u00e9tection r\u00e9gionale et de la caract\u00e9risation locale.\" \/>\n<meta name=\"robots\" content=\"index, follow, max-snippet:-1, max-image-preview:large, max-video-preview:-1\" \/>\n<link rel=\"canonical\" href=\"https:\/\/www.abyssa.com\/fr\/outils\/approche-multi-echelle\/\" \/>\n<meta property=\"og:locale\" content=\"fr_FR\" \/>\n<meta property=\"og:type\" content=\"article\" \/>\n<meta property=\"og:title\" content=\"Approche multi-\u00e9chelle - Abyssa\" \/>\n<meta property=\"og:description\" content=\"Dans ses missions d&#039;exploration, ABYSSA privil\u00e9gie une approche multi-\u00e9chelle apte \u00e0 faire de la d\u00e9tection r\u00e9gionale et de la caract\u00e9risation locale.\" \/>\n<meta property=\"og:url\" content=\"https:\/\/www.abyssa.com\/fr\/outils\/approche-multi-echelle\/\" \/>\n<meta property=\"og:site_name\" content=\"Abyssa\" \/>\n<meta property=\"article:modified_time\" content=\"2022-09-05T13:38:27+00:00\" \/>\n<meta name=\"twitter:card\" content=\"summary_large_image\" \/>\n<meta name=\"twitter:label1\" content=\"Dur\u00e9e de lecture estim\u00e9e\" \/>\n\t<meta name=\"twitter:data1\" content=\"3 minutes\" \/>\n<script type=\"application\/ld+json\" class=\"yoast-schema-graph\">{\"@context\":\"https:\/\/schema.org\",\"@graph\":[{\"@type\":\"WebPage\",\"@id\":\"https:\/\/www.abyssa.com\/fr\/outils\/approche-multi-echelle\/\",\"url\":\"https:\/\/www.abyssa.com\/fr\/outils\/approche-multi-echelle\/\",\"name\":\"Approche multi-\u00e9chelle - Abyssa\",\"isPartOf\":{\"@id\":\"https:\/\/www.abyssa.com\/fr\/#website\"},\"datePublished\":\"2021-04-15T15:30:54+00:00\",\"dateModified\":\"2022-09-05T13:38:27+00:00\",\"description\":\"Dans ses missions d'exploration, ABYSSA privil\u00e9gie une approche multi-\u00e9chelle apte \u00e0 faire de la d\u00e9tection r\u00e9gionale et de la caract\u00e9risation locale.\",\"breadcrumb\":{\"@id\":\"https:\/\/www.abyssa.com\/fr\/outils\/approche-multi-echelle\/#breadcrumb\"},\"inLanguage\":\"fr-FR\",\"potentialAction\":[{\"@type\":\"ReadAction\",\"target\":[\"https:\/\/www.abyssa.com\/fr\/outils\/approche-multi-echelle\/\"]}]},{\"@type\":\"BreadcrumbList\",\"@id\":\"https:\/\/www.abyssa.com\/fr\/outils\/approche-multi-echelle\/#breadcrumb\",\"itemListElement\":[{\"@type\":\"ListItem\",\"position\":1,\"name\":\"Accueil\",\"item\":\"https:\/\/www.abyssa.com\/fr\/\"},{\"@type\":\"ListItem\",\"position\":2,\"name\":\"Outils\",\"item\":\"https:\/\/www.abyssa.com\/fr\/outils\/\"},{\"@type\":\"ListItem\",\"position\":3,\"name\":\"Approche multi-\u00e9chelle\"}]},{\"@type\":\"WebSite\",\"@id\":\"https:\/\/www.abyssa.com\/fr\/#website\",\"url\":\"https:\/\/www.abyssa.com\/fr\/\",\"name\":\"Abyssa\",\"description\":\"Soci\u00e9t\u00e9 fran\u00e7aise d&#039;exploration des grands fonds marins\",\"potentialAction\":[{\"@type\":\"SearchAction\",\"target\":{\"@type\":\"EntryPoint\",\"urlTemplate\":\"https:\/\/www.abyssa.com\/fr\/?s={search_term_string}\"},\"query-input\":{\"@type\":\"PropertyValueSpecification\",\"valueRequired\":true,\"valueName\":\"search_term_string\"}}],\"inLanguage\":\"fr-FR\"}]}<\/script>\n<!-- \/ Yoast SEO plugin. -->","yoast_head_json":{"title":"Approche multi-\u00e9chelle - Abyssa","description":"Dans ses missions d'exploration, ABYSSA privil\u00e9gie une approche multi-\u00e9chelle apte \u00e0 faire de la d\u00e9tection r\u00e9gionale et de la caract\u00e9risation locale.","robots":{"index":"index","follow":"follow","max-snippet":"max-snippet:-1","max-image-preview":"max-image-preview:large","max-video-preview":"max-video-preview:-1"},"canonical":"https:\/\/www.abyssa.com\/fr\/outils\/approche-multi-echelle\/","og_locale":"fr_FR","og_type":"article","og_title":"Approche multi-\u00e9chelle - Abyssa","og_description":"Dans ses missions d'exploration, ABYSSA privil\u00e9gie une approche multi-\u00e9chelle apte \u00e0 faire de la d\u00e9tection r\u00e9gionale et de la caract\u00e9risation locale.","og_url":"https:\/\/www.abyssa.com\/fr\/outils\/approche-multi-echelle\/","og_site_name":"Abyssa","article_modified_time":"2022-09-05T13:38:27+00:00","twitter_card":"summary_large_image","twitter_misc":{"Dur\u00e9e de lecture estim\u00e9e":"3 minutes"},"schema":{"@context":"https:\/\/schema.org","@graph":[{"@type":"WebPage","@id":"https:\/\/www.abyssa.com\/fr\/outils\/approche-multi-echelle\/","url":"https:\/\/www.abyssa.com\/fr\/outils\/approche-multi-echelle\/","name":"Approche multi-\u00e9chelle - Abyssa","isPartOf":{"@id":"https:\/\/www.abyssa.com\/fr\/#website"},"datePublished":"2021-04-15T15:30:54+00:00","dateModified":"2022-09-05T13:38:27+00:00","description":"Dans ses missions d'exploration, ABYSSA privil\u00e9gie une approche multi-\u00e9chelle apte \u00e0 faire de la d\u00e9tection r\u00e9gionale et de la caract\u00e9risation locale.","breadcrumb":{"@id":"https:\/\/www.abyssa.com\/fr\/outils\/approche-multi-echelle\/#breadcrumb"},"inLanguage":"fr-FR","potentialAction":[{"@type":"ReadAction","target":["https:\/\/www.abyssa.com\/fr\/outils\/approche-multi-echelle\/"]}]},{"@type":"BreadcrumbList","@id":"https:\/\/www.abyssa.com\/fr\/outils\/approche-multi-echelle\/#breadcrumb","itemListElement":[{"@type":"ListItem","position":1,"name":"Accueil","item":"https:\/\/www.abyssa.com\/fr\/"},{"@type":"ListItem","position":2,"name":"Outils","item":"https:\/\/www.abyssa.com\/fr\/outils\/"},{"@type":"ListItem","position":3,"name":"Approche multi-\u00e9chelle"}]},{"@type":"WebSite","@id":"https:\/\/www.abyssa.com\/fr\/#website","url":"https:\/\/www.abyssa.com\/fr\/","name":"Abyssa","description":"Soci\u00e9t\u00e9 fran\u00e7aise d&#039;exploration des grands fonds marins","potentialAction":[{"@type":"SearchAction","target":{"@type":"EntryPoint","urlTemplate":"https:\/\/www.abyssa.com\/fr\/?s={search_term_string}"},"query-input":{"@type":"PropertyValueSpecification","valueRequired":true,"valueName":"search_term_string"}}],"inLanguage":"fr-FR"}]}},"_links":{"self":[{"href":"https:\/\/www.abyssa.com\/fr\/wp-json\/wp\/v2\/pages\/918","targetHints":{"allow":["GET"]}}],"collection":[{"href":"https:\/\/www.abyssa.com\/fr\/wp-json\/wp\/v2\/pages"}],"about":[{"href":"https:\/\/www.abyssa.com\/fr\/wp-json\/wp\/v2\/types\/page"}],"author":[{"embeddable":true,"href":"https:\/\/www.abyssa.com\/fr\/wp-json\/wp\/v2\/users\/1"}],"replies":[{"embeddable":true,"href":"https:\/\/www.abyssa.com\/fr\/wp-json\/wp\/v2\/comments?post=918"}],"version-history":[{"count":0,"href":"https:\/\/www.abyssa.com\/fr\/wp-json\/wp\/v2\/pages\/918\/revisions"}],"up":[{"embeddable":true,"href":"https:\/\/www.abyssa.com\/fr\/wp-json\/wp\/v2\/pages\/233"}],"wp:attachment":[{"href":"https:\/\/www.abyssa.com\/fr\/wp-json\/wp\/v2\/media?parent=918"}],"curies":[{"name":"wp","href":"https:\/\/api.w.org\/{rel}","templated":true}]}}