{"id":905,"date":"2021-04-15T16:39:32","date_gmt":"2021-04-15T14:39:32","guid":{"rendered":"http:\/\/www.abyssa.com\/abys2021\/?page_id=905"},"modified":"2021-05-12T09:23:58","modified_gmt":"2021-05-12T07:23:58","slug":"recherche-et-developpement","status":"publish","type":"page","link":"https:\/\/www.abyssa.com\/fr\/outils\/recherche-et-developpement\/","title":{"rendered":"Recherche et D\u00e9veloppement"},"content":{"rendered":"<div class=\"wpb-content-wrapper\"><p>[vc_row bg_type=\u00a0\u00bbimage\u00a0\u00bb parallax_style=\u00a0\u00bbvcpb-default\u00a0\u00bb bg_image_new=\u00a0\u00bbid^462|url^https:\/\/www.abyssa.com\/abys2021\/wp-content\/uploads\/2021\/04\/fondvideo-1920&#215;1080-1.svg|caption^null|alt^null|title^ABYSSA|description^null\u00a0\u00bb bg_image_repeat=\u00a0\u00bbno-repeat\u00a0\u00bb bg_override=\u00a0\u00bbex-full\u00a0\u00bb enable_overlay=\u00a0\u00bbenable_overlay_value\u00a0\u00bb overlay_color=\u00a0\u00bbrgba(244,244,245,0.55)\u00a0\u00bb css=\u00a0\u00bb.vc_custom_1618497695441{margin-top: 0px !important;margin-bottom: 0px !important;border-bottom-width: 35px !important;}\u00a0\u00bb][vc_column]<div id=\"ultimate-heading-273469df139875e87\" class=\"uvc-heading ult-adjust-bottom-margin ultimate-heading-273469df139875e87 uvc-7209 \" data-hspacer=\"icon_only\"  data-halign=\"left\" style=\"text-align:left\"><div class=\"uvc-heading-spacer icon_only\" style=\"margin-bottom:20px;\"><div class=\"ult-just-icon-wrapper  \"><div class=\"align-icon\" style=\"text-align:left;\">\n<div class=\"aio-icon advanced \"  style=\"color:#697787;border-style:dashed;border-color:#697787;border-width:1px;width:45px;height:45px;line-height:45px;border-radius:500px;font-size:20px;\">\n\t<i class=\"icomoon-the7-font-the7-plus-04\"><\/i>\n<\/div><\/div><\/div><\/div><div class=\"uvc-main-heading ult-responsive\"  data-ultimate-target='.uvc-heading.ultimate-heading-273469df139875e87 h2'  data-responsive-json-new='{\"font-size\":\"desktop:50px;\",\"line-height\":\"desktop:60px;\"}' ><h2 style=\"font-family:&#039;Exo 2&#039;;font-weight:200;margin-bottom:25px;\">L\u2019origine et le c\u0153ur de la vision de ABYSSA<\/h2><\/div><div class=\"uvc-sub-heading ult-responsive\"  data-ultimate-target='.uvc-heading.ultimate-heading-273469df139875e87 .uvc-sub-heading '  data-responsive-json-new='{\"font-size\":\"desktop:22px;\",\"line-height\":\"desktop:32px;\"}'  style=\"font-family:&#039;Exo 2&#039;;font-weight:200;margin-bottom:35px;\">La cr\u00e9ation de ABYSSA r\u00e9sulte d\u2019un projet de R&amp;D port\u00e9 par son \u00e9quipe de Directeurs associ\u00e9s, s\u2019appuyant sur une collaboration et une coop\u00e9ration scientifique avec un Institut acad\u00e9mique de renomm\u00e9e internationale. Depuis, la R&amp;D est au c\u0153ur de la vision que ABYSSA porte pour son d\u00e9veloppement.<\/div><\/div>[vc_column_text]Poursuivre l\u2019innovation en relevant les d\u00e9fis que l\u2019exploration des grands fonds exige constitue l\u2019essence de notre motivation. Cela passe par la capacit\u00e9 \u00e0 se projeter, par des partages d\u2019id\u00e9es en proposant des protocoles d\u2019exploration originaux adapt\u00e9s aux besoins, en r\u00e9fl\u00e9chissant \u00e0 l\u2019int\u00e9gration de nouveaux capteurs, en participant \u00e0 la mise en place de nouvelles proc\u00e9dures d\u2019acquisition, telle est la d\u00e9marche R&amp;D port\u00e9e par ABYSSA, assurant le lien entre les d\u00e9veloppements scientifiques et acad\u00e9miques et les besoins industriels.[\/vc_column_text][vc_row_inner content_placement=\u00a0\u00bbtop\u00a0\u00bb gap=\u00a0\u00bb35&Prime; css=\u00a0\u00bb.vc_custom_1618413202008{margin-top: 35px !important;margin-bottom: 35px !important;}\u00a0\u00bb][vc_column_inner width=\u00a0\u00bb1\/2&Prime;]<div id=\"ultimate-heading-410169df139875f2d\" class=\"uvc-heading ult-adjust-bottom-margin ultimate-heading-410169df139875f2d uvc-6070 \" data-hspacer=\"no_spacer\"  data-halign=\"left\" style=\"text-align:left\"><div class=\"uvc-heading-spacer no_spacer\" style=\"top\"><\/div><div class=\"uvc-main-heading ult-responsive\"  data-ultimate-target='.uvc-heading.ultimate-heading-410169df139875f2d h3'  data-responsive-json-new='{\"font-size\":\"desktop:30px;\",\"line-height\":\"desktop:40px;\"}' ><h3 style=\"font-family:&#039;Exo 2&#039;;font-weight:300;margin-bottom:25px;\">La R&amp;D ne peut s\u2019envisager sans partenariats.<\/h3><\/div><div class=\"uvc-sub-heading ult-responsive\"  data-ultimate-target='.uvc-heading.ultimate-heading-410169df139875f2d .uvc-sub-heading '  data-responsive-json-new='{\"font-size\":\"desktop:16px;\",\"line-height\":\"desktop:26px;\"}'  style=\"font-family:&#039;Exo 2&#039;;font-weight:300;\">Le partage des connaissances et le travail d\u2019\u00e9quipe associant des acteurs d\u2019horizons diff\u00e9rents constituent les fondements sur lesquels ABYSSA se construit. Des partenariats qui nous permettent aujourd\u2019hui d\u2019explorer ces espaces encore largement inconnus et qui, demain, apporteront des r\u00e9ponses \u00e0 nos interrogations.<\/p>\n<p>\u00c0l\u2019instar de Jules Verne et de son Nautilus, imaginer le futur de l\u2019exploration sous-marine dans les grands fonds nous fait imaginer ce que sera ABYSSA dans le futur !<\/div><\/div>[\/vc_column_inner][vc_column_inner width=\u00a0\u00bb1\/2&Prime;][vc_single_image image=\u00a0\u00bb1244&Prime; img_size=\u00a0\u00bbfull\u00a0\u00bb alignment=\u00a0\u00bbcenter\u00a0\u00bb image_hovers=\u00a0\u00bbfalse\u00a0\u00bb css=\u00a0\u00bb.vc_custom_1619515016473{margin-bottom: 5px !important;}\u00a0\u00bb][\/vc_column_inner][\/vc_row_inner][\/vc_column][\/vc_row]<\/p>\n<\/div>","protected":false},"excerpt":{"rendered":"<p>[vc_row bg_type=\u00a0\u00bbimage\u00a0\u00bb parallax_style=\u00a0\u00bbvcpb-default\u00a0\u00bb bg_image_new=\u00a0\u00bbid^462|url^https:\/\/www.abyssa.com\/abys2021\/wp-content\/uploads\/2021\/04\/fondvideo-1920&#215;1080-1.svg|caption^null|alt^null|title^ABYSSA|description^null\u00a0\u00bb bg_image_repeat=\u00a0\u00bbno-repeat\u00a0\u00bb bg_override=\u00a0\u00bbex-full\u00a0\u00bb enable_overlay=\u00a0\u00bbenable_overlay_value\u00a0\u00bb overlay_color=\u00a0\u00bbrgba(244,244,245,0.55)\u00a0\u00bb css=\u00a0\u00bb.vc_custom_1618497695441{margin-top: 0px !important;margin-bottom: 0px !important;border-bottom-width: 35px !important;}\u00a0\u00bb][vc_column][vc_column_text]Poursuivre l\u2019innovation en relevant les d\u00e9fis que l\u2019exploration des grands fonds exige constitue l\u2019essence de notre motivation. Cela passe par la capacit\u00e9 \u00e0 se projeter, par des partages d\u2019id\u00e9es en proposant des protocoles d\u2019exploration originaux adapt\u00e9s aux besoins, en r\u00e9fl\u00e9chissant \u00e0&hellip;<\/p>\n","protected":false},"author":1,"featured_media":0,"parent":233,"menu_order":3,"comment_status":"closed","ping_status":"closed","template":"","meta":{"footnotes":""},"class_list":["post-905","page","type-page","status-publish","hentry","description-off"],"yoast_head":"<!-- This site is optimized with the Yoast SEO plugin v26.7 - https:\/\/yoast.com\/wordpress\/plugins\/seo\/ -->\n<title>Recherche et D\u00e9veloppement - Abyssa<\/title>\n<meta name=\"description\" content=\"La R&amp;D est au c\u0153ur de la vision que ABYSSA porte pour son d\u00e9veloppement, une R&amp;D bas\u00e9e sur la collaboration et la coop\u00e9ration scientifique.\" \/>\n<meta name=\"robots\" content=\"index, follow, max-snippet:-1, max-image-preview:large, max-video-preview:-1\" \/>\n<link rel=\"canonical\" href=\"https:\/\/www.abyssa.com\/fr\/outils\/recherche-et-developpement\/\" \/>\n<meta property=\"og:locale\" content=\"fr_FR\" \/>\n<meta property=\"og:type\" content=\"article\" \/>\n<meta property=\"og:title\" content=\"Recherche et D\u00e9veloppement - Abyssa\" \/>\n<meta property=\"og:description\" content=\"La R&amp;D est au c\u0153ur de la vision que ABYSSA porte pour son d\u00e9veloppement, une R&amp;D bas\u00e9e sur la collaboration et la coop\u00e9ration scientifique.\" \/>\n<meta property=\"og:url\" content=\"https:\/\/www.abyssa.com\/fr\/outils\/recherche-et-developpement\/\" \/>\n<meta property=\"og:site_name\" content=\"Abyssa\" \/>\n<meta property=\"article:modified_time\" content=\"2021-05-12T07:23:58+00:00\" \/>\n<meta name=\"twitter:card\" content=\"summary_large_image\" \/>\n<meta name=\"twitter:label1\" content=\"Dur\u00e9e de lecture estim\u00e9e\" \/>\n\t<meta name=\"twitter:data1\" content=\"2 minutes\" \/>\n<script type=\"application\/ld+json\" class=\"yoast-schema-graph\">{\"@context\":\"https:\/\/schema.org\",\"@graph\":[{\"@type\":\"WebPage\",\"@id\":\"https:\/\/www.abyssa.com\/fr\/outils\/recherche-et-developpement\/\",\"url\":\"https:\/\/www.abyssa.com\/fr\/outils\/recherche-et-developpement\/\",\"name\":\"Recherche et D\u00e9veloppement - Abyssa\",\"isPartOf\":{\"@id\":\"https:\/\/www.abyssa.com\/fr\/#website\"},\"datePublished\":\"2021-04-15T14:39:32+00:00\",\"dateModified\":\"2021-05-12T07:23:58+00:00\",\"description\":\"La R&D est au c\u0153ur de la vision que ABYSSA porte pour son d\u00e9veloppement, une R&D bas\u00e9e sur la collaboration et la coop\u00e9ration scientifique.\",\"breadcrumb\":{\"@id\":\"https:\/\/www.abyssa.com\/fr\/outils\/recherche-et-developpement\/#breadcrumb\"},\"inLanguage\":\"fr-FR\",\"potentialAction\":[{\"@type\":\"ReadAction\",\"target\":[\"https:\/\/www.abyssa.com\/fr\/outils\/recherche-et-developpement\/\"]}]},{\"@type\":\"BreadcrumbList\",\"@id\":\"https:\/\/www.abyssa.com\/fr\/outils\/recherche-et-developpement\/#breadcrumb\",\"itemListElement\":[{\"@type\":\"ListItem\",\"position\":1,\"name\":\"Accueil\",\"item\":\"https:\/\/www.abyssa.com\/fr\/\"},{\"@type\":\"ListItem\",\"position\":2,\"name\":\"Outils\",\"item\":\"https:\/\/www.abyssa.com\/fr\/outils\/\"},{\"@type\":\"ListItem\",\"position\":3,\"name\":\"Recherche et D\u00e9veloppement\"}]},{\"@type\":\"WebSite\",\"@id\":\"https:\/\/www.abyssa.com\/fr\/#website\",\"url\":\"https:\/\/www.abyssa.com\/fr\/\",\"name\":\"Abyssa\",\"description\":\"Soci\u00e9t\u00e9 fran\u00e7aise d&#039;exploration des grands fonds marins\",\"potentialAction\":[{\"@type\":\"SearchAction\",\"target\":{\"@type\":\"EntryPoint\",\"urlTemplate\":\"https:\/\/www.abyssa.com\/fr\/?s={search_term_string}\"},\"query-input\":{\"@type\":\"PropertyValueSpecification\",\"valueRequired\":true,\"valueName\":\"search_term_string\"}}],\"inLanguage\":\"fr-FR\"}]}<\/script>\n<!-- \/ Yoast SEO plugin. -->","yoast_head_json":{"title":"Recherche et D\u00e9veloppement - Abyssa","description":"La R&D est au c\u0153ur de la vision que ABYSSA porte pour son d\u00e9veloppement, une R&D bas\u00e9e sur la collaboration et la coop\u00e9ration scientifique.","robots":{"index":"index","follow":"follow","max-snippet":"max-snippet:-1","max-image-preview":"max-image-preview:large","max-video-preview":"max-video-preview:-1"},"canonical":"https:\/\/www.abyssa.com\/fr\/outils\/recherche-et-developpement\/","og_locale":"fr_FR","og_type":"article","og_title":"Recherche et D\u00e9veloppement - Abyssa","og_description":"La R&D est au c\u0153ur de la vision que ABYSSA porte pour son d\u00e9veloppement, une R&D bas\u00e9e sur la collaboration et la coop\u00e9ration scientifique.","og_url":"https:\/\/www.abyssa.com\/fr\/outils\/recherche-et-developpement\/","og_site_name":"Abyssa","article_modified_time":"2021-05-12T07:23:58+00:00","twitter_card":"summary_large_image","twitter_misc":{"Dur\u00e9e de lecture estim\u00e9e":"2 minutes"},"schema":{"@context":"https:\/\/schema.org","@graph":[{"@type":"WebPage","@id":"https:\/\/www.abyssa.com\/fr\/outils\/recherche-et-developpement\/","url":"https:\/\/www.abyssa.com\/fr\/outils\/recherche-et-developpement\/","name":"Recherche et D\u00e9veloppement - Abyssa","isPartOf":{"@id":"https:\/\/www.abyssa.com\/fr\/#website"},"datePublished":"2021-04-15T14:39:32+00:00","dateModified":"2021-05-12T07:23:58+00:00","description":"La R&D est au c\u0153ur de la vision que ABYSSA porte pour son d\u00e9veloppement, une R&D bas\u00e9e sur la collaboration et la coop\u00e9ration scientifique.","breadcrumb":{"@id":"https:\/\/www.abyssa.com\/fr\/outils\/recherche-et-developpement\/#breadcrumb"},"inLanguage":"fr-FR","potentialAction":[{"@type":"ReadAction","target":["https:\/\/www.abyssa.com\/fr\/outils\/recherche-et-developpement\/"]}]},{"@type":"BreadcrumbList","@id":"https:\/\/www.abyssa.com\/fr\/outils\/recherche-et-developpement\/#breadcrumb","itemListElement":[{"@type":"ListItem","position":1,"name":"Accueil","item":"https:\/\/www.abyssa.com\/fr\/"},{"@type":"ListItem","position":2,"name":"Outils","item":"https:\/\/www.abyssa.com\/fr\/outils\/"},{"@type":"ListItem","position":3,"name":"Recherche et D\u00e9veloppement"}]},{"@type":"WebSite","@id":"https:\/\/www.abyssa.com\/fr\/#website","url":"https:\/\/www.abyssa.com\/fr\/","name":"Abyssa","description":"Soci\u00e9t\u00e9 fran\u00e7aise d&#039;exploration des grands fonds marins","potentialAction":[{"@type":"SearchAction","target":{"@type":"EntryPoint","urlTemplate":"https:\/\/www.abyssa.com\/fr\/?s={search_term_string}"},"query-input":{"@type":"PropertyValueSpecification","valueRequired":true,"valueName":"search_term_string"}}],"inLanguage":"fr-FR"}]}},"_links":{"self":[{"href":"https:\/\/www.abyssa.com\/fr\/wp-json\/wp\/v2\/pages\/905","targetHints":{"allow":["GET"]}}],"collection":[{"href":"https:\/\/www.abyssa.com\/fr\/wp-json\/wp\/v2\/pages"}],"about":[{"href":"https:\/\/www.abyssa.com\/fr\/wp-json\/wp\/v2\/types\/page"}],"author":[{"embeddable":true,"href":"https:\/\/www.abyssa.com\/fr\/wp-json\/wp\/v2\/users\/1"}],"replies":[{"embeddable":true,"href":"https:\/\/www.abyssa.com\/fr\/wp-json\/wp\/v2\/comments?post=905"}],"version-history":[{"count":0,"href":"https:\/\/www.abyssa.com\/fr\/wp-json\/wp\/v2\/pages\/905\/revisions"}],"up":[{"embeddable":true,"href":"https:\/\/www.abyssa.com\/fr\/wp-json\/wp\/v2\/pages\/233"}],"wp:attachment":[{"href":"https:\/\/www.abyssa.com\/fr\/wp-json\/wp\/v2\/media?parent=905"}],"curies":[{"name":"wp","href":"https:\/\/api.w.org\/{rel}","templated":true}]}}