{"id":863,"date":"2021-04-15T14:34:38","date_gmt":"2021-04-15T12:34:38","guid":{"rendered":"http:\/\/www.abyssa.com\/abys2021\/?page_id=863"},"modified":"2021-05-28T16:26:14","modified_gmt":"2021-05-28T14:26:14","slug":"la-flotte-so-magical","status":"publish","type":"page","link":"https:\/\/www.abyssa.com\/fr\/outils\/la-flotte-so-magical\/","title":{"rendered":"La flotte So-Magical"},"content":{"rendered":"<div class=\"wpb-content-wrapper\"><p>[vc_row bg_type=\u00a0\u00bbimage\u00a0\u00bb parallax_style=\u00a0\u00bbvcpb-default\u00a0\u00bb bg_image_new=\u00a0\u00bbid^462|url^https:\/\/www.abyssa.com\/abys2021\/wp-content\/uploads\/2021\/04\/fondvideo-1920&#215;1080-1.svg|caption^null|alt^null|title^ABYSSA|description^null\u00a0\u00bb bg_image_repeat=\u00a0\u00bbno-repeat\u00a0\u00bb bg_override=\u00a0\u00bbex-full\u00a0\u00bb enable_overlay=\u00a0\u00bbenable_overlay_value\u00a0\u00bb overlay_color=\u00a0\u00bbrgba(244,244,245,0.55)\u00a0\u00bb css=\u00a0\u00bb.vc_custom_1617873756232{margin-top: 0px !important;margin-bottom: 0px !important;border-bottom-width: 35px !important;}\u00a0\u00bb][vc_column]<div id=\"ultimate-heading-906669f19187ec041\" class=\"uvc-heading ult-adjust-bottom-margin ultimate-heading-906669f19187ec041 uvc-8716 \" data-hspacer=\"icon_only\"  data-halign=\"left\" style=\"text-align:left\"><div class=\"uvc-heading-spacer icon_only\" style=\"margin-bottom:20px;\"><div class=\"ult-just-icon-wrapper  \"><div class=\"align-icon\" style=\"text-align:left;\">\n<div class=\"aio-icon advanced \"  style=\"color:#697787;border-style:dashed;border-color:#697787;border-width:1px;width:45px;height:45px;line-height:45px;border-radius:500px;font-size:20px;\">\n\t<i class=\"Defaults-ellipsis-h\"><\/i>\n<\/div><\/div><\/div><\/div><div class=\"uvc-main-heading ult-responsive\"  data-ultimate-target='.uvc-heading.ultimate-heading-906669f19187ec041 h2'  data-responsive-json-new='{\"font-size\":\"desktop:50px;\",\"line-height\":\"desktop:60px;\"}' ><h2 style=\"font-family:&#039;Exo 2&#039;;font-weight:200;margin-bottom:25px;\">L\u2019atout de ABYSSA pour d\u00e9tecter les amas sulfur\u00e9s<\/h2><\/div><div class=\"uvc-sub-heading ult-responsive\"  data-ultimate-target='.uvc-heading.ultimate-heading-906669f19187ec041 .uvc-sub-heading '  data-responsive-json-new='{\"font-size\":\"desktop:22px;\",\"line-height\":\"desktop:32px;\"}'  style=\"font-family:&#039;Exo 2&#039;;font-weight:200;margin-bottom:35px;\">La flotte So-Magical a \u00e9t\u00e9 pens\u00e9e sp\u00e9cifiquement pour d\u00e9tecter les amas sulfur\u00e9s.<\/div><\/div>[vc_column_text]Compos\u00e9e de plusieurs v\u00e9hicules autonomes capables de couvrir de vastes zones oc\u00e9anographiques, So-Magical sera capable de d\u00e9tecter cette ressource rare et pr\u00e9cieuse de mani\u00e8re plus efficiente et rapide que toutes les solutions de d\u00e9tection op\u00e9rantes actuellement.<\/p>\n<p><strong>So-Magical<\/strong> : <strong>S<\/strong>eafloor-<strong>O<\/strong>re <strong>MA<\/strong>gnetic and <strong>G<\/strong>eosciences <strong>I<\/strong>nvestigation with <strong>C<\/strong>ommunication by <strong>A<\/strong>coustic <strong>L<\/strong>ink ![\/vc_column_text][vc_row_inner content_placement=\u00a0\u00bbtop\u00a0\u00bb gap=\u00a0\u00bb35&Prime; css=\u00a0\u00bb.vc_custom_1618413202008{margin-top: 35px !important;margin-bottom: 35px !important;}\u00a0\u00bb][vc_column_inner width=\u00a0\u00bb1\/2&Prime;]<div id=\"ultimate-heading-564169f19187ec137\" class=\"uvc-heading ult-adjust-bottom-margin ultimate-heading-564169f19187ec137 uvc-7007 \" data-hspacer=\"no_spacer\"  data-halign=\"left\" style=\"text-align:left\"><div class=\"uvc-heading-spacer no_spacer\" style=\"top\"><\/div><div class=\"uvc-main-heading ult-responsive\"  data-ultimate-target='.uvc-heading.ultimate-heading-564169f19187ec137 h3'  data-responsive-json-new='{\"font-size\":\"desktop:30px;\",\"line-height\":\"desktop:40px;\"}' ><h3 style=\"font-family:&#039;Exo 2&#039;;font-weight:300;margin-bottom:25px;\">Les amas sulfur\u00e9s<\/h3><\/div><div class=\"uvc-sub-heading ult-responsive\"  data-ultimate-target='.uvc-heading.ultimate-heading-564169f19187ec137 .uvc-sub-heading '  data-responsive-json-new='{\"font-size\":\"desktop:16px;\",\"line-height\":\"desktop:26px;\"}'  style=\"font-family:&#039;Exo 2&#039;;font-weight:300;\">Les amas sulfur\u00e9s sont des objets g\u00e9ologiques de petite taille (10 \u00e0 500 m d\u2019envergure, en moyenne) situ\u00e9s par des profondeurs d\u2019eau de l\u2019ordre de 2500 m et qui sont form\u00e9s par l\u2019activit\u00e9 hydrothermale sous-marine. Ces amas sulfur\u00e9s sont riches en m\u00e9taux et constituent une ressource min\u00e9rale convoit\u00e9e. La difficult\u00e9 consiste \u00e0 trouver ces sites g\u00e9ologiques qui constituent de petits objets r\u00e9partis sur des surfaces consid\u00e9rables !<\/p>\n<p>Un enjeu suppl\u00e9mentaire est de d\u00e9tecter les sites g\u00e9ologiques inactifs dont la biodiversit\u00e9 et la sensibilit\u00e9 environnementale sont beaucoup plus faibles. Or, ils ne sont plus associ\u00e9s \u00e0 des anomalies thermiques et chimiques et ne peuvent donc \u00eatre d\u00e9tect\u00e9s avec les m\u00e9thodes classiques de recherche de ces anomalies dans la colonne d\u2019eau.<\/div><\/div>[\/vc_column_inner][vc_column_inner width=\u00a0\u00bb1\/2&Prime; css=\u00a0\u00bb.vc_custom_1620316124602{margin-top: 20px !important;}\u00a0\u00bb][vc_single_image image=\u00a0\u00bb1371&Prime; img_size=\u00a0\u00bbfull\u00a0\u00bb alignment=\u00a0\u00bbcenter\u00a0\u00bb image_hovers=\u00a0\u00bbfalse\u00a0\u00bb css=\u00a0\u00bb.vc_custom_1620316082768{margin-bottom: 10px !important;}\u00a0\u00bb][vc_column_text css=\u00a0\u00bb.vc_custom_1622021160145{margin-bottom: 10px !important;}\u00a0\u00bb]<\/p>\n<p style=\"font-size: 9px; line-height: 11px;\">\u00a9 Ifremer\/CNRS, MOMARSAT, 2020 \u2013 https:\/\/doi.org\/10.18142\/130<\/p>\n<p>[\/vc_column_text][\/vc_column_inner][\/vc_row_inner]<div id=\"ultimate-heading-443069f19187ec1e8\" class=\"uvc-heading ult-adjust-bottom-margin ultimate-heading-443069f19187ec1e8 uvc-2602 \" data-hspacer=\"no_spacer\"  data-halign=\"left\" style=\"text-align:left\"><div class=\"uvc-heading-spacer no_spacer\" style=\"top\"><\/div><div class=\"uvc-main-heading ult-responsive\"  data-ultimate-target='.uvc-heading.ultimate-heading-443069f19187ec1e8 h3'  data-responsive-json-new='{\"font-size\":\"desktop:30px;\",\"line-height\":\"desktop:40px;\"}' ><h3 style=\"font-family:&#039;Exo 2&#039;;font-weight:300;margin-bottom:25px;\">Comment d\u00e9tecter les amas sulfur\u00e9s actifs et inactifs dans un gigantesque oc\u00e9an ?<\/h3><\/div><div class=\"uvc-sub-heading ult-responsive\"  data-ultimate-target='.uvc-heading.ultimate-heading-443069f19187ec1e8 .uvc-sub-heading '  data-responsive-json-new='{\"font-size\":\"desktop:16px;\",\"line-height\":\"desktop:26px;\"}'  style=\"font-family:&#039;Exo 2&#039;;font-weight:300;margin-bottom:25px;\">C\u2019est pour r\u00e9pondre \u00e0 cette question que nous avons initi\u00e9 des travaux RD en 2014-2015 et imagin\u00e9 le concept de la flotte \u00ab So-Magical \u00bb.<br \/>\nNotre flotte So-Magical propose de d\u00e9ployer deux types de v\u00e9hicules : un <strong>v\u00e9hicule de t\u00eate<\/strong> et des <strong>v\u00e9hicules suiveurs<\/strong> qui suivent les informations de guidage transmises par le v\u00e9hicule de t\u00eate par communication acoustique.<\/div><\/div>[\/vc_column][\/vc_row][vc_row full_width=\u00a0\u00bbstretch_row_content\u00a0\u00bb equal_height=\u00a0\u00bbyes\u00a0\u00bb content_placement=\u00a0\u00bbmiddle\u00a0\u00bb bg_type=\u00a0\u00bbbg_color\u00a0\u00bb bg_override=\u00a0\u00bbex-full\u00a0\u00bb css=\u00a0\u00bb.vc_custom_1618493437315{margin-top: 0px !important;margin-bottom: 0px !important;padding-top: 0px !important;padding-bottom: 0px !important;}\u00a0\u00bb bg_color_value=\u00a0\u00bb#37495f\u00a0\u00bb][vc_column width=\u00a0\u00bb1\/2&Prime; css=\u00a0\u00bb.vc_custom_1618493646666{padding-top: 200px !important;padding-bottom: 200px !important;background-image: url(https:\/\/www.abyssa.com\/abys2021\/wp-content\/uploads\/2021\/04\/abyssa-flotte-auv-1.jpg?id=880) !important;background-position: center !important;background-repeat: no-repeat !important;background-size: cover !important;}\u00a0\u00bb][\/vc_column][vc_column width=\u00a0\u00bb1\/2&Prime; css=\u00a0\u00bb.vc_custom_1616079379776{padding: 45px !important;}\u00a0\u00bb]<div id=\"ultimate-heading-564969f19187ec263\" class=\"uvc-heading ult-adjust-bottom-margin ultimate-heading-564969f19187ec263 uvc-8173 \" data-hspacer=\"no_spacer\"  data-halign=\"left\" style=\"text-align:left\"><div class=\"uvc-heading-spacer no_spacer\" style=\"top\"><\/div><div class=\"uvc-main-heading ult-responsive\"  data-ultimate-target='.uvc-heading.ultimate-heading-564969f19187ec263 h4'  data-responsive-json-new='{\"font-size\":\"desktop:26px;\",\"line-height\":\"desktop:36px;\"}' ><h4 style=\"font-family:&#039;Exo 2&#039;;font-weight:200;color:#f4f4f5;margin-bottom:15px;\">Le v\u00e9hicule de t\u00eate<\/h4><\/div><div class=\"uvc-sub-heading ult-responsive\"  data-ultimate-target='.uvc-heading.ultimate-heading-564969f19187ec263 .uvc-sub-heading '  data-responsive-json-new='{\"font-size\":\"desktop:16px;\",\"line-height\":\"desktop:26px;\"}'  style=\"font-family:&#039;Exo 2&#039;;font-weight:200;color:#f4f4f5;\">C\u2019est un v\u00e9hicule grand-fond classique multi-capteurs qui int\u00e8gre un double syst\u00e8me de communication acoustique : le premier de longue port\u00e9e pour communiquer avec le navire de surface, le second de courte port\u00e9e qui sert \u00e0 communiquer avec les v\u00e9hicules suiveurs.<\/div><\/div><div id=\"ultimate-heading-213769f19187ec2d3\" class=\"uvc-heading ult-adjust-bottom-margin ultimate-heading-213769f19187ec2d3 uvc-5746 \" data-hspacer=\"no_spacer\"  data-halign=\"left\" style=\"text-align:left\"><div class=\"uvc-heading-spacer no_spacer\" style=\"top\"><\/div><div class=\"uvc-main-heading ult-responsive\"  data-ultimate-target='.uvc-heading.ultimate-heading-213769f19187ec2d3 h4'  data-responsive-json-new='{\"font-size\":\"desktop:26px;\",\"line-height\":\"desktop:36px;\"}' ><h4 style=\"font-family:&#039;Exo 2&#039;;font-weight:200;color:#f4f4f5;margin-top:25px;margin-bottom:15px;\">Les v\u00e9hicules suiveurs<\/h4><\/div><div class=\"uvc-sub-heading ult-responsive\"  data-ultimate-target='.uvc-heading.ultimate-heading-213769f19187ec2d3 .uvc-sub-heading '  data-responsive-json-new='{\"font-size\":\"desktop:16px;\",\"line-height\":\"desktop:26px;\"}'  style=\"font-family:&#039;Exo 2&#039;;font-weight:200;color:#f4f4f5;\">Ce sont des v\u00e9hicules innovants simplifi\u00e9s tant en termes de capteurs de navigation\/positionnement que de capteurs scientifiques embarqu\u00e9s. La simplification des capteurs permet d\u2019avoir des v\u00e9hicules l\u00e9gers et de diminuer fortement le co\u00fbt unitaire du v\u00e9hicule. Pour notre objectif de d\u00e9tection des amas sulfur\u00e9s, nous utilisons la signature magn\u00e9tique sp\u00e9cifique des amas sulfur\u00e9s qui est efficace pour d\u00e9tecter les sites actifs et inactifs. Tous nos v\u00e9hicules So-Magical seront donc \u00e9quip\u00e9s de magn\u00e9tom\u00e8tres 3 composantes.<\/div><\/div>[\/vc_column][\/vc_row][vc_row gap=\u00a0\u00bb35&Prime; content_placement=\u00a0\u00bbtop\u00a0\u00bb bg_type=\u00a0\u00bbbg_color\u00a0\u00bb bg_override=\u00a0\u00bbex-full\u00a0\u00bb css=\u00a0\u00bb.vc_custom_1618496134880{padding: 10px !important;}\u00a0\u00bb bg_color_value=\u00a0\u00bbrgba(55,73,95,0.25)\u00a0\u00bb][vc_column width=\u00a0\u00bb1\/2&Prime;][vc_column_text]La flotte vise \u00e0 d\u00e9ployer jusqu\u2019\u00e0 7 v\u00e9hicules naviguant de mani\u00e8re coordonn\u00e9e avec un objectif de cartographie r\u00e9gionale jusqu\u2019\u00e0 3000 m de profondeur. Notre flotte offrira donc une approche extr\u00eamement efficiente pour l\u2019exploration syst\u00e9matique des grands fonds oc\u00e9aniques et la d\u00e9tection des amas sulfur\u00e9s.[\/vc_column_text][\/vc_column][vc_column width=\u00a0\u00bb1\/2&Prime;][vc_raw_html css=\u00a0\u00bb.vc_custom_1618495366893{padding: 0px !important;}\u00a0\u00bb]JTNDdmlkZW8lMjB3aWR0aCUzRCUyMjEwMCUyNSUyMiUyMGhlaWdodCUzRCUyMmF1dG8lMjIlMjBjb250cm9scyUzRCUyMmNvbnRyb2xzJTIyJTIwY29udHJvbHNMaXN0JTNEJTIybm9kb3dubG9hZCUyMiUyMHBvc3RlciUzRCUyMmh0dHBzJTNBJTJGJTJGd3d3LmFieXNzYS5jb20lMkZhYnlzMjAyMSUyRndwLWNvbnRlbnQlMkZ1cGxvYWRzJTJGdmlkZW8lMkZ2aWduZXR0ZS1iYXRoeS5qcGclMjIlM0UlMEElMjAlMjAlM0Nzb3VyY2UlMjBzcmMlM0QlMjJodHRwcyUzQSUyRiUyRnd3dy5hYnlzc2EuY29tJTJGYWJ5czIwMjElMkZ3cC1jb250ZW50JTJGdXBsb2FkcyUyRnZpZGVvJTJGM2RiYXRoeWFjY2lkLm1wNCUyMiUyMHR5cGUlM0QlMjJ2aWRlbyUyRm1wNCUyMiUyMCUyRiUzRSUwQSUyMCUyMCUzQ3NvdXJjZSUyMHNyYyUzRCUyMmh0dHBzJTNBJTJGJTJGd3d3LmFieXNzYS5jb20lMkZhYnlzMjAyMSUyRndwLWNvbnRlbnQlMkZ1cGxvYWRzJTJGdmlkZW8lMkYzZGJhdGh5YWNjaWQud2VibSUyMiUyMHR5cGUlM0QlMjJ2aWRlbyUyRndlYm0lMjIlMjAlMkYlM0UlMEElM0MlMkZ2aWRlbyUzRQ==[\/vc_raw_html][\/vc_column][\/vc_row][vc_row full_width=\u00a0\u00bbstretch_row\u00a0\u00bb gap=\u00a0\u00bb5&Prime; content_placement=\u00a0\u00bbtop\u00a0\u00bb css=\u00a0\u00bb.vc_custom_1618496185536{margin-bottom: 0px !important;}\u00a0\u00bb][vc_column width=\u00a0\u00bb1\/3&Prime; css=\u00a0\u00bb.vc_custom_1618496248086{margin-bottom: 0px !important;padding-bottom: 0px !important;}\u00a0\u00bb]<div id=\"ultimate-heading-953369f19187ec33f\" class=\"uvc-heading ult-adjust-bottom-margin ultimate-heading-953369f19187ec33f uvc-1042 \" data-hspacer=\"no_spacer\"  data-halign=\"left\" style=\"text-align:left\"><div class=\"uvc-heading-spacer no_spacer\" style=\"top\"><\/div><div class=\"uvc-main-heading ult-responsive\"  data-ultimate-target='.uvc-heading.ultimate-heading-953369f19187ec33f h2'  data-responsive-json-new='{\"font-size\":\"desktop:26px;\",\"line-height\":\"desktop:36px;\"}' ><h2 style=\"font-family:&#039;Exo 2&#039;;font-weight:300;margin-bottom:0px;\">Principaux partenaires du projet<\/h2><\/div><\/div>[\/vc_column][vc_column width=\u00a0\u00bb2\/3&Prime;][vc_row_inner gap=\u00a0\u00bb25&Prime;][vc_column_inner width=\u00a0\u00bb1\/2&Prime;]<div id=\"ultimate-heading-146569f19187ec784\" class=\"uvc-heading ult-adjust-bottom-margin ultimate-heading-146569f19187ec784 uvc-6712 \" data-hspacer=\"image_only\"  data-halign=\"left\" style=\"text-align:left\"><div class=\"uvc-heading-spacer image_only\" style=\"margin-bottom:15px;\"><img decoding=\"async\" src=\"https:\/\/www.abyssa.com\/abys2021\/wp-content\/uploads\/2021\/05\/RTSys.jpg\" class=\"ultimate-headings-icon-image\" alt=\"RTSys\" style=\"width:120px\"\/><\/div><div class=\"uvc-sub-heading ult-responsive\"  data-ultimate-target='.uvc-heading.ultimate-heading-146569f19187ec784 .uvc-sub-heading '  data-responsive-json-new='{\"font-size\":\"desktop:16px;\",\"line-height\":\"desktop:26px;\"}'  style=\"font-family:&#039;Exo 2&#039;;font-weight:200;\">Charg\u00e9 du d\u00e9veloppement des v\u00e9hicules suiveurs et de la communication acoustique courte-port\u00e9e<\/div><\/div>[\/vc_column_inner][vc_column_inner width=\u00a0\u00bb1\/2&Prime;]<div id=\"ultimate-heading-170969f19187ecb0b\" class=\"uvc-heading ult-adjust-bottom-margin ultimate-heading-170969f19187ecb0b uvc-732 \" data-hspacer=\"image_only\"  data-halign=\"left\" style=\"text-align:left\"><div class=\"uvc-heading-spacer image_only\" style=\"margin-bottom:15px;\"><img decoding=\"async\" src=\"https:\/\/www.abyssa.com\/abys2021\/wp-content\/uploads\/2021\/04\/ipgp.jpg\" class=\"ultimate-headings-icon-image\" alt=\"null\" style=\"width:120px\"\/><\/div><div class=\"uvc-sub-heading ult-responsive\"  data-ultimate-target='.uvc-heading.ultimate-heading-170969f19187ecb0b .uvc-sub-heading '  data-responsive-json-new='{\"font-size\":\"desktop:16px;\",\"line-height\":\"desktop:26px;\"}'  style=\"font-family:&#039;Exo 2&#039;;font-weight:200;\">Pour l\u2019utilisation des donn\u00e9es magn\u00e9tiques de fond de mer comme outil de d\u00e9tection minier.<\/div><\/div>[\/vc_column_inner][\/vc_row_inner][\/vc_column][\/vc_row]<\/p>\n<\/div>","protected":false},"excerpt":{"rendered":"<p>[vc_row bg_type=\u00a0\u00bbimage\u00a0\u00bb parallax_style=\u00a0\u00bbvcpb-default\u00a0\u00bb bg_image_new=\u00a0\u00bbid^462|url^https:\/\/www.abyssa.com\/abys2021\/wp-content\/uploads\/2021\/04\/fondvideo-1920&#215;1080-1.svg|caption^null|alt^null|title^ABYSSA|description^null\u00a0\u00bb bg_image_repeat=\u00a0\u00bbno-repeat\u00a0\u00bb bg_override=\u00a0\u00bbex-full\u00a0\u00bb enable_overlay=\u00a0\u00bbenable_overlay_value\u00a0\u00bb overlay_color=\u00a0\u00bbrgba(244,244,245,0.55)\u00a0\u00bb css=\u00a0\u00bb.vc_custom_1617873756232{margin-top: 0px !important;margin-bottom: 0px !important;border-bottom-width: 35px !important;}\u00a0\u00bb][vc_column][vc_column_text]Compos\u00e9e de plusieurs v\u00e9hicules autonomes capables de couvrir de vastes zones oc\u00e9anographiques, So-Magical sera capable de d\u00e9tecter cette ressource rare et pr\u00e9cieuse de mani\u00e8re plus efficiente et rapide que toutes les solutions de d\u00e9tection op\u00e9rantes actuellement. So-Magical : Seafloor-Ore MAgnetic and&hellip;<\/p>\n","protected":false},"author":1,"featured_media":0,"parent":233,"menu_order":2,"comment_status":"closed","ping_status":"closed","template":"","meta":{"footnotes":""},"class_list":["post-863","page","type-page","status-publish","hentry","description-off"],"yoast_head":"<!-- This site is optimized with the Yoast SEO plugin v26.7 - https:\/\/yoast.com\/wordpress\/plugins\/seo\/ -->\n<title>La flotte So-Magical - Abyssa<\/title>\n<meta name=\"description\" content=\"La flotte So-Magical ABYSSA a \u00e9t\u00e9 pens\u00e9e pour d\u00e9tecter les amas sulfur\u00e9s par l&#039;exploration des grands fonds marins.\" \/>\n<meta name=\"robots\" content=\"index, follow, max-snippet:-1, max-image-preview:large, max-video-preview:-1\" \/>\n<link rel=\"canonical\" href=\"https:\/\/www.abyssa.com\/fr\/outils\/la-flotte-so-magical\/\" \/>\n<meta property=\"og:locale\" content=\"fr_FR\" \/>\n<meta property=\"og:type\" content=\"article\" \/>\n<meta property=\"og:title\" content=\"La flotte So-Magical - Abyssa\" \/>\n<meta property=\"og:description\" content=\"La flotte So-Magical ABYSSA a \u00e9t\u00e9 pens\u00e9e pour d\u00e9tecter les amas sulfur\u00e9s par l&#039;exploration des grands fonds marins.\" \/>\n<meta property=\"og:url\" content=\"https:\/\/www.abyssa.com\/fr\/outils\/la-flotte-so-magical\/\" \/>\n<meta property=\"og:site_name\" content=\"Abyssa\" \/>\n<meta property=\"article:modified_time\" content=\"2021-05-28T14:26:14+00:00\" \/>\n<meta name=\"twitter:card\" content=\"summary_large_image\" \/>\n<meta name=\"twitter:label1\" content=\"Dur\u00e9e de lecture estim\u00e9e\" \/>\n\t<meta name=\"twitter:data1\" content=\"3 minutes\" \/>\n<script type=\"application\/ld+json\" class=\"yoast-schema-graph\">{\"@context\":\"https:\/\/schema.org\",\"@graph\":[{\"@type\":\"WebPage\",\"@id\":\"https:\/\/www.abyssa.com\/fr\/outils\/la-flotte-so-magical\/\",\"url\":\"https:\/\/www.abyssa.com\/fr\/outils\/la-flotte-so-magical\/\",\"name\":\"La flotte So-Magical - Abyssa\",\"isPartOf\":{\"@id\":\"https:\/\/www.abyssa.com\/fr\/#website\"},\"datePublished\":\"2021-04-15T12:34:38+00:00\",\"dateModified\":\"2021-05-28T14:26:14+00:00\",\"description\":\"La flotte So-Magical ABYSSA a \u00e9t\u00e9 pens\u00e9e pour d\u00e9tecter les amas sulfur\u00e9s par l'exploration des grands fonds marins.\",\"breadcrumb\":{\"@id\":\"https:\/\/www.abyssa.com\/fr\/outils\/la-flotte-so-magical\/#breadcrumb\"},\"inLanguage\":\"fr-FR\",\"potentialAction\":[{\"@type\":\"ReadAction\",\"target\":[\"https:\/\/www.abyssa.com\/fr\/outils\/la-flotte-so-magical\/\"]}]},{\"@type\":\"BreadcrumbList\",\"@id\":\"https:\/\/www.abyssa.com\/fr\/outils\/la-flotte-so-magical\/#breadcrumb\",\"itemListElement\":[{\"@type\":\"ListItem\",\"position\":1,\"name\":\"Accueil\",\"item\":\"https:\/\/www.abyssa.com\/fr\/\"},{\"@type\":\"ListItem\",\"position\":2,\"name\":\"Outils\",\"item\":\"https:\/\/www.abyssa.com\/fr\/outils\/\"},{\"@type\":\"ListItem\",\"position\":3,\"name\":\"La flotte So-Magical\"}]},{\"@type\":\"WebSite\",\"@id\":\"https:\/\/www.abyssa.com\/fr\/#website\",\"url\":\"https:\/\/www.abyssa.com\/fr\/\",\"name\":\"Abyssa\",\"description\":\"Soci\u00e9t\u00e9 fran\u00e7aise d&#039;exploration des grands fonds marins\",\"potentialAction\":[{\"@type\":\"SearchAction\",\"target\":{\"@type\":\"EntryPoint\",\"urlTemplate\":\"https:\/\/www.abyssa.com\/fr\/?s={search_term_string}\"},\"query-input\":{\"@type\":\"PropertyValueSpecification\",\"valueRequired\":true,\"valueName\":\"search_term_string\"}}],\"inLanguage\":\"fr-FR\"}]}<\/script>\n<!-- \/ Yoast SEO plugin. -->","yoast_head_json":{"title":"La flotte So-Magical - Abyssa","description":"La flotte So-Magical ABYSSA a \u00e9t\u00e9 pens\u00e9e pour d\u00e9tecter les amas sulfur\u00e9s par l'exploration des grands fonds marins.","robots":{"index":"index","follow":"follow","max-snippet":"max-snippet:-1","max-image-preview":"max-image-preview:large","max-video-preview":"max-video-preview:-1"},"canonical":"https:\/\/www.abyssa.com\/fr\/outils\/la-flotte-so-magical\/","og_locale":"fr_FR","og_type":"article","og_title":"La flotte So-Magical - Abyssa","og_description":"La flotte So-Magical ABYSSA a \u00e9t\u00e9 pens\u00e9e pour d\u00e9tecter les amas sulfur\u00e9s par l'exploration des grands fonds marins.","og_url":"https:\/\/www.abyssa.com\/fr\/outils\/la-flotte-so-magical\/","og_site_name":"Abyssa","article_modified_time":"2021-05-28T14:26:14+00:00","twitter_card":"summary_large_image","twitter_misc":{"Dur\u00e9e de lecture estim\u00e9e":"3 minutes"},"schema":{"@context":"https:\/\/schema.org","@graph":[{"@type":"WebPage","@id":"https:\/\/www.abyssa.com\/fr\/outils\/la-flotte-so-magical\/","url":"https:\/\/www.abyssa.com\/fr\/outils\/la-flotte-so-magical\/","name":"La flotte So-Magical - Abyssa","isPartOf":{"@id":"https:\/\/www.abyssa.com\/fr\/#website"},"datePublished":"2021-04-15T12:34:38+00:00","dateModified":"2021-05-28T14:26:14+00:00","description":"La flotte So-Magical ABYSSA a \u00e9t\u00e9 pens\u00e9e pour d\u00e9tecter les amas sulfur\u00e9s par l'exploration des grands fonds marins.","breadcrumb":{"@id":"https:\/\/www.abyssa.com\/fr\/outils\/la-flotte-so-magical\/#breadcrumb"},"inLanguage":"fr-FR","potentialAction":[{"@type":"ReadAction","target":["https:\/\/www.abyssa.com\/fr\/outils\/la-flotte-so-magical\/"]}]},{"@type":"BreadcrumbList","@id":"https:\/\/www.abyssa.com\/fr\/outils\/la-flotte-so-magical\/#breadcrumb","itemListElement":[{"@type":"ListItem","position":1,"name":"Accueil","item":"https:\/\/www.abyssa.com\/fr\/"},{"@type":"ListItem","position":2,"name":"Outils","item":"https:\/\/www.abyssa.com\/fr\/outils\/"},{"@type":"ListItem","position":3,"name":"La flotte So-Magical"}]},{"@type":"WebSite","@id":"https:\/\/www.abyssa.com\/fr\/#website","url":"https:\/\/www.abyssa.com\/fr\/","name":"Abyssa","description":"Soci\u00e9t\u00e9 fran\u00e7aise d&#039;exploration des grands fonds marins","potentialAction":[{"@type":"SearchAction","target":{"@type":"EntryPoint","urlTemplate":"https:\/\/www.abyssa.com\/fr\/?s={search_term_string}"},"query-input":{"@type":"PropertyValueSpecification","valueRequired":true,"valueName":"search_term_string"}}],"inLanguage":"fr-FR"}]}},"_links":{"self":[{"href":"https:\/\/www.abyssa.com\/fr\/wp-json\/wp\/v2\/pages\/863","targetHints":{"allow":["GET"]}}],"collection":[{"href":"https:\/\/www.abyssa.com\/fr\/wp-json\/wp\/v2\/pages"}],"about":[{"href":"https:\/\/www.abyssa.com\/fr\/wp-json\/wp\/v2\/types\/page"}],"author":[{"embeddable":true,"href":"https:\/\/www.abyssa.com\/fr\/wp-json\/wp\/v2\/users\/1"}],"replies":[{"embeddable":true,"href":"https:\/\/www.abyssa.com\/fr\/wp-json\/wp\/v2\/comments?post=863"}],"version-history":[{"count":0,"href":"https:\/\/www.abyssa.com\/fr\/wp-json\/wp\/v2\/pages\/863\/revisions"}],"up":[{"embeddable":true,"href":"https:\/\/www.abyssa.com\/fr\/wp-json\/wp\/v2\/pages\/233"}],"wp:attachment":[{"href":"https:\/\/www.abyssa.com\/fr\/wp-json\/wp\/v2\/media?parent=863"}],"curies":[{"name":"wp","href":"https:\/\/api.w.org\/{rel}","templated":true}]}}