{"id":745,"date":"2021-04-08T09:44:54","date_gmt":"2021-04-08T07:44:54","guid":{"rendered":"http:\/\/www.abyssa.com\/abys2021\/?page_id=745"},"modified":"2021-05-12T09:35:20","modified_gmt":"2021-05-12T07:35:20","slug":"securisation-des-donnees","status":"publish","type":"page","link":"https:\/\/www.abyssa.com\/fr\/qsse\/securisation-des-donnees\/","title":{"rendered":"S\u00e9curisation des donn\u00e9es"},"content":{"rendered":"<div class=\"wpb-content-wrapper\"><p>[vc_row css=\u00a0\u00bb.vc_custom_1617962876114{margin-top: 0px !important;margin-bottom: 0px !important;border-bottom-width: 35px !important;}\u00a0\u00bb][vc_column]<div id=\"ultimate-heading-4876a070a88c92d6\" class=\"uvc-heading ult-adjust-bottom-margin ultimate-heading-4876a070a88c92d6 uvc-9662 \" data-hspacer=\"icon_only\"  data-halign=\"left\" style=\"text-align:left\"><div class=\"uvc-heading-spacer icon_only\" style=\"margin-bottom:20px;\"><div class=\"ult-just-icon-wrapper  \"><div class=\"align-icon\" style=\"text-align:left;\">\n<div class=\"aio-icon advanced \"  style=\"color:#697787;border-style:dashed;border-color:#697787;border-width:1px;width:45px;height:45px;line-height:45px;border-radius:500px;font-size:20px;\">\n\t<i class=\"icomoon-the7-font-the7-login-01\"><\/i>\n<\/div><\/div><\/div><\/div><div class=\"uvc-main-heading ult-responsive\"  data-ultimate-target='.uvc-heading.ultimate-heading-4876a070a88c92d6 h2'  data-responsive-json-new='{\"font-size\":\"desktop:50px;\",\"line-height\":\"desktop:60px;\"}' ><h2 style=\"font-family:&#039;Exo 2&#039;;font-weight:200;margin-bottom:25px;\">S\u00e9curisation des donn\u00e9es trait\u00e9es<\/h2><\/div><div class=\"uvc-sub-heading ult-responsive\"  data-ultimate-target='.uvc-heading.ultimate-heading-4876a070a88c92d6 .uvc-sub-heading '  data-responsive-json-new='{\"font-size\":\"desktop:22px;\",\"line-height\":\"desktop:32px;\"}'  style=\"font-family:&#039;Exo 2&#039;;font-weight:200;margin-bottom:35px;\">Pour assurer la qualit\u00e9 de nos services et de nos prestations, ABYSSA travaille avec des logiciels certifi\u00e9s par l\u2019Agence Nationale de la S\u00e9curit\u00e9 des Syst\u00e8mes d&rsquo;Information (ANSSI).<\/div><\/div>[vc_row_inner gap=\u00a0\u00bb15&Prime; css=\u00a0\u00bb.vc_custom_1617972054754{margin-top: 35px !important;margin-bottom: 35px !important;}\u00a0\u00bb][vc_column_inner width=\u00a0\u00bb1\/6&Prime; offset=\u00a0\u00bbvc_col-xs-4&Prime;][vc_single_image image=\u00a0\u00bb761&Prime; img_size=\u00a0\u00bbfull\u00a0\u00bb alignment=\u00a0\u00bbcenter\u00a0\u00bb image_hovers=\u00a0\u00bbfalse\u00a0\u00bb][\/vc_column_inner][vc_column_inner width=\u00a0\u00bb5\/6&Prime; offset=\u00a0\u00bbvc_col-xs-8&Prime;][vc_column_text]La collecte et le traitement des donn\u00e9es oc\u00e9anographiques sont assur\u00e9s par un personnel qualifi\u00e9 et exp\u00e9riment\u00e9 selon un programme de management QSSE.<\/p>\n<p>Nous garantissons ainsi \u00e0 nos clients des donn\u00e9es de qualit\u00e9, s\u00e9curis\u00e9es et h\u00e9berg\u00e9es sur un data center <strong>certifi\u00e9 ISO 27001<\/strong> et <strong>HDS<\/strong> (h\u00e9bergeur de Donn\u00e9es de Sant\u00e9).[\/vc_column_text][\/vc_column_inner][\/vc_row_inner][\/vc_column][\/vc_row][vc_row full_width=\u00a0\u00bbstretch_row\u00a0\u00bb content_placement=\u00a0\u00bbmiddle\u00a0\u00bb bg_type=\u00a0\u00bbbg_color\u00a0\u00bb bg_override=\u00a0\u00bbex-full\u00a0\u00bb css=\u00a0\u00bb.vc_custom_1617958393500{margin-top: 0px !important;margin-bottom: 0px !important;}\u00a0\u00bb bg_color_value=\u00a0\u00bb#37495f\u00a0\u00bb][vc_column css=\u00a0\u00bb.vc_custom_1617958697366{padding-bottom: 35px !important;background-position: center !important;background-repeat: no-repeat !important;background-size: cover !important;}\u00a0\u00bb]<div id=\"ultimate-heading-15176a070a88c938a\" class=\"uvc-heading ult-adjust-bottom-margin ultimate-heading-15176a070a88c938a uvc-750 \" data-hspacer=\"no_spacer\"  data-halign=\"center\" style=\"text-align:center\"><div class=\"uvc-heading-spacer no_spacer\" style=\"top\"><\/div><div class=\"uvc-main-heading ult-responsive\"  data-ultimate-target='.uvc-heading.ultimate-heading-15176a070a88c938a h2'  data-responsive-json-new='{\"font-size\":\"desktop:35px;\",\"line-height\":\"desktop:45px;\"}' ><h2 style=\"font-family:&#039;Exo 2&#039;;font-weight:200;color:#f4f4f5;margin-bottom:25px;\">Norme et Certification<\/h2><\/div><\/div>[vc_row_inner gap=\u00a0\u00bb35&Prime; css=\u00a0\u00bb.vc_custom_1617970114844{margin-top: 25px !important;}\u00a0\u00bb][vc_column_inner width=\u00a0\u00bb1\/2&Prime;][vc_single_image image=\u00a0\u00bb767&Prime; img_size=\u00a0\u00bbmedium\u00a0\u00bb alignment=\u00a0\u00bbcenter\u00a0\u00bb image_hovers=\u00a0\u00bbfalse\u00a0\u00bb][vc_column_text]<\/p>\n<p style=\"text-align: center; color: #fff;\">La norme ISO 27001 est une norme internationale d\u00e9di\u00e9e au Syst\u00e8me de Management de la S\u00e9curit\u00e9 de l\u2019Information (SMSI) dont l\u2019objectif principal est de ma\u00eetriser le risque informatique.<\/p>\n<p>[\/vc_column_text][\/vc_column_inner][vc_column_inner width=\u00a0\u00bb1\/2&Prime;][vc_single_image image=\u00a0\u00bb764&Prime; img_size=\u00a0\u00bbmedium\u00a0\u00bb alignment=\u00a0\u00bbcenter\u00a0\u00bb image_hovers=\u00a0\u00bbfalse\u00a0\u00bb][vc_column_text]<\/p>\n<p style=\"text-align: center; color: #fff;\">La certification HDS est un r\u00e9f\u00e9rentiel d\u2019excellence qui permet de garantir un haut niveau de s\u00e9curit\u00e9 des donn\u00e9es sensibles.<\/p>\n<p>[\/vc_column_text][\/vc_column_inner][\/vc_row_inner][\/vc_column][\/vc_row]<\/p>\n<\/div>","protected":false},"excerpt":{"rendered":"<p>[vc_row css=\u00a0\u00bb.vc_custom_1617962876114{margin-top: 0px !important;margin-bottom: 0px !important;border-bottom-width: 35px !important;}\u00a0\u00bb][vc_column][vc_row_inner gap=\u00a0\u00bb15&Prime; css=\u00a0\u00bb.vc_custom_1617972054754{margin-top: 35px !important;margin-bottom: 35px !important;}\u00a0\u00bb][vc_column_inner width=\u00a0\u00bb1\/6&Prime; offset=\u00a0\u00bbvc_col-xs-4&Prime;][vc_single_image image=\u00a0\u00bb761&Prime; img_size=\u00a0\u00bbfull\u00a0\u00bb alignment=\u00a0\u00bbcenter\u00a0\u00bb image_hovers=\u00a0\u00bbfalse\u00a0\u00bb][\/vc_column_inner][vc_column_inner width=\u00a0\u00bb5\/6&Prime; offset=\u00a0\u00bbvc_col-xs-8&Prime;][vc_column_text]La collecte et le traitement des donn\u00e9es oc\u00e9anographiques sont assur\u00e9s par un personnel qualifi\u00e9 et exp\u00e9riment\u00e9 selon un programme de management QSSE. Nous garantissons ainsi \u00e0 nos clients des donn\u00e9es de qualit\u00e9, s\u00e9curis\u00e9es et&hellip;<\/p>\n","protected":false},"author":1,"featured_media":0,"parent":235,"menu_order":3,"comment_status":"closed","ping_status":"closed","template":"","meta":{"footnotes":""},"class_list":["post-745","page","type-page","status-publish","hentry","description-off"],"yoast_head":"<!-- This site is optimized with the Yoast SEO plugin v26.7 - https:\/\/yoast.com\/wordpress\/plugins\/seo\/ -->\n<title>S\u00e9curisation des donn\u00e9es - Abyssa<\/title>\n<meta name=\"description\" content=\"Pour assurer la s\u00e9curisation des donn\u00e9es recueillies et trait\u00e9es, ABYSSA travaille avec des logiciels certifi\u00e9s par l\u2019ANSSI.\" \/>\n<meta name=\"robots\" content=\"index, follow, max-snippet:-1, max-image-preview:large, max-video-preview:-1\" \/>\n<link rel=\"canonical\" href=\"https:\/\/www.abyssa.com\/fr\/qsse\/securisation-des-donnees\/\" \/>\n<meta property=\"og:locale\" content=\"fr_FR\" \/>\n<meta property=\"og:type\" content=\"article\" \/>\n<meta property=\"og:title\" content=\"S\u00e9curisation des donn\u00e9es - Abyssa\" \/>\n<meta property=\"og:description\" content=\"Pour assurer la s\u00e9curisation des donn\u00e9es recueillies et trait\u00e9es, ABYSSA travaille avec des logiciels certifi\u00e9s par l\u2019ANSSI.\" \/>\n<meta property=\"og:url\" content=\"https:\/\/www.abyssa.com\/fr\/qsse\/securisation-des-donnees\/\" \/>\n<meta property=\"og:site_name\" content=\"Abyssa\" \/>\n<meta property=\"article:modified_time\" content=\"2021-05-12T07:35:20+00:00\" \/>\n<meta name=\"twitter:card\" content=\"summary_large_image\" \/>\n<meta name=\"twitter:label1\" content=\"Dur\u00e9e de lecture estim\u00e9e\" \/>\n\t<meta name=\"twitter:data1\" content=\"1 minute\" \/>\n<script type=\"application\/ld+json\" class=\"yoast-schema-graph\">{\"@context\":\"https:\/\/schema.org\",\"@graph\":[{\"@type\":\"WebPage\",\"@id\":\"https:\/\/www.abyssa.com\/fr\/qsse\/securisation-des-donnees\/\",\"url\":\"https:\/\/www.abyssa.com\/fr\/qsse\/securisation-des-donnees\/\",\"name\":\"S\u00e9curisation des donn\u00e9es - Abyssa\",\"isPartOf\":{\"@id\":\"https:\/\/www.abyssa.com\/fr\/#website\"},\"datePublished\":\"2021-04-08T07:44:54+00:00\",\"dateModified\":\"2021-05-12T07:35:20+00:00\",\"description\":\"Pour assurer la s\u00e9curisation des donn\u00e9es recueillies et trait\u00e9es, ABYSSA travaille avec des logiciels certifi\u00e9s par l\u2019ANSSI.\",\"breadcrumb\":{\"@id\":\"https:\/\/www.abyssa.com\/fr\/qsse\/securisation-des-donnees\/#breadcrumb\"},\"inLanguage\":\"fr-FR\",\"potentialAction\":[{\"@type\":\"ReadAction\",\"target\":[\"https:\/\/www.abyssa.com\/fr\/qsse\/securisation-des-donnees\/\"]}]},{\"@type\":\"BreadcrumbList\",\"@id\":\"https:\/\/www.abyssa.com\/fr\/qsse\/securisation-des-donnees\/#breadcrumb\",\"itemListElement\":[{\"@type\":\"ListItem\",\"position\":1,\"name\":\"Accueil\",\"item\":\"https:\/\/www.abyssa.com\/fr\/\"},{\"@type\":\"ListItem\",\"position\":2,\"name\":\"QSSE\",\"item\":\"https:\/\/www.abyssa.com\/fr\/qsse\/\"},{\"@type\":\"ListItem\",\"position\":3,\"name\":\"S\u00e9curisation des donn\u00e9es\"}]},{\"@type\":\"WebSite\",\"@id\":\"https:\/\/www.abyssa.com\/fr\/#website\",\"url\":\"https:\/\/www.abyssa.com\/fr\/\",\"name\":\"Abyssa\",\"description\":\"Soci\u00e9t\u00e9 fran\u00e7aise d&#039;exploration des grands fonds marins\",\"potentialAction\":[{\"@type\":\"SearchAction\",\"target\":{\"@type\":\"EntryPoint\",\"urlTemplate\":\"https:\/\/www.abyssa.com\/fr\/?s={search_term_string}\"},\"query-input\":{\"@type\":\"PropertyValueSpecification\",\"valueRequired\":true,\"valueName\":\"search_term_string\"}}],\"inLanguage\":\"fr-FR\"}]}<\/script>\n<!-- \/ Yoast SEO plugin. -->","yoast_head_json":{"title":"S\u00e9curisation des donn\u00e9es - Abyssa","description":"Pour assurer la s\u00e9curisation des donn\u00e9es recueillies et trait\u00e9es, ABYSSA travaille avec des logiciels certifi\u00e9s par l\u2019ANSSI.","robots":{"index":"index","follow":"follow","max-snippet":"max-snippet:-1","max-image-preview":"max-image-preview:large","max-video-preview":"max-video-preview:-1"},"canonical":"https:\/\/www.abyssa.com\/fr\/qsse\/securisation-des-donnees\/","og_locale":"fr_FR","og_type":"article","og_title":"S\u00e9curisation des donn\u00e9es - Abyssa","og_description":"Pour assurer la s\u00e9curisation des donn\u00e9es recueillies et trait\u00e9es, ABYSSA travaille avec des logiciels certifi\u00e9s par l\u2019ANSSI.","og_url":"https:\/\/www.abyssa.com\/fr\/qsse\/securisation-des-donnees\/","og_site_name":"Abyssa","article_modified_time":"2021-05-12T07:35:20+00:00","twitter_card":"summary_large_image","twitter_misc":{"Dur\u00e9e de lecture estim\u00e9e":"1 minute"},"schema":{"@context":"https:\/\/schema.org","@graph":[{"@type":"WebPage","@id":"https:\/\/www.abyssa.com\/fr\/qsse\/securisation-des-donnees\/","url":"https:\/\/www.abyssa.com\/fr\/qsse\/securisation-des-donnees\/","name":"S\u00e9curisation des donn\u00e9es - Abyssa","isPartOf":{"@id":"https:\/\/www.abyssa.com\/fr\/#website"},"datePublished":"2021-04-08T07:44:54+00:00","dateModified":"2021-05-12T07:35:20+00:00","description":"Pour assurer la s\u00e9curisation des donn\u00e9es recueillies et trait\u00e9es, ABYSSA travaille avec des logiciels certifi\u00e9s par l\u2019ANSSI.","breadcrumb":{"@id":"https:\/\/www.abyssa.com\/fr\/qsse\/securisation-des-donnees\/#breadcrumb"},"inLanguage":"fr-FR","potentialAction":[{"@type":"ReadAction","target":["https:\/\/www.abyssa.com\/fr\/qsse\/securisation-des-donnees\/"]}]},{"@type":"BreadcrumbList","@id":"https:\/\/www.abyssa.com\/fr\/qsse\/securisation-des-donnees\/#breadcrumb","itemListElement":[{"@type":"ListItem","position":1,"name":"Accueil","item":"https:\/\/www.abyssa.com\/fr\/"},{"@type":"ListItem","position":2,"name":"QSSE","item":"https:\/\/www.abyssa.com\/fr\/qsse\/"},{"@type":"ListItem","position":3,"name":"S\u00e9curisation des donn\u00e9es"}]},{"@type":"WebSite","@id":"https:\/\/www.abyssa.com\/fr\/#website","url":"https:\/\/www.abyssa.com\/fr\/","name":"Abyssa","description":"Soci\u00e9t\u00e9 fran\u00e7aise d&#039;exploration des grands fonds marins","potentialAction":[{"@type":"SearchAction","target":{"@type":"EntryPoint","urlTemplate":"https:\/\/www.abyssa.com\/fr\/?s={search_term_string}"},"query-input":{"@type":"PropertyValueSpecification","valueRequired":true,"valueName":"search_term_string"}}],"inLanguage":"fr-FR"}]}},"_links":{"self":[{"href":"https:\/\/www.abyssa.com\/fr\/wp-json\/wp\/v2\/pages\/745","targetHints":{"allow":["GET"]}}],"collection":[{"href":"https:\/\/www.abyssa.com\/fr\/wp-json\/wp\/v2\/pages"}],"about":[{"href":"https:\/\/www.abyssa.com\/fr\/wp-json\/wp\/v2\/types\/page"}],"author":[{"embeddable":true,"href":"https:\/\/www.abyssa.com\/fr\/wp-json\/wp\/v2\/users\/1"}],"replies":[{"embeddable":true,"href":"https:\/\/www.abyssa.com\/fr\/wp-json\/wp\/v2\/comments?post=745"}],"version-history":[{"count":0,"href":"https:\/\/www.abyssa.com\/fr\/wp-json\/wp\/v2\/pages\/745\/revisions"}],"up":[{"embeddable":true,"href":"https:\/\/www.abyssa.com\/fr\/wp-json\/wp\/v2\/pages\/235"}],"wp:attachment":[{"href":"https:\/\/www.abyssa.com\/fr\/wp-json\/wp\/v2\/media?parent=745"}],"curies":[{"name":"wp","href":"https:\/\/api.w.org\/{rel}","templated":true}]}}