{"id":705,"date":"2021-04-08T09:44:54","date_gmt":"2021-04-08T07:44:54","guid":{"rendered":"http:\/\/www.abyssa.com\/abys2021\/?page_id=705"},"modified":"2021-05-26T11:18:30","modified_gmt":"2021-05-26T09:18:30","slug":"impacts-environnementaux","status":"publish","type":"page","link":"https:\/\/www.abyssa.com\/fr\/qsse\/impacts-environnementaux\/","title":{"rendered":"Impacts environnementaux"},"content":{"rendered":"<div class=\"wpb-content-wrapper\"><p>[vc_row enable_overlay=\u00a0\u00bbenable_overlay_value\u00a0\u00bb overlay_color=\u00a0\u00bbrgba(244,244,245,0.55)\u00a0\u00bb seperator_enable=\u00a0\u00bbseperator_enable_value\u00a0\u00bb seperator_position=\u00a0\u00bbbottom_seperator\u00a0\u00bb icon_type=\u00a0\u00bbselector\u00a0\u00bb icon=\u00a0\u00bbicomoon-the7-font-the7-arrow-29-1&Prime; icon_size=\u00a0\u00bb25&Prime; icon_color=\u00a0\u00bb#ffffff\u00a0\u00bb icon_style=\u00a0\u00bbcircle\u00a0\u00bb icon_color_bg=\u00a0\u00bb#37495f\u00a0\u00bb css=\u00a0\u00bb.vc_custom_1617957296691{margin-top: 0px !important;margin-bottom: 0px !important;border-bottom-width: 35px !important;}\u00a0\u00bb][vc_column]<div id=\"ultimate-heading-866169f4fa35a8eb4\" class=\"uvc-heading ult-adjust-bottom-margin ultimate-heading-866169f4fa35a8eb4 uvc-7796 \" data-hspacer=\"icon_only\"  data-halign=\"left\" style=\"text-align:left\"><div class=\"uvc-heading-spacer icon_only\" style=\"margin-bottom:20px;\"><div class=\"ult-just-icon-wrapper  \"><div class=\"align-icon\" style=\"text-align:left;\">\n<div class=\"aio-icon advanced \"  style=\"color:#697787;border-style:dashed;border-color:#697787;border-width:1px;width:45px;height:45px;line-height:45px;border-radius:500px;font-size:20px;\">\n\t<i class=\"fab fa-envira\"><\/i>\n<\/div><\/div><\/div><\/div><div class=\"uvc-main-heading ult-responsive\"  data-ultimate-target='.uvc-heading.ultimate-heading-866169f4fa35a8eb4 h2'  data-responsive-json-new='{\"font-size\":\"desktop:50px;\",\"line-height\":\"desktop:60px;\"}' ><h2 style=\"font-family:&#039;Exo 2&#039;;font-weight:200;margin-bottom:25px;\">L\u2019environnement, au c\u0153ur des pr\u00e9occupations de ABYSSA<\/h2><\/div><div class=\"uvc-sub-heading ult-responsive\"  data-ultimate-target='.uvc-heading.ultimate-heading-866169f4fa35a8eb4 .uvc-sub-heading '  data-responsive-json-new='{\"font-size\":\"desktop:22px;\",\"line-height\":\"desktop:32px;\"}'  style=\"font-family:&#039;Exo 2&#039;;font-weight:200;margin-bottom:35px;\">La prise en compte des enjeux environnementaux est au c\u0153ur des pr\u00e9occupations de la soci\u00e9t\u00e9 ABYSSA. L\u2019activit\u00e9 d\u2019exploration des grands fonds marins n\u00e9cessite en effet la mise en \u0153uvre de nombreux moyens, nautiques, mat\u00e9riels et humains, qui ont in\u00e9vitablement des impacts sur l\u2019environnement.<\/div><\/div>[vc_column_text]Pr\u00e9alablement aux campagnes oc\u00e9anographiques, nous r\u00e9alisons une \u00e9valuation syst\u00e9matique de l\u2019impact de nos activit\u00e9s sur les environnements dans une <strong>Notice d\u2019Impact Environnemental (NIE)<\/strong>. A travers ce document, adapt\u00e9 \u00e0 chaque projet, nous d\u00e9terminons ainsi les risques pour la Sant\u00e9, la S\u00e9curit\u00e9 et l\u2019Environnement et les <strong>r\u00e9duisons au minimum<\/strong> possible.<\/p>\n<p>Toute campagne oc\u00e9anographique g\u00e9n\u00e8re des impacts environnementaux, parfois m\u00eame minimes, et notre objectif est de concevoir et r\u00e9aliser des op\u00e9rations de moindres impacts.<br \/>\nLes donn\u00e9es acquises durant chacune de nos missions permettront d\u2019am\u00e9liorer la connaissance de ces milieux et ainsi d\u2019affiner l\u2019\u00e9valuation des impacts.[\/vc_column_text][\/vc_column][\/vc_row][vc_row full_width=\u00a0\u00bbstretch_row\u00a0\u00bb gap=\u00a0\u00bb35&Prime; bg_type=\u00a0\u00bbimage\u00a0\u00bb parallax_style=\u00a0\u00bbvcpb-default\u00a0\u00bb bg_image_new=\u00a0\u00bbid^825|url^https:\/\/www.abyssa.com\/abys2021\/wp-content\/uploads\/2021\/04\/abyssa-environement-ok.jpg|caption^\u00a9Ifremer, MOMARSAT2020, 2020 &#8211; Pierre-Marie Sarradin, 2020|alt^Impacts environnementaux|title^Impacts environnementaux|description^null\u00a0\u00bb bg_image_repeat=\u00a0\u00bbno-repeat\u00a0\u00bb bg_img_attach=\u00a0\u00bbfixed\u00a0\u00bb bg_override=\u00a0\u00bbex-full\u00a0\u00bb enable_overlay=\u00a0\u00bbenable_overlay_value\u00a0\u00bb overlay_color=\u00a0\u00bbrgba(55,73,95,0.8)\u00a0\u00bb css=\u00a0\u00bb.vc_custom_1618827804169{margin-top: 0px !important;margin-bottom: 0px !important;}\u00a0\u00bb][vc_column width=\u00a0\u00bb1\/2&Prime;]<div id=\"ultimate-heading-108769f4fa35a8f8a\" class=\"uvc-heading ult-adjust-bottom-margin ultimate-heading-108769f4fa35a8f8a uvc-3780 \" data-hspacer=\"no_spacer\"  data-halign=\"left\" style=\"text-align:left\"><div class=\"uvc-heading-spacer no_spacer\" style=\"top\"><\/div><div class=\"uvc-main-heading ult-responsive\"  data-ultimate-target='.uvc-heading.ultimate-heading-108769f4fa35a8f8a h2'  data-responsive-json-new='{\"font-size\":\"desktop:45px;\",\"line-height\":\"desktop:55px;\"}' ><h2 style=\"font-family:&#039;Exo 2&#039;;font-weight:200;color:#f4f4f5;margin-bottom:25px;\">Notice d\u2019Impact Environnemental (NIE)<\/h2><\/div><div class=\"uvc-sub-heading ult-responsive\"  data-ultimate-target='.uvc-heading.ultimate-heading-108769f4fa35a8f8a .uvc-sub-heading '  data-responsive-json-new='{\"font-size\":\"desktop:16px;\",\"line-height\":\"desktop:26px;\"}'  style=\"font-family:&#039;Exo 2&#039;;font-weight:300;color:#f4f4f5;\">La NIE a pour but d\u2019\u00e9valuer la compatibilit\u00e9 du projet de r\u00e9alisation de travaux d\u2019exploration avec les enjeux environnementaux. Le principe g\u00e9n\u00e9ral d\u2019une notice d\u2019impact est d\u2019anticiper les effets d\u2019un projet sur les caract\u00e9ristiques de l\u2019environnement naturel et humain. Une fois ces effets d\u00e9crits, des solutions pour \u00e9viter, minimiser ou compenser ces impacts sont recherch\u00e9es et propos\u00e9es.<\/div><\/div>[\/vc_column][vc_column width=\u00a0\u00bb1\/2&Prime;][vc_column_text]<\/p>\n<p style=\"color: #fff;\">Nos NIE se composent donc syst\u00e9matiquement des principaux chapitres suivants :<\/p>\n<ul style=\"color: #fff;\">\n<li style=\"text-align: left;\">La description de l\u2019environnement naturel et humain, c\u2019est-\u00e0-dire l\u2019\u00e9tat initial ;<\/li>\n<li style=\"text-align: left;\">La description des explorations, ax\u00e9e essentiellement sur les composantes qui peuvent entrer en interaction avec le milieu (moyens nautiques et engins submersibles, mesures acoustiques, bruits et \u00e9clairages artificiels, \u2026) ;<\/li>\n<li style=\"text-align: left;\">Confrontation de nos activit\u00e9s avec l\u2019environnement naturel et humain, c\u2019est l\u2019analyse des impacts pour chaque composante des campagnes en mer (impacts directs, indirects et intensit\u00e9\u2026) ;<\/li>\n<li style=\"text-align: left;\">Nos propositions de mesures visant \u00e0 \u00e9viter, minimiser ou compenser ces impacts.<\/li>\n<\/ul>\n<p>[\/vc_column_text][vc_column_text css=\u00a0\u00bb.vc_custom_1622020235404{margin-bottom: 10px !important;}\u00a0\u00bb]<\/p>\n<p style=\"font-size: 9px; line-height: 11px; color: #fff;\">\u00a9 Ifremer\/CNRS, MOMARSAT, 2020 \u2013 https:\/\/doi.org\/10.18142\/130<\/p>\n<p>[\/vc_column_text][\/vc_column][\/vc_row]<\/p>\n<\/div>","protected":false},"excerpt":{"rendered":"<p>[vc_row enable_overlay=\u00a0\u00bbenable_overlay_value\u00a0\u00bb overlay_color=\u00a0\u00bbrgba(244,244,245,0.55)\u00a0\u00bb seperator_enable=\u00a0\u00bbseperator_enable_value\u00a0\u00bb seperator_position=\u00a0\u00bbbottom_seperator\u00a0\u00bb icon_type=\u00a0\u00bbselector\u00a0\u00bb icon=\u00a0\u00bbicomoon-the7-font-the7-arrow-29-1&Prime; icon_size=\u00a0\u00bb25&Prime; icon_color=\u00a0\u00bb#ffffff\u00a0\u00bb icon_style=\u00a0\u00bbcircle\u00a0\u00bb icon_color_bg=\u00a0\u00bb#37495f\u00a0\u00bb css=\u00a0\u00bb.vc_custom_1617957296691{margin-top: 0px !important;margin-bottom: 0px !important;border-bottom-width: 35px !important;}\u00a0\u00bb][vc_column][vc_column_text]Pr\u00e9alablement aux campagnes oc\u00e9anographiques, nous r\u00e9alisons une \u00e9valuation syst\u00e9matique de l\u2019impact de nos activit\u00e9s sur les environnements dans une Notice d\u2019Impact Environnemental (NIE). A travers ce document, adapt\u00e9 \u00e0 chaque projet, nous d\u00e9terminons ainsi les risques pour la&hellip;<\/p>\n","protected":false},"author":1,"featured_media":0,"parent":235,"menu_order":1,"comment_status":"closed","ping_status":"closed","template":"","meta":{"footnotes":""},"class_list":["post-705","page","type-page","status-publish","hentry","description-off"],"yoast_head":"<!-- This site is optimized with the Yoast SEO plugin v26.7 - https:\/\/yoast.com\/wordpress\/plugins\/seo\/ -->\n<title>Impacts environnementaux - Abyssa<\/title>\n<meta name=\"description\" content=\"En amont et en aval de ses missions d&#039;exploration des grands fonds, ABYSSA travaille au quotidien sur la r\u00e9duction de son impact environnemental.\" \/>\n<meta name=\"robots\" content=\"index, follow, max-snippet:-1, max-image-preview:large, max-video-preview:-1\" \/>\n<link rel=\"canonical\" href=\"https:\/\/www.abyssa.com\/fr\/qsse\/impacts-environnementaux\/\" \/>\n<meta property=\"og:locale\" content=\"fr_FR\" \/>\n<meta property=\"og:type\" content=\"article\" \/>\n<meta property=\"og:title\" content=\"Impacts environnementaux - Abyssa\" \/>\n<meta property=\"og:description\" content=\"En amont et en aval de ses missions d&#039;exploration des grands fonds, ABYSSA travaille au quotidien sur la r\u00e9duction de son impact environnemental.\" \/>\n<meta property=\"og:url\" content=\"https:\/\/www.abyssa.com\/fr\/qsse\/impacts-environnementaux\/\" \/>\n<meta property=\"og:site_name\" content=\"Abyssa\" \/>\n<meta property=\"article:modified_time\" content=\"2021-05-26T09:18:30+00:00\" \/>\n<meta name=\"twitter:card\" content=\"summary_large_image\" \/>\n<meta name=\"twitter:label1\" content=\"Dur\u00e9e de lecture estim\u00e9e\" \/>\n\t<meta name=\"twitter:data1\" content=\"2 minutes\" \/>\n<script type=\"application\/ld+json\" class=\"yoast-schema-graph\">{\"@context\":\"https:\/\/schema.org\",\"@graph\":[{\"@type\":\"WebPage\",\"@id\":\"https:\/\/www.abyssa.com\/fr\/qsse\/impacts-environnementaux\/\",\"url\":\"https:\/\/www.abyssa.com\/fr\/qsse\/impacts-environnementaux\/\",\"name\":\"Impacts environnementaux - Abyssa\",\"isPartOf\":{\"@id\":\"https:\/\/www.abyssa.com\/fr\/#website\"},\"datePublished\":\"2021-04-08T07:44:54+00:00\",\"dateModified\":\"2021-05-26T09:18:30+00:00\",\"description\":\"En amont et en aval de ses missions d'exploration des grands fonds, ABYSSA travaille au quotidien sur la r\u00e9duction de son impact environnemental.\",\"breadcrumb\":{\"@id\":\"https:\/\/www.abyssa.com\/fr\/qsse\/impacts-environnementaux\/#breadcrumb\"},\"inLanguage\":\"fr-FR\",\"potentialAction\":[{\"@type\":\"ReadAction\",\"target\":[\"https:\/\/www.abyssa.com\/fr\/qsse\/impacts-environnementaux\/\"]}]},{\"@type\":\"BreadcrumbList\",\"@id\":\"https:\/\/www.abyssa.com\/fr\/qsse\/impacts-environnementaux\/#breadcrumb\",\"itemListElement\":[{\"@type\":\"ListItem\",\"position\":1,\"name\":\"Accueil\",\"item\":\"https:\/\/www.abyssa.com\/fr\/\"},{\"@type\":\"ListItem\",\"position\":2,\"name\":\"QSSE\",\"item\":\"https:\/\/www.abyssa.com\/fr\/qsse\/\"},{\"@type\":\"ListItem\",\"position\":3,\"name\":\"Impacts environnementaux\"}]},{\"@type\":\"WebSite\",\"@id\":\"https:\/\/www.abyssa.com\/fr\/#website\",\"url\":\"https:\/\/www.abyssa.com\/fr\/\",\"name\":\"Abyssa\",\"description\":\"Soci\u00e9t\u00e9 fran\u00e7aise d&#039;exploration des grands fonds marins\",\"potentialAction\":[{\"@type\":\"SearchAction\",\"target\":{\"@type\":\"EntryPoint\",\"urlTemplate\":\"https:\/\/www.abyssa.com\/fr\/?s={search_term_string}\"},\"query-input\":{\"@type\":\"PropertyValueSpecification\",\"valueRequired\":true,\"valueName\":\"search_term_string\"}}],\"inLanguage\":\"fr-FR\"}]}<\/script>\n<!-- \/ Yoast SEO plugin. -->","yoast_head_json":{"title":"Impacts environnementaux - Abyssa","description":"En amont et en aval de ses missions d'exploration des grands fonds, ABYSSA travaille au quotidien sur la r\u00e9duction de son impact environnemental.","robots":{"index":"index","follow":"follow","max-snippet":"max-snippet:-1","max-image-preview":"max-image-preview:large","max-video-preview":"max-video-preview:-1"},"canonical":"https:\/\/www.abyssa.com\/fr\/qsse\/impacts-environnementaux\/","og_locale":"fr_FR","og_type":"article","og_title":"Impacts environnementaux - Abyssa","og_description":"En amont et en aval de ses missions d'exploration des grands fonds, ABYSSA travaille au quotidien sur la r\u00e9duction de son impact environnemental.","og_url":"https:\/\/www.abyssa.com\/fr\/qsse\/impacts-environnementaux\/","og_site_name":"Abyssa","article_modified_time":"2021-05-26T09:18:30+00:00","twitter_card":"summary_large_image","twitter_misc":{"Dur\u00e9e de lecture estim\u00e9e":"2 minutes"},"schema":{"@context":"https:\/\/schema.org","@graph":[{"@type":"WebPage","@id":"https:\/\/www.abyssa.com\/fr\/qsse\/impacts-environnementaux\/","url":"https:\/\/www.abyssa.com\/fr\/qsse\/impacts-environnementaux\/","name":"Impacts environnementaux - Abyssa","isPartOf":{"@id":"https:\/\/www.abyssa.com\/fr\/#website"},"datePublished":"2021-04-08T07:44:54+00:00","dateModified":"2021-05-26T09:18:30+00:00","description":"En amont et en aval de ses missions d'exploration des grands fonds, ABYSSA travaille au quotidien sur la r\u00e9duction de son impact environnemental.","breadcrumb":{"@id":"https:\/\/www.abyssa.com\/fr\/qsse\/impacts-environnementaux\/#breadcrumb"},"inLanguage":"fr-FR","potentialAction":[{"@type":"ReadAction","target":["https:\/\/www.abyssa.com\/fr\/qsse\/impacts-environnementaux\/"]}]},{"@type":"BreadcrumbList","@id":"https:\/\/www.abyssa.com\/fr\/qsse\/impacts-environnementaux\/#breadcrumb","itemListElement":[{"@type":"ListItem","position":1,"name":"Accueil","item":"https:\/\/www.abyssa.com\/fr\/"},{"@type":"ListItem","position":2,"name":"QSSE","item":"https:\/\/www.abyssa.com\/fr\/qsse\/"},{"@type":"ListItem","position":3,"name":"Impacts environnementaux"}]},{"@type":"WebSite","@id":"https:\/\/www.abyssa.com\/fr\/#website","url":"https:\/\/www.abyssa.com\/fr\/","name":"Abyssa","description":"Soci\u00e9t\u00e9 fran\u00e7aise d&#039;exploration des grands fonds marins","potentialAction":[{"@type":"SearchAction","target":{"@type":"EntryPoint","urlTemplate":"https:\/\/www.abyssa.com\/fr\/?s={search_term_string}"},"query-input":{"@type":"PropertyValueSpecification","valueRequired":true,"valueName":"search_term_string"}}],"inLanguage":"fr-FR"}]}},"_links":{"self":[{"href":"https:\/\/www.abyssa.com\/fr\/wp-json\/wp\/v2\/pages\/705","targetHints":{"allow":["GET"]}}],"collection":[{"href":"https:\/\/www.abyssa.com\/fr\/wp-json\/wp\/v2\/pages"}],"about":[{"href":"https:\/\/www.abyssa.com\/fr\/wp-json\/wp\/v2\/types\/page"}],"author":[{"embeddable":true,"href":"https:\/\/www.abyssa.com\/fr\/wp-json\/wp\/v2\/users\/1"}],"replies":[{"embeddable":true,"href":"https:\/\/www.abyssa.com\/fr\/wp-json\/wp\/v2\/comments?post=705"}],"version-history":[{"count":0,"href":"https:\/\/www.abyssa.com\/fr\/wp-json\/wp\/v2\/pages\/705\/revisions"}],"up":[{"embeddable":true,"href":"https:\/\/www.abyssa.com\/fr\/wp-json\/wp\/v2\/pages\/235"}],"wp:attachment":[{"href":"https:\/\/www.abyssa.com\/fr\/wp-json\/wp\/v2\/media?parent=705"}],"curies":[{"name":"wp","href":"https:\/\/api.w.org\/{rel}","templated":true}]}}