{"id":621,"date":"2021-04-08T09:44:54","date_gmt":"2021-04-08T07:44:54","guid":{"rendered":"http:\/\/www.abyssa.com\/abys2021\/?page_id=621"},"modified":"2022-07-26T16:36:50","modified_gmt":"2022-07-26T14:36:50","slug":"localiser","status":"publish","type":"page","link":"https:\/\/www.abyssa.com\/fr\/notre-offre\/localiser\/","title":{"rendered":"Localiser"},"content":{"rendered":"<div class=\"wpb-content-wrapper\"><p>[vc_row bg_type=\u00a0\u00bbimage\u00a0\u00bb parallax_style=\u00a0\u00bbvcpb-default\u00a0\u00bb bg_image_new=\u00a0\u00bbid^462|url^https:\/\/www.abyssa.com\/abys2021\/wp-content\/uploads\/2021\/04\/fondvideo-1920&#215;1080-1.svg|caption^null|alt^null|title^ABYSSA|description^null\u00a0\u00bb bg_image_repeat=\u00a0\u00bbno-repeat\u00a0\u00bb bg_override=\u00a0\u00bbex-full\u00a0\u00bb enable_overlay=\u00a0\u00bbenable_overlay_value\u00a0\u00bb overlay_color=\u00a0\u00bbrgba(244,244,245,0.55)\u00a0\u00bb css=\u00a0\u00bb.vc_custom_1617887676062{margin-top: 0px !important;margin-bottom: 0px !important;padding-bottom: 35px !important;}\u00a0\u00bb][vc_column]<div id=\"ultimate-heading-963269dfc283e15b8\" class=\"uvc-heading ult-adjust-bottom-margin ultimate-heading-963269dfc283e15b8 uvc-2704 \" data-hspacer=\"icon_only\"  data-halign=\"left\" style=\"text-align:left\"><div class=\"uvc-heading-spacer icon_only\" style=\"margin-bottom:20px;\"><div class=\"ult-just-icon-wrapper  \"><div class=\"align-icon\" style=\"text-align:left;\">\n<div class=\"aio-icon advanced \"  style=\"color:#697787;border-style:dashed;border-color:#697787;border-width:1px;width:45px;height:45px;line-height:45px;border-radius:500px;font-size:20px;\">\n\t<i class=\"Defaults-search\"><\/i>\n<\/div><\/div><\/div><\/div><div class=\"uvc-main-heading ult-responsive\"  data-ultimate-target='.uvc-heading.ultimate-heading-963269dfc283e15b8 h2'  data-responsive-json-new='{\"font-size\":\"desktop:50px;\",\"line-height\":\"desktop:60px;\"}' ><h2 style=\"font-family:&#039;Exo 2&#039;;font-weight:200;margin-bottom:25px;\">Localiser dans les grands-fonds marins<\/h2><\/div><div class=\"uvc-sub-heading ult-responsive\"  data-ultimate-target='.uvc-heading.ultimate-heading-963269dfc283e15b8 .uvc-sub-heading '  data-responsive-json-new='{\"font-size\":\"desktop:22px;\",\"line-height\":\"desktop:32px;\"}'  style=\"font-family:&#039;Exo 2&#039;;font-weight:200;margin-bottom:35px;\">Les vastes zones oc\u00e9aniques profondes repr\u00e9sentent des zones d\u2019acc\u00e8s difficile o\u00f9 peuvent \u00eatre localis\u00e9s des objets de faible envergure pr\u00e9sentant des int\u00e9r\u00eats scientifiques et\/ou \u00e9conomiques.<\/div><\/div>[vc_row_inner gap=\u00a0\u00bb35&Prime; css=\u00a0\u00bb.vc_custom_1617882607012{margin-top: 35px !important;margin-bottom: 35px !important;}\u00a0\u00bb][vc_column_inner width=\u00a0\u00bb1\/2&Prime;]<div id=\"ultimate-heading-490369dfc283e1699\" class=\"uvc-heading ult-adjust-bottom-margin ultimate-heading-490369dfc283e1699 uvc-5987 \" data-hspacer=\"no_spacer\"  data-halign=\"left\" style=\"text-align:left\"><div class=\"uvc-heading-spacer no_spacer\" style=\"top\"><\/div><div class=\"uvc-main-heading ult-responsive\"  data-ultimate-target='.uvc-heading.ultimate-heading-490369dfc283e1699 h3'  data-responsive-json-new='{\"font-size\":\"desktop:30px;\",\"line-height\":\"desktop:40px;\"}' ><h3 style=\"font-family:&#039;Exo 2&#039;;font-weight:300;margin-bottom:25px;\">Une des missions de ABYSSA : localiser avec pr\u00e9cision<\/h3><\/div><div class=\"uvc-sub-heading ult-responsive\"  data-ultimate-target='.uvc-heading.ultimate-heading-490369dfc283e1699 .uvc-sub-heading '  data-responsive-json-new='{\"font-size\":\"desktop:16px;\",\"line-height\":\"desktop:26px;\"}'  style=\"font-family:&#039;Exo 2&#039;;font-weight:300;\">En fonction de l\u2019altitude de navigation choisie par nos v\u00e9hicules sous-marins autonomes (AUVs), nous pouvons r\u00e9aliser des cartographies r\u00e9gionales, locales ou encore faire de la d\u00e9tection de petits objets par le d\u00e9ploiement des diff\u00e9rents capteurs embarqu\u00e9s (capteurs acoustiques, optiques, sondes environnementales).<\/div><\/div>[\/vc_column_inner][vc_column_inner width=\u00a0\u00bb1\/2&Prime;][vc_column_text]ABYSSA a recours \u00e0 une localisation plus pr\u00e9cise pour la recherche d\u2019objets isol\u00e9s comme des <strong>\u00e9paves<\/strong>, dont des centaines de milliers jonchent le fond des mers, ou bien des <strong>conteneurs<\/strong> perdus en mer dont les estimations varient selon le World Shipping Council de 2 600 \u00e0 10 000 chaque ann\u00e9e, des <strong>boites noires<\/strong> permettant de conna\u00eetre les raisons pr\u00e9cises d\u2019accidents d\u2019avions, des <strong>d\u00e9chets<\/strong> radioactifs jet\u00e9s volontairement ou non au fond des oc\u00e9ans.<\/p>\n<p>Nous pouvons \u00e9galement localiser des objets lin\u00e9aires comme des <strong>c\u00e2bles<\/strong>, des <strong>pipelines<\/strong>, des <strong>\u00e9missaires<\/strong>, ou m\u00eame des sites naturels remarquables pr\u00e9sentant une <strong>anomalie<\/strong> g\u00e9ologique, magn\u00e9tique, topographique ou thermique ou bien encore des <strong>bioc\u00e9noses<\/strong> ponctuelles.[\/vc_column_text][\/vc_column_inner][\/vc_row_inner][\/vc_column][\/vc_row][vc_row full_width=\u00a0\u00bbstretch_row_content\u00a0\u00bb bg_type=\u00a0\u00bbimage\u00a0\u00bb parallax_style=\u00a0\u00bbvcpb-default\u00a0\u00bb bg_image_new=\u00a0\u00bbid^648|url^https:\/\/www.abyssa.com\/abys2021\/wp-content\/uploads\/2021\/04\/abyssa-auv-localiser.jpg|caption^null|alt^ABYSSA AUV|title^ABYSSA AUV|description^null\u00a0\u00bb bg_image_repeat=\u00a0\u00bbno-repeat\u00a0\u00bb bg_override=\u00a0\u00bbex-full\u00a0\u00bb css=\u00a0\u00bb.vc_custom_1617890728317{margin-top: 0px !important;margin-bottom: 0px !important;padding-top: 35px !important;padding-right: 35px !important;padding-bottom: 35px !important;padding-left: 35px !important;}\u00a0\u00bb][vc_column css=\u00a0\u00bb.vc_custom_1617890763751{padding-top: 12% !important;padding-bottom: 12% !important;}\u00a0\u00bb]<div id=\"ultimate-heading-976769dfc283e175a\" class=\"uvc-heading ult-adjust-bottom-margin ultimate-heading-976769dfc283e175a uvc-1177 \" data-hspacer=\"no_spacer\"  data-halign=\"right\" style=\"text-align:right\"><div class=\"uvc-heading-spacer no_spacer\" style=\"top\"><\/div><div class=\"uvc-main-heading ult-responsive\"  data-ultimate-target='.uvc-heading.ultimate-heading-976769dfc283e175a p'  data-responsive-json-new='{\"font-size\":\"desktop:26px;\",\"line-height\":\"desktop:36px;\"}' ><p style=\"font-family:&#039;Exo 2&#039;;font-weight:200;color:#f4f4f5;\">Nos nouveaux protocoles d\u2019exploration des grands fonds marins<br \/>\nconstituent l\u2019approche multi-\u00e9chelle de ABYSSA.<\/p><\/div><\/div><div class=\" vc_custom_1622132388066 ubtn-ctn-right \"><a class=\"ubtn-link ult-adjust-bottom-margin ubtn-right ubtn-small \" href=\"https:\/\/www.abyssa.com\/fr\/outils\/approche-multi-echelle\/\" title=\"Approche multi-\u00e9chelle\" ><button type=\"button\" id=\"ubtn-7672\"  class=\"ubtn ult-adjust-bottom-margin ult-responsive ubtn-small ubtn-fade-bg  ulta-grow  ubtn-sep-icon ubtn-sep-icon-at-left  ubtn-right  ubtn-only-icon   tooltip-69dfc283e1822 ubtn-tooltip left\" data-toggle=\"tooltip\" data-placement=\"left\" title=\"En savoir +\" data-hover=\"\" data-border-color=\"#ffffff\" data-bg=\"rgba(244,244,245,0.15)\" data-hover-bg=\"rgba(30,51,75,0.65)\" data-border-hover=\"\" data-shadow-hover=\"\" data-shadow-click=\"none\" data-shadow=\"\" data-shd-shadow=\"\"  data-ultimate-target='#ubtn-7672'  data-responsive-json-new='{\"font-size\":\"\",\"line-height\":\"\"}'  style=\"font-family:&#039;Exo 2&#039;;font-weight:200;border-radius:300px;border-width:1px;border-color:#ffffff;border-style:solid;background: rgba(244,244,245,0.15);\"><span class=\"ubtn-data ubtn-icon\"><i class=\"icomoon-the7-font-the7-plus-04\" style=\"font-size:18px;color:#ffffff;\"><\/i><\/span><span class=\"ubtn-hover\" style=\"background-color:rgba(30,51,75,0.65)\"><\/span><span class=\"ubtn-data ubtn-text \" ><\/span><\/button><\/a><\/div>[\/vc_column][\/vc_row]<\/p>\n<\/div>","protected":false},"excerpt":{"rendered":"<p>[vc_row bg_type=\u00a0\u00bbimage\u00a0\u00bb parallax_style=\u00a0\u00bbvcpb-default\u00a0\u00bb bg_image_new=\u00a0\u00bbid^462|url^https:\/\/www.abyssa.com\/abys2021\/wp-content\/uploads\/2021\/04\/fondvideo-1920&#215;1080-1.svg|caption^null|alt^null|title^ABYSSA|description^null\u00a0\u00bb bg_image_repeat=\u00a0\u00bbno-repeat\u00a0\u00bb bg_override=\u00a0\u00bbex-full\u00a0\u00bb enable_overlay=\u00a0\u00bbenable_overlay_value\u00a0\u00bb overlay_color=\u00a0\u00bbrgba(244,244,245,0.55)\u00a0\u00bb css=\u00a0\u00bb.vc_custom_1617887676062{margin-top: 0px !important;margin-bottom: 0px !important;padding-bottom: 35px !important;}\u00a0\u00bb][vc_column][vc_row_inner gap=\u00a0\u00bb35&Prime; css=\u00a0\u00bb.vc_custom_1617882607012{margin-top: 35px !important;margin-bottom: 35px !important;}\u00a0\u00bb][vc_column_inner width=\u00a0\u00bb1\/2&Prime;][\/vc_column_inner][vc_column_inner width=\u00a0\u00bb1\/2&Prime;][vc_column_text]ABYSSA a recours \u00e0 une localisation plus pr\u00e9cise pour la recherche d\u2019objets isol\u00e9s comme des \u00e9paves, dont des centaines de milliers jonchent le fond des mers, ou bien des conteneurs perdus en mer&hellip;<\/p>\n","protected":false},"author":1,"featured_media":0,"parent":231,"menu_order":2,"comment_status":"closed","ping_status":"closed","template":"","meta":{"footnotes":""},"class_list":["post-621","page","type-page","status-publish","hentry","description-off"],"yoast_head":"<!-- This site is optimized with the Yoast SEO plugin v26.7 - https:\/\/yoast.com\/wordpress\/plugins\/seo\/ -->\n<title>Localiser - Abyssa<\/title>\n<meta name=\"description\" content=\"Avec ses AUV, ABYSSA explore les grands fonds pour localiser des objets de faible envergure pr\u00e9sentant des int\u00e9r\u00eats scientifiques ou \u00e9conomiques.\" \/>\n<meta name=\"robots\" content=\"index, follow, max-snippet:-1, max-image-preview:large, max-video-preview:-1\" \/>\n<link rel=\"canonical\" href=\"https:\/\/www.abyssa.com\/fr\/notre-offre\/localiser\/\" \/>\n<meta property=\"og:locale\" content=\"fr_FR\" \/>\n<meta property=\"og:type\" content=\"article\" \/>\n<meta property=\"og:title\" content=\"Localiser - Abyssa\" \/>\n<meta property=\"og:description\" content=\"Avec ses AUV, ABYSSA explore les grands fonds pour localiser des objets de faible envergure pr\u00e9sentant des int\u00e9r\u00eats scientifiques ou \u00e9conomiques.\" \/>\n<meta property=\"og:url\" content=\"https:\/\/www.abyssa.com\/fr\/notre-offre\/localiser\/\" \/>\n<meta property=\"og:site_name\" content=\"Abyssa\" \/>\n<meta property=\"article:modified_time\" content=\"2022-07-26T14:36:50+00:00\" \/>\n<meta name=\"twitter:card\" content=\"summary_large_image\" \/>\n<meta name=\"twitter:label1\" content=\"Dur\u00e9e de lecture estim\u00e9e\" \/>\n\t<meta name=\"twitter:data1\" content=\"2 minutes\" \/>\n<script type=\"application\/ld+json\" class=\"yoast-schema-graph\">{\"@context\":\"https:\/\/schema.org\",\"@graph\":[{\"@type\":\"WebPage\",\"@id\":\"https:\/\/www.abyssa.com\/fr\/notre-offre\/localiser\/\",\"url\":\"https:\/\/www.abyssa.com\/fr\/notre-offre\/localiser\/\",\"name\":\"Localiser - Abyssa\",\"isPartOf\":{\"@id\":\"https:\/\/www.abyssa.com\/fr\/#website\"},\"datePublished\":\"2021-04-08T07:44:54+00:00\",\"dateModified\":\"2022-07-26T14:36:50+00:00\",\"description\":\"Avec ses AUV, ABYSSA explore les grands fonds pour localiser des objets de faible envergure pr\u00e9sentant des int\u00e9r\u00eats scientifiques ou \u00e9conomiques.\",\"breadcrumb\":{\"@id\":\"https:\/\/www.abyssa.com\/fr\/notre-offre\/localiser\/#breadcrumb\"},\"inLanguage\":\"fr-FR\",\"potentialAction\":[{\"@type\":\"ReadAction\",\"target\":[\"https:\/\/www.abyssa.com\/fr\/notre-offre\/localiser\/\"]}]},{\"@type\":\"BreadcrumbList\",\"@id\":\"https:\/\/www.abyssa.com\/fr\/notre-offre\/localiser\/#breadcrumb\",\"itemListElement\":[{\"@type\":\"ListItem\",\"position\":1,\"name\":\"Accueil\",\"item\":\"https:\/\/www.abyssa.com\/fr\/\"},{\"@type\":\"ListItem\",\"position\":2,\"name\":\"Notre offre\",\"item\":\"https:\/\/www.abyssa.com\/fr\/notre-offre\/\"},{\"@type\":\"ListItem\",\"position\":3,\"name\":\"Localiser\"}]},{\"@type\":\"WebSite\",\"@id\":\"https:\/\/www.abyssa.com\/fr\/#website\",\"url\":\"https:\/\/www.abyssa.com\/fr\/\",\"name\":\"Abyssa\",\"description\":\"Soci\u00e9t\u00e9 fran\u00e7aise d&#039;exploration des grands fonds marins\",\"potentialAction\":[{\"@type\":\"SearchAction\",\"target\":{\"@type\":\"EntryPoint\",\"urlTemplate\":\"https:\/\/www.abyssa.com\/fr\/?s={search_term_string}\"},\"query-input\":{\"@type\":\"PropertyValueSpecification\",\"valueRequired\":true,\"valueName\":\"search_term_string\"}}],\"inLanguage\":\"fr-FR\"}]}<\/script>\n<!-- \/ Yoast SEO plugin. -->","yoast_head_json":{"title":"Localiser - Abyssa","description":"Avec ses AUV, ABYSSA explore les grands fonds pour localiser des objets de faible envergure pr\u00e9sentant des int\u00e9r\u00eats scientifiques ou \u00e9conomiques.","robots":{"index":"index","follow":"follow","max-snippet":"max-snippet:-1","max-image-preview":"max-image-preview:large","max-video-preview":"max-video-preview:-1"},"canonical":"https:\/\/www.abyssa.com\/fr\/notre-offre\/localiser\/","og_locale":"fr_FR","og_type":"article","og_title":"Localiser - Abyssa","og_description":"Avec ses AUV, ABYSSA explore les grands fonds pour localiser des objets de faible envergure pr\u00e9sentant des int\u00e9r\u00eats scientifiques ou \u00e9conomiques.","og_url":"https:\/\/www.abyssa.com\/fr\/notre-offre\/localiser\/","og_site_name":"Abyssa","article_modified_time":"2022-07-26T14:36:50+00:00","twitter_card":"summary_large_image","twitter_misc":{"Dur\u00e9e de lecture estim\u00e9e":"2 minutes"},"schema":{"@context":"https:\/\/schema.org","@graph":[{"@type":"WebPage","@id":"https:\/\/www.abyssa.com\/fr\/notre-offre\/localiser\/","url":"https:\/\/www.abyssa.com\/fr\/notre-offre\/localiser\/","name":"Localiser - Abyssa","isPartOf":{"@id":"https:\/\/www.abyssa.com\/fr\/#website"},"datePublished":"2021-04-08T07:44:54+00:00","dateModified":"2022-07-26T14:36:50+00:00","description":"Avec ses AUV, ABYSSA explore les grands fonds pour localiser des objets de faible envergure pr\u00e9sentant des int\u00e9r\u00eats scientifiques ou \u00e9conomiques.","breadcrumb":{"@id":"https:\/\/www.abyssa.com\/fr\/notre-offre\/localiser\/#breadcrumb"},"inLanguage":"fr-FR","potentialAction":[{"@type":"ReadAction","target":["https:\/\/www.abyssa.com\/fr\/notre-offre\/localiser\/"]}]},{"@type":"BreadcrumbList","@id":"https:\/\/www.abyssa.com\/fr\/notre-offre\/localiser\/#breadcrumb","itemListElement":[{"@type":"ListItem","position":1,"name":"Accueil","item":"https:\/\/www.abyssa.com\/fr\/"},{"@type":"ListItem","position":2,"name":"Notre offre","item":"https:\/\/www.abyssa.com\/fr\/notre-offre\/"},{"@type":"ListItem","position":3,"name":"Localiser"}]},{"@type":"WebSite","@id":"https:\/\/www.abyssa.com\/fr\/#website","url":"https:\/\/www.abyssa.com\/fr\/","name":"Abyssa","description":"Soci\u00e9t\u00e9 fran\u00e7aise d&#039;exploration des grands fonds marins","potentialAction":[{"@type":"SearchAction","target":{"@type":"EntryPoint","urlTemplate":"https:\/\/www.abyssa.com\/fr\/?s={search_term_string}"},"query-input":{"@type":"PropertyValueSpecification","valueRequired":true,"valueName":"search_term_string"}}],"inLanguage":"fr-FR"}]}},"_links":{"self":[{"href":"https:\/\/www.abyssa.com\/fr\/wp-json\/wp\/v2\/pages\/621","targetHints":{"allow":["GET"]}}],"collection":[{"href":"https:\/\/www.abyssa.com\/fr\/wp-json\/wp\/v2\/pages"}],"about":[{"href":"https:\/\/www.abyssa.com\/fr\/wp-json\/wp\/v2\/types\/page"}],"author":[{"embeddable":true,"href":"https:\/\/www.abyssa.com\/fr\/wp-json\/wp\/v2\/users\/1"}],"replies":[{"embeddable":true,"href":"https:\/\/www.abyssa.com\/fr\/wp-json\/wp\/v2\/comments?post=621"}],"version-history":[{"count":0,"href":"https:\/\/www.abyssa.com\/fr\/wp-json\/wp\/v2\/pages\/621\/revisions"}],"up":[{"embeddable":true,"href":"https:\/\/www.abyssa.com\/fr\/wp-json\/wp\/v2\/pages\/231"}],"wp:attachment":[{"href":"https:\/\/www.abyssa.com\/fr\/wp-json\/wp\/v2\/media?parent=621"}],"curies":[{"name":"wp","href":"https:\/\/api.w.org\/{rel}","templated":true}]}}