{"id":530,"date":"2021-04-08T09:44:54","date_gmt":"2021-04-08T07:44:54","guid":{"rendered":"http:\/\/www.abyssa.com\/abys2021\/?page_id=530"},"modified":"2022-08-01T17:07:46","modified_gmt":"2022-08-01T15:07:46","slug":"cartographier","status":"publish","type":"page","link":"https:\/\/www.abyssa.com\/fr\/notre-offre\/cartographier\/","title":{"rendered":"Cartographier"},"content":{"rendered":"<div class=\"wpb-content-wrapper\"><p>[vc_row bg_type=\u00a0\u00bbimage\u00a0\u00bb parallax_style=\u00a0\u00bbvcpb-default\u00a0\u00bb bg_image_new=\u00a0\u00bbid^462|url^https:\/\/www.abyssa.com\/abys2021\/wp-content\/uploads\/2021\/04\/fondvideo-1920&#215;1080-1.svg|caption^null|alt^null|title^ABYSSA|description^null\u00a0\u00bb bg_image_repeat=\u00a0\u00bbno-repeat\u00a0\u00bb bg_override=\u00a0\u00bbex-full\u00a0\u00bb enable_overlay=\u00a0\u00bbenable_overlay_value\u00a0\u00bb overlay_color=\u00a0\u00bbrgba(244,244,245,0.55)\u00a0\u00bb css=\u00a0\u00bb.vc_custom_1617873756232{margin-top: 0px !important;margin-bottom: 0px !important;border-bottom-width: 35px !important;}\u00a0\u00bb][vc_column]<div id=\"ultimate-heading-64869f300367e1b3\" class=\"uvc-heading ult-adjust-bottom-margin ultimate-heading-64869f300367e1b3 uvc-2117 \" data-hspacer=\"icon_only\"  data-halign=\"left\" style=\"text-align:left\"><div class=\"uvc-heading-spacer icon_only\" style=\"margin-bottom:20px;\"><div class=\"ult-just-icon-wrapper  \"><div class=\"align-icon\" style=\"text-align:left;\">\n<div class=\"aio-icon advanced \"  style=\"color:#697787;border-style:dashed;border-color:#697787;border-width:1px;width:45px;height:45px;line-height:45px;border-radius:500px;font-size:20px;\">\n\t<i class=\"far fa-map\"><\/i>\n<\/div><\/div><\/div><\/div><div class=\"uvc-main-heading ult-responsive\"  data-ultimate-target='.uvc-heading.ultimate-heading-64869f300367e1b3 h2'  data-responsive-json-new='{\"font-size\":\"desktop:50px;\",\"line-height\":\"desktop:60px;\"}' ><h2 style=\"font-family:&#039;Exo 2&#039;;font-weight:200;margin-bottom:25px;\">Cartographies sous-marines de haute r\u00e9solution<\/h2><\/div><div class=\"uvc-sub-heading ult-responsive\"  data-ultimate-target='.uvc-heading.ultimate-heading-64869f300367e1b3 .uvc-sub-heading '  data-responsive-json-new='{\"font-size\":\"desktop:22px;\",\"line-height\":\"desktop:32px;\"}'  style=\"font-family:&#039;Exo 2&#039;;font-weight:200;margin-bottom:35px;\">La m\u00e9connaissance des grandes profondeurs oc\u00e9aniques est essentiellement due \u00e0 deux facteurs compl\u00e9mentaires : les difficult\u00e9s d\u2019acc\u00e8s et l\u2019\u00e9tendue consid\u00e9rable. Une des missions de ABYSSA est de r\u00e9aliser des cartographies sous-marines de haute r\u00e9solution afin de caract\u00e9riser ces zones ainsi que leurs \u00e9volutions.<\/div><\/div>[vc_column_text]Les zones oc\u00e9aniques profondes sont en effet le si\u00e8ge, sur des \u00e9tendues parfois consid\u00e9rables, de biodiversit\u00e9 et de g\u00e9odiversit\u00e9 d\u2019int\u00e9r\u00eats scientifiques et \u00e9conomiques majeurs, ainsi que de ph\u00e9nom\u00e8nes hydrodynamiques \u00e9troitement li\u00e9s aux conditions climatiques globales.<br \/>\nC\u2019est la r\u00e9alisation de vastes cartographies qui pourra r\u00e9pondre aux probl\u00e9matiques pos\u00e9es : contextes r\u00e9gionaux morphologiques, g\u00e9ologiques ou biologiques.[\/vc_column_text][vc_row_inner content_placement=\u00a0\u00bbtop\u00a0\u00bb gap=\u00a0\u00bb35&Prime; css=\u00a0\u00bb.vc_custom_1618413202008{margin-top: 35px !important;margin-bottom: 35px !important;}\u00a0\u00bb][vc_column_inner width=\u00a0\u00bb1\/2&Prime;][vc_column_text]Nos AUVs sont des v\u00e9hicules sous-marins autonomes utilis\u00e9s pour acqu\u00e9rir des informations ou des donn\u00e9es selon des profils d\u00e9termin\u00e9s \u00e0 proximit\u00e9 des fonds oc\u00e9aniques. L\u2019altitude de travail, g\u00e9n\u00e9ralement \u00e0 moins de 100 m du fond de la mer, est choisie en fonction des mesures \u00e0 r\u00e9aliser et de la r\u00e9solution recherch\u00e9e.<\/p>\n<p>Quelle que soit la profondeur, la r\u00e9solution sur le fond sera identique puisqu\u2019elle est fonction uniquement de l\u2019altitude de vol du v\u00e9hicule au-dessus du fond (la distance entre le v\u00e9hicule et le fond). La r\u00e9solution sur le fond, m\u00eame par grandes profondeurs, reste donc tr\u00e8s bonne et permet \u00e0 ABYSSA de proposer des cartographies r\u00e9solvantes de grande pr\u00e9cision.[\/vc_column_text][\/vc_column_inner][vc_column_inner width=\u00a0\u00bb1\/2&Prime;]<style type=\"text\/css\" data-type=\"the7_shortcodes-inline-css\">.gallery-carousel-shortcode.gallery-carousel-shortcode-id-d38ddd44c8587f10a0d1299fe3b238da.owl-carousel .owl-nav div {\n  width: 36px;\n  height: 36px;\n  border-radius: 500px;\n}\n.dt-arrow-border-on.gallery-carousel-shortcode.gallery-carousel-shortcode-id-d38ddd44c8587f10a0d1299fe3b238da.owl-carousel .owl-nav div:not(:hover):before {\n  border-width: 0px;\n}\n.dt-arrow-hover-border-on.gallery-carousel-shortcode.gallery-carousel-shortcode-id-d38ddd44c8587f10a0d1299fe3b238da.owl-carousel .owl-nav div:hover:after {\n  border-width: 0px;\n}\n.gallery-carousel-shortcode.gallery-carousel-shortcode-id-d38ddd44c8587f10a0d1299fe3b238da.owl-carousel .owl-nav div.owl-prev {\n  top: 50%;\n  transform: translateY(calc(-50% + 0px));\n  left: -43px;\n}\n@media all and (-ms-high-contrast: none) {\n  .gallery-carousel-shortcode.gallery-carousel-shortcode-id-d38ddd44c8587f10a0d1299fe3b238da.owl-carousel .owl-nav div.owl-prev {\n    transform: translateY(-50%);\n    margin-top: 0px;\n  }\n}\n.gallery-carousel-shortcode.gallery-carousel-shortcode-id-d38ddd44c8587f10a0d1299fe3b238da.owl-carousel .owl-nav div.owl-prev i {\n  padding: 0px 0px 0px 0px;\n}\n.gallery-carousel-shortcode.gallery-carousel-shortcode-id-d38ddd44c8587f10a0d1299fe3b238da.owl-carousel .owl-nav div.owl-next {\n  top: 50%;\n  transform: translateY(calc(-50% + 0px));\n  right: -43px;\n}\n@media all and (-ms-high-contrast: none) {\n  .gallery-carousel-shortcode.gallery-carousel-shortcode-id-d38ddd44c8587f10a0d1299fe3b238da.owl-carousel .owl-nav div.owl-next {\n    transform: translateY(-50%);\n    margin-top: 0px;\n  }\n}\n.gallery-carousel-shortcode.gallery-carousel-shortcode-id-d38ddd44c8587f10a0d1299fe3b238da.owl-carousel .owl-nav div.owl-next i {\n  padding: 0px 0px 0px 0px;\n}\n.gallery-carousel-shortcode.gallery-carousel-shortcode-id-d38ddd44c8587f10a0d1299fe3b238da.owl-carousel .owl-nav i {\n  font-size: 18px;\n}\n.gallery-carousel-shortcode.gallery-carousel-shortcode-id-d38ddd44c8587f10a0d1299fe3b238da.owl-carousel .owl-nav div:not(:hover) i,\n.gallery-carousel-shortcode.gallery-carousel-shortcode-id-d38ddd44c8587f10a0d1299fe3b238da.owl-carousel .owl-nav div:not(:hover) i:before {\n  color: #051c37;\n  background: none;\n}\n.gallery-carousel-shortcode.gallery-carousel-shortcode-id-d38ddd44c8587f10a0d1299fe3b238da.owl-carousel .owl-nav div:hover i,\n.gallery-carousel-shortcode.gallery-carousel-shortcode-id-d38ddd44c8587f10a0d1299fe3b238da.owl-carousel .owl-nav div:hover i:before {\n  color: #051c37;\n  background: none;\n}\n.gallery-carousel-shortcode.gallery-carousel-shortcode-id-d38ddd44c8587f10a0d1299fe3b238da .owl-dots {\n  top: calc(100% + 20px);\n  left: 50%;\n  transform: translateX(calc(-50% + 0px));\n}\n@media all and (-ms-high-contrast: none) {\n  .gallery-carousel-shortcode.gallery-carousel-shortcode-id-d38ddd44c8587f10a0d1299fe3b238da .owl-dots {\n    transform: translateX(-50%);\n    margin-left: 0px;\n  }\n}\n.gallery-carousel-shortcode.gallery-carousel-shortcode-id-d38ddd44c8587f10a0d1299fe3b238da .owl-dot {\n  width: 10px;\n  height: 10px;\n  margin: 0 8px;\n}\n@media screen and (max-width: 778px) {\n  .gallery-carousel-shortcode.gallery-carousel-shortcode-id-d38ddd44c8587f10a0d1299fe3b238da.hide-arrows .owl-nav a {\n    display: none;\n  }\n}\n@media screen and (max-width: 778px) {\n  .gallery-carousel-shortcode.gallery-carousel-shortcode-id-d38ddd44c8587f10a0d1299fe3b238da.reposition-arrows .owl-nav .owl-prev {\n    top: 50%;\n    transform: translateY(calc(-50% + 0px));\n    left: 10px;\n  }\n  .gallery-carousel-shortcode.gallery-carousel-shortcode-id-d38ddd44c8587f10a0d1299fe3b238da.reposition-arrows .owl-nav .owl-next {\n    top: 50%;\n    transform: translateY(calc(-50% + 0px));\n    right: 10px;\n  }\n}\n@media screen and (max-width: 778px) and all and (-ms-high-contrast: none) {\n  .gallery-carousel-shortcode.gallery-carousel-shortcode-id-d38ddd44c8587f10a0d1299fe3b238da.reposition-arrows .owl-nav .owl-prev {\n    transform: translateY(-50%);\n    margin-top: 0px;\n  }\n}\n@media screen and (max-width: 778px) and all and (-ms-high-contrast: none) {\n  .gallery-carousel-shortcode.gallery-carousel-shortcode-id-d38ddd44c8587f10a0d1299fe3b238da.reposition-arrows .owl-nav .owl-next {\n    transform: translateY(-50%);\n    margin-top: 0px;\n  }\n}\n.gallery-carousel-shortcode.gallery-carousel-shortcode-id-d38ddd44c8587f10a0d1299fe3b238da figure,\n.gallery-carousel-shortcode.gallery-carousel-shortcode-id-d38ddd44c8587f10a0d1299fe3b238da .rollover,\n.gallery-carousel-shortcode.gallery-carousel-shortcode-id-d38ddd44c8587f10a0d1299fe3b238da img,\n.gallery-carousel-shortcode.gallery-carousel-shortcode-id-d38ddd44c8587f10a0d1299fe3b238da .gallery-rollover {\n  border-radius: 0px;\n}\n.gallery-carousel-shortcode.gallery-carousel-shortcode-id-d38ddd44c8587f10a0d1299fe3b238da.enable-bg-rollover .gallery-rollover {\n  background: -webkit-linear-gradient();\n  background: linear-gradient();\n}\n.gallery-carousel-shortcode.gallery-carousel-shortcode-id-d38ddd44c8587f10a0d1299fe3b238da.enable-img-shadow .owl-stage-outer {\n  padding: 14px 0;\n}\n.gallery-carousel-shortcode.gallery-carousel-shortcode-id-d38ddd44c8587f10a0d1299fe3b238da.enable-bg-rollover.hover-scale figure .rollover:after {\n  background: -webkit-linear-gradient();\n  background: linear-gradient();\n}\n.gallery-carousel-shortcode.gallery-carousel-shortcode-id-d38ddd44c8587f10a0d1299fe3b238da.gallery-shortcode .gallery-zoom-ico {\n  width: 44px;\n  height: 44px;\n  line-height: 44px;\n  border-radius: 100px;\n  margin: -22px 0 0 -22px;\n  border-width: 0px;\n}\n.dt-icon-bg-on.gallery-carousel-shortcode.gallery-carousel-shortcode-id-d38ddd44c8587f10a0d1299fe3b238da.gallery-shortcode .gallery-zoom-ico {\n  background: rgba(255,255,255,0.3);\n  box-shadow: none;\n}\n.gallery-carousel-shortcode.gallery-carousel-shortcode-id-d38ddd44c8587f10a0d1299fe3b238da.gallery-shortcode .gallery-zoom-ico:before,\n.gallery-carousel-shortcode.gallery-carousel-shortcode-id-d38ddd44c8587f10a0d1299fe3b238da.gallery-shortcode .gallery-zoom-ico span {\n  font-size: 32px;\n  line-height: 44px;\n  color: #ffffff;\n  background: none;\n}<\/style><div class=\"owl-carousel gallery-carousel-shortcode gallery-shortcode  dt-gallery-container dt-owl-carousel-call gallery-carousel-shortcode-id-d38ddd44c8587f10a0d1299fe3b238da enable-bg-rollover meta-info-off dt-arrow-border-on dt-arrow-hover-border-on bullets-small-dot-stroke reposition-arrows dt-icon-bg-off arrows-bg-off disable-arrows-hover-bg arrows-hover-bg-off  hover-fade \" data-scroll-mode=\"1\" data-col-num=\"1\" data-wide-col-num=\"1\" data-laptop-col=\"1\" data-h-tablet-columns-num=\"1\" data-v-tablet-columns-num=\"1\" data-phone-columns-num=\"1\" data-col-gap=\"10\" data-stage-padding=\"0\" data-speed=\"600\" data-autoplay=\"true\" data-autoplay_speed=\"4000\" data-arrows=\"true\" data-bullet=\"false\" data-next-icon=\"icon-ar-021-r\" data-prev-icon=\"icon-ar-021-l\" data-img-shadow-size=\"12px\" data-img-shadow-spread=\"3px\"><div data-post-id=\"584\" data-date=\"2021-04-08T11:48:26+02:00\" data-name=\"carte-bathy-01\"><figure class=\"post\"><a href=\"https:\/\/www.abyssa.com\/abys2021\/wp-content\/uploads\/2021\/04\/carte-bathy-01.jpg\" class=\"rollover dt-pswp-item layzr-bg\" data-large_image_width=\"1920\" data-large_image_height=\"1080\" data-dt-img-description=\"\" ><img fetchpriority=\"high\" decoding=\"async\" class=\"preload-me owl-lazy-load aspect\" src=\"data:image\/svg+xml,%3Csvg%20xmlns%3D&#39;http%3A%2F%2Fwww.w3.org%2F2000%2Fsvg&#39;%20viewBox%3D&#39;0%200%201920%201080&#39;%2F%3E\" data-src=\"https:\/\/www.abyssa.com\/abys2021\/wp-content\/uploads\/2021\/04\/carte-bathy-01.jpg\" data-srcset=\"https:\/\/www.abyssa.com\/abys2021\/wp-content\/uploads\/2021\/04\/carte-bathy-01.jpg 1920w\" loading=\"eager\" style=\"--ratio: 1920 \/ 1080\" sizes=\"(max-width: 1920px) 100vw, 1920px\" alt=\"\" width=\"1920\" height=\"1080\"  \/><span class=\"gallery-rollover\"><\/span><\/a><\/figure><\/div><div data-post-id=\"578\" data-date=\"2021-04-08T11:46:25+02:00\" data-name=\"carte-bathy-02\"><figure class=\"post\"><a href=\"https:\/\/www.abyssa.com\/abys2021\/wp-content\/uploads\/2021\/04\/carte-bathy-02.jpg\" class=\"rollover dt-pswp-item layzr-bg\" data-large_image_width=\"1920\" data-large_image_height=\"1080\" data-dt-img-description=\"\" ><img decoding=\"async\" class=\"preload-me owl-lazy-load aspect\" src=\"data:image\/svg+xml,%3Csvg%20xmlns%3D&#39;http%3A%2F%2Fwww.w3.org%2F2000%2Fsvg&#39;%20viewBox%3D&#39;0%200%201920%201080&#39;%2F%3E\" data-src=\"https:\/\/www.abyssa.com\/abys2021\/wp-content\/uploads\/2021\/04\/carte-bathy-02.jpg\" data-srcset=\"https:\/\/www.abyssa.com\/abys2021\/wp-content\/uploads\/2021\/04\/carte-bathy-02.jpg 1920w\" loading=\"eager\" style=\"--ratio: 1920 \/ 1080\" sizes=\"(max-width: 1920px) 100vw, 1920px\" alt=\"\" width=\"1920\" height=\"1080\"  \/><span class=\"gallery-rollover\"><\/span><\/a><\/figure><\/div><div data-post-id=\"579\" data-date=\"2021-04-08T11:46:26+02:00\" data-name=\"carte-bathy-03\"><figure class=\"post\"><a href=\"https:\/\/www.abyssa.com\/abys2021\/wp-content\/uploads\/2021\/04\/carte-bathy-03.jpg\" class=\"rollover dt-pswp-item layzr-bg\" data-large_image_width=\"1920\" data-large_image_height=\"1080\" data-dt-img-description=\"\" ><img decoding=\"async\" class=\"preload-me owl-lazy-load aspect\" src=\"data:image\/svg+xml,%3Csvg%20xmlns%3D&#39;http%3A%2F%2Fwww.w3.org%2F2000%2Fsvg&#39;%20viewBox%3D&#39;0%200%201920%201080&#39;%2F%3E\" data-src=\"https:\/\/www.abyssa.com\/abys2021\/wp-content\/uploads\/2021\/04\/carte-bathy-03.jpg\" data-srcset=\"https:\/\/www.abyssa.com\/abys2021\/wp-content\/uploads\/2021\/04\/carte-bathy-03.jpg 1920w\" loading=\"eager\" style=\"--ratio: 1920 \/ 1080\" sizes=\"(max-width: 1920px) 100vw, 1920px\" alt=\"\" width=\"1920\" height=\"1080\"  \/><span class=\"gallery-rollover\"><\/span><\/a><\/figure><\/div><div data-post-id=\"580\" data-date=\"2021-04-08T11:46:28+02:00\" data-name=\"carte-bathy-04\"><figure class=\"post\"><a href=\"https:\/\/www.abyssa.com\/abys2021\/wp-content\/uploads\/2021\/04\/carte-bathy-04.jpg\" class=\"rollover dt-pswp-item layzr-bg\" data-large_image_width=\"1920\" data-large_image_height=\"1080\" data-dt-img-description=\"\" ><img decoding=\"async\" class=\"preload-me owl-lazy-load aspect\" src=\"data:image\/svg+xml,%3Csvg%20xmlns%3D&#39;http%3A%2F%2Fwww.w3.org%2F2000%2Fsvg&#39;%20viewBox%3D&#39;0%200%201920%201080&#39;%2F%3E\" data-src=\"https:\/\/www.abyssa.com\/abys2021\/wp-content\/uploads\/2021\/04\/carte-bathy-04.jpg\" data-srcset=\"https:\/\/www.abyssa.com\/abys2021\/wp-content\/uploads\/2021\/04\/carte-bathy-04.jpg 1920w\" loading=\"eager\" style=\"--ratio: 1920 \/ 1080\" sizes=\"(max-width: 1920px) 100vw, 1920px\" alt=\"\" width=\"1920\" height=\"1080\"  \/><span class=\"gallery-rollover\"><\/span><\/a><\/figure><\/div><\/div>[\/vc_column_inner][\/vc_row_inner][\/vc_column][\/vc_row][vc_row full_width=\u00a0\u00bbstretch_row_content\u00a0\u00bb equal_height=\u00a0\u00bbyes\u00a0\u00bb content_placement=\u00a0\u00bbmiddle\u00a0\u00bb bg_type=\u00a0\u00bbbg_color\u00a0\u00bb bg_override=\u00a0\u00bbex-full\u00a0\u00bb css=\u00a0\u00bb.vc_custom_1617868666841{margin-top: 0px !important;margin-bottom: 0px !important;}\u00a0\u00bb bg_color_value=\u00a0\u00bb#37495f\u00a0\u00bb][vc_column width=\u00a0\u00bb1\/2&Prime; css=\u00a0\u00bb.vc_custom_1659366462697{padding-top: 100px !important;padding-bottom: 100px !important;background-image: url(https:\/\/www.abyssa.com\/abys2021\/wp-content\/uploads\/2022\/08\/cartographier-auv-2.jpg?id=2298) !important;background-position: center !important;background-repeat: no-repeat !important;background-size: cover !important;}\u00a0\u00bb][\/vc_column][vc_column width=\u00a0\u00bb1\/2&Prime; css=\u00a0\u00bb.vc_custom_1616079379776{padding: 45px !important;}\u00a0\u00bb]<div id=\"ultimate-heading-20369f3003681c79\" class=\"uvc-heading ult-adjust-bottom-margin ultimate-heading-20369f3003681c79 uvc-3347 \" data-hspacer=\"no_spacer\"  data-halign=\"left\" style=\"text-align:left\"><div class=\"uvc-heading-spacer no_spacer\" style=\"top\"><\/div><div class=\"uvc-main-heading ult-responsive\"  data-ultimate-target='.uvc-heading.ultimate-heading-20369f3003681c79 h2'  data-responsive-json-new='{\"font-size\":\"desktop:45px;\",\"line-height\":\"desktop:55px;\"}' ><h2 style=\"font-family:&#039;Exo 2&#039;;font-weight:200;color:#f4f4f5;margin-bottom:25px;\">Des navires de surface aux AUVs<\/h2><\/div><div class=\"uvc-sub-heading ult-responsive\"  data-ultimate-target='.uvc-heading.ultimate-heading-20369f3003681c79 .uvc-sub-heading '  data-responsive-json-new='{\"font-size\":\"desktop:18px;\",\"line-height\":\"desktop:28px;\"}'  style=\"font-family:&#039;Exo 2&#039;;font-weight:200;color:#f4f4f5;\">Depuis le XIX si\u00e8cle, la plupart des observations en grande profondeur ont \u00e9t\u00e9 r\u00e9alis\u00e9es par des instrumentations scientifiques mises en \u0153uvre depuis les navires oc\u00e9anographiques de surface.<\/p>\n<p>Au fil du temps, pour obtenir des informations plus pr\u00e9cises, ces instruments se sont rapproch\u00e9s du fond profitant des \u00e9volutions technologiques de r\u00e9sistance aux pressions en profondeur, des capacit\u00e9s d\u2019acquisition de mesures par capteurs et sondes environnementales, des stockages ou transferts de donn\u00e9es, de l\u2019autonomie des supports de mesures, etc\u2026 jusqu\u2019au d\u00e9veloppement des v\u00e9hicules sous-marins autonomes (AUVs).<\/div><\/div>[\/vc_column][\/vc_row]<\/p>\n<\/div>","protected":false},"excerpt":{"rendered":"<p>[vc_row bg_type=\u00a0\u00bbimage\u00a0\u00bb parallax_style=\u00a0\u00bbvcpb-default\u00a0\u00bb bg_image_new=\u00a0\u00bbid^462|url^https:\/\/www.abyssa.com\/abys2021\/wp-content\/uploads\/2021\/04\/fondvideo-1920&#215;1080-1.svg|caption^null|alt^null|title^ABYSSA|description^null\u00a0\u00bb bg_image_repeat=\u00a0\u00bbno-repeat\u00a0\u00bb bg_override=\u00a0\u00bbex-full\u00a0\u00bb enable_overlay=\u00a0\u00bbenable_overlay_value\u00a0\u00bb overlay_color=\u00a0\u00bbrgba(244,244,245,0.55)\u00a0\u00bb css=\u00a0\u00bb.vc_custom_1617873756232{margin-top: 0px !important;margin-bottom: 0px !important;border-bottom-width: 35px !important;}\u00a0\u00bb][vc_column][vc_column_text]Les zones oc\u00e9aniques profondes sont en effet le si\u00e8ge, sur des \u00e9tendues parfois consid\u00e9rables, de biodiversit\u00e9 et de g\u00e9odiversit\u00e9 d\u2019int\u00e9r\u00eats scientifiques et \u00e9conomiques majeurs, ainsi que de ph\u00e9nom\u00e8nes hydrodynamiques \u00e9troitement li\u00e9s aux conditions climatiques globales. C\u2019est la r\u00e9alisation de vastes cartographies&hellip;<\/p>\n","protected":false},"author":1,"featured_media":0,"parent":231,"menu_order":1,"comment_status":"closed","ping_status":"closed","template":"","meta":{"footnotes":""},"class_list":["post-530","page","type-page","status-publish","hentry","description-off"],"yoast_head":"<!-- This site is optimized with the Yoast SEO plugin v26.7 - https:\/\/yoast.com\/wordpress\/plugins\/seo\/ -->\n<title>Cartographier - Abyssa<\/title>\n<meta name=\"description\" content=\"ABYSSA r\u00e9alise des cartographies sous-marines de haute r\u00e9solution afin de caract\u00e9riser les grands fonds marins et leurs \u00e9volutions.\" \/>\n<meta name=\"robots\" content=\"index, follow, max-snippet:-1, max-image-preview:large, max-video-preview:-1\" \/>\n<link rel=\"canonical\" href=\"https:\/\/www.abyssa.com\/fr\/notre-offre\/cartographier\/\" \/>\n<meta property=\"og:locale\" content=\"fr_FR\" \/>\n<meta property=\"og:type\" content=\"article\" \/>\n<meta property=\"og:title\" content=\"Cartographier - Abyssa\" \/>\n<meta property=\"og:description\" content=\"ABYSSA r\u00e9alise des cartographies sous-marines de haute r\u00e9solution afin de caract\u00e9riser les grands fonds marins et leurs \u00e9volutions.\" \/>\n<meta property=\"og:url\" content=\"https:\/\/www.abyssa.com\/fr\/notre-offre\/cartographier\/\" \/>\n<meta property=\"og:site_name\" content=\"Abyssa\" \/>\n<meta property=\"article:modified_time\" content=\"2022-08-01T15:07:46+00:00\" \/>\n<meta name=\"twitter:card\" content=\"summary_large_image\" \/>\n<meta name=\"twitter:label1\" content=\"Dur\u00e9e de lecture estim\u00e9e\" \/>\n\t<meta name=\"twitter:data1\" content=\"2 minutes\" \/>\n<script type=\"application\/ld+json\" class=\"yoast-schema-graph\">{\"@context\":\"https:\/\/schema.org\",\"@graph\":[{\"@type\":\"WebPage\",\"@id\":\"https:\/\/www.abyssa.com\/fr\/notre-offre\/cartographier\/\",\"url\":\"https:\/\/www.abyssa.com\/fr\/notre-offre\/cartographier\/\",\"name\":\"Cartographier - Abyssa\",\"isPartOf\":{\"@id\":\"https:\/\/www.abyssa.com\/fr\/#website\"},\"datePublished\":\"2021-04-08T07:44:54+00:00\",\"dateModified\":\"2022-08-01T15:07:46+00:00\",\"description\":\"ABYSSA r\u00e9alise des cartographies sous-marines de haute r\u00e9solution afin de caract\u00e9riser les grands fonds marins et leurs \u00e9volutions.\",\"breadcrumb\":{\"@id\":\"https:\/\/www.abyssa.com\/fr\/notre-offre\/cartographier\/#breadcrumb\"},\"inLanguage\":\"fr-FR\",\"potentialAction\":[{\"@type\":\"ReadAction\",\"target\":[\"https:\/\/www.abyssa.com\/fr\/notre-offre\/cartographier\/\"]}]},{\"@type\":\"BreadcrumbList\",\"@id\":\"https:\/\/www.abyssa.com\/fr\/notre-offre\/cartographier\/#breadcrumb\",\"itemListElement\":[{\"@type\":\"ListItem\",\"position\":1,\"name\":\"Accueil\",\"item\":\"https:\/\/www.abyssa.com\/fr\/\"},{\"@type\":\"ListItem\",\"position\":2,\"name\":\"Notre offre\",\"item\":\"https:\/\/www.abyssa.com\/fr\/notre-offre\/\"},{\"@type\":\"ListItem\",\"position\":3,\"name\":\"Cartographier\"}]},{\"@type\":\"WebSite\",\"@id\":\"https:\/\/www.abyssa.com\/fr\/#website\",\"url\":\"https:\/\/www.abyssa.com\/fr\/\",\"name\":\"Abyssa\",\"description\":\"Soci\u00e9t\u00e9 fran\u00e7aise d&#039;exploration des grands fonds marins\",\"potentialAction\":[{\"@type\":\"SearchAction\",\"target\":{\"@type\":\"EntryPoint\",\"urlTemplate\":\"https:\/\/www.abyssa.com\/fr\/?s={search_term_string}\"},\"query-input\":{\"@type\":\"PropertyValueSpecification\",\"valueRequired\":true,\"valueName\":\"search_term_string\"}}],\"inLanguage\":\"fr-FR\"}]}<\/script>\n<!-- \/ Yoast SEO plugin. -->","yoast_head_json":{"title":"Cartographier - Abyssa","description":"ABYSSA r\u00e9alise des cartographies sous-marines de haute r\u00e9solution afin de caract\u00e9riser les grands fonds marins et leurs \u00e9volutions.","robots":{"index":"index","follow":"follow","max-snippet":"max-snippet:-1","max-image-preview":"max-image-preview:large","max-video-preview":"max-video-preview:-1"},"canonical":"https:\/\/www.abyssa.com\/fr\/notre-offre\/cartographier\/","og_locale":"fr_FR","og_type":"article","og_title":"Cartographier - Abyssa","og_description":"ABYSSA r\u00e9alise des cartographies sous-marines de haute r\u00e9solution afin de caract\u00e9riser les grands fonds marins et leurs \u00e9volutions.","og_url":"https:\/\/www.abyssa.com\/fr\/notre-offre\/cartographier\/","og_site_name":"Abyssa","article_modified_time":"2022-08-01T15:07:46+00:00","twitter_card":"summary_large_image","twitter_misc":{"Dur\u00e9e de lecture estim\u00e9e":"2 minutes"},"schema":{"@context":"https:\/\/schema.org","@graph":[{"@type":"WebPage","@id":"https:\/\/www.abyssa.com\/fr\/notre-offre\/cartographier\/","url":"https:\/\/www.abyssa.com\/fr\/notre-offre\/cartographier\/","name":"Cartographier - Abyssa","isPartOf":{"@id":"https:\/\/www.abyssa.com\/fr\/#website"},"datePublished":"2021-04-08T07:44:54+00:00","dateModified":"2022-08-01T15:07:46+00:00","description":"ABYSSA r\u00e9alise des cartographies sous-marines de haute r\u00e9solution afin de caract\u00e9riser les grands fonds marins et leurs \u00e9volutions.","breadcrumb":{"@id":"https:\/\/www.abyssa.com\/fr\/notre-offre\/cartographier\/#breadcrumb"},"inLanguage":"fr-FR","potentialAction":[{"@type":"ReadAction","target":["https:\/\/www.abyssa.com\/fr\/notre-offre\/cartographier\/"]}]},{"@type":"BreadcrumbList","@id":"https:\/\/www.abyssa.com\/fr\/notre-offre\/cartographier\/#breadcrumb","itemListElement":[{"@type":"ListItem","position":1,"name":"Accueil","item":"https:\/\/www.abyssa.com\/fr\/"},{"@type":"ListItem","position":2,"name":"Notre offre","item":"https:\/\/www.abyssa.com\/fr\/notre-offre\/"},{"@type":"ListItem","position":3,"name":"Cartographier"}]},{"@type":"WebSite","@id":"https:\/\/www.abyssa.com\/fr\/#website","url":"https:\/\/www.abyssa.com\/fr\/","name":"Abyssa","description":"Soci\u00e9t\u00e9 fran\u00e7aise d&#039;exploration des grands fonds marins","potentialAction":[{"@type":"SearchAction","target":{"@type":"EntryPoint","urlTemplate":"https:\/\/www.abyssa.com\/fr\/?s={search_term_string}"},"query-input":{"@type":"PropertyValueSpecification","valueRequired":true,"valueName":"search_term_string"}}],"inLanguage":"fr-FR"}]}},"_links":{"self":[{"href":"https:\/\/www.abyssa.com\/fr\/wp-json\/wp\/v2\/pages\/530","targetHints":{"allow":["GET"]}}],"collection":[{"href":"https:\/\/www.abyssa.com\/fr\/wp-json\/wp\/v2\/pages"}],"about":[{"href":"https:\/\/www.abyssa.com\/fr\/wp-json\/wp\/v2\/types\/page"}],"author":[{"embeddable":true,"href":"https:\/\/www.abyssa.com\/fr\/wp-json\/wp\/v2\/users\/1"}],"replies":[{"embeddable":true,"href":"https:\/\/www.abyssa.com\/fr\/wp-json\/wp\/v2\/comments?post=530"}],"version-history":[{"count":0,"href":"https:\/\/www.abyssa.com\/fr\/wp-json\/wp\/v2\/pages\/530\/revisions"}],"up":[{"embeddable":true,"href":"https:\/\/www.abyssa.com\/fr\/wp-json\/wp\/v2\/pages\/231"}],"wp:attachment":[{"href":"https:\/\/www.abyssa.com\/fr\/wp-json\/wp\/v2\/media?parent=530"}],"curies":[{"name":"wp","href":"https:\/\/api.w.org\/{rel}","templated":true}]}}