{"id":466,"date":"2021-03-17T16:50:39","date_gmt":"2021-03-17T15:50:39","guid":{"rendered":"http:\/\/www.abyssa.com\/abys2021\/?page_id=466"},"modified":"2022-09-05T17:08:56","modified_gmt":"2022-09-05T15:08:56","slug":"nos-implantations","status":"publish","type":"page","link":"https:\/\/www.abyssa.com\/fr\/abyssa\/nos-implantations\/","title":{"rendered":"Nos implantations"},"content":{"rendered":"<div class=\"wpb-content-wrapper\"><p>[vc_row css=\u00a0\u00bb.vc_custom_1617801623861{margin-bottom: 35px !important;}\u00a0\u00bb][vc_column]<div id=\"ultimate-heading-458769f88e4a8fb5b\" class=\"uvc-heading ult-adjust-bottom-margin ultimate-heading-458769f88e4a8fb5b uvc-7433 \" data-hspacer=\"icon_only\"  data-halign=\"left\" style=\"text-align:left\"><div class=\"uvc-heading-spacer icon_only\" style=\"margin-bottom:20px;\"><div class=\"ult-just-icon-wrapper  \"><div class=\"align-icon\" style=\"text-align:left;\">\n<div class=\"aio-icon advanced \"  style=\"color:#697787;border-style:dashed;border-color:#697787;border-width:1px;width:45px;height:45px;line-height:45px;border-radius:500px;font-size:20px;\">\n\t<i class=\"icomoon-the7-font-the7-plus-04\"><\/i>\n<\/div><\/div><\/div><\/div><div class=\"uvc-main-heading ult-responsive\"  data-ultimate-target='.uvc-heading.ultimate-heading-458769f88e4a8fb5b h2'  data-responsive-json-new='{\"font-size\":\"desktop:50px;\",\"line-height\":\"desktop:60px;\"}' ><h2 style=\"font-family:&#039;Exo 2&#039;;font-weight:200;margin-bottom:25px;\">ABYSSA, trois implantations pour couvrir les oc\u00e9ans du monde<\/h2><\/div><div class=\"uvc-sub-heading ult-responsive\"  data-ultimate-target='.uvc-heading.ultimate-heading-458769f88e4a8fb5b .uvc-sub-heading '  data-responsive-json-new='{\"font-size\":\"desktop:18px;\",\"line-height\":\"desktop:32px;\"}'  style=\"font-family:&#039;Exo 2&#039;;font-weight:200;margin-bottom:35px;\">ABYSSA est implant\u00e9 dans le centre d\u2019affaires et d&rsquo;innovation Olatu Leku \u00e0 Anglet au Pays Basque, \u00e0 proximit\u00e9 imm\u00e9diate du port de Bayonne.<br \/>\nSa filiale ABYSSA NC est situ\u00e9e \u00e0 Noum\u00e9a, en Nouvelle Cal\u00e9donie, dans le Sud-Ouest Pacifique et sa filiale ABYSSA Polyn\u00e9sie est quant \u00e0 elle bas\u00e9e \u00e0 Papeete, en Polyn\u00e9sie fran\u00e7aise.<\/div><\/div>[\/vc_column][\/vc_row][vc_row full_width=\u00a0\u00bbstretch_row_content\u00a0\u00bb content_placement=\u00a0\u00bbmiddle\u00a0\u00bb css=\u00a0\u00bb.vc_custom_1617896945076{margin-top: 0px !important;margin-bottom: 0px !important;padding-top: 0px !important;padding-bottom: 0px !important;background-color: #37495f !important;}\u00a0\u00bb][vc_column css=\u00a0\u00bb.vc_custom_1617896569738{margin-top: 0px !important;margin-bottom: 0px !important;padding-top: 0px !important;padding-right: 0px !important;padding-bottom: 0px !important;padding-left: 0px !important;}\u00a0\u00bb]<div class='ult_hotspot_container ult-adjust-bottom-margin ult-hotspot-tooltip-wrapper ' style=>  <img class='ult_hotspot_image' src=https:\/\/www.abyssa.com\/abys2021\/wp-content\/uploads\/2022\/09\/abyssa-implantations-2022.jpg alt='null'\/>     <div class='utl-hotspot-items ult-hotspot-item'><div class='ult-hotspot-item  ' style='top:-webkit-calc(32.70082226438963% - 17.5px);top:-moz-calc(32.70082226438963% - 17.5px);top:calc(32.70082226438963% - 17.5px);left: -webkit-calc(65.09067357512953% - 17.5px);left: -moz-calc(65.09067357512953% - 17.5px);left: calc(65.09067357512953% - 17.5px);' >  <div style='z-index: 39;position: relative;'>   <a data-link_style='tootip' data-mycust-id=\"hotspot-tooltip-9274\"  data-ultimate-target='#hotspot-tooltip-9274 .ult-tooltipster-content'  data-responsive-json-new='{\"font-size\":\"desktop:14px;\",\"line-height\":\"desktop:24px;\"}' data-tooltip-content-style=\"font-family:Exo 2;font-weight:600;padding-top:5px;padding-right:10px;padding-bottom:5px;padding-left:10px;\"data-tooltip-base-style=\"background-color:rgba(55,73,95,0.7);color:#ffffff;text-align:right;\" data-bubble-arrow=\"true\" data-tooltip-offsety=\"17.5\"data-arrowposition=\"left\" class='ult-tooltipstered ult-hotspot-tooltip' href='#' data-status='show'><div class=\"ult-just-icon-wrapper  \"><div class=\"align-icon\" style=\"text-align:center;\">\n<div class=\"aio-icon  \"  style=\"color:#37495f;font-size:35px;display:inline-block;\">\n\t<i class=\"Defaults-circle-o\"><\/i>\n<\/div><\/div><\/div><span class='hotspot-tooltip-content'>ABYSSA | Si\u00e8ge social<\/span>  <\/a> <\/div><!-- ICON WRAP --> <div class='ult-glow' style=background-color:rgba(0,117,190,0.25);><\/div><\/div><div class='ult-hotspot-item  ' style='top:-webkit-calc(68.6358844613114% - 17.5px);top:-moz-calc(68.6358844613114% - 17.5px);top:calc(68.6358844613114% - 17.5px);left: -webkit-calc(33.44397668393783% - 17.5px);left: -moz-calc(33.44397668393783% - 17.5px);left: calc(33.44397668393783% - 17.5px);' >  <div style='z-index: 39;position: relative;'>   <a data-link_style='tootip' data-mycust-id=\"hotspot-tooltip-2731\"  data-ultimate-target='#hotspot-tooltip-2731 .ult-tooltipster-content'  data-responsive-json-new='{\"font-size\":\"\",\"line-height\":\"\"}' data-tooltip-content-style=\"font-family:Exo 2;font-weight:600;padding:10px;\"data-tooltip-base-style=\"background-color:rgba(55,73,95,0.7);color:#ffffff;\" data-bubble-arrow=\"true\" data-tooltip-offsety=\"17.5\"data-arrowposition=\"right\" class='ult-tooltipstered ult-hotspot-tooltip' href='#' data-status='show'><div class=\"ult-just-icon-wrapper  \"><div class=\"align-icon\" style=\"text-align:center;\">\n<div class=\"aio-icon  \"  style=\"color:#37495f;font-size:35px;display:inline-block;\">\n\t<i class=\"Defaults-circle-o\"><\/i>\n<\/div><\/div><\/div><span class='hotspot-tooltip-content'>ABYSSA NC | Nouvelle-Cal\u00e9donie<\/span>  <\/a> <\/div><!-- ICON WRAP --> <div class='ult-glow' style=background-color:rgba(0,117,190,0.25);><\/div><\/div><div class='ult-hotspot-item  ' style='top:-webkit-calc(65.07382442625583% - 17.5px);top:-moz-calc(65.07382442625583% - 17.5px);top:calc(65.07382442625583% - 17.5px);left: -webkit-calc(39.522134346754314% - 17.5px);left: -moz-calc(39.522134346754314% - 17.5px);left: calc(39.522134346754314% - 17.5px);' >  <div style='z-index: 39;position: relative;'>   <a data-link_style='tootip' data-mycust-id=\"hotspot-tooltip-3256\"  data-ultimate-target='#hotspot-tooltip-3256 .ult-tooltipster-content'  data-responsive-json-new='{\"font-size\":\"\",\"line-height\":\"\"}' data-tooltip-content-style=\"font-family:Exo 2;font-weight:600;padding:10px;\"data-tooltip-base-style=\"background-color:rgba(55,73,95,0.7);color:#ffffff;\" data-bubble-arrow=\"true\" data-tooltip-offsety=\"17.5\"data-arrowposition=\"right\" class='ult-tooltipstered ult-hotspot-tooltip' href='#' data-status='show'><div class=\"ult-just-icon-wrapper  \"><div class=\"align-icon\" style=\"text-align:center;\">\n<div class=\"aio-icon  \"  style=\"color:#37495f;font-size:35px;display:inline-block;\">\n\t<i class=\"Defaults-circle-o\"><\/i>\n<\/div><\/div><\/div><span class='hotspot-tooltip-content'>ABYSSA | Polyn\u00e9sie<\/span>  <\/a> <\/div><!-- ICON WRAP --> <div class='ult-glow' style=background-color:rgba(0,117,190,0.25);><\/div><\/div>\n<\/div>     <div style='color:#000;' data-image='    '><\/div><\/div>[\/vc_column][\/vc_row][vc_row full_width=\u00a0\u00bbstretch_row\u00a0\u00bb gap=\u00a0\u00bb35&Prime; content_placement=\u00a0\u00bbtop\u00a0\u00bb css=\u00a0\u00bb.vc_custom_1617896788809{background-color: #37495f !important;}\u00a0\u00bb][vc_column width=\u00a0\u00bb1\/3&Prime;][vc_single_image image=\u00a0\u00bb528&Prime; img_size=\u00a0\u00bbfull\u00a0\u00bb alignment=\u00a0\u00bbcenter\u00a0\u00bb image_hovers=\u00a0\u00bbfalse\u00a0\u00bb]<div id=\"ultimate-heading-903569f88e4a90449\" class=\"uvc-heading ult-adjust-bottom-margin ultimate-heading-903569f88e4a90449 uvc-9713 \" data-hspacer=\"no_spacer\"  data-halign=\"left\" style=\"text-align:left\"><div class=\"uvc-heading-spacer no_spacer\" style=\"top\"><\/div><div class=\"uvc-main-heading ult-responsive\"  data-ultimate-target='.uvc-heading.ultimate-heading-903569f88e4a90449 h2'  data-responsive-json-new='{\"font-size\":\"desktop:20px;\",\"line-height\":\"desktop:28px;\"}' ><h2 style=\"font-family:&#039;Exo 2&#039;;font-weight:500;color:#ffffff;margin-top:25px;margin-bottom:10px;\">ABYSSA | Si\u00e8ge social<\/h2><\/div><div class=\"uvc-sub-heading ult-responsive\"  data-ultimate-target='.uvc-heading.ultimate-heading-903569f88e4a90449 .uvc-sub-heading '  data-responsive-json-new='{\"font-size\":\"desktop:18px;\",\"line-height\":\"desktop:28px;\"}'  style=\"font-family:&#039;Exo 2&#039;;font-weight:300;color:#ffffff;\"><strong>OLATU Business Innovation Center<\/strong><br \/>\n100 avenue de l\u2019Adour<br \/>\n64600 Anglet France<\/div><\/div><div class=\" vc_custom_1622132489750 ubtn-ctn-left \"><a class=\"ubtn-link ult-adjust-bottom-margin ubtn-left ubtn-small \" href=\"https:\/\/www.abyssa.com\/fr\/contacts\/\" ><button type=\"button\" id=\"ubtn-2562\"  class=\"ubtn ult-adjust-bottom-margin ult-responsive ubtn-small ubtn-fade-bg  ulta-grow  ubtn-sep-icon ubtn-sep-icon-at-left  ubtn-left  ubtn-only-icon   tooltip-69f88e4a904d7 ubtn-tooltip right\" data-toggle=\"tooltip\" data-placement=\"right\" title=\"Nous contacter\" data-hover=\"\" data-border-color=\"#ffffff\" data-bg=\"\" data-hover-bg=\"rgba(244,244,245,0.3)\" data-border-hover=\"\" data-shadow-hover=\"\" data-shadow-click=\"none\" data-shadow=\"\" data-shd-shadow=\"\"  data-ultimate-target='#ubtn-2562'  data-responsive-json-new='{\"font-size\":\"\",\"line-height\":\"\"}'  style=\"font-family:&#039;Exo 2&#039;;font-weight:200;border-radius:300px;border-width:1px;border-color:#ffffff;border-style:solid;\"><span class=\"ubtn-data ubtn-icon\"><i class=\"icomoon-the7-font-the7-plus-04\" style=\"font-size:16px;color:#ffffff;\"><\/i><\/span><span class=\"ubtn-hover\" style=\"background-color:rgba(244,244,245,0.3)\"><\/span><span class=\"ubtn-data ubtn-text \" ><\/span><\/button><\/a><\/div>[\/vc_column][vc_column width=\u00a0\u00bb1\/3&Prime;][vc_single_image image=\u00a0\u00bb523&Prime; img_size=\u00a0\u00bbfull\u00a0\u00bb alignment=\u00a0\u00bbcenter\u00a0\u00bb image_hovers=\u00a0\u00bbfalse\u00a0\u00bb]<div id=\"ultimate-heading-682969f88e4a90587\" class=\"uvc-heading ult-adjust-bottom-margin ultimate-heading-682969f88e4a90587 uvc-1312 \" data-hspacer=\"no_spacer\"  data-halign=\"left\" style=\"text-align:left\"><div class=\"uvc-heading-spacer no_spacer\" style=\"top\"><\/div><div class=\"uvc-main-heading ult-responsive\"  data-ultimate-target='.uvc-heading.ultimate-heading-682969f88e4a90587 h2'  data-responsive-json-new='{\"font-size\":\"desktop:20px;\",\"line-height\":\"desktop:28px;\"}' ><h2 style=\"font-family:&#039;Exo 2&#039;;font-weight:500;color:#ffffff;margin-top:25px;margin-bottom:10px;\">ABYSSA NC | Nouvelle-Cal\u00e9donie<\/h2><\/div><div class=\"uvc-sub-heading ult-responsive\"  data-ultimate-target='.uvc-heading.ultimate-heading-682969f88e4a90587 .uvc-sub-heading '  data-responsive-json-new='{\"font-size\":\"desktop:18px;\",\"line-height\":\"desktop:28px;\"}'  style=\"font-family:&#039;Exo 2&#039;;font-weight:300;color:#ffffff;\">25 rue Felix Trubert<br \/>\n98800 Noum\u00e9a<\/div><\/div><div class=\" vc_custom_1622132469640 ubtn-ctn-left \"><a class=\"ubtn-link ult-adjust-bottom-margin ubtn-left ubtn-small \" href=\"https:\/\/www.abyssa.com\/fr\/contacts\/\" ><button type=\"button\" id=\"ubtn-6902\"  class=\"ubtn ult-adjust-bottom-margin ult-responsive ubtn-small ubtn-fade-bg  ulta-grow  ubtn-sep-icon ubtn-sep-icon-at-left  ubtn-left  ubtn-only-icon   tooltip-69f88e4a905f9 ubtn-tooltip right\" data-toggle=\"tooltip\" data-placement=\"right\" title=\"Nous contacter\" data-hover=\"\" data-border-color=\"#ffffff\" data-bg=\"\" data-hover-bg=\"rgba(244,244,245,0.3)\" data-border-hover=\"\" data-shadow-hover=\"\" data-shadow-click=\"none\" data-shadow=\"\" data-shd-shadow=\"\"  data-ultimate-target='#ubtn-6902'  data-responsive-json-new='{\"font-size\":\"\",\"line-height\":\"\"}'  style=\"font-family:&#039;Exo 2&#039;;font-weight:200;border-radius:300px;border-width:1px;border-color:#ffffff;border-style:solid;\"><span class=\"ubtn-data ubtn-icon\"><i class=\"icomoon-the7-font-the7-plus-04\" style=\"font-size:16px;color:#ffffff;\"><\/i><\/span><span class=\"ubtn-hover\" style=\"background-color:rgba(244,244,245,0.3)\"><\/span><span class=\"ubtn-data ubtn-text \" ><\/span><\/button><\/a><\/div>[\/vc_column][vc_column width=\u00a0\u00bb1\/3&Prime;][vc_single_image image=\u00a0\u00bb2230&Prime; img_size=\u00a0\u00bbfull\u00a0\u00bb alignment=\u00a0\u00bbcenter\u00a0\u00bb image_hovers=\u00a0\u00bbfalse\u00a0\u00bb]<div id=\"ultimate-heading-377069f88e4a90729\" class=\"uvc-heading ult-adjust-bottom-margin ultimate-heading-377069f88e4a90729 uvc-290 \" data-hspacer=\"no_spacer\"  data-halign=\"left\" style=\"text-align:left\"><div class=\"uvc-heading-spacer no_spacer\" style=\"top\"><\/div><div class=\"uvc-main-heading ult-responsive\"  data-ultimate-target='.uvc-heading.ultimate-heading-377069f88e4a90729 h2'  data-responsive-json-new='{\"font-size\":\"desktop:20px;\",\"line-height\":\"desktop:28px;\"}' ><h2 style=\"font-family:&#039;Exo 2&#039;;font-weight:500;color:#ffffff;margin-top:25px;margin-bottom:10px;\">ABYSSA | Polyn\u00e9sie<\/h2><\/div><div class=\"uvc-sub-heading ult-responsive\"  data-ultimate-target='.uvc-heading.ultimate-heading-377069f88e4a90729 .uvc-sub-heading '  data-responsive-json-new='{\"font-size\":\"desktop:18px;\",\"line-height\":\"desktop:28px;\"}'  style=\"font-family:&#039;Exo 2&#039;;font-weight:300;color:#ffffff;\">Immeuble Rouleau<br \/>\nRue Yves Martin<br \/>\nPapeete<\/div><\/div><div class=\" vc_custom_1622132469640 ubtn-ctn-left \"><a class=\"ubtn-link ult-adjust-bottom-margin ubtn-left ubtn-small \" href=\"https:\/\/www.abyssa.com\/fr\/contacts\/\" ><button type=\"button\" id=\"ubtn-4581\"  class=\"ubtn ult-adjust-bottom-margin ult-responsive ubtn-small ubtn-fade-bg  ulta-grow  ubtn-sep-icon ubtn-sep-icon-at-left  ubtn-left  ubtn-only-icon   tooltip-69f88e4a9079f ubtn-tooltip right\" data-toggle=\"tooltip\" data-placement=\"right\" title=\"Nous contacter\" data-hover=\"\" data-border-color=\"#ffffff\" data-bg=\"\" data-hover-bg=\"rgba(244,244,245,0.3)\" data-border-hover=\"\" data-shadow-hover=\"\" data-shadow-click=\"none\" data-shadow=\"\" data-shd-shadow=\"\"  data-ultimate-target='#ubtn-4581'  data-responsive-json-new='{\"font-size\":\"\",\"line-height\":\"\"}'  style=\"font-family:&#039;Exo 2&#039;;font-weight:200;border-radius:300px;border-width:1px;border-color:#ffffff;border-style:solid;\"><span class=\"ubtn-data ubtn-icon\"><i class=\"icomoon-the7-font-the7-plus-04\" style=\"font-size:16px;color:#ffffff;\"><\/i><\/span><span class=\"ubtn-hover\" style=\"background-color:rgba(244,244,245,0.3)\"><\/span><span class=\"ubtn-data ubtn-text \" ><\/span><\/button><\/a><\/div>[\/vc_column][\/vc_row]<\/p>\n<\/div>","protected":false},"excerpt":{"rendered":"<p>[vc_row css=\u00a0\u00bb.vc_custom_1617801623861{margin-bottom: 35px !important;}\u00a0\u00bb][vc_column][\/vc_column][\/vc_row][vc_row full_width=\u00a0\u00bbstretch_row_content\u00a0\u00bb content_placement=\u00a0\u00bbmiddle\u00a0\u00bb css=\u00a0\u00bb.vc_custom_1617896945076{margin-top: 0px !important;margin-bottom: 0px !important;padding-top: 0px !important;padding-bottom: 0px !important;background-color: #37495f !important;}\u00a0\u00bb][vc_column css=\u00a0\u00bb.vc_custom_1617896569738{margin-top: 0px !important;margin-bottom: 0px !important;padding-top: 0px !important;padding-right: 0px !important;padding-bottom: 0px !important;padding-left: 0px !important;}\u00a0\u00bb][\/vc_column][\/vc_row][vc_row full_width=\u00a0\u00bbstretch_row\u00a0\u00bb gap=\u00a0\u00bb35&Prime; content_placement=\u00a0\u00bbtop\u00a0\u00bb css=\u00a0\u00bb.vc_custom_1617896788809{background-color: #37495f !important;}\u00a0\u00bb][vc_column width=\u00a0\u00bb1\/3&Prime;][vc_single_image image=\u00a0\u00bb528&Prime; img_size=\u00a0\u00bbfull\u00a0\u00bb alignment=\u00a0\u00bbcenter\u00a0\u00bb image_hovers=\u00a0\u00bbfalse\u00a0\u00bb][\/vc_column][vc_column width=\u00a0\u00bb1\/3&Prime;][vc_single_image image=\u00a0\u00bb523&Prime; img_size=\u00a0\u00bbfull\u00a0\u00bb alignment=\u00a0\u00bbcenter\u00a0\u00bb image_hovers=\u00a0\u00bbfalse\u00a0\u00bb][\/vc_column][vc_column width=\u00a0\u00bb1\/3&Prime;][vc_single_image image=\u00a0\u00bb2230&Prime; img_size=\u00a0\u00bbfull\u00a0\u00bb alignment=\u00a0\u00bbcenter\u00a0\u00bb image_hovers=\u00a0\u00bbfalse\u00a0\u00bb][\/vc_column][\/vc_row]<\/p>\n","protected":false},"author":1,"featured_media":0,"parent":227,"menu_order":6,"comment_status":"closed","ping_status":"closed","template":"","meta":{"footnotes":""},"class_list":["post-466","page","type-page","status-publish","hentry","description-off"],"yoast_head":"<!-- This site is optimized with the Yoast SEO plugin v26.7 - https:\/\/yoast.com\/wordpress\/plugins\/seo\/ -->\n<title>Nos implantations - Abyssa<\/title>\n<meta name=\"description\" content=\"ABYSSA, trois implantations pour couvrir les oc\u00e9ans du monde, au Pays Basque mais aussi en Nouvelle Cal\u00e9donie et en Polyn\u00e9sie fran\u00e7aise.\" \/>\n<meta name=\"robots\" content=\"index, follow, max-snippet:-1, max-image-preview:large, max-video-preview:-1\" \/>\n<link rel=\"canonical\" href=\"https:\/\/www.abyssa.com\/fr\/abyssa\/nos-implantations\/\" \/>\n<meta property=\"og:locale\" content=\"fr_FR\" \/>\n<meta property=\"og:type\" content=\"article\" \/>\n<meta property=\"og:title\" content=\"Nos implantations - Abyssa\" \/>\n<meta property=\"og:description\" content=\"ABYSSA, trois implantations pour couvrir les oc\u00e9ans du monde, au Pays Basque mais aussi en Nouvelle Cal\u00e9donie et en Polyn\u00e9sie fran\u00e7aise.\" \/>\n<meta property=\"og:url\" content=\"https:\/\/www.abyssa.com\/fr\/abyssa\/nos-implantations\/\" \/>\n<meta property=\"og:site_name\" content=\"Abyssa\" \/>\n<meta property=\"article:modified_time\" content=\"2022-09-05T15:08:56+00:00\" \/>\n<meta name=\"twitter:card\" content=\"summary_large_image\" \/>\n<meta name=\"twitter:label1\" content=\"Dur\u00e9e de lecture estim\u00e9e\" \/>\n\t<meta name=\"twitter:data1\" content=\"2 minutes\" \/>\n<script type=\"application\/ld+json\" class=\"yoast-schema-graph\">{\"@context\":\"https:\/\/schema.org\",\"@graph\":[{\"@type\":\"WebPage\",\"@id\":\"https:\/\/www.abyssa.com\/fr\/abyssa\/nos-implantations\/\",\"url\":\"https:\/\/www.abyssa.com\/fr\/abyssa\/nos-implantations\/\",\"name\":\"Nos implantations - Abyssa\",\"isPartOf\":{\"@id\":\"https:\/\/www.abyssa.com\/fr\/#website\"},\"datePublished\":\"2021-03-17T15:50:39+00:00\",\"dateModified\":\"2022-09-05T15:08:56+00:00\",\"description\":\"ABYSSA, trois implantations pour couvrir les oc\u00e9ans du monde, au Pays Basque mais aussi en Nouvelle Cal\u00e9donie et en Polyn\u00e9sie fran\u00e7aise.\",\"breadcrumb\":{\"@id\":\"https:\/\/www.abyssa.com\/fr\/abyssa\/nos-implantations\/#breadcrumb\"},\"inLanguage\":\"fr-FR\",\"potentialAction\":[{\"@type\":\"ReadAction\",\"target\":[\"https:\/\/www.abyssa.com\/fr\/abyssa\/nos-implantations\/\"]}]},{\"@type\":\"BreadcrumbList\",\"@id\":\"https:\/\/www.abyssa.com\/fr\/abyssa\/nos-implantations\/#breadcrumb\",\"itemListElement\":[{\"@type\":\"ListItem\",\"position\":1,\"name\":\"Accueil\",\"item\":\"https:\/\/www.abyssa.com\/fr\/\"},{\"@type\":\"ListItem\",\"position\":2,\"name\":\"ABYSSA\",\"item\":\"https:\/\/www.abyssa.com\/fr\/abyssa\/\"},{\"@type\":\"ListItem\",\"position\":3,\"name\":\"Nos implantations\"}]},{\"@type\":\"WebSite\",\"@id\":\"https:\/\/www.abyssa.com\/fr\/#website\",\"url\":\"https:\/\/www.abyssa.com\/fr\/\",\"name\":\"Abyssa\",\"description\":\"Soci\u00e9t\u00e9 fran\u00e7aise d&#039;exploration des grands fonds marins\",\"potentialAction\":[{\"@type\":\"SearchAction\",\"target\":{\"@type\":\"EntryPoint\",\"urlTemplate\":\"https:\/\/www.abyssa.com\/fr\/?s={search_term_string}\"},\"query-input\":{\"@type\":\"PropertyValueSpecification\",\"valueRequired\":true,\"valueName\":\"search_term_string\"}}],\"inLanguage\":\"fr-FR\"}]}<\/script>\n<!-- \/ Yoast SEO plugin. -->","yoast_head_json":{"title":"Nos implantations - Abyssa","description":"ABYSSA, trois implantations pour couvrir les oc\u00e9ans du monde, au Pays Basque mais aussi en Nouvelle Cal\u00e9donie et en Polyn\u00e9sie fran\u00e7aise.","robots":{"index":"index","follow":"follow","max-snippet":"max-snippet:-1","max-image-preview":"max-image-preview:large","max-video-preview":"max-video-preview:-1"},"canonical":"https:\/\/www.abyssa.com\/fr\/abyssa\/nos-implantations\/","og_locale":"fr_FR","og_type":"article","og_title":"Nos implantations - Abyssa","og_description":"ABYSSA, trois implantations pour couvrir les oc\u00e9ans du monde, au Pays Basque mais aussi en Nouvelle Cal\u00e9donie et en Polyn\u00e9sie fran\u00e7aise.","og_url":"https:\/\/www.abyssa.com\/fr\/abyssa\/nos-implantations\/","og_site_name":"Abyssa","article_modified_time":"2022-09-05T15:08:56+00:00","twitter_card":"summary_large_image","twitter_misc":{"Dur\u00e9e de lecture estim\u00e9e":"2 minutes"},"schema":{"@context":"https:\/\/schema.org","@graph":[{"@type":"WebPage","@id":"https:\/\/www.abyssa.com\/fr\/abyssa\/nos-implantations\/","url":"https:\/\/www.abyssa.com\/fr\/abyssa\/nos-implantations\/","name":"Nos implantations - Abyssa","isPartOf":{"@id":"https:\/\/www.abyssa.com\/fr\/#website"},"datePublished":"2021-03-17T15:50:39+00:00","dateModified":"2022-09-05T15:08:56+00:00","description":"ABYSSA, trois implantations pour couvrir les oc\u00e9ans du monde, au Pays Basque mais aussi en Nouvelle Cal\u00e9donie et en Polyn\u00e9sie fran\u00e7aise.","breadcrumb":{"@id":"https:\/\/www.abyssa.com\/fr\/abyssa\/nos-implantations\/#breadcrumb"},"inLanguage":"fr-FR","potentialAction":[{"@type":"ReadAction","target":["https:\/\/www.abyssa.com\/fr\/abyssa\/nos-implantations\/"]}]},{"@type":"BreadcrumbList","@id":"https:\/\/www.abyssa.com\/fr\/abyssa\/nos-implantations\/#breadcrumb","itemListElement":[{"@type":"ListItem","position":1,"name":"Accueil","item":"https:\/\/www.abyssa.com\/fr\/"},{"@type":"ListItem","position":2,"name":"ABYSSA","item":"https:\/\/www.abyssa.com\/fr\/abyssa\/"},{"@type":"ListItem","position":3,"name":"Nos implantations"}]},{"@type":"WebSite","@id":"https:\/\/www.abyssa.com\/fr\/#website","url":"https:\/\/www.abyssa.com\/fr\/","name":"Abyssa","description":"Soci\u00e9t\u00e9 fran\u00e7aise d&#039;exploration des grands fonds marins","potentialAction":[{"@type":"SearchAction","target":{"@type":"EntryPoint","urlTemplate":"https:\/\/www.abyssa.com\/fr\/?s={search_term_string}"},"query-input":{"@type":"PropertyValueSpecification","valueRequired":true,"valueName":"search_term_string"}}],"inLanguage":"fr-FR"}]}},"_links":{"self":[{"href":"https:\/\/www.abyssa.com\/fr\/wp-json\/wp\/v2\/pages\/466","targetHints":{"allow":["GET"]}}],"collection":[{"href":"https:\/\/www.abyssa.com\/fr\/wp-json\/wp\/v2\/pages"}],"about":[{"href":"https:\/\/www.abyssa.com\/fr\/wp-json\/wp\/v2\/types\/page"}],"author":[{"embeddable":true,"href":"https:\/\/www.abyssa.com\/fr\/wp-json\/wp\/v2\/users\/1"}],"replies":[{"embeddable":true,"href":"https:\/\/www.abyssa.com\/fr\/wp-json\/wp\/v2\/comments?post=466"}],"version-history":[{"count":0,"href":"https:\/\/www.abyssa.com\/fr\/wp-json\/wp\/v2\/pages\/466\/revisions"}],"up":[{"embeddable":true,"href":"https:\/\/www.abyssa.com\/fr\/wp-json\/wp\/v2\/pages\/227"}],"wp:attachment":[{"href":"https:\/\/www.abyssa.com\/fr\/wp-json\/wp\/v2\/media?parent=466"}],"curies":[{"name":"wp","href":"https:\/\/api.w.org\/{rel}","templated":true}]}}