{"id":3,"date":"2021-01-19T09:39:31","date_gmt":"2021-01-19T08:39:31","guid":{"rendered":"http:\/\/www.abyssa.com\/abys2021\/?page_id=3"},"modified":"2021-05-11T15:42:48","modified_gmt":"2021-05-11T13:42:48","slug":"politique-de-confidentialite","status":"publish","type":"page","link":"https:\/\/www.abyssa.com\/fr\/politique-de-confidentialite\/","title":{"rendered":"Politique de confidentialit\u00e9"},"content":{"rendered":"<div class=\"wpb-content-wrapper\"><p>[vc_row css=\u00a0\u00bb.vc_custom_1619077258821{margin-top: 0px !important;margin-bottom: 0px !important;border-bottom-width: 35px !important;}\u00a0\u00bb][vc_column]<div id=\"ultimate-heading-276169f420708079e\" class=\"uvc-heading ult-adjust-bottom-margin ultimate-heading-276169f420708079e uvc-3824 \" data-hspacer=\"icon_only\"  data-halign=\"left\" style=\"text-align:left\"><div class=\"uvc-heading-spacer icon_only\" style=\"margin-bottom:20px;\"><div class=\"ult-just-icon-wrapper  \"><div class=\"align-icon\" style=\"text-align:left;\">\n<div class=\"aio-icon advanced \"  style=\"color:#697787;border-style:dashed;border-color:#697787;border-width:1px;width:45px;height:45px;line-height:45px;border-radius:500px;font-size:20px;\">\n\t<i class=\"icomoon-the7-font-the7-plus-04\"><\/i>\n<\/div><\/div><\/div><\/div><div class=\"uvc-sub-heading ult-responsive\"  data-ultimate-target='.uvc-heading.ultimate-heading-276169f420708079e .uvc-sub-heading '  data-responsive-json-new='{\"font-size\":\"desktop:22px;\",\"line-height\":\"desktop:32px;\"}'  style=\"font-family:&#039;Exo 2&#039;;font-weight:200;margin-bottom:35px;\">L\u2019Editeur s\u2019engage \u00e0 pr\u00e9server la confidentialit\u00e9 des renseignements personnels et les donn\u00e9es fournies par les Utilisateurs. Toute fourniture au Site de renseignements personnels et de donn\u00e9es par l\u2019Utilisateur implique pour ce dernier l\u2019acceptation de la politique de protection des donn\u00e9es d\u00e9crite ci-apr\u00e8s. Cette politique de protection des donn\u00e9es s\u2019applique \u00e0 toutes les donn\u00e9es personnelles fournies par les Utilisateurs sur le Site.<\/div><\/div>[vc_column_text]<\/p>\n<h2>Les informations recueillies par l\u2019Editeur et les destinataires de ces donn\u00e9es<\/h2>\n<p><strong>L\u2019Editeur peut recueillir, enregistrer et utiliser les informations personnelles de nature suivante :<\/strong><br \/>\na) des informations sur l\u2019ordinateur de l\u2019Utilisateur et sur ses visites sur le Site (notamment adresse IP, situation g\u00e9ographique, type et version de navigateur, syst\u00e8me d\u2019exploitation, source de r\u00e9f\u00e9rence, dur\u00e9e de la visite, consultations des pages et navigation sur le Site) ;<\/p>\n<p>b) toutes informations que l\u2019Utilisateur communique \u00e0 l\u2019Editeur via le formulaire de contact.<br \/>\nLes destinataires des informations recueillies par l\u2019Editeur sont les personnes charg\u00e9es du service marketing, du service commercial, des services charg\u00e9s de traiter la relation client et la prospection, des services administratifs, des services logistiques et informatiques ainsi que leurs responsables hi\u00e9rarchiques.<\/p>\n<h2>Cookies<\/h2>\n<p>Un cookie est un fichier texte qui, sous r\u00e9serve des choix exprim\u00e9s par l\u2019Utilisateur, est envoy\u00e9 et temporairement enregistr\u00e9 par un serveur web dans un espace d\u00e9di\u00e9 du disque dur du terminal de l\u2019Utilisateur (ci-apr\u00e8s, un \u00ab Cookie \u00bb). Un Cookie permet \u00e0 son \u00e9metteur d\u2019identifier le navigateur du terminal de l\u2019Utilisateur pendant la dur\u00e9e de validit\u00e9 du Cookie concern\u00e9. Seul l\u2019\u00e9metteur du Cookie peut lire et modifier les informations contenues dans le Cookie.<br \/>\nLorsqu\u2019un Utilisateur visite le Site, l\u2019Editeur peut \u00eatre amen\u00e9, sous r\u00e9serve des choix op\u00e9r\u00e9s par cet Utilisateur r\u00e9sultant des param\u00e8tres du logiciel de navigation utilis\u00e9 lors de sa visite sur le Site, \u00e0 installer diff\u00e9rents Cookies sur son terminal (ordinateur, smartphone, tablette\u2026).<\/p>\n<p>En savoir plus sur la gestion des cookies &gt; <a href=\"https:\/\/www.abyssa.com\/abys2021\/fr\/politique-dutilisation-des-cookies\/\">Gestion des cookies<\/a><\/p>\n<h2>S\u00e9curisation des donn\u00e9es<\/h2>\n<p>L\u2019Editeur s\u2019engage \u00e0 mettre en place les mesures ad\u00e9quates visant \u00e0 pr\u00e9server la s\u00e9curit\u00e9 et la confidentialit\u00e9 des donn\u00e9es personnelles des Utilisateurs, et \u00e0 emp\u00eacher qu\u2019elles ne soient d\u00e9form\u00e9es, endommag\u00e9es, d\u00e9truites ou accessibles par des tiers non autoris\u00e9s.<br \/>\nLes donn\u00e9es personnelles fournies par les Utilisateurs sont enregistr\u00e9es sur les serveurs s\u00e9curis\u00e9s de l\u2019H\u00e9bergeur.<br \/>\nCependant, le transfert de donn\u00e9es personnelles sur Internet est intrins\u00e8quement ins\u00e9curis\u00e9 et l\u2019Editeur ne peut totalement garantir la s\u00e9curit\u00e9 des donn\u00e9es ainsi envoy\u00e9es. L\u2019Editeur met donc en garde les Utilisateurs sur les risques potentiels impliqu\u00e9s dans le fonctionnement et l\u2019utilisation du Site.<\/p>\n<h2>Responsabilit\u00e9 de l\u2019Editeur<\/h2>\n<p>L\u2019Editeur met en \u0153uvre des efforts raisonnables afin d\u2019ins\u00e9rer des informations exactes et \u00e0 jour sur le Site, mais se r\u00e9serve le droit d\u2019en modifier le contenu \u00e0 tout moment, et ce, sans pr\u00e9avis. L\u2019Editeur ne fournit aucune garantie ni assurance s\u2019agissant de l\u2019exactitude ou du caract\u00e8re complet du Site, ce qui inclut les Hyperliens ou toute autre lien \u00e9lectronique disponible directement ou indirectement \u00e0 partir du Site. Il rel\u00e8ve de la responsabilit\u00e9 de l\u2019Utilisateur de v\u00e9rifier l\u2019exactitude des informations par des moyens auxiliaires, et notamment par la prise de contact direct avec l\u2019Editeur.<\/p>\n<p>En cons\u00e9quence, l\u2019Editeur n\u2019assume aucune responsabilit\u00e9 d\u00e9coulant de :<\/p>\n<ul>\n<li>toute inexactitude ou omission dans le contenu du Site ;<\/li>\n<li>toute inaccessibilit\u00e9 du Site ;<\/li>\n<li>toute survenance de bug ;<\/li>\n<li>toute erreur relative au contenu disponible sur le Site ;<\/li>\n<li>tous dommages r\u00e9sultant de l\u2019intrusion frauduleuse d\u2019une tierce-partie causant des modifications des informations contenues sur le Site ;<\/li>\n<li>tout pr\u00e9judice ou dommage caus\u00e9 par des changements non autoris\u00e9s ou illicites apport\u00e9s au contenu du Site ;<\/li>\n<li>plus g\u00e9n\u00e9ralement, tout pr\u00e9judice ou dommage, direct ou indirect, et ind\u00e9pendamment de la cause, origine, nature ou cons\u00e9quence, r\u00e9sultant de l\u2019acc\u00e8s ou de l\u2019impossibilit\u00e9 d\u2019acc\u00e8s au Site et\/ou de l\u2019utilisation des informations mises \u00e0 disposition directement ou indirectement sur le Site.<\/li>\n<\/ul>\n<h2>Modification des Conditions<\/h2>\n<p>L\u2019Editeur se r\u00e9serve la possibilit\u00e9 de modifier, \u00e0 tout moment et sans pr\u00e9avis, les pr\u00e9sentes Conditions afin de les adapter aux \u00e9volutions du Site et\/ou de son exploitation. L\u2019Editeur mettra tout en \u0153uvre pour informer les Utilisateurs de ces changements par l\u2019interm\u00e9diaire d\u2019un message sp\u00e9cial sur le Site.<\/p>\n<h2>Droit applicable<\/h2>\n<p>Le Site et les Conditions sont r\u00e9gis par le droit fran\u00e7ais quel que soit le lieu d\u2019utilisation. En cas de contestation \u00e9ventuelle, et apr\u00e8s l\u2019\u00e9chec de toute tentative de recherche d\u2019une solution amiable, les tribunaux fran\u00e7ais seront seuls comp\u00e9tents pour conna\u00eetre de ce litige.<\/p>\n<p><strong>Pour toute question relative aux pr\u00e9sentes Conditions, vous pouvez nous \u00e9crire \u00e0 l\u2019adresse suivante :<\/strong><br \/>\n<strong>ABYSSA<\/strong><br \/>\nOLATU Business Innovation Center<br \/>\n100, Avenue de l\u2019Adour\u00a064600 ANGLET[\/vc_column_text][\/vc_column][\/vc_row]<\/p>\n<\/div>","protected":false},"excerpt":{"rendered":"<p>[vc_row css=\u00a0\u00bb.vc_custom_1619077258821{margin-top: 0px !important;margin-bottom: 0px !important;border-bottom-width: 35px !important;}\u00a0\u00bb][vc_column][vc_column_text] Les informations recueillies par l\u2019Editeur et les destinataires de ces donn\u00e9es L\u2019Editeur peut recueillir, enregistrer et utiliser les informations personnelles de nature suivante : a) des informations sur l\u2019ordinateur de l\u2019Utilisateur et sur ses visites sur le Site (notamment adresse IP, situation g\u00e9ographique, type et version de&hellip;<\/p>\n","protected":false},"author":1,"featured_media":0,"parent":0,"menu_order":0,"comment_status":"closed","ping_status":"open","template":"","meta":{"footnotes":""},"class_list":["post-3","page","type-page","status-publish","hentry","description-off"],"yoast_head":"<!-- This site is optimized with the Yoast SEO plugin v26.7 - https:\/\/yoast.com\/wordpress\/plugins\/seo\/ -->\n<title>Politique de confidentialit\u00e9 - Abyssa<\/title>\n<meta name=\"robots\" content=\"index, follow, max-snippet:-1, max-image-preview:large, max-video-preview:-1\" \/>\n<link rel=\"canonical\" href=\"https:\/\/www.abyssa.com\/fr\/politique-de-confidentialite\/\" \/>\n<meta property=\"og:locale\" content=\"fr_FR\" \/>\n<meta property=\"og:type\" content=\"article\" \/>\n<meta property=\"og:title\" content=\"Politique de confidentialit\u00e9 - Abyssa\" \/>\n<meta property=\"og:description\" content=\"[vc_row css=\u00a0\u00bb.vc_custom_1619077258821{margin-top: 0px !important;margin-bottom: 0px !important;border-bottom-width: 35px !important;}\u00a0\u00bb][vc_column][vc_column_text] Les informations recueillies par l\u2019Editeur et les destinataires de ces donn\u00e9es L\u2019Editeur peut recueillir, enregistrer et utiliser les informations personnelles de nature suivante : a) des informations sur l\u2019ordinateur de l\u2019Utilisateur et sur ses visites sur le Site (notamment adresse IP, situation g\u00e9ographique, type et version de&hellip;\" \/>\n<meta property=\"og:url\" content=\"https:\/\/www.abyssa.com\/fr\/politique-de-confidentialite\/\" \/>\n<meta property=\"og:site_name\" content=\"Abyssa\" \/>\n<meta property=\"article:modified_time\" content=\"2021-05-11T13:42:48+00:00\" \/>\n<meta name=\"twitter:card\" content=\"summary_large_image\" \/>\n<meta name=\"twitter:label1\" content=\"Dur\u00e9e de lecture estim\u00e9e\" \/>\n\t<meta name=\"twitter:data1\" content=\"4 minutes\" \/>\n<script type=\"application\/ld+json\" class=\"yoast-schema-graph\">{\"@context\":\"https:\/\/schema.org\",\"@graph\":[{\"@type\":\"WebPage\",\"@id\":\"https:\/\/www.abyssa.com\/fr\/politique-de-confidentialite\/\",\"url\":\"https:\/\/www.abyssa.com\/fr\/politique-de-confidentialite\/\",\"name\":\"Politique de confidentialit\u00e9 - Abyssa\",\"isPartOf\":{\"@id\":\"https:\/\/www.abyssa.com\/fr\/#website\"},\"datePublished\":\"2021-01-19T08:39:31+00:00\",\"dateModified\":\"2021-05-11T13:42:48+00:00\",\"breadcrumb\":{\"@id\":\"https:\/\/www.abyssa.com\/fr\/politique-de-confidentialite\/#breadcrumb\"},\"inLanguage\":\"fr-FR\",\"potentialAction\":[{\"@type\":\"ReadAction\",\"target\":[\"https:\/\/www.abyssa.com\/fr\/politique-de-confidentialite\/\"]}]},{\"@type\":\"BreadcrumbList\",\"@id\":\"https:\/\/www.abyssa.com\/fr\/politique-de-confidentialite\/#breadcrumb\",\"itemListElement\":[{\"@type\":\"ListItem\",\"position\":1,\"name\":\"Accueil\",\"item\":\"https:\/\/www.abyssa.com\/fr\/\"},{\"@type\":\"ListItem\",\"position\":2,\"name\":\"Politique de confidentialit\u00e9\"}]},{\"@type\":\"WebSite\",\"@id\":\"https:\/\/www.abyssa.com\/fr\/#website\",\"url\":\"https:\/\/www.abyssa.com\/fr\/\",\"name\":\"Abyssa\",\"description\":\"Soci\u00e9t\u00e9 fran\u00e7aise d&#039;exploration des grands fonds marins\",\"potentialAction\":[{\"@type\":\"SearchAction\",\"target\":{\"@type\":\"EntryPoint\",\"urlTemplate\":\"https:\/\/www.abyssa.com\/fr\/?s={search_term_string}\"},\"query-input\":{\"@type\":\"PropertyValueSpecification\",\"valueRequired\":true,\"valueName\":\"search_term_string\"}}],\"inLanguage\":\"fr-FR\"}]}<\/script>\n<!-- \/ Yoast SEO plugin. -->","yoast_head_json":{"title":"Politique de confidentialit\u00e9 - Abyssa","robots":{"index":"index","follow":"follow","max-snippet":"max-snippet:-1","max-image-preview":"max-image-preview:large","max-video-preview":"max-video-preview:-1"},"canonical":"https:\/\/www.abyssa.com\/fr\/politique-de-confidentialite\/","og_locale":"fr_FR","og_type":"article","og_title":"Politique de confidentialit\u00e9 - Abyssa","og_description":"[vc_row css=\u00a0\u00bb.vc_custom_1619077258821{margin-top: 0px !important;margin-bottom: 0px !important;border-bottom-width: 35px !important;}\u00a0\u00bb][vc_column][vc_column_text] Les informations recueillies par l\u2019Editeur et les destinataires de ces donn\u00e9es L\u2019Editeur peut recueillir, enregistrer et utiliser les informations personnelles de nature suivante : a) des informations sur l\u2019ordinateur de l\u2019Utilisateur et sur ses visites sur le Site (notamment adresse IP, situation g\u00e9ographique, type et version de&hellip;","og_url":"https:\/\/www.abyssa.com\/fr\/politique-de-confidentialite\/","og_site_name":"Abyssa","article_modified_time":"2021-05-11T13:42:48+00:00","twitter_card":"summary_large_image","twitter_misc":{"Dur\u00e9e de lecture estim\u00e9e":"4 minutes"},"schema":{"@context":"https:\/\/schema.org","@graph":[{"@type":"WebPage","@id":"https:\/\/www.abyssa.com\/fr\/politique-de-confidentialite\/","url":"https:\/\/www.abyssa.com\/fr\/politique-de-confidentialite\/","name":"Politique de confidentialit\u00e9 - Abyssa","isPartOf":{"@id":"https:\/\/www.abyssa.com\/fr\/#website"},"datePublished":"2021-01-19T08:39:31+00:00","dateModified":"2021-05-11T13:42:48+00:00","breadcrumb":{"@id":"https:\/\/www.abyssa.com\/fr\/politique-de-confidentialite\/#breadcrumb"},"inLanguage":"fr-FR","potentialAction":[{"@type":"ReadAction","target":["https:\/\/www.abyssa.com\/fr\/politique-de-confidentialite\/"]}]},{"@type":"BreadcrumbList","@id":"https:\/\/www.abyssa.com\/fr\/politique-de-confidentialite\/#breadcrumb","itemListElement":[{"@type":"ListItem","position":1,"name":"Accueil","item":"https:\/\/www.abyssa.com\/fr\/"},{"@type":"ListItem","position":2,"name":"Politique de confidentialit\u00e9"}]},{"@type":"WebSite","@id":"https:\/\/www.abyssa.com\/fr\/#website","url":"https:\/\/www.abyssa.com\/fr\/","name":"Abyssa","description":"Soci\u00e9t\u00e9 fran\u00e7aise d&#039;exploration des grands fonds marins","potentialAction":[{"@type":"SearchAction","target":{"@type":"EntryPoint","urlTemplate":"https:\/\/www.abyssa.com\/fr\/?s={search_term_string}"},"query-input":{"@type":"PropertyValueSpecification","valueRequired":true,"valueName":"search_term_string"}}],"inLanguage":"fr-FR"}]}},"_links":{"self":[{"href":"https:\/\/www.abyssa.com\/fr\/wp-json\/wp\/v2\/pages\/3","targetHints":{"allow":["GET"]}}],"collection":[{"href":"https:\/\/www.abyssa.com\/fr\/wp-json\/wp\/v2\/pages"}],"about":[{"href":"https:\/\/www.abyssa.com\/fr\/wp-json\/wp\/v2\/types\/page"}],"author":[{"embeddable":true,"href":"https:\/\/www.abyssa.com\/fr\/wp-json\/wp\/v2\/users\/1"}],"replies":[{"embeddable":true,"href":"https:\/\/www.abyssa.com\/fr\/wp-json\/wp\/v2\/comments?post=3"}],"version-history":[{"count":0,"href":"https:\/\/www.abyssa.com\/fr\/wp-json\/wp\/v2\/pages\/3\/revisions"}],"wp:attachment":[{"href":"https:\/\/www.abyssa.com\/fr\/wp-json\/wp\/v2\/media?parent=3"}],"curies":[{"name":"wp","href":"https:\/\/api.w.org\/{rel}","templated":true}]}}