{"id":252,"date":"2021-03-17T16:50:39","date_gmt":"2021-03-17T15:50:39","guid":{"rendered":"http:\/\/www.abyssa.com\/abys2021\/?page_id=252"},"modified":"2021-05-25T16:17:46","modified_gmt":"2021-05-25T14:17:46","slug":"philosophie-de-lentreprise","status":"publish","type":"page","link":"https:\/\/www.abyssa.com\/fr\/abyssa\/philosophie-de-lentreprise\/","title":{"rendered":"Philosophie de l&rsquo;entreprise"},"content":{"rendered":"<div class=\"wpb-content-wrapper\"><p>[vc_row css=\u00a0\u00bb.vc_custom_1618575337600{margin-top: 0px !important;margin-bottom: 0px !important;border-bottom-width: 35px !important;}\u00a0\u00bb][vc_column]<div id=\"ultimate-heading-468169f9dc9593e67\" class=\"uvc-heading ult-adjust-bottom-margin ultimate-heading-468169f9dc9593e67 uvc-4049 \" data-hspacer=\"icon_only\"  data-halign=\"left\" style=\"text-align:left\"><div class=\"uvc-heading-spacer icon_only\" style=\"margin-bottom:20px;\"><div class=\"ult-just-icon-wrapper  \"><div class=\"align-icon\" style=\"text-align:left;\">\n<div class=\"aio-icon advanced \"  style=\"color:#697787;border-style:dashed;border-color:#697787;border-width:1px;width:45px;height:45px;line-height:45px;border-radius:500px;font-size:20px;\">\n\t<i class=\"icomoon-the7-font-the7-plus-04\"><\/i>\n<\/div><\/div><\/div><\/div><div class=\"uvc-main-heading ult-responsive\"  data-ultimate-target='.uvc-heading.ultimate-heading-468169f9dc9593e67 h2'  data-responsive-json-new='{\"font-size\":\"desktop:50px;\",\"line-height\":\"desktop:60px;\"}' ><h2 style=\"font-family:&#039;Exo 2&#039;;font-weight:200;margin-bottom:25px;\">Apprendre, comprendre, connaitre : la philosophie de ABYSSA<\/h2><\/div><div class=\"uvc-sub-heading ult-responsive\"  data-ultimate-target='.uvc-heading.ultimate-heading-468169f9dc9593e67 .uvc-sub-heading '  data-responsive-json-new='{\"font-size\":\"desktop:22px;\",\"line-height\":\"desktop:32px;\"}'  style=\"font-family:&#039;Exo 2&#039;;font-weight:200;margin-bottom:35px;\">L\u2019Oc\u00e9anographie est une f\u00e9d\u00e9ration de disciplines techniques, scientifiques, environnementales, \u00e9conomiques et soci\u00e9tales li\u00e9es au monde marin \u00e0 l\u2019image de la G\u00e9ographie pour l\u2019\u00e9tude de la Terre. Notre envie d\u2019en faire un sujet d\u2019entreprise est n\u00e9e du constat enthousiasmant qu\u2019au XXIe si\u00e8cle, les espaces oc\u00e9aniques, dans leur tr\u00e8s grande majorit\u00e9, sont encore \u00e0 d\u00e9couvrir et particuli\u00e8rement dans leurs parties les plus profondes, au-del\u00e0 de 2000m, qui couvrent bien plus de la moiti\u00e9 de notre plan\u00e8te.<\/div><\/div>[vc_column_text]Or, ces grandes profondeurs sont progressivement l\u2019objet de convoitises pour des ressources biologiques, min\u00e9rales ou \u00e9nerg\u00e9tiques. Face \u00e0 de r\u00e9els besoins, mais voulant \u00e9viter les erreurs des si\u00e8cles pr\u00e9c\u00e9dents en mati\u00e8re d\u2019exploitation de ressources naturelles, il est apparu n\u00e9cessaire d\u2019acqu\u00e9rir des connaissances conduisant \u00e0 des outils d\u2019aide \u00e0 la d\u00e9cision pour des prescriptions \u00e9clair\u00e9es.<\/p>\n<p>S\u2019appuyant sur ces constats et face \u00e0 l\u2019immensit\u00e9 des zones oc\u00e9aniques profondes encore inconnues, les associ\u00e9s-fondateurs de ABYSSA d\u00e9veloppent le concept d\u2018exploration extensive, non intrusive et \u00e0 couts maitris\u00e9s qui consiste \u00e0 proposer l\u2019utilisation \u00e0 tr\u00e8s grande profondeur d\u2019une flotte de v\u00e9hicules sous-marins autonomes (AUVs). Cette inspiration disruptive, \u00ab la flotte MESSIDOR \u00bb, laur\u00e9ate du Concours Mondial de l\u2019innovation en 2014 et 2015, sera mise en \u0153uvre dans un premier temps pour d\u00e9tecter les amas sulfur\u00e9s inactifs pr\u00e9sents dans les grands fonds marins en utilisant leur signature magn\u00e9tique sp\u00e9cifique.[\/vc_column_text][vc_row_inner content_placement=\u00a0\u00bbmiddle\u00a0\u00bb gap=\u00a0\u00bb35&Prime;][vc_column_inner width=\u00a0\u00bb1\/3&Prime; css=\u00a0\u00bb.vc_custom_1618576652797{border-top-width: 1px !important;border-right-width: 1px !important;border-bottom-width: 1px !important;border-left-width: 1px !important;padding-top: 30px !important;padding-right: 30px !important;padding-bottom: 30px !important;padding-left: 30px !important;background-color: rgba(18,68,110,0.05) !important;*background-color: rgb(18,68,110) !important;border-left-color: rgba(18,68,110,0.45) !important;border-left-style: dashed !important;border-right-color: rgba(18,68,110,0.45) !important;border-right-style: dashed !important;border-top-color: rgba(18,68,110,0.45) !important;border-top-style: dashed !important;border-bottom-color: rgba(18,68,110,0.45) !important;border-bottom-style: dashed !important;}\u00a0\u00bb]<div id=\"ultimate-heading-231369f9dc9593fa4\" class=\"uvc-heading ult-adjust-bottom-margin ultimate-heading-231369f9dc9593fa4 uvc-528 \" data-hspacer=\"icon_only\"  data-halign=\"left\" style=\"text-align:left\"><div class=\"uvc-heading-spacer icon_only\" style=\"margin-bottom:5px;\"><div class=\"ult-just-icon-wrapper  \"><div class=\"align-icon\" style=\"text-align:left;\">\n<div class=\"aio-icon none \"  style=\"color:#12446e;font-size:20px;\">\n\t<i class=\"icomoon-the7-font-the7-arrow-29-1\"><\/i>\n<\/div><\/div><\/div><\/div><div class=\"uvc-main-heading ult-responsive\"  data-ultimate-target='.uvc-heading.ultimate-heading-231369f9dc9593fa4 p'  data-responsive-json-new='{\"font-size\":\"desktop:55px;\",\"line-height\":\"desktop:60px;\"}' ><p style=\"font-family:&#039;Exo 2&#039;;font-weight:200;margin-bottom:15px;\">95%<\/p><\/div><div class=\"uvc-sub-heading ult-responsive\"  data-ultimate-target='.uvc-heading.ultimate-heading-231369f9dc9593fa4 .uvc-sub-heading '  data-responsive-json-new='{\"font-size\":\"desktop:18px;\",\"line-height\":\"desktop:28px;\"}'  style=\"font-family:&#039;Exo 2&#039;;font-weight:300;margin-bottom:25px;\">de la surface des grands fonds marins restent inexplor\u00e9s \u00e0 ce jour<\/div><\/div>[\/vc_column_inner][vc_column_inner width=\u00a0\u00bb2\/3&Prime;][vc_column_text]Ainsi, depuis 2019, l\u2019exploration des grands fonds marins par utilisation d\u2019AUVs travaillant en solitaire ou en flotte est le c\u0153ur de m\u00e9tier de notre entreprise ABYSSA avec des objectifs de cartographie sous-marine classique et d\u2019inventaire du patrimoine sous-marin pour d\u00e9crire notamment la g\u00e9o-diversit\u00e9 et la biodiversit\u00e9. Or, 95% de la surface des grands fonds marins restent inexplor\u00e9s \u00e0 ce jour avec seulement un infime pourcentage de la partie explor\u00e9e bien \u00e9tudi\u00e9 : ABYSSA va donc participer \u00e0 l\u2019am\u00e9lioration des connaissances de ces milieux profonds, pr\u00e9sentant une mosa\u00efque complexe d\u2019habitats dans des environnements h\u00e9t\u00e9rog\u00e8nes et extr\u00eamement importants dans l\u2019\u00e9volution des changements climatiques.[\/vc_column_text][\/vc_column_inner][\/vc_row_inner]<div id=\"ultimate-heading-454369f9dc9594027\" class=\"uvc-heading ult-adjust-bottom-margin ultimate-heading-454369f9dc9594027 uvc-5598 \" data-hspacer=\"no_spacer\"  data-halign=\"left\" style=\"text-align:left\"><div class=\"uvc-heading-spacer no_spacer\" style=\"top\"><\/div><div class=\"uvc-main-heading ult-responsive\"  data-ultimate-target='.uvc-heading.ultimate-heading-454369f9dc9594027 h3'  data-responsive-json-new='{\"font-size\":\"desktop:34px;\",\"line-height\":\"desktop:44px;\"}' ><h3 style=\"font-family:&#039;Exo 2&#039;;font-weight:300;margin-top:30px;margin-bottom:25px;\">L\u2019avenir de l\u2019humanit\u00e9 en d\u00e9pend<\/h3><\/div><\/div>[vc_column_text]Pour les territoires maritimes ou pour les \u00e9tats insulaires, l\u2019enjeu des explorations est l\u2019inventaire de leurs patrimoines sous-marins. Que ce soit pour prot\u00e9ger \/ sanctuariser des formes de parcs marins ou pour prendre la d\u00e9cision d\u2019en exploiter certaines richesses, biologiques ou min\u00e9rales, il est n\u00e9cessaire d\u2019en avoir une connaissance approfondie : sans cela pas de prise en consid\u00e9ration des sensibilit\u00e9s environnementales. Or, les autorit\u00e9s publiques ont besoin d\u2019outils d\u2019aide \u00e0 la d\u00e9cision face aux questions qui leur sont pos\u00e9es soit par la soci\u00e9t\u00e9 civile, soit par les acteurs industriels. Comment prendre une d\u00e9cision argument\u00e9e, s\u2019il n\u2019y a pas de connaissances des caract\u00e9ristiques patrimoniales, oc\u00e9anographiques et environnementales ? Il serait tr\u00e8s dommageable pour ces autorit\u00e9s de prendre une d\u00e9cision non \u00e9clair\u00e9e par des arguments, notamment scientifiques, et qui risquerait d\u2019\u00eatre attaqu\u00e9e par des d\u00e9veloppements contradictoires.<\/p>\n<p>Il en est de m\u00eame pour les acteurs industriels dont les travaux ne devront se d\u00e9velopper qu\u2019avec une prise en compte s\u00e9rieuse des probl\u00e9matiques environnementales. Celles-ci, qui risquent d\u2019\u00eatre tr\u00e8s contraignantes, doivent s\u2019appuyer sur des donn\u00e9es factuelles issues de travaux techniques et scientifiques. Or, certaines ressources biologiques ou g\u00e9n\u00e9tiques pourront \u00eatre pr\u00e9cieuses dans le domaine m\u00e9dical et certaines ressources min\u00e9rales le sont d\u00e9j\u00e0 pour les m\u00e9taux strat\u00e9giques n\u00e9cessaires \u00e0 la transition \u00e9nerg\u00e9tique et num\u00e9rique.<\/p>\n<p>Avec les outils d\u2019aujourd\u2019hui et ceux issus de travaux continus de Recherche, D\u00e9veloppement et Innovation, il nous apparait primordial de d\u00e9velopper les actions d\u2019acquisition de nouvelles connaissances sur ces espaces oc\u00e9aniques. Les explorations des Grands Fonds Marins sont les premi\u00e8res \u00e9tapes qui fourniront des \u00e9l\u00e9ments de compr\u00e9hension de certains fonctionnements climatiques et des \u00e9l\u00e9ments de conception d\u2019outils d\u2019aide \u00e0 la d\u00e9cision.[\/vc_column_text][vc_single_image image=\u00a0\u00bb1262&Prime; img_size=\u00a0\u00bbfull\u00a0\u00bb image_hovers=\u00a0\u00bbfalse\u00a0\u00bb css=\u00a0\u00bb.vc_custom_1619789782373{margin-top: 25px !important;}\u00a0\u00bb][\/vc_column][\/vc_row]<\/p>\n<\/div>","protected":false},"excerpt":{"rendered":"<p>[vc_row css=\u00a0\u00bb.vc_custom_1618575337600{margin-top: 0px !important;margin-bottom: 0px !important;border-bottom-width: 35px !important;}\u00a0\u00bb][vc_column][vc_column_text]Or, ces grandes profondeurs sont progressivement l\u2019objet de convoitises pour des ressources biologiques, min\u00e9rales ou \u00e9nerg\u00e9tiques. Face \u00e0 de r\u00e9els besoins, mais voulant \u00e9viter les erreurs des si\u00e8cles pr\u00e9c\u00e9dents en mati\u00e8re d\u2019exploitation de ressources naturelles, il est apparu n\u00e9cessaire d\u2019acqu\u00e9rir des connaissances conduisant \u00e0 des outils d\u2019aide \u00e0&hellip;<\/p>\n","protected":false},"author":1,"featured_media":0,"parent":227,"menu_order":3,"comment_status":"closed","ping_status":"closed","template":"","meta":{"footnotes":""},"class_list":["post-252","page","type-page","status-publish","hentry","description-off"],"yoast_head":"<!-- This site is optimized with the Yoast SEO plugin v26.7 - https:\/\/yoast.com\/wordpress\/plugins\/seo\/ -->\n<title>Philosophie de l&#039;entreprise - Abyssa<\/title>\n<meta name=\"description\" content=\"ABYSSA : explorer les grands fonds sous-marins pour acqu\u00e9rir des outils d\u2019aide \u00e0 la d\u00e9cision destin\u00e9s \u00e0 des prescriptions \u00e9clair\u00e9es.\" \/>\n<meta name=\"robots\" content=\"index, follow, max-snippet:-1, max-image-preview:large, max-video-preview:-1\" \/>\n<link rel=\"canonical\" href=\"https:\/\/www.abyssa.com\/fr\/abyssa\/philosophie-de-lentreprise\/\" \/>\n<meta property=\"og:locale\" content=\"fr_FR\" \/>\n<meta property=\"og:type\" content=\"article\" \/>\n<meta property=\"og:title\" content=\"Philosophie de l&#039;entreprise - Abyssa\" \/>\n<meta property=\"og:description\" content=\"ABYSSA : explorer les grands fonds sous-marins pour acqu\u00e9rir des outils d\u2019aide \u00e0 la d\u00e9cision destin\u00e9s \u00e0 des prescriptions \u00e9clair\u00e9es.\" \/>\n<meta property=\"og:url\" content=\"https:\/\/www.abyssa.com\/fr\/abyssa\/philosophie-de-lentreprise\/\" \/>\n<meta property=\"og:site_name\" content=\"Abyssa\" \/>\n<meta property=\"article:modified_time\" content=\"2021-05-25T14:17:46+00:00\" \/>\n<meta name=\"twitter:card\" content=\"summary_large_image\" \/>\n<meta name=\"twitter:label1\" content=\"Dur\u00e9e de lecture estim\u00e9e\" \/>\n\t<meta name=\"twitter:data1\" content=\"4 minutes\" \/>\n<script type=\"application\/ld+json\" class=\"yoast-schema-graph\">{\"@context\":\"https:\/\/schema.org\",\"@graph\":[{\"@type\":\"WebPage\",\"@id\":\"https:\/\/www.abyssa.com\/fr\/abyssa\/philosophie-de-lentreprise\/\",\"url\":\"https:\/\/www.abyssa.com\/fr\/abyssa\/philosophie-de-lentreprise\/\",\"name\":\"Philosophie de l'entreprise - Abyssa\",\"isPartOf\":{\"@id\":\"https:\/\/www.abyssa.com\/fr\/#website\"},\"datePublished\":\"2021-03-17T15:50:39+00:00\",\"dateModified\":\"2021-05-25T14:17:46+00:00\",\"description\":\"ABYSSA : explorer les grands fonds sous-marins pour acqu\u00e9rir des outils d\u2019aide \u00e0 la d\u00e9cision destin\u00e9s \u00e0 des prescriptions \u00e9clair\u00e9es.\",\"breadcrumb\":{\"@id\":\"https:\/\/www.abyssa.com\/fr\/abyssa\/philosophie-de-lentreprise\/#breadcrumb\"},\"inLanguage\":\"fr-FR\",\"potentialAction\":[{\"@type\":\"ReadAction\",\"target\":[\"https:\/\/www.abyssa.com\/fr\/abyssa\/philosophie-de-lentreprise\/\"]}]},{\"@type\":\"BreadcrumbList\",\"@id\":\"https:\/\/www.abyssa.com\/fr\/abyssa\/philosophie-de-lentreprise\/#breadcrumb\",\"itemListElement\":[{\"@type\":\"ListItem\",\"position\":1,\"name\":\"Accueil\",\"item\":\"https:\/\/www.abyssa.com\/fr\/\"},{\"@type\":\"ListItem\",\"position\":2,\"name\":\"ABYSSA\",\"item\":\"https:\/\/www.abyssa.com\/fr\/abyssa\/\"},{\"@type\":\"ListItem\",\"position\":3,\"name\":\"Philosophie de l&rsquo;entreprise\"}]},{\"@type\":\"WebSite\",\"@id\":\"https:\/\/www.abyssa.com\/fr\/#website\",\"url\":\"https:\/\/www.abyssa.com\/fr\/\",\"name\":\"Abyssa\",\"description\":\"Soci\u00e9t\u00e9 fran\u00e7aise d&#039;exploration des grands fonds marins\",\"potentialAction\":[{\"@type\":\"SearchAction\",\"target\":{\"@type\":\"EntryPoint\",\"urlTemplate\":\"https:\/\/www.abyssa.com\/fr\/?s={search_term_string}\"},\"query-input\":{\"@type\":\"PropertyValueSpecification\",\"valueRequired\":true,\"valueName\":\"search_term_string\"}}],\"inLanguage\":\"fr-FR\"}]}<\/script>\n<!-- \/ Yoast SEO plugin. -->","yoast_head_json":{"title":"Philosophie de l'entreprise - Abyssa","description":"ABYSSA : explorer les grands fonds sous-marins pour acqu\u00e9rir des outils d\u2019aide \u00e0 la d\u00e9cision destin\u00e9s \u00e0 des prescriptions \u00e9clair\u00e9es.","robots":{"index":"index","follow":"follow","max-snippet":"max-snippet:-1","max-image-preview":"max-image-preview:large","max-video-preview":"max-video-preview:-1"},"canonical":"https:\/\/www.abyssa.com\/fr\/abyssa\/philosophie-de-lentreprise\/","og_locale":"fr_FR","og_type":"article","og_title":"Philosophie de l'entreprise - Abyssa","og_description":"ABYSSA : explorer les grands fonds sous-marins pour acqu\u00e9rir des outils d\u2019aide \u00e0 la d\u00e9cision destin\u00e9s \u00e0 des prescriptions \u00e9clair\u00e9es.","og_url":"https:\/\/www.abyssa.com\/fr\/abyssa\/philosophie-de-lentreprise\/","og_site_name":"Abyssa","article_modified_time":"2021-05-25T14:17:46+00:00","twitter_card":"summary_large_image","twitter_misc":{"Dur\u00e9e de lecture estim\u00e9e":"4 minutes"},"schema":{"@context":"https:\/\/schema.org","@graph":[{"@type":"WebPage","@id":"https:\/\/www.abyssa.com\/fr\/abyssa\/philosophie-de-lentreprise\/","url":"https:\/\/www.abyssa.com\/fr\/abyssa\/philosophie-de-lentreprise\/","name":"Philosophie de l'entreprise - Abyssa","isPartOf":{"@id":"https:\/\/www.abyssa.com\/fr\/#website"},"datePublished":"2021-03-17T15:50:39+00:00","dateModified":"2021-05-25T14:17:46+00:00","description":"ABYSSA : explorer les grands fonds sous-marins pour acqu\u00e9rir des outils d\u2019aide \u00e0 la d\u00e9cision destin\u00e9s \u00e0 des prescriptions \u00e9clair\u00e9es.","breadcrumb":{"@id":"https:\/\/www.abyssa.com\/fr\/abyssa\/philosophie-de-lentreprise\/#breadcrumb"},"inLanguage":"fr-FR","potentialAction":[{"@type":"ReadAction","target":["https:\/\/www.abyssa.com\/fr\/abyssa\/philosophie-de-lentreprise\/"]}]},{"@type":"BreadcrumbList","@id":"https:\/\/www.abyssa.com\/fr\/abyssa\/philosophie-de-lentreprise\/#breadcrumb","itemListElement":[{"@type":"ListItem","position":1,"name":"Accueil","item":"https:\/\/www.abyssa.com\/fr\/"},{"@type":"ListItem","position":2,"name":"ABYSSA","item":"https:\/\/www.abyssa.com\/fr\/abyssa\/"},{"@type":"ListItem","position":3,"name":"Philosophie de l&rsquo;entreprise"}]},{"@type":"WebSite","@id":"https:\/\/www.abyssa.com\/fr\/#website","url":"https:\/\/www.abyssa.com\/fr\/","name":"Abyssa","description":"Soci\u00e9t\u00e9 fran\u00e7aise d&#039;exploration des grands fonds marins","potentialAction":[{"@type":"SearchAction","target":{"@type":"EntryPoint","urlTemplate":"https:\/\/www.abyssa.com\/fr\/?s={search_term_string}"},"query-input":{"@type":"PropertyValueSpecification","valueRequired":true,"valueName":"search_term_string"}}],"inLanguage":"fr-FR"}]}},"_links":{"self":[{"href":"https:\/\/www.abyssa.com\/fr\/wp-json\/wp\/v2\/pages\/252","targetHints":{"allow":["GET"]}}],"collection":[{"href":"https:\/\/www.abyssa.com\/fr\/wp-json\/wp\/v2\/pages"}],"about":[{"href":"https:\/\/www.abyssa.com\/fr\/wp-json\/wp\/v2\/types\/page"}],"author":[{"embeddable":true,"href":"https:\/\/www.abyssa.com\/fr\/wp-json\/wp\/v2\/users\/1"}],"replies":[{"embeddable":true,"href":"https:\/\/www.abyssa.com\/fr\/wp-json\/wp\/v2\/comments?post=252"}],"version-history":[{"count":0,"href":"https:\/\/www.abyssa.com\/fr\/wp-json\/wp\/v2\/pages\/252\/revisions"}],"up":[{"embeddable":true,"href":"https:\/\/www.abyssa.com\/fr\/wp-json\/wp\/v2\/pages\/227"}],"wp:attachment":[{"href":"https:\/\/www.abyssa.com\/fr\/wp-json\/wp\/v2\/media?parent=252"}],"curies":[{"name":"wp","href":"https:\/\/api.w.org\/{rel}","templated":true}]}}