{"id":235,"date":"2021-03-17T16:50:39","date_gmt":"2021-03-17T15:50:39","guid":{"rendered":"http:\/\/www.abyssa.com\/abys2021\/?page_id=235"},"modified":"2021-05-27T18:01:22","modified_gmt":"2021-05-27T16:01:22","slug":"qsse","status":"publish","type":"page","link":"https:\/\/www.abyssa.com\/fr\/qsse\/","title":{"rendered":"QSSE"},"content":{"rendered":"<div class=\"wpb-content-wrapper\"><p>[vc_row css=\u00a0\u00bb.vc_custom_1616078071942{margin-bottom: 50px !important;}\u00a0\u00bb][vc_column]<div id=\"ultimate-heading-402369f2d4663fd70\" class=\"uvc-heading ult-adjust-bottom-margin ultimate-heading-402369f2d4663fd70 uvc-6757 \" data-hspacer=\"icon_only\"  data-halign=\"left\" style=\"text-align:left\"><div class=\"uvc-heading-spacer icon_only\" style=\"margin-bottom:20px;\"><div class=\"ult-just-icon-wrapper  \"><div class=\"align-icon\" style=\"text-align:left;\">\n<div class=\"aio-icon advanced \"  style=\"color:#697787;border-style:dashed;border-color:#697787;border-width:1px;width:45px;height:45px;line-height:45px;border-radius:500px;font-size:20px;\">\n\t<i class=\"icomoon-the7-font-the7-plus-04\"><\/i>\n<\/div><\/div><\/div><\/div><div class=\"uvc-main-heading ult-responsive\"  data-ultimate-target='.uvc-heading.ultimate-heading-402369f2d4663fd70 h2'  data-responsive-json-new='{\"font-size\":\"desktop:50px;\",\"line-height\":\"desktop:60px;\"}' ><h2 style=\"font-family:&#039;Exo 2&#039;;font-weight:200;margin-bottom:25px;\">QSSE : les enjeux de s\u00e9curit\u00e9 et de protection de l\u2019environnement<\/h2><\/div><div class=\"uvc-sub-heading ult-responsive\"  data-ultimate-target='.uvc-heading.ultimate-heading-402369f2d4663fd70 .uvc-sub-heading '  data-responsive-json-new='{\"font-size\":\"desktop:22px;\",\"line-height\":\"desktop:32px;\"}'  style=\"font-family:&#039;Exo 2&#039;;font-weight:200;margin-bottom:35px;\">La Qualit\u00e9 de vie au travail, la S\u00e9curit\u00e9, la Sant\u00e9 et l\u2019Environnement (QSSE) sont primordiales pour ABYSSA.<\/div><\/div>[vc_column_text]Notre programme de management QSSE est mis en \u0153uvre afin d\u2019assurer la s\u00e9curit\u00e9 des personnes et le respect de l\u2019environnement lors de l\u2019ensemble de nos activit\u00e9s.<\/p>\n<p>Dans cette m\u00eame logique, ABYSSA h\u00e9berge les donn\u00e9es recueillies sur un serveur s\u00e9curis\u00e9 certifi\u00e9 HDS, b\u00e9n\u00e9ficiant d\u2019une norme ISO 27001.[\/vc_column_text][\/vc_column][\/vc_row][vc_row full_width=\u00a0\u00bbstretch_row_content\u00a0\u00bb equal_height=\u00a0\u00bbyes\u00a0\u00bb content_placement=\u00a0\u00bbmiddle\u00a0\u00bb][vc_column width=\u00a0\u00bb1\/3&Prime; css=\u00a0\u00bb.vc_custom_1617972654182{margin-top: 0px !important;margin-right: 0px !important;margin-bottom: 0px !important;margin-left: 0px !important;padding-top: 0px !important;padding-right: 0px !important;padding-bottom: 0px !important;padding-left: 0px !important;}\u00a0\u00bb]<div id=\"ultib3-171319661069f2d4664008d\" class=\" vc_custom_1622131258371 ultb3-box ult-adjust-bottom-margin  ultb3-hover-5\" style=\"background-color: rgba(55,73,95,0.3);\"><div class=\"ultb3-box-overlay\" style=\"background:rgba(55,73,95,0.4);\"><\/div><img decoding=\"async\" src=\"https:\/\/www.abyssa.com\/abys2021\/wp-content\/uploads\/2021\/05\/abyssa-environement-ok.jpg\" style=\"\" class=\"ultb3-img ultb3-img-center\" alt=\"null\"\/><div id=\"Info-banner-wrap1005\" class=\"ultb3-info ib3-info-center\" data-animation=\"fadeInDown\" data-animation-delay=\"03\"><h2 class=\"ultb3-title ult-responsive\"  data-ultimate-target='#Info-banner-wrap1005 .ultb3-title'  data-responsive-json-new='{\"font-size\":\"desktop:34px;\",\"line-height\":\"desktop:64px;\"}'  style=\"font-family:Exo 2;font-weight:300;color:#ffffff;\">Impacts environnementaux<\/h2><a href=\"https:\/\/www.abyssa.com\/fr\/qsse\/impacts-environnementaux\/\"  class=\"ultb3-btn ult-responsive\"  data-ultimate-target='#Info-banner-wrap1005 .ultb3-btn'  data-responsive-json-new='{\"font-size\":\"desktop:20px;\",\"line-height\":\"desktop:30px;\"}'  style=\"font-family:Exo 2;font-weight:600;\">+<i class=\"Defaults-angle-right\"><\/i><\/a><\/div><\/div><style>\n\t\t\t\t\t#ultib3-171319661069f2d4664008d {\n\t\t\t\t\t\tmin-height:350px;\n\t\t\t\t\t}\n\t\t\t\t\t#ultib3-171319661069f2d4664008d img.ultb3-img {\n\t\t\t\t\t\theight: 400px;\n\t\t\t\t\t}\n\t\t\t\t\t#ultib3-171319661069f2d4664008d .ultb3-btn {\n\t\t\t\t\t\tborder:1px solid rgba(255,255,255,0.75);border-radius:50px;color:#f4f4f5;\n\t\t\t\t\t}\n\t\t\t\t\t#ultib3-171319661069f2d4664008d .ultb3-btn:hover {\n\t\t\t\t\t\tbackground:rgba(255,255,255,0.75);color:#1d2a39;\n\t\t\t\t\t}\n\t\t\t\t\t#ultib3-171319661069f2d4664008d .ultb3-btn:focus {\n\t\t\t\t\t\toutline: 2px solid #005fcc;\n\t\t\t\t\t\toutline-offset: 2px;\n\t\t\t\t\t}\n\t\t\t\t<\/style><style>\n\t\t\t\t\t\t@media (min-width: 1824px) {\n\t\t\t\t\t\t\t #ultib3-171319661069f2d4664008d img.ultb3-img {\n\t\t\t\t\t\t\t\theight:400px;\n\t\t\t\t\t\t\t}\n\t\t\t\t\t\t}\n\t\t\t\t\t<\/style><style>\n\t\t\t\t\t\t@media (max-width: 1199px) {\n\t\t\t\t\t\t\t #ultib3-171319661069f2d4664008d img.ultb3-img {\n\t\t\t\t\t\t\t\theight:400px;\n\t\t\t\t\t\t\t}\n\t\t\t\t\t\t}\n\t\t\t\t\t<\/style><style>\n\t\t\t\t\t\t@media (max-width: 991px) {\n\t\t\t\t\t\t\t #ultib3-171319661069f2d4664008d img.ultb3-img {\n\t\t\t\t\t\t\t\theight:400px;\n\t\t\t\t\t\t\t}\n\t\t\t\t\t\t}\n\t\t\t\t\t<\/style><style>\n\t\t\t\t\t\t@media (max-width: 767px) {\n\t\t\t\t\t\t\t #ultib3-171319661069f2d4664008d img.ultb3-img {\n\t\t\t\t\t\t\t\theight:400px;\n\t\t\t\t\t\t\t}\n\t\t\t\t\t\t}\n\t\t\t\t\t<\/style><style>\n\t\t\t\t\t\t@media (max-width: 479px) {\n\t\t\t\t\t\t\t #ultib3-171319661069f2d4664008d img.ultb3-img {\n\t\t\t\t\t\t\t\theight:400px;\n\t\t\t\t\t\t\t}\n\t\t\t\t\t\t}\n\t\t\t\t\t<\/style>[\/vc_column][vc_column width=\u00a0\u00bb1\/3&Prime; css=\u00a0\u00bb.vc_custom_1617972648085{margin-top: 0px !important;margin-right: 0px !important;margin-bottom: 0px !important;margin-left: 0px !important;padding-top: 0px !important;padding-right: 0px !important;padding-bottom: 0px !important;padding-left: 0px !important;}\u00a0\u00bb]<div id=\"ultib3-404925153969f2d46640318\" class=\" vc_custom_1622131268520 ultb3-box ult-adjust-bottom-margin  ultb3-hover-5\" style=\"background-color: #f4f4f5;\"><div class=\"ultb3-box-overlay\" style=\"background:rgba(55,73,95,0.3);\"><\/div><img decoding=\"async\" src=\"https:\/\/www.abyssa.com\/abys2021\/wp-content\/uploads\/2021\/04\/abyssa-securite.jpg\" style=\"\" class=\"ultb3-img ultb3-img-center\" alt=\"ABYSSA S\u00e9curit\u00e9\"\/><div id=\"Info-banner-wrap2511\" class=\"ultb3-info ib3-info-center\" data-animation=\"fadeInUp\" data-animation-delay=\"03\"><h2 class=\"ultb3-title ult-responsive\"  data-ultimate-target='#Info-banner-wrap2511 .ultb3-title'  data-responsive-json-new='{\"font-size\":\"desktop:34px;\",\"line-height\":\"desktop:64px;\"}'  style=\"font-family:Exo 2;font-weight:300;color:#ffffff;\">S\u00e9curit\u00e9<\/h2><a href=\"https:\/\/www.abyssa.com\/fr\/qsse\/securite\/\"  class=\"ultb3-btn ult-responsive\"  data-ultimate-target='#Info-banner-wrap2511 .ultb3-btn'  data-responsive-json-new='{\"font-size\":\"desktop:20px;\",\"line-height\":\"desktop:30px;\"}'  style=\"font-family:Exo 2;font-weight:600;\">+<i class=\"Defaults-angle-right\"><\/i><\/a><\/div><\/div><style>\n\t\t\t\t\t#ultib3-404925153969f2d46640318 {\n\t\t\t\t\t\tmin-height:350px;\n\t\t\t\t\t}\n\t\t\t\t\t#ultib3-404925153969f2d46640318 img.ultb3-img {\n\t\t\t\t\t\theight: 400px;\n\t\t\t\t\t}\n\t\t\t\t\t#ultib3-404925153969f2d46640318 .ultb3-btn {\n\t\t\t\t\t\tborder:1px solid rgba(255,255,255,0.75);border-radius:50px;color:#f4f4f5;\n\t\t\t\t\t}\n\t\t\t\t\t#ultib3-404925153969f2d46640318 .ultb3-btn:hover {\n\t\t\t\t\t\tbackground:rgba(255,255,255,0.75);color:#1d2a39;\n\t\t\t\t\t}\n\t\t\t\t\t#ultib3-404925153969f2d46640318 .ultb3-btn:focus {\n\t\t\t\t\t\toutline: 2px solid #005fcc;\n\t\t\t\t\t\toutline-offset: 2px;\n\t\t\t\t\t}\n\t\t\t\t<\/style><style>\n\t\t\t\t\t\t@media (min-width: 1824px) {\n\t\t\t\t\t\t\t #ultib3-404925153969f2d46640318 img.ultb3-img {\n\t\t\t\t\t\t\t\theight:400px;\n\t\t\t\t\t\t\t}\n\t\t\t\t\t\t}\n\t\t\t\t\t<\/style><style>\n\t\t\t\t\t\t@media (max-width: 1199px) {\n\t\t\t\t\t\t\t #ultib3-404925153969f2d46640318 img.ultb3-img {\n\t\t\t\t\t\t\t\theight:400px;\n\t\t\t\t\t\t\t}\n\t\t\t\t\t\t}\n\t\t\t\t\t<\/style><style>\n\t\t\t\t\t\t@media (max-width: 991px) {\n\t\t\t\t\t\t\t #ultib3-404925153969f2d46640318 img.ultb3-img {\n\t\t\t\t\t\t\t\theight:400px;\n\t\t\t\t\t\t\t}\n\t\t\t\t\t\t}\n\t\t\t\t\t<\/style><style>\n\t\t\t\t\t\t@media (max-width: 767px) {\n\t\t\t\t\t\t\t #ultib3-404925153969f2d46640318 img.ultb3-img {\n\t\t\t\t\t\t\t\theight:400px;\n\t\t\t\t\t\t\t}\n\t\t\t\t\t\t}\n\t\t\t\t\t<\/style><style>\n\t\t\t\t\t\t@media (max-width: 479px) {\n\t\t\t\t\t\t\t #ultib3-404925153969f2d46640318 img.ultb3-img {\n\t\t\t\t\t\t\t\theight:400px;\n\t\t\t\t\t\t\t}\n\t\t\t\t\t\t}\n\t\t\t\t\t<\/style>[\/vc_column][vc_column width=\u00a0\u00bb1\/3&Prime; css=\u00a0\u00bb.vc_custom_1617972661252{margin-top: 0px !important;margin-right: 0px !important;margin-bottom: 0px !important;margin-left: 0px !important;padding-top: 0px !important;padding-right: 0px !important;padding-bottom: 0px !important;padding-left: 0px !important;}\u00a0\u00bb]<div id=\"ultib3-166643673069f2d46640566\" class=\" vc_custom_1622131279487 ultb3-box ult-adjust-bottom-margin  ultb3-hover-5\" style=\"background-color: #12446e;\"><div class=\"ultb3-box-overlay\" style=\"background:rgba(18,68,110,0.3);\"><\/div><img decoding=\"async\" src=\"https:\/\/www.abyssa.com\/abys2021\/wp-content\/uploads\/2021\/04\/abyssa-securisation-donnees.jpg\" style=\"\" class=\"ultb3-img ultb3-img-center\" alt=\"s\u00e9curisation des donn\u00e9es\"\/><div id=\"Info-banner-wrap5421\" class=\"ultb3-info ib3-info-center\" data-animation=\"fadeInLeft\" data-animation-delay=\"03\"><h2 class=\"ultb3-title ult-responsive\"  data-ultimate-target='#Info-banner-wrap5421 .ultb3-title'  data-responsive-json-new='{\"font-size\":\"desktop:34px;\",\"line-height\":\"desktop:64px;\"}'  style=\"font-family:Exo 2;font-weight:300;color:#ffffff;\">S\u00e9curisation des donn\u00e9es<\/h2><a href=\"https:\/\/www.abyssa.com\/fr\/qsse\/securisation-des-donnees\/\" title=\"S\u00e9curisation des donn\u00e9es\"  class=\"ultb3-btn ult-responsive\"  data-ultimate-target='#Info-banner-wrap5421 .ultb3-btn'  data-responsive-json-new='{\"font-size\":\"desktop:20px;\",\"line-height\":\"desktop:30px;\"}'  style=\"font-family:Exo 2;font-weight:600;\">+<i class=\"Defaults-angle-right\"><\/i><\/a><\/div><\/div><style>\n\t\t\t\t\t#ultib3-166643673069f2d46640566 {\n\t\t\t\t\t\tmin-height:350px;\n\t\t\t\t\t}\n\t\t\t\t\t#ultib3-166643673069f2d46640566 img.ultb3-img {\n\t\t\t\t\t\theight: 400px;\n\t\t\t\t\t}\n\t\t\t\t\t#ultib3-166643673069f2d46640566 .ultb3-btn {\n\t\t\t\t\t\tborder:1px solid rgba(255,255,255,0.75);border-radius:50px;color:#f4f4f5;\n\t\t\t\t\t}\n\t\t\t\t\t#ultib3-166643673069f2d46640566 .ultb3-btn:hover {\n\t\t\t\t\t\tbackground:rgba(255,255,255,0.75);color:#1d2a39;\n\t\t\t\t\t}\n\t\t\t\t\t#ultib3-166643673069f2d46640566 .ultb3-btn:focus {\n\t\t\t\t\t\toutline: 2px solid #005fcc;\n\t\t\t\t\t\toutline-offset: 2px;\n\t\t\t\t\t}\n\t\t\t\t<\/style><style>\n\t\t\t\t\t\t@media (min-width: 1824px) {\n\t\t\t\t\t\t\t #ultib3-166643673069f2d46640566 img.ultb3-img {\n\t\t\t\t\t\t\t\theight:400px;\n\t\t\t\t\t\t\t}\n\t\t\t\t\t\t}\n\t\t\t\t\t<\/style><style>\n\t\t\t\t\t\t@media (max-width: 1199px) {\n\t\t\t\t\t\t\t #ultib3-166643673069f2d46640566 img.ultb3-img {\n\t\t\t\t\t\t\t\theight:400px;\n\t\t\t\t\t\t\t}\n\t\t\t\t\t\t}\n\t\t\t\t\t<\/style><style>\n\t\t\t\t\t\t@media (max-width: 991px) {\n\t\t\t\t\t\t\t #ultib3-166643673069f2d46640566 img.ultb3-img {\n\t\t\t\t\t\t\t\theight:400px;\n\t\t\t\t\t\t\t}\n\t\t\t\t\t\t}\n\t\t\t\t\t<\/style><style>\n\t\t\t\t\t\t@media (max-width: 767px) {\n\t\t\t\t\t\t\t #ultib3-166643673069f2d46640566 img.ultb3-img {\n\t\t\t\t\t\t\t\theight:400px;\n\t\t\t\t\t\t\t}\n\t\t\t\t\t\t}\n\t\t\t\t\t<\/style><style>\n\t\t\t\t\t\t@media (max-width: 479px) {\n\t\t\t\t\t\t\t #ultib3-166643673069f2d46640566 img.ultb3-img {\n\t\t\t\t\t\t\t\theight:400px;\n\t\t\t\t\t\t\t}\n\t\t\t\t\t\t}\n\t\t\t\t\t<\/style>[\/vc_column][\/vc_row]<\/p>\n<\/div>","protected":false},"excerpt":{"rendered":"<p>[vc_row css=\u00a0\u00bb.vc_custom_1616078071942{margin-bottom: 50px !important;}\u00a0\u00bb][vc_column][vc_column_text]Notre programme de management QSSE est mis en \u0153uvre afin d\u2019assurer la s\u00e9curit\u00e9 des personnes et le respect de l\u2019environnement lors de l\u2019ensemble de nos activit\u00e9s. Dans cette m\u00eame logique, ABYSSA h\u00e9berge les donn\u00e9es recueillies sur un serveur s\u00e9curis\u00e9 certifi\u00e9 HDS, b\u00e9n\u00e9ficiant d\u2019une norme ISO 27001.[\/vc_column_text][\/vc_column][\/vc_row][vc_row full_width=\u00a0\u00bbstretch_row_content\u00a0\u00bb equal_height=\u00a0\u00bbyes\u00a0\u00bb content_placement=\u00a0\u00bbmiddle\u00a0\u00bb][vc_column width=\u00a0\u00bb1\/3&Prime; css=\u00a0\u00bb.vc_custom_1617972654182{margin-top: 0px&hellip;<\/p>\n","protected":false},"author":1,"featured_media":0,"parent":0,"menu_order":0,"comment_status":"closed","ping_status":"closed","template":"","meta":{"footnotes":""},"class_list":["post-235","page","type-page","status-publish","hentry","description-off"],"yoast_head":"<!-- This site is optimized with the Yoast SEO plugin v26.7 - https:\/\/yoast.com\/wordpress\/plugins\/seo\/ -->\n<title>QSSE - Abyssa<\/title>\n<meta name=\"description\" content=\"ABYSSA a mis en place un programme QSSE afin d\u2019assurer la s\u00e9curit\u00e9 des personnes et le respect de l\u2019environnement lors de ses missions.\" \/>\n<meta name=\"robots\" content=\"index, follow, max-snippet:-1, max-image-preview:large, max-video-preview:-1\" \/>\n<link rel=\"canonical\" href=\"https:\/\/www.abyssa.com\/fr\/qsse\/\" \/>\n<meta property=\"og:locale\" content=\"fr_FR\" \/>\n<meta property=\"og:type\" content=\"article\" \/>\n<meta property=\"og:title\" content=\"QSSE - Abyssa\" \/>\n<meta property=\"og:description\" content=\"ABYSSA a mis en place un programme QSSE afin d\u2019assurer la s\u00e9curit\u00e9 des personnes et le respect de l\u2019environnement lors de ses missions.\" \/>\n<meta property=\"og:url\" content=\"https:\/\/www.abyssa.com\/fr\/qsse\/\" \/>\n<meta property=\"og:site_name\" content=\"Abyssa\" \/>\n<meta property=\"article:modified_time\" content=\"2021-05-27T16:01:22+00:00\" \/>\n<meta name=\"twitter:card\" content=\"summary_large_image\" \/>\n<meta name=\"twitter:label1\" content=\"Dur\u00e9e de lecture estim\u00e9e\" \/>\n\t<meta name=\"twitter:data1\" content=\"2 minutes\" \/>\n<script type=\"application\/ld+json\" class=\"yoast-schema-graph\">{\"@context\":\"https:\/\/schema.org\",\"@graph\":[{\"@type\":\"WebPage\",\"@id\":\"https:\/\/www.abyssa.com\/fr\/qsse\/\",\"url\":\"https:\/\/www.abyssa.com\/fr\/qsse\/\",\"name\":\"QSSE - Abyssa\",\"isPartOf\":{\"@id\":\"https:\/\/www.abyssa.com\/fr\/#website\"},\"datePublished\":\"2021-03-17T15:50:39+00:00\",\"dateModified\":\"2021-05-27T16:01:22+00:00\",\"description\":\"ABYSSA a mis en place un programme QSSE afin d\u2019assurer la s\u00e9curit\u00e9 des personnes et le respect de l\u2019environnement lors de ses missions.\",\"breadcrumb\":{\"@id\":\"https:\/\/www.abyssa.com\/fr\/qsse\/#breadcrumb\"},\"inLanguage\":\"fr-FR\",\"potentialAction\":[{\"@type\":\"ReadAction\",\"target\":[\"https:\/\/www.abyssa.com\/fr\/qsse\/\"]}]},{\"@type\":\"BreadcrumbList\",\"@id\":\"https:\/\/www.abyssa.com\/fr\/qsse\/#breadcrumb\",\"itemListElement\":[{\"@type\":\"ListItem\",\"position\":1,\"name\":\"Accueil\",\"item\":\"https:\/\/www.abyssa.com\/fr\/\"},{\"@type\":\"ListItem\",\"position\":2,\"name\":\"QSSE\"}]},{\"@type\":\"WebSite\",\"@id\":\"https:\/\/www.abyssa.com\/fr\/#website\",\"url\":\"https:\/\/www.abyssa.com\/fr\/\",\"name\":\"Abyssa\",\"description\":\"Soci\u00e9t\u00e9 fran\u00e7aise d&#039;exploration des grands fonds marins\",\"potentialAction\":[{\"@type\":\"SearchAction\",\"target\":{\"@type\":\"EntryPoint\",\"urlTemplate\":\"https:\/\/www.abyssa.com\/fr\/?s={search_term_string}\"},\"query-input\":{\"@type\":\"PropertyValueSpecification\",\"valueRequired\":true,\"valueName\":\"search_term_string\"}}],\"inLanguage\":\"fr-FR\"}]}<\/script>\n<!-- \/ Yoast SEO plugin. -->","yoast_head_json":{"title":"QSSE - Abyssa","description":"ABYSSA a mis en place un programme QSSE afin d\u2019assurer la s\u00e9curit\u00e9 des personnes et le respect de l\u2019environnement lors de ses missions.","robots":{"index":"index","follow":"follow","max-snippet":"max-snippet:-1","max-image-preview":"max-image-preview:large","max-video-preview":"max-video-preview:-1"},"canonical":"https:\/\/www.abyssa.com\/fr\/qsse\/","og_locale":"fr_FR","og_type":"article","og_title":"QSSE - Abyssa","og_description":"ABYSSA a mis en place un programme QSSE afin d\u2019assurer la s\u00e9curit\u00e9 des personnes et le respect de l\u2019environnement lors de ses missions.","og_url":"https:\/\/www.abyssa.com\/fr\/qsse\/","og_site_name":"Abyssa","article_modified_time":"2021-05-27T16:01:22+00:00","twitter_card":"summary_large_image","twitter_misc":{"Dur\u00e9e de lecture estim\u00e9e":"2 minutes"},"schema":{"@context":"https:\/\/schema.org","@graph":[{"@type":"WebPage","@id":"https:\/\/www.abyssa.com\/fr\/qsse\/","url":"https:\/\/www.abyssa.com\/fr\/qsse\/","name":"QSSE - Abyssa","isPartOf":{"@id":"https:\/\/www.abyssa.com\/fr\/#website"},"datePublished":"2021-03-17T15:50:39+00:00","dateModified":"2021-05-27T16:01:22+00:00","description":"ABYSSA a mis en place un programme QSSE afin d\u2019assurer la s\u00e9curit\u00e9 des personnes et le respect de l\u2019environnement lors de ses missions.","breadcrumb":{"@id":"https:\/\/www.abyssa.com\/fr\/qsse\/#breadcrumb"},"inLanguage":"fr-FR","potentialAction":[{"@type":"ReadAction","target":["https:\/\/www.abyssa.com\/fr\/qsse\/"]}]},{"@type":"BreadcrumbList","@id":"https:\/\/www.abyssa.com\/fr\/qsse\/#breadcrumb","itemListElement":[{"@type":"ListItem","position":1,"name":"Accueil","item":"https:\/\/www.abyssa.com\/fr\/"},{"@type":"ListItem","position":2,"name":"QSSE"}]},{"@type":"WebSite","@id":"https:\/\/www.abyssa.com\/fr\/#website","url":"https:\/\/www.abyssa.com\/fr\/","name":"Abyssa","description":"Soci\u00e9t\u00e9 fran\u00e7aise d&#039;exploration des grands fonds marins","potentialAction":[{"@type":"SearchAction","target":{"@type":"EntryPoint","urlTemplate":"https:\/\/www.abyssa.com\/fr\/?s={search_term_string}"},"query-input":{"@type":"PropertyValueSpecification","valueRequired":true,"valueName":"search_term_string"}}],"inLanguage":"fr-FR"}]}},"_links":{"self":[{"href":"https:\/\/www.abyssa.com\/fr\/wp-json\/wp\/v2\/pages\/235","targetHints":{"allow":["GET"]}}],"collection":[{"href":"https:\/\/www.abyssa.com\/fr\/wp-json\/wp\/v2\/pages"}],"about":[{"href":"https:\/\/www.abyssa.com\/fr\/wp-json\/wp\/v2\/types\/page"}],"author":[{"embeddable":true,"href":"https:\/\/www.abyssa.com\/fr\/wp-json\/wp\/v2\/users\/1"}],"replies":[{"embeddable":true,"href":"https:\/\/www.abyssa.com\/fr\/wp-json\/wp\/v2\/comments?post=235"}],"version-history":[{"count":0,"href":"https:\/\/www.abyssa.com\/fr\/wp-json\/wp\/v2\/pages\/235\/revisions"}],"wp:attachment":[{"href":"https:\/\/www.abyssa.com\/fr\/wp-json\/wp\/v2\/media?parent=235"}],"curies":[{"name":"wp","href":"https:\/\/api.w.org\/{rel}","templated":true}]}}