{"id":233,"date":"2021-03-17T16:50:39","date_gmt":"2021-03-17T15:50:39","guid":{"rendered":"http:\/\/www.abyssa.com\/abys2021\/?page_id=233"},"modified":"2022-07-26T16:57:17","modified_gmt":"2022-07-26T14:57:17","slug":"outils","status":"publish","type":"page","link":"https:\/\/www.abyssa.com\/fr\/outils\/","title":{"rendered":"Outils"},"content":{"rendered":"<div class=\"wpb-content-wrapper\"><p>[vc_row][vc_column]<div id=\"ultimate-heading-591769f585fce9d37\" class=\"uvc-heading ult-adjust-bottom-margin ultimate-heading-591769f585fce9d37 uvc-1695 \" data-hspacer=\"icon_only\"  data-halign=\"left\" style=\"text-align:left\"><div class=\"uvc-heading-spacer icon_only\" style=\"margin-bottom:20px;\"><div class=\"ult-just-icon-wrapper  \"><div class=\"align-icon\" style=\"text-align:left;\">\n<div class=\"aio-icon advanced \"  style=\"color:#697787;border-style:dashed;border-color:#697787;border-width:1px;width:45px;height:45px;line-height:45px;border-radius:500px;font-size:20px;\">\n\t<i class=\"icomoon-the7-font-the7-plus-04\"><\/i>\n<\/div><\/div><\/div><\/div><div class=\"uvc-main-heading ult-responsive\"  data-ultimate-target='.uvc-heading.ultimate-heading-591769f585fce9d37 h2'  data-responsive-json-new='{\"font-size\":\"desktop:50px;\",\"line-height\":\"desktop:60px;\"}' ><h2 style=\"font-family:&#039;Exo 2&#039;;font-weight:200;margin-bottom:25px;\">Des outils adapt\u00e9s \u00e0 vos besoins<\/h2><\/div><div class=\"uvc-sub-heading ult-responsive\"  data-ultimate-target='.uvc-heading.ultimate-heading-591769f585fce9d37 .uvc-sub-heading '  data-responsive-json-new='{\"font-size\":\"desktop:22px;\",\"line-height\":\"desktop:32px;\"}'  style=\"font-family:&#039;Exo 2&#039;;font-weight:200;margin-bottom:35px;\">Moyens de mesures embarqu\u00e9s, hauteur des AUVs au-dessus du fond\u2026 les outils ABYSSA s\u2019adaptent \u00e0 vos besoins !<\/div><\/div>[vc_row_inner gap=\u00a0\u00bb35&Prime; css=\u00a0\u00bb.vc_custom_1617882607012{margin-top: 35px !important;margin-bottom: 35px !important;}\u00a0\u00bb][vc_column_inner width=\u00a0\u00bb1\/2&Prime;][vc_column_text]Selon les besoins et le rendu souhait\u00e9, ABYSSA \u00e9quipe ses AUVs de diff\u00e9rents capteurs non intrusifs, acoustiques, optiques ou physico-chimiques.<\/p>\n<p>De m\u00eame, selon le niveau de pr\u00e9cision souhait\u00e9, ABYSSA propose un protocole exploratoire multi-\u00e9chelle en r\u00e9alisant diff\u00e9rents passages \u00e0 des altitudes de navigation diff\u00e9rentes. Il est ainsi possible de r\u00e9pondre \u00e0 des objectifs de d\u00e9tection r\u00e9gionale et\/ ou de caract\u00e9risation locale.[\/vc_column_text][\/vc_column_inner][vc_column_inner width=\u00a0\u00bb1\/2&Prime;][vc_column_text]Un des atouts ma\u00eetre de ABYSSA r\u00e9side dans l\u2019utilisation de la flotte So-Magical, destin\u00e9e \u00e0 la d\u00e9tection des amas sulfur\u00e9s. Compos\u00e9e de plusieurs AUVs interconnect\u00e9s navigant en simultan\u00e9s, la flotte So-Magical permet une d\u00e9tection des amas sulfur\u00e9s bien plus efficiente que toutes les solutions actuelles sur le march\u00e9.<\/p>\n<p>Chez ABYSSA, la R&amp;D (Recherche et D\u00e9veloppement) est un engagement constant, une pr\u00e9occupation de tous les moments pour les Directeurs Associ\u00e9s. Au-del\u00e0 de la flotte So-Magical, d\u2019autres projets sont en cours de d\u00e9veloppement.[\/vc_column_text][\/vc_column_inner][\/vc_row_inner][\/vc_column][\/vc_row][vc_row full_width=\u00a0\u00bbstretch_row_content\u00a0\u00bb equal_height=\u00a0\u00bbyes\u00a0\u00bb content_placement=\u00a0\u00bbmiddle\u00a0\u00bb][vc_column width=\u00a0\u00bb1\/4&Prime; css=\u00a0\u00bb.vc_custom_1617972654182{margin-top: 0px !important;margin-right: 0px !important;margin-bottom: 0px !important;margin-left: 0px !important;padding-top: 0px !important;padding-right: 0px !important;padding-bottom: 0px !important;padding-left: 0px !important;}\u00a0\u00bb]<div id=\"ultib3-91285125069f585fcea03a\" class=\" vc_custom_1622131193653 ultb3-box ult-adjust-bottom-margin  ultb3-hover-5\" style=\"background-color: rgba(55,73,95,0.3);\"><div class=\"ultb3-box-overlay\" style=\"background:rgba(55,73,95,0.4);\"><\/div><img decoding=\"async\" src=\"https:\/\/www.abyssa.com\/abys2021\/wp-content\/uploads\/2021\/04\/rendu-header.jpg\" style=\"\" class=\"ultb3-img ultb3-img-center\" alt=\"Abyssa\"\/><div id=\"Info-banner-wrap1463\" class=\"ultb3-info ib3-info-center\" data-animation=\"fadeInDown\" data-animation-delay=\"03\"><h2 class=\"ultb3-title ult-responsive\"  data-ultimate-target='#Info-banner-wrap1463 .ultb3-title'  data-responsive-json-new='{\"font-size\":\"desktop:34px;\",\"line-height\":\"desktop:44px;\"}'  style=\"font-family:Exo 2;font-weight:300;color:#ffffff;\">Ressources et rendus<\/h2><a href=\"http:\/\/www.abyssa.com\/fr\/outils\/ressources-et-rendus\/\"  class=\"ultb3-btn ult-responsive\"  data-ultimate-target='#Info-banner-wrap1463 .ultb3-btn'  data-responsive-json-new='{\"font-size\":\"desktop:20px;\",\"line-height\":\"desktop:30px;\"}'  style=\"font-family:Exo 2;font-weight:600;\">+<i class=\"Defaults-angle-right\"><\/i><\/a><\/div><\/div><style>\n\t\t\t\t\t#ultib3-91285125069f585fcea03a {\n\t\t\t\t\t\tmin-height:350px;\n\t\t\t\t\t}\n\t\t\t\t\t#ultib3-91285125069f585fcea03a img.ultb3-img {\n\t\t\t\t\t\theight: 400px;\n\t\t\t\t\t}\n\t\t\t\t\t#ultib3-91285125069f585fcea03a .ultb3-btn {\n\t\t\t\t\t\tborder:1px solid rgba(255,255,255,0.75);border-radius:50px;color:#f4f4f5;\n\t\t\t\t\t}\n\t\t\t\t\t#ultib3-91285125069f585fcea03a .ultb3-btn:hover {\n\t\t\t\t\t\tbackground:rgba(255,255,255,0.75);color:#1d2a39;\n\t\t\t\t\t}\n\t\t\t\t\t#ultib3-91285125069f585fcea03a .ultb3-btn:focus {\n\t\t\t\t\t\toutline: 2px solid #005fcc;\n\t\t\t\t\t\toutline-offset: 2px;\n\t\t\t\t\t}\n\t\t\t\t<\/style><style>\n\t\t\t\t\t\t@media (min-width: 1824px) {\n\t\t\t\t\t\t\t #ultib3-91285125069f585fcea03a img.ultb3-img {\n\t\t\t\t\t\t\t\theight:400px;\n\t\t\t\t\t\t\t}\n\t\t\t\t\t\t}\n\t\t\t\t\t<\/style><style>\n\t\t\t\t\t\t@media (max-width: 1199px) {\n\t\t\t\t\t\t\t #ultib3-91285125069f585fcea03a img.ultb3-img {\n\t\t\t\t\t\t\t\theight:400px;\n\t\t\t\t\t\t\t}\n\t\t\t\t\t\t}\n\t\t\t\t\t<\/style><style>\n\t\t\t\t\t\t@media (max-width: 991px) {\n\t\t\t\t\t\t\t #ultib3-91285125069f585fcea03a img.ultb3-img {\n\t\t\t\t\t\t\t\theight:400px;\n\t\t\t\t\t\t\t}\n\t\t\t\t\t\t}\n\t\t\t\t\t<\/style><style>\n\t\t\t\t\t\t@media (max-width: 767px) {\n\t\t\t\t\t\t\t #ultib3-91285125069f585fcea03a img.ultb3-img {\n\t\t\t\t\t\t\t\theight:400px;\n\t\t\t\t\t\t\t}\n\t\t\t\t\t\t}\n\t\t\t\t\t<\/style><style>\n\t\t\t\t\t\t@media (max-width: 479px) {\n\t\t\t\t\t\t\t #ultib3-91285125069f585fcea03a img.ultb3-img {\n\t\t\t\t\t\t\t\theight:400px;\n\t\t\t\t\t\t\t}\n\t\t\t\t\t\t}\n\t\t\t\t\t<\/style>[\/vc_column][vc_column width=\u00a0\u00bb1\/4&Prime; css=\u00a0\u00bb.vc_custom_1618479544798{margin: 0px !important;padding: 0px !important;}\u00a0\u00bb]<div id=\"ultib3-405145256869f585fcea286\" class=\" vc_custom_1622131202474 ultb3-box ult-adjust-bottom-margin  ultb3-hover-5\" style=\"background-color: #12446e;\"><div class=\"ultb3-box-overlay\" style=\"background:rgba(18,68,110,0.45);\"><\/div><img decoding=\"async\" src=\"https:\/\/www.abyssa.com\/abys2021\/wp-content\/uploads\/2021\/04\/abyssa-auv-prospection.jpg\" style=\"\" class=\"ultb3-img ultb3-img-center\" alt=\"ABYSSA : auv prospection\"\/><div id=\"Info-banner-wrap2054\" class=\"ultb3-info ib3-info-center\" data-animation=\"fadeInLeft\" data-animation-delay=\"03\"><h2 class=\"ultb3-title ult-responsive\"  data-ultimate-target='#Info-banner-wrap2054 .ultb3-title'  data-responsive-json-new='{\"font-size\":\"desktop:34px;\",\"line-height\":\"desktop:44px;\"}'  style=\"font-family:Exo 2;font-weight:300;color:#ffffff;\">Approche multi-\u00e9chelle<\/h2><a href=\"http:\/\/www.abyssa.com\/fr\/outils\/approche-multi-echelle\/\"  class=\"ultb3-btn ult-responsive\"  data-ultimate-target='#Info-banner-wrap2054 .ultb3-btn'  data-responsive-json-new='{\"font-size\":\"desktop:20px;\",\"line-height\":\"desktop:30px;\"}'  style=\"font-family:Exo 2;font-weight:600;\">+<i class=\"Defaults-angle-right\"><\/i><\/a><\/div><\/div><style>\n\t\t\t\t\t#ultib3-405145256869f585fcea286 {\n\t\t\t\t\t\tmin-height:350px;\n\t\t\t\t\t}\n\t\t\t\t\t#ultib3-405145256869f585fcea286 img.ultb3-img {\n\t\t\t\t\t\theight: 400px;\n\t\t\t\t\t}\n\t\t\t\t\t#ultib3-405145256869f585fcea286 .ultb3-btn {\n\t\t\t\t\t\tborder:1px solid rgba(255,255,255,0.75);border-radius:50px;color:#f4f4f5;\n\t\t\t\t\t}\n\t\t\t\t\t#ultib3-405145256869f585fcea286 .ultb3-btn:hover {\n\t\t\t\t\t\tbackground:rgba(255,255,255,0.75);color:#1d2a39;\n\t\t\t\t\t}\n\t\t\t\t\t#ultib3-405145256869f585fcea286 .ultb3-btn:focus {\n\t\t\t\t\t\toutline: 2px solid #005fcc;\n\t\t\t\t\t\toutline-offset: 2px;\n\t\t\t\t\t}\n\t\t\t\t<\/style><style>\n\t\t\t\t\t\t@media (min-width: 1824px) {\n\t\t\t\t\t\t\t #ultib3-405145256869f585fcea286 img.ultb3-img {\n\t\t\t\t\t\t\t\theight:400px;\n\t\t\t\t\t\t\t}\n\t\t\t\t\t\t}\n\t\t\t\t\t<\/style><style>\n\t\t\t\t\t\t@media (max-width: 1199px) {\n\t\t\t\t\t\t\t #ultib3-405145256869f585fcea286 img.ultb3-img {\n\t\t\t\t\t\t\t\theight:400px;\n\t\t\t\t\t\t\t}\n\t\t\t\t\t\t}\n\t\t\t\t\t<\/style><style>\n\t\t\t\t\t\t@media (max-width: 991px) {\n\t\t\t\t\t\t\t #ultib3-405145256869f585fcea286 img.ultb3-img {\n\t\t\t\t\t\t\t\theight:400px;\n\t\t\t\t\t\t\t}\n\t\t\t\t\t\t}\n\t\t\t\t\t<\/style><style>\n\t\t\t\t\t\t@media (max-width: 767px) {\n\t\t\t\t\t\t\t #ultib3-405145256869f585fcea286 img.ultb3-img {\n\t\t\t\t\t\t\t\theight:400px;\n\t\t\t\t\t\t\t}\n\t\t\t\t\t\t}\n\t\t\t\t\t<\/style><style>\n\t\t\t\t\t\t@media (max-width: 479px) {\n\t\t\t\t\t\t\t #ultib3-405145256869f585fcea286 img.ultb3-img {\n\t\t\t\t\t\t\t\theight:400px;\n\t\t\t\t\t\t\t}\n\t\t\t\t\t\t}\n\t\t\t\t\t<\/style>[\/vc_column][vc_column width=\u00a0\u00bb1\/4&Prime; css=\u00a0\u00bb.vc_custom_1617972648085{margin-top: 0px !important;margin-right: 0px !important;margin-bottom: 0px !important;margin-left: 0px !important;padding-top: 0px !important;padding-right: 0px !important;padding-bottom: 0px !important;padding-left: 0px !important;}\u00a0\u00bb]<div id=\"ultib3-357763307169f585fcea4b4\" class=\" vc_custom_1622131211791 ultb3-box ult-adjust-bottom-margin  ultb3-hover-5\" style=\"background-color: #f4f4f5;\"><div class=\"ultb3-box-overlay\" style=\"background:rgba(55,73,95,0.3);\"><\/div><img decoding=\"async\" src=\"https:\/\/www.abyssa.com\/abys2021\/wp-content\/uploads\/2021\/04\/abyssa-flotte-auv-1.jpg\" style=\"\" class=\"ultb3-img ultb3-img-center\" alt=\"ABYSSA flotte auv\"\/><div id=\"Info-banner-wrap8143\" class=\"ultb3-info ib3-info-center\" data-animation=\"fadeInUp\" data-animation-delay=\"03\"><h2 class=\"ultb3-title ult-responsive\"  data-ultimate-target='#Info-banner-wrap8143 .ultb3-title'  data-responsive-json-new='{\"font-size\":\"desktop:34px;\",\"line-height\":\"desktop:44px;\"}'  style=\"font-family:Exo 2;font-weight:300;color:#ffffff;\">Flotte So Magical<\/h2><a href=\"http:\/\/www.abyssa.com\/fr\/outils\/la-flotte-so-magical\/\"  class=\"ultb3-btn ult-responsive\"  data-ultimate-target='#Info-banner-wrap8143 .ultb3-btn'  data-responsive-json-new='{\"font-size\":\"desktop:20px;\",\"line-height\":\"desktop:30px;\"}'  style=\"font-family:Exo 2;font-weight:600;\">+<i class=\"Defaults-angle-right\"><\/i><\/a><\/div><\/div><style>\n\t\t\t\t\t#ultib3-357763307169f585fcea4b4 {\n\t\t\t\t\t\tmin-height:350px;\n\t\t\t\t\t}\n\t\t\t\t\t#ultib3-357763307169f585fcea4b4 img.ultb3-img {\n\t\t\t\t\t\theight: 400px;\n\t\t\t\t\t}\n\t\t\t\t\t#ultib3-357763307169f585fcea4b4 .ultb3-btn {\n\t\t\t\t\t\tborder:1px solid rgba(255,255,255,0.75);border-radius:50px;color:#f4f4f5;\n\t\t\t\t\t}\n\t\t\t\t\t#ultib3-357763307169f585fcea4b4 .ultb3-btn:hover {\n\t\t\t\t\t\tbackground:rgba(255,255,255,0.75);color:#1d2a39;\n\t\t\t\t\t}\n\t\t\t\t\t#ultib3-357763307169f585fcea4b4 .ultb3-btn:focus {\n\t\t\t\t\t\toutline: 2px solid #005fcc;\n\t\t\t\t\t\toutline-offset: 2px;\n\t\t\t\t\t}\n\t\t\t\t<\/style><style>\n\t\t\t\t\t\t@media (min-width: 1824px) {\n\t\t\t\t\t\t\t #ultib3-357763307169f585fcea4b4 img.ultb3-img {\n\t\t\t\t\t\t\t\theight:400px;\n\t\t\t\t\t\t\t}\n\t\t\t\t\t\t}\n\t\t\t\t\t<\/style><style>\n\t\t\t\t\t\t@media (max-width: 1199px) {\n\t\t\t\t\t\t\t #ultib3-357763307169f585fcea4b4 img.ultb3-img {\n\t\t\t\t\t\t\t\theight:400px;\n\t\t\t\t\t\t\t}\n\t\t\t\t\t\t}\n\t\t\t\t\t<\/style><style>\n\t\t\t\t\t\t@media (max-width: 991px) {\n\t\t\t\t\t\t\t #ultib3-357763307169f585fcea4b4 img.ultb3-img {\n\t\t\t\t\t\t\t\theight:400px;\n\t\t\t\t\t\t\t}\n\t\t\t\t\t\t}\n\t\t\t\t\t<\/style><style>\n\t\t\t\t\t\t@media (max-width: 767px) {\n\t\t\t\t\t\t\t #ultib3-357763307169f585fcea4b4 img.ultb3-img {\n\t\t\t\t\t\t\t\theight:400px;\n\t\t\t\t\t\t\t}\n\t\t\t\t\t\t}\n\t\t\t\t\t<\/style><style>\n\t\t\t\t\t\t@media (max-width: 479px) {\n\t\t\t\t\t\t\t #ultib3-357763307169f585fcea4b4 img.ultb3-img {\n\t\t\t\t\t\t\t\theight:400px;\n\t\t\t\t\t\t\t}\n\t\t\t\t\t\t}\n\t\t\t\t\t<\/style>[\/vc_column][vc_column width=\u00a0\u00bb1\/4&Prime; css=\u00a0\u00bb.vc_custom_1617972661252{margin-top: 0px !important;margin-right: 0px !important;margin-bottom: 0px !important;margin-left: 0px !important;padding-top: 0px !important;padding-right: 0px !important;padding-bottom: 0px !important;padding-left: 0px !important;}\u00a0\u00bb]<div id=\"ultib3-38370268869f585fcea6e5\" class=\" vc_custom_1622131222299 ultb3-box ult-adjust-bottom-margin  ultb3-hover-5\" style=\"background-color: #12446e;\"><div class=\"ultb3-box-overlay\" style=\"background:rgba(18,68,110,0.45);\"><\/div><img decoding=\"async\" src=\"https:\/\/www.abyssa.com\/abys2021\/wp-content\/uploads\/2021\/04\/nautilus-auv.jpg\" style=\"\" class=\"ultb3-img ultb3-img-center\" alt=\"Nautilus\"\/><div id=\"Info-banner-wrap9186\" class=\"ultb3-info ib3-info-center\" data-animation=\"fadeInLeft\" data-animation-delay=\"03\"><h2 class=\"ultb3-title ult-responsive\"  data-ultimate-target='#Info-banner-wrap9186 .ultb3-title'  data-responsive-json-new='{\"font-size\":\"desktop:34px;\",\"line-height\":\"desktop:44px;\"}'  style=\"font-family:Exo 2;font-weight:300;color:#ffffff;\">R&amp;D<\/h2><a href=\"http:\/\/www.abyssa.com\/fr\/outils\/recherche-et-developpement\/\"  class=\"ultb3-btn ult-responsive\"  data-ultimate-target='#Info-banner-wrap9186 .ultb3-btn'  data-responsive-json-new='{\"font-size\":\"desktop:20px;\",\"line-height\":\"desktop:30px;\"}'  style=\"font-family:Exo 2;font-weight:600;\">+<i class=\"Defaults-angle-right\"><\/i><\/a><\/div><\/div><style>\n\t\t\t\t\t#ultib3-38370268869f585fcea6e5 {\n\t\t\t\t\t\tmin-height:350px;\n\t\t\t\t\t}\n\t\t\t\t\t#ultib3-38370268869f585fcea6e5 img.ultb3-img {\n\t\t\t\t\t\theight: 400px;\n\t\t\t\t\t}\n\t\t\t\t\t#ultib3-38370268869f585fcea6e5 .ultb3-btn {\n\t\t\t\t\t\tborder:1px solid rgba(255,255,255,0.75);border-radius:50px;color:#f4f4f5;\n\t\t\t\t\t}\n\t\t\t\t\t#ultib3-38370268869f585fcea6e5 .ultb3-btn:hover {\n\t\t\t\t\t\tbackground:rgba(255,255,255,0.75);color:#1d2a39;\n\t\t\t\t\t}\n\t\t\t\t\t#ultib3-38370268869f585fcea6e5 .ultb3-btn:focus {\n\t\t\t\t\t\toutline: 2px solid #005fcc;\n\t\t\t\t\t\toutline-offset: 2px;\n\t\t\t\t\t}\n\t\t\t\t<\/style><style>\n\t\t\t\t\t\t@media (min-width: 1824px) {\n\t\t\t\t\t\t\t #ultib3-38370268869f585fcea6e5 img.ultb3-img {\n\t\t\t\t\t\t\t\theight:400px;\n\t\t\t\t\t\t\t}\n\t\t\t\t\t\t}\n\t\t\t\t\t<\/style><style>\n\t\t\t\t\t\t@media (max-width: 1199px) {\n\t\t\t\t\t\t\t #ultib3-38370268869f585fcea6e5 img.ultb3-img {\n\t\t\t\t\t\t\t\theight:400px;\n\t\t\t\t\t\t\t}\n\t\t\t\t\t\t}\n\t\t\t\t\t<\/style><style>\n\t\t\t\t\t\t@media (max-width: 991px) {\n\t\t\t\t\t\t\t #ultib3-38370268869f585fcea6e5 img.ultb3-img {\n\t\t\t\t\t\t\t\theight:400px;\n\t\t\t\t\t\t\t}\n\t\t\t\t\t\t}\n\t\t\t\t\t<\/style><style>\n\t\t\t\t\t\t@media (max-width: 767px) {\n\t\t\t\t\t\t\t #ultib3-38370268869f585fcea6e5 img.ultb3-img {\n\t\t\t\t\t\t\t\theight:400px;\n\t\t\t\t\t\t\t}\n\t\t\t\t\t\t}\n\t\t\t\t\t<\/style><style>\n\t\t\t\t\t\t@media (max-width: 479px) {\n\t\t\t\t\t\t\t #ultib3-38370268869f585fcea6e5 img.ultb3-img {\n\t\t\t\t\t\t\t\theight:400px;\n\t\t\t\t\t\t\t}\n\t\t\t\t\t\t}\n\t\t\t\t\t<\/style>[\/vc_column][\/vc_row]<\/p>\n<\/div>","protected":false},"excerpt":{"rendered":"<p>[vc_row][vc_column][vc_row_inner gap=\u00a0\u00bb35&Prime; css=\u00a0\u00bb.vc_custom_1617882607012{margin-top: 35px !important;margin-bottom: 35px !important;}\u00a0\u00bb][vc_column_inner width=\u00a0\u00bb1\/2&Prime;][vc_column_text]Selon les besoins et le rendu souhait\u00e9, ABYSSA \u00e9quipe ses AUVs de diff\u00e9rents capteurs non intrusifs, acoustiques, optiques ou physico-chimiques. De m\u00eame, selon le niveau de pr\u00e9cision souhait\u00e9, ABYSSA propose un protocole exploratoire multi-\u00e9chelle en r\u00e9alisant diff\u00e9rents passages \u00e0 des altitudes de navigation diff\u00e9rentes. Il est ainsi possible&hellip;<\/p>\n","protected":false},"author":1,"featured_media":0,"parent":0,"menu_order":0,"comment_status":"closed","ping_status":"closed","template":"","meta":{"footnotes":""},"class_list":["post-233","page","type-page","status-publish","hentry","description-off"],"yoast_head":"<!-- This site is optimized with the Yoast SEO plugin v26.7 - https:\/\/yoast.com\/wordpress\/plugins\/seo\/ -->\n<title>Outils - Abyssa<\/title>\n<meta name=\"description\" content=\"Exploration des grands fonds : ABYSSA \u00e9quipe ses AUV de diff\u00e9rents capteurs non intrusifs, acoustiques, optiques ou physico-chimiques.\" \/>\n<meta name=\"robots\" content=\"index, follow, max-snippet:-1, max-image-preview:large, max-video-preview:-1\" \/>\n<link rel=\"canonical\" href=\"https:\/\/www.abyssa.com\/fr\/outils\/\" \/>\n<meta property=\"og:locale\" content=\"fr_FR\" \/>\n<meta property=\"og:type\" content=\"article\" \/>\n<meta property=\"og:title\" content=\"Outils - Abyssa\" \/>\n<meta property=\"og:description\" content=\"Exploration des grands fonds : ABYSSA \u00e9quipe ses AUV de diff\u00e9rents capteurs non intrusifs, acoustiques, optiques ou physico-chimiques.\" \/>\n<meta property=\"og:url\" content=\"https:\/\/www.abyssa.com\/fr\/outils\/\" \/>\n<meta property=\"og:site_name\" content=\"Abyssa\" \/>\n<meta property=\"article:modified_time\" content=\"2022-07-26T14:57:17+00:00\" \/>\n<meta name=\"twitter:card\" content=\"summary_large_image\" \/>\n<meta name=\"twitter:label1\" content=\"Dur\u00e9e de lecture estim\u00e9e\" \/>\n\t<meta name=\"twitter:data1\" content=\"3 minutes\" \/>\n<script type=\"application\/ld+json\" class=\"yoast-schema-graph\">{\"@context\":\"https:\/\/schema.org\",\"@graph\":[{\"@type\":\"WebPage\",\"@id\":\"https:\/\/www.abyssa.com\/fr\/outils\/\",\"url\":\"https:\/\/www.abyssa.com\/fr\/outils\/\",\"name\":\"Outils - Abyssa\",\"isPartOf\":{\"@id\":\"https:\/\/www.abyssa.com\/fr\/#website\"},\"datePublished\":\"2021-03-17T15:50:39+00:00\",\"dateModified\":\"2022-07-26T14:57:17+00:00\",\"description\":\"Exploration des grands fonds : ABYSSA \u00e9quipe ses AUV de diff\u00e9rents capteurs non intrusifs, acoustiques, optiques ou physico-chimiques.\",\"breadcrumb\":{\"@id\":\"https:\/\/www.abyssa.com\/fr\/outils\/#breadcrumb\"},\"inLanguage\":\"fr-FR\",\"potentialAction\":[{\"@type\":\"ReadAction\",\"target\":[\"https:\/\/www.abyssa.com\/fr\/outils\/\"]}]},{\"@type\":\"BreadcrumbList\",\"@id\":\"https:\/\/www.abyssa.com\/fr\/outils\/#breadcrumb\",\"itemListElement\":[{\"@type\":\"ListItem\",\"position\":1,\"name\":\"Accueil\",\"item\":\"https:\/\/www.abyssa.com\/fr\/\"},{\"@type\":\"ListItem\",\"position\":2,\"name\":\"Outils\"}]},{\"@type\":\"WebSite\",\"@id\":\"https:\/\/www.abyssa.com\/fr\/#website\",\"url\":\"https:\/\/www.abyssa.com\/fr\/\",\"name\":\"Abyssa\",\"description\":\"Soci\u00e9t\u00e9 fran\u00e7aise d&#039;exploration des grands fonds marins\",\"potentialAction\":[{\"@type\":\"SearchAction\",\"target\":{\"@type\":\"EntryPoint\",\"urlTemplate\":\"https:\/\/www.abyssa.com\/fr\/?s={search_term_string}\"},\"query-input\":{\"@type\":\"PropertyValueSpecification\",\"valueRequired\":true,\"valueName\":\"search_term_string\"}}],\"inLanguage\":\"fr-FR\"}]}<\/script>\n<!-- \/ Yoast SEO plugin. -->","yoast_head_json":{"title":"Outils - Abyssa","description":"Exploration des grands fonds : ABYSSA \u00e9quipe ses AUV de diff\u00e9rents capteurs non intrusifs, acoustiques, optiques ou physico-chimiques.","robots":{"index":"index","follow":"follow","max-snippet":"max-snippet:-1","max-image-preview":"max-image-preview:large","max-video-preview":"max-video-preview:-1"},"canonical":"https:\/\/www.abyssa.com\/fr\/outils\/","og_locale":"fr_FR","og_type":"article","og_title":"Outils - Abyssa","og_description":"Exploration des grands fonds : ABYSSA \u00e9quipe ses AUV de diff\u00e9rents capteurs non intrusifs, acoustiques, optiques ou physico-chimiques.","og_url":"https:\/\/www.abyssa.com\/fr\/outils\/","og_site_name":"Abyssa","article_modified_time":"2022-07-26T14:57:17+00:00","twitter_card":"summary_large_image","twitter_misc":{"Dur\u00e9e de lecture estim\u00e9e":"3 minutes"},"schema":{"@context":"https:\/\/schema.org","@graph":[{"@type":"WebPage","@id":"https:\/\/www.abyssa.com\/fr\/outils\/","url":"https:\/\/www.abyssa.com\/fr\/outils\/","name":"Outils - Abyssa","isPartOf":{"@id":"https:\/\/www.abyssa.com\/fr\/#website"},"datePublished":"2021-03-17T15:50:39+00:00","dateModified":"2022-07-26T14:57:17+00:00","description":"Exploration des grands fonds : ABYSSA \u00e9quipe ses AUV de diff\u00e9rents capteurs non intrusifs, acoustiques, optiques ou physico-chimiques.","breadcrumb":{"@id":"https:\/\/www.abyssa.com\/fr\/outils\/#breadcrumb"},"inLanguage":"fr-FR","potentialAction":[{"@type":"ReadAction","target":["https:\/\/www.abyssa.com\/fr\/outils\/"]}]},{"@type":"BreadcrumbList","@id":"https:\/\/www.abyssa.com\/fr\/outils\/#breadcrumb","itemListElement":[{"@type":"ListItem","position":1,"name":"Accueil","item":"https:\/\/www.abyssa.com\/fr\/"},{"@type":"ListItem","position":2,"name":"Outils"}]},{"@type":"WebSite","@id":"https:\/\/www.abyssa.com\/fr\/#website","url":"https:\/\/www.abyssa.com\/fr\/","name":"Abyssa","description":"Soci\u00e9t\u00e9 fran\u00e7aise d&#039;exploration des grands fonds marins","potentialAction":[{"@type":"SearchAction","target":{"@type":"EntryPoint","urlTemplate":"https:\/\/www.abyssa.com\/fr\/?s={search_term_string}"},"query-input":{"@type":"PropertyValueSpecification","valueRequired":true,"valueName":"search_term_string"}}],"inLanguage":"fr-FR"}]}},"_links":{"self":[{"href":"https:\/\/www.abyssa.com\/fr\/wp-json\/wp\/v2\/pages\/233","targetHints":{"allow":["GET"]}}],"collection":[{"href":"https:\/\/www.abyssa.com\/fr\/wp-json\/wp\/v2\/pages"}],"about":[{"href":"https:\/\/www.abyssa.com\/fr\/wp-json\/wp\/v2\/types\/page"}],"author":[{"embeddable":true,"href":"https:\/\/www.abyssa.com\/fr\/wp-json\/wp\/v2\/users\/1"}],"replies":[{"embeddable":true,"href":"https:\/\/www.abyssa.com\/fr\/wp-json\/wp\/v2\/comments?post=233"}],"version-history":[{"count":0,"href":"https:\/\/www.abyssa.com\/fr\/wp-json\/wp\/v2\/pages\/233\/revisions"}],"wp:attachment":[{"href":"https:\/\/www.abyssa.com\/fr\/wp-json\/wp\/v2\/media?parent=233"}],"curies":[{"name":"wp","href":"https:\/\/api.w.org\/{rel}","templated":true}]}}