{"id":1650,"date":"2021-04-08T09:44:54","date_gmt":"2021-04-08T07:44:54","guid":{"rendered":"http:\/\/www.abyssa.com\/abys2021\/qhse\/impacts-environnementaux\/"},"modified":"2021-05-27T11:25:15","modified_gmt":"2021-05-27T09:25:15","slug":"impact-on-the-environment","status":"publish","type":"page","link":"https:\/\/www.abyssa.com\/en\/qhse\/impact-on-the-environment\/","title":{"rendered":"Impact on the environment"},"content":{"rendered":"<div class=\"wpb-content-wrapper\"><p>[vc_row enable_overlay=&#8221;enable_overlay_value&#8221; overlay_color=&#8221;rgba(244,244,245,0.55)&#8221; seperator_enable=&#8221;seperator_enable_value&#8221; seperator_position=&#8221;bottom_seperator&#8221; icon_type=&#8221;selector&#8221; icon=&#8221;icomoon-the7-font-the7-arrow-29-1&#8243; icon_size=&#8221;25&#8243; icon_color=&#8221;#ffffff&#8221; icon_style=&#8221;circle&#8221; icon_color_bg=&#8221;#37495f&#8221; css=&#8221;.vc_custom_1617957296691{margin-top: 0px !important;margin-bottom: 0px !important;border-bottom-width: 35px !important;}&#8221;][vc_column]<div id=\"ultimate-heading-208169e734528afad\" class=\"uvc-heading ult-adjust-bottom-margin ultimate-heading-208169e734528afad uvc-9619 \" data-hspacer=\"icon_only\"  data-halign=\"left\" style=\"text-align:left\"><div class=\"uvc-heading-spacer icon_only\" style=\"margin-bottom:20px;\"><div class=\"ult-just-icon-wrapper  \"><div class=\"align-icon\" style=\"text-align:left;\">\n<div class=\"aio-icon advanced \"  style=\"color:#697787;border-style:dashed;border-color:#697787;border-width:1px;width:45px;height:45px;line-height:45px;border-radius:500px;font-size:20px;\">\n\t<i class=\"fab fa-envira\"><\/i>\n<\/div><\/div><\/div><\/div><div class=\"uvc-main-heading ult-responsive\"  data-ultimate-target='.uvc-heading.ultimate-heading-208169e734528afad h2'  data-responsive-json-new='{\"font-size\":\"desktop:50px;\",\"line-height\":\"desktop:60px;\"}' ><h2 style=\"font-family:&#039;Exo 2&#039;;font-weight:200;margin-bottom:25px;\">The environment is what matters most for ABYSSA<\/h2><\/div><div class=\"uvc-sub-heading ult-responsive\"  data-ultimate-target='.uvc-heading.ultimate-heading-208169e734528afad .uvc-sub-heading '  data-responsive-json-new='{\"font-size\":\"desktop:22px;\",\"line-height\":\"desktop:32px;\"}'  style=\"font-family:&#039;Exo 2&#039;;font-weight:200;margin-bottom:35px;\">Ensuring that environmental issues are taken into consideration is ABYSSA&#8217;s top concern. Exploring the deep ocean floor entails the use of a wide range of nautical vessels and equipment and human resources, which, inevitably, have an impact on the environment.<\/div><\/div>[vc_column_text]Prior to any oceanography campaign, we systematically assess the impact that our activities may have on the environment, set out in an <strong>Environmental Impact Statement (EIS)<\/strong>. This document, drafted for each individual project, identifies any potential sources of impact and assesses the project&#8217;s carbon footprint, with a view to <strong>reducing<\/strong> our potential environmental impact <strong>as far as possible<\/strong>.<\/p>\n<p>All oceanography expeditions have an impact, however minimal, on the environment. Our aim is to plan and carry out operations to ensure that that impact is as low as possible.<br \/>\nData acquired during each project will be used to gain a deeper understanding of these environments and thereby improve our impact assessments.[\/vc_column_text][\/vc_column][\/vc_row][vc_row full_width=&#8221;stretch_row&#8221; gap=&#8221;35&#8243; bg_type=&#8221;image&#8221; parallax_style=&#8221;vcpb-default&#8221; bg_image_new=&#8221;id^1442|url^https:\/\/www.abyssa.com\/abys2021\/wp-content\/uploads\/2021\/04\/abyssa-environement-ok.jpg|caption^\u00a9 Ifremer\/CNRS, MOMARSAT, 2020 \u2013 https:\/\/doi.org\/10.18142\/130|alt^null|title^Impacts environnementaux|description^null&#8221; bg_image_repeat=&#8221;no-repeat&#8221; bg_img_attach=&#8221;fixed&#8221; bg_override=&#8221;ex-full&#8221; enable_overlay=&#8221;enable_overlay_value&#8221; overlay_color=&#8221;rgba(55,73,95,0.8)&#8221; css=&#8221;.vc_custom_1622020942279{margin-top: 0px !important;margin-bottom: 0px !important;}&#8221;][vc_column width=&#8221;1\/2&#8243;]<div id=\"ultimate-heading-307269e734528b06a\" class=\"uvc-heading ult-adjust-bottom-margin ultimate-heading-307269e734528b06a uvc-4412 \" data-hspacer=\"no_spacer\"  data-halign=\"left\" style=\"text-align:left\"><div class=\"uvc-heading-spacer no_spacer\" style=\"top\"><\/div><div class=\"uvc-main-heading ult-responsive\"  data-ultimate-target='.uvc-heading.ultimate-heading-307269e734528b06a h2'  data-responsive-json-new='{\"font-size\":\"desktop:45px;\",\"line-height\":\"desktop:55px;\"}' ><h2 style=\"font-family:&#039;Exo 2&#039;;font-weight:200;color:#f4f4f5;margin-bottom:25px;\">Environmental Impact Statement (EIS)<\/h2><\/div><div class=\"uvc-sub-heading ult-responsive\"  data-ultimate-target='.uvc-heading.ultimate-heading-307269e734528b06a .uvc-sub-heading '  data-responsive-json-new='{\"font-size\":\"desktop:16px;\",\"line-height\":\"desktop:26px;\"}'  style=\"font-family:&#039;Exo 2&#039;;font-weight:300;color:#f4f4f5;\">The EIS assesses whether the proposed exploration work is compatible with environmental concerns. The general principle involved in drawing up an EIS is to look ahead to the consequences that the project may have on the natural and human environment. After describing these consequences in detail, solutions to avoid, reduce or mitigate their impact can be sought and proposed.<\/div><\/div>[\/vc_column][vc_column width=&#8221;1\/2&#8243;][vc_column_text]<\/p>\n<p style=\"color: #fff;\">Our Environmental Impact Statements therefore systematically include the following points:<\/p>\n<ul style=\"color: #fff;\">\n<li style=\"text-align: left;\">Description of the natural and human environment, i.e. in its initial state (environmental baseline);<\/li>\n<li style=\"text-align: left;\">Description of our exploration operations, primarily focusing on those components liable to involve interaction with the environment (nautical equipment and submersibles, acoustic measurements, noise and artificial lighting, etc.);<\/li>\n<li style=\"text-align: left;\">Description of our planned activities in light of the natural and human environment, entailing analysis of the impact of each component part of the sea campaign (direct and indirect consequences and their intensity, etc.);<\/li>\n<li style=\"text-align: left;\">Description of the measures proposed to avoid, reduce or mitigate any impact identified.<\/li>\n<\/ul>\n<p>[\/vc_column_text][vc_column_text css=&#8221;.vc_custom_1622020276119{margin-bottom: 10px !important;}&#8221;]<\/p>\n<p style=\"font-size: 9px; line-height: 11px; color: #fff;\">\u00a9 Ifremer\/CNRS, MOMARSAT, 2020 \u2013 https:\/\/doi.org\/10.18142\/130<\/p>\n<p>[\/vc_column_text][\/vc_column][\/vc_row]<\/p>\n<\/div>","protected":false},"excerpt":{"rendered":"<p>[vc_row enable_overlay=&#8221;enable_overlay_value&#8221; overlay_color=&#8221;rgba(244,244,245,0.55)&#8221; seperator_enable=&#8221;seperator_enable_value&#8221; seperator_position=&#8221;bottom_seperator&#8221; icon_type=&#8221;selector&#8221; icon=&#8221;icomoon-the7-font-the7-arrow-29-1&#8243; icon_size=&#8221;25&#8243; icon_color=&#8221;#ffffff&#8221; icon_style=&#8221;circle&#8221; icon_color_bg=&#8221;#37495f&#8221; css=&#8221;.vc_custom_1617957296691{margin-top: 0px !important;margin-bottom: 0px !important;border-bottom-width: 35px !important;}&#8221;][vc_column][vc_column_text]Prior to any oceanography campaign, we systematically assess the impact that our activities may have on the environment, set out in an Environmental Impact Statement (EIS). This document, drafted for each individual project, identifies any potential sources of&hellip;<\/p>\n","protected":false},"author":1,"featured_media":0,"parent":1647,"menu_order":1,"comment_status":"closed","ping_status":"closed","template":"","meta":{"footnotes":""},"class_list":["post-1650","page","type-page","status-publish","hentry","description-off"],"yoast_head":"<!-- This site is optimized with the Yoast SEO plugin v26.7 - https:\/\/yoast.com\/wordpress\/plugins\/seo\/ -->\n<title>Impact on the environment - Abyssa<\/title>\n<meta name=\"description\" content=\"Upstream and downstream of its deep-sea exploration missions, ABYSSA works daily to reduce its environmental impact.\" \/>\n<meta name=\"robots\" content=\"index, follow, max-snippet:-1, max-image-preview:large, max-video-preview:-1\" \/>\n<link rel=\"canonical\" href=\"https:\/\/www.abyssa.com\/en\/qhse\/impact-on-the-environment\/\" \/>\n<meta property=\"og:locale\" content=\"en_US\" \/>\n<meta property=\"og:type\" content=\"article\" \/>\n<meta property=\"og:title\" content=\"Impact on the environment - Abyssa\" \/>\n<meta property=\"og:description\" content=\"Upstream and downstream of its deep-sea exploration missions, ABYSSA works daily to reduce its environmental impact.\" \/>\n<meta property=\"og:url\" content=\"https:\/\/www.abyssa.com\/en\/qhse\/impact-on-the-environment\/\" \/>\n<meta property=\"og:site_name\" content=\"Abyssa\" \/>\n<meta property=\"article:modified_time\" content=\"2021-05-27T09:25:15+00:00\" \/>\n<meta name=\"twitter:card\" content=\"summary_large_image\" \/>\n<meta name=\"twitter:label1\" content=\"Est. reading time\" \/>\n\t<meta name=\"twitter:data1\" content=\"2 minutes\" \/>\n<script type=\"application\/ld+json\" class=\"yoast-schema-graph\">{\"@context\":\"https:\/\/schema.org\",\"@graph\":[{\"@type\":\"WebPage\",\"@id\":\"https:\/\/www.abyssa.com\/en\/qhse\/impact-on-the-environment\/\",\"url\":\"https:\/\/www.abyssa.com\/en\/qhse\/impact-on-the-environment\/\",\"name\":\"Impact on the environment - Abyssa\",\"isPartOf\":{\"@id\":\"https:\/\/www.abyssa.com\/en\/#website\"},\"datePublished\":\"2021-04-08T07:44:54+00:00\",\"dateModified\":\"2021-05-27T09:25:15+00:00\",\"description\":\"Upstream and downstream of its deep-sea exploration missions, ABYSSA works daily to reduce its environmental impact.\",\"breadcrumb\":{\"@id\":\"https:\/\/www.abyssa.com\/en\/qhse\/impact-on-the-environment\/#breadcrumb\"},\"inLanguage\":\"en-US\",\"potentialAction\":[{\"@type\":\"ReadAction\",\"target\":[\"https:\/\/www.abyssa.com\/en\/qhse\/impact-on-the-environment\/\"]}]},{\"@type\":\"BreadcrumbList\",\"@id\":\"https:\/\/www.abyssa.com\/en\/qhse\/impact-on-the-environment\/#breadcrumb\",\"itemListElement\":[{\"@type\":\"ListItem\",\"position\":1,\"name\":\"Accueil\",\"item\":\"https:\/\/www.abyssa.com\/en\/\"},{\"@type\":\"ListItem\",\"position\":2,\"name\":\"QHSE\",\"item\":\"https:\/\/www.abyssa.com\/en\/qhse\/\"},{\"@type\":\"ListItem\",\"position\":3,\"name\":\"Impact on the environment\"}]},{\"@type\":\"WebSite\",\"@id\":\"https:\/\/www.abyssa.com\/en\/#website\",\"url\":\"https:\/\/www.abyssa.com\/en\/\",\"name\":\"Abyssa\",\"description\":\"Soci\u00e9t\u00e9 fran\u00e7aise d&#039;exploration des grands fonds marins\",\"potentialAction\":[{\"@type\":\"SearchAction\",\"target\":{\"@type\":\"EntryPoint\",\"urlTemplate\":\"https:\/\/www.abyssa.com\/en\/?s={search_term_string}\"},\"query-input\":{\"@type\":\"PropertyValueSpecification\",\"valueRequired\":true,\"valueName\":\"search_term_string\"}}],\"inLanguage\":\"en-US\"}]}<\/script>\n<!-- \/ Yoast SEO plugin. -->","yoast_head_json":{"title":"Impact on the environment - Abyssa","description":"Upstream and downstream of its deep-sea exploration missions, ABYSSA works daily to reduce its environmental impact.","robots":{"index":"index","follow":"follow","max-snippet":"max-snippet:-1","max-image-preview":"max-image-preview:large","max-video-preview":"max-video-preview:-1"},"canonical":"https:\/\/www.abyssa.com\/en\/qhse\/impact-on-the-environment\/","og_locale":"en_US","og_type":"article","og_title":"Impact on the environment - Abyssa","og_description":"Upstream and downstream of its deep-sea exploration missions, ABYSSA works daily to reduce its environmental impact.","og_url":"https:\/\/www.abyssa.com\/en\/qhse\/impact-on-the-environment\/","og_site_name":"Abyssa","article_modified_time":"2021-05-27T09:25:15+00:00","twitter_card":"summary_large_image","twitter_misc":{"Est. reading time":"2 minutes"},"schema":{"@context":"https:\/\/schema.org","@graph":[{"@type":"WebPage","@id":"https:\/\/www.abyssa.com\/en\/qhse\/impact-on-the-environment\/","url":"https:\/\/www.abyssa.com\/en\/qhse\/impact-on-the-environment\/","name":"Impact on the environment - Abyssa","isPartOf":{"@id":"https:\/\/www.abyssa.com\/en\/#website"},"datePublished":"2021-04-08T07:44:54+00:00","dateModified":"2021-05-27T09:25:15+00:00","description":"Upstream and downstream of its deep-sea exploration missions, ABYSSA works daily to reduce its environmental impact.","breadcrumb":{"@id":"https:\/\/www.abyssa.com\/en\/qhse\/impact-on-the-environment\/#breadcrumb"},"inLanguage":"en-US","potentialAction":[{"@type":"ReadAction","target":["https:\/\/www.abyssa.com\/en\/qhse\/impact-on-the-environment\/"]}]},{"@type":"BreadcrumbList","@id":"https:\/\/www.abyssa.com\/en\/qhse\/impact-on-the-environment\/#breadcrumb","itemListElement":[{"@type":"ListItem","position":1,"name":"Accueil","item":"https:\/\/www.abyssa.com\/en\/"},{"@type":"ListItem","position":2,"name":"QHSE","item":"https:\/\/www.abyssa.com\/en\/qhse\/"},{"@type":"ListItem","position":3,"name":"Impact on the environment"}]},{"@type":"WebSite","@id":"https:\/\/www.abyssa.com\/en\/#website","url":"https:\/\/www.abyssa.com\/en\/","name":"Abyssa","description":"Soci\u00e9t\u00e9 fran\u00e7aise d&#039;exploration des grands fonds marins","potentialAction":[{"@type":"SearchAction","target":{"@type":"EntryPoint","urlTemplate":"https:\/\/www.abyssa.com\/en\/?s={search_term_string}"},"query-input":{"@type":"PropertyValueSpecification","valueRequired":true,"valueName":"search_term_string"}}],"inLanguage":"en-US"}]}},"_links":{"self":[{"href":"https:\/\/www.abyssa.com\/en\/wp-json\/wp\/v2\/pages\/1650","targetHints":{"allow":["GET"]}}],"collection":[{"href":"https:\/\/www.abyssa.com\/en\/wp-json\/wp\/v2\/pages"}],"about":[{"href":"https:\/\/www.abyssa.com\/en\/wp-json\/wp\/v2\/types\/page"}],"author":[{"embeddable":true,"href":"https:\/\/www.abyssa.com\/en\/wp-json\/wp\/v2\/users\/1"}],"replies":[{"embeddable":true,"href":"https:\/\/www.abyssa.com\/en\/wp-json\/wp\/v2\/comments?post=1650"}],"version-history":[{"count":0,"href":"https:\/\/www.abyssa.com\/en\/wp-json\/wp\/v2\/pages\/1650\/revisions"}],"up":[{"embeddable":true,"href":"https:\/\/www.abyssa.com\/en\/wp-json\/wp\/v2\/pages\/1647"}],"wp:attachment":[{"href":"https:\/\/www.abyssa.com\/en\/wp-json\/wp\/v2\/media?parent=1650"}],"curies":[{"name":"wp","href":"https:\/\/api.w.org\/{rel}","templated":true}]}}