{"id":1647,"date":"2021-03-17T16:50:39","date_gmt":"2021-03-17T15:50:39","guid":{"rendered":"http:\/\/www.abyssa.com\/abys2021\/qsse\/"},"modified":"2021-05-27T18:08:48","modified_gmt":"2021-05-27T16:08:48","slug":"qhse","status":"publish","type":"page","link":"https:\/\/www.abyssa.com\/en\/qhse\/","title":{"rendered":"QHSE"},"content":{"rendered":"<div class=\"wpb-content-wrapper\"><p>[vc_row css=&#8221;.vc_custom_1616078071942{margin-bottom: 50px !important;}&#8221;][vc_column]<div id=\"ultimate-heading-75836a01e70bf0569\" class=\"uvc-heading ult-adjust-bottom-margin ultimate-heading-75836a01e70bf0569 uvc-5698 \" data-hspacer=\"icon_only\"  data-halign=\"left\" style=\"text-align:left\"><div class=\"uvc-heading-spacer icon_only\" style=\"margin-bottom:20px;\"><div class=\"ult-just-icon-wrapper  \"><div class=\"align-icon\" style=\"text-align:left;\">\n<div class=\"aio-icon advanced \"  style=\"color:#697787;border-style:dashed;border-color:#697787;border-width:1px;width:45px;height:45px;line-height:45px;border-radius:500px;font-size:20px;\">\n\t<i class=\"icomoon-the7-font-the7-plus-04\"><\/i>\n<\/div><\/div><\/div><\/div><div class=\"uvc-main-heading ult-responsive\"  data-ultimate-target='.uvc-heading.ultimate-heading-75836a01e70bf0569 h2'  data-responsive-json-new='{\"font-size\":\"desktop:50px;\",\"line-height\":\"desktop:60px;\"}' ><h2 style=\"font-family:&#039;Exo 2&#039;;font-weight:200;margin-bottom:25px;\">QHSE: Health&amp;Safety and protecting the Environment<\/h2><\/div><div class=\"uvc-sub-heading ult-responsive\"  data-ultimate-target='.uvc-heading.ultimate-heading-75836a01e70bf0569 .uvc-sub-heading '  data-responsive-json-new='{\"font-size\":\"desktop:22px;\",\"line-height\":\"desktop:32px;\"}'  style=\"font-family:&#039;Exo 2&#039;;font-weight:200;margin-bottom:35px;\">Quality of work conditions, Health, Safety and the Environment (QHSE) are taken very seriously here at ABYSSA.<\/div><\/div>[vc_column_text]Our QHSE management programme is deployed to ensure safety at work and to protect the environment during all our activities.<\/p>\n<p>In a similar vein, ABYSSA stores all data collected on an HDS-certified and ISO 27001-certified server.[\/vc_column_text][\/vc_column][\/vc_row][vc_row full_width=&#8221;stretch_row_content&#8221; equal_height=&#8221;yes&#8221; content_placement=&#8221;middle&#8221;][vc_column width=&#8221;1\/3&#8243; css=&#8221;.vc_custom_1617972654182{margin-top: 0px !important;margin-right: 0px !important;margin-bottom: 0px !important;margin-left: 0px !important;padding-top: 0px !important;padding-right: 0px !important;padding-bottom: 0px !important;padding-left: 0px !important;}&#8221;]<div id=\"ultib3-20848535626a01e70bf0a5b\" class=\" vc_custom_1622131699680 ultb3-box ult-adjust-bottom-margin  ultb3-hover-5\" style=\"background-color: rgba(55,73,95,0.3);\"><div class=\"ultb3-box-overlay\" style=\"background:rgba(55,73,95,0.4);\"><\/div><img decoding=\"async\" src=\"https:\/\/www.abyssa.com\/abys2021\/wp-content\/uploads\/2021\/05\/abyssa-environement-ok.jpg\" style=\"\" class=\"ultb3-img ultb3-img-center\" alt=\"null\"\/><div id=\"Info-banner-wrap5171\" class=\"ultb3-info ib3-info-center\" data-animation=\"fadeInDown\" data-animation-delay=\"03\"><h2 class=\"ultb3-title ult-responsive\"  data-ultimate-target='#Info-banner-wrap5171 .ultb3-title'  data-responsive-json-new='{\"font-size\":\"desktop:34px;\",\"line-height\":\"desktop:64px;\"}'  style=\"font-family:Exo 2;font-weight:300;color:#ffffff;\">Impact on the Environment<\/h2><a href=\"https:\/\/www.abyssa.com\/en\/qhse\/impact-on-the-environment\/\"  class=\"ultb3-btn ult-responsive\"  data-ultimate-target='#Info-banner-wrap5171 .ultb3-btn'  data-responsive-json-new='{\"font-size\":\"desktop:20px;\",\"line-height\":\"desktop:30px;\"}'  style=\"font-family:Exo 2;font-weight:600;\">+<i class=\"Defaults-angle-right\"><\/i><\/a><\/div><\/div><style>\n\t\t\t\t\t#ultib3-20848535626a01e70bf0a5b {\n\t\t\t\t\t\tmin-height:350px;\n\t\t\t\t\t}\n\t\t\t\t\t#ultib3-20848535626a01e70bf0a5b img.ultb3-img {\n\t\t\t\t\t\theight: 400px;\n\t\t\t\t\t}\n\t\t\t\t\t#ultib3-20848535626a01e70bf0a5b .ultb3-btn {\n\t\t\t\t\t\tborder:1px solid rgba(255,255,255,0.75);border-radius:50px;color:#f4f4f5;\n\t\t\t\t\t}\n\t\t\t\t\t#ultib3-20848535626a01e70bf0a5b .ultb3-btn:hover {\n\t\t\t\t\t\tbackground:rgba(255,255,255,0.75);color:#1d2a39;\n\t\t\t\t\t}\n\t\t\t\t\t#ultib3-20848535626a01e70bf0a5b .ultb3-btn:focus {\n\t\t\t\t\t\toutline: 2px solid #005fcc;\n\t\t\t\t\t\toutline-offset: 2px;\n\t\t\t\t\t}\n\t\t\t\t<\/style><style>\n\t\t\t\t\t\t@media (min-width: 1824px) {\n\t\t\t\t\t\t\t #ultib3-20848535626a01e70bf0a5b img.ultb3-img {\n\t\t\t\t\t\t\t\theight:400px;\n\t\t\t\t\t\t\t}\n\t\t\t\t\t\t}\n\t\t\t\t\t<\/style><style>\n\t\t\t\t\t\t@media (max-width: 1199px) {\n\t\t\t\t\t\t\t #ultib3-20848535626a01e70bf0a5b img.ultb3-img {\n\t\t\t\t\t\t\t\theight:400px;\n\t\t\t\t\t\t\t}\n\t\t\t\t\t\t}\n\t\t\t\t\t<\/style><style>\n\t\t\t\t\t\t@media (max-width: 991px) {\n\t\t\t\t\t\t\t #ultib3-20848535626a01e70bf0a5b img.ultb3-img {\n\t\t\t\t\t\t\t\theight:400px;\n\t\t\t\t\t\t\t}\n\t\t\t\t\t\t}\n\t\t\t\t\t<\/style><style>\n\t\t\t\t\t\t@media (max-width: 767px) {\n\t\t\t\t\t\t\t #ultib3-20848535626a01e70bf0a5b img.ultb3-img {\n\t\t\t\t\t\t\t\theight:400px;\n\t\t\t\t\t\t\t}\n\t\t\t\t\t\t}\n\t\t\t\t\t<\/style><style>\n\t\t\t\t\t\t@media (max-width: 479px) {\n\t\t\t\t\t\t\t #ultib3-20848535626a01e70bf0a5b img.ultb3-img {\n\t\t\t\t\t\t\t\theight:400px;\n\t\t\t\t\t\t\t}\n\t\t\t\t\t\t}\n\t\t\t\t\t<\/style>[\/vc_column][vc_column width=&#8221;1\/3&#8243; css=&#8221;.vc_custom_1617972648085{margin-top: 0px !important;margin-right: 0px !important;margin-bottom: 0px !important;margin-left: 0px !important;padding-top: 0px !important;padding-right: 0px !important;padding-bottom: 0px !important;padding-left: 0px !important;}&#8221;]<div id=\"ultib3-32492681266a01e70bf0e58\" class=\" vc_custom_1622131711462 ultb3-box ult-adjust-bottom-margin  ultb3-hover-5\" style=\"background-color: #f4f4f5;\"><div class=\"ultb3-box-overlay\" style=\"background:rgba(55,73,95,0.3);\"><\/div><img decoding=\"async\" src=\"https:\/\/www.abyssa.com\/abys2021\/wp-content\/uploads\/2021\/04\/abyssa-securite.jpg\" style=\"\" class=\"ultb3-img ultb3-img-center\" alt=\"ABYSSA S\u00e9curit\u00e9\"\/><div id=\"Info-banner-wrap2064\" class=\"ultb3-info ib3-info-center\" data-animation=\"fadeInUp\" data-animation-delay=\"03\"><h2 class=\"ultb3-title ult-responsive\"  data-ultimate-target='#Info-banner-wrap2064 .ultb3-title'  data-responsive-json-new='{\"font-size\":\"desktop:34px;\",\"line-height\":\"desktop:64px;\"}'  style=\"font-family:Exo 2;font-weight:300;color:#ffffff;\">Safety<\/h2><a href=\"https:\/\/www.abyssa.com\/en\/qhse\/safety\/\"  class=\"ultb3-btn ult-responsive\"  data-ultimate-target='#Info-banner-wrap2064 .ultb3-btn'  data-responsive-json-new='{\"font-size\":\"desktop:20px;\",\"line-height\":\"desktop:30px;\"}'  style=\"font-family:Exo 2;font-weight:600;\">+<i class=\"Defaults-angle-right\"><\/i><\/a><\/div><\/div><style>\n\t\t\t\t\t#ultib3-32492681266a01e70bf0e58 {\n\t\t\t\t\t\tmin-height:350px;\n\t\t\t\t\t}\n\t\t\t\t\t#ultib3-32492681266a01e70bf0e58 img.ultb3-img {\n\t\t\t\t\t\theight: 400px;\n\t\t\t\t\t}\n\t\t\t\t\t#ultib3-32492681266a01e70bf0e58 .ultb3-btn {\n\t\t\t\t\t\tborder:1px solid rgba(255,255,255,0.75);border-radius:50px;color:#f4f4f5;\n\t\t\t\t\t}\n\t\t\t\t\t#ultib3-32492681266a01e70bf0e58 .ultb3-btn:hover {\n\t\t\t\t\t\tbackground:rgba(255,255,255,0.75);color:#1d2a39;\n\t\t\t\t\t}\n\t\t\t\t\t#ultib3-32492681266a01e70bf0e58 .ultb3-btn:focus {\n\t\t\t\t\t\toutline: 2px solid #005fcc;\n\t\t\t\t\t\toutline-offset: 2px;\n\t\t\t\t\t}\n\t\t\t\t<\/style><style>\n\t\t\t\t\t\t@media (min-width: 1824px) {\n\t\t\t\t\t\t\t #ultib3-32492681266a01e70bf0e58 img.ultb3-img {\n\t\t\t\t\t\t\t\theight:400px;\n\t\t\t\t\t\t\t}\n\t\t\t\t\t\t}\n\t\t\t\t\t<\/style><style>\n\t\t\t\t\t\t@media (max-width: 1199px) {\n\t\t\t\t\t\t\t #ultib3-32492681266a01e70bf0e58 img.ultb3-img {\n\t\t\t\t\t\t\t\theight:400px;\n\t\t\t\t\t\t\t}\n\t\t\t\t\t\t}\n\t\t\t\t\t<\/style><style>\n\t\t\t\t\t\t@media (max-width: 991px) {\n\t\t\t\t\t\t\t #ultib3-32492681266a01e70bf0e58 img.ultb3-img {\n\t\t\t\t\t\t\t\theight:400px;\n\t\t\t\t\t\t\t}\n\t\t\t\t\t\t}\n\t\t\t\t\t<\/style><style>\n\t\t\t\t\t\t@media (max-width: 767px) {\n\t\t\t\t\t\t\t #ultib3-32492681266a01e70bf0e58 img.ultb3-img {\n\t\t\t\t\t\t\t\theight:400px;\n\t\t\t\t\t\t\t}\n\t\t\t\t\t\t}\n\t\t\t\t\t<\/style><style>\n\t\t\t\t\t\t@media (max-width: 479px) {\n\t\t\t\t\t\t\t #ultib3-32492681266a01e70bf0e58 img.ultb3-img {\n\t\t\t\t\t\t\t\theight:400px;\n\t\t\t\t\t\t\t}\n\t\t\t\t\t\t}\n\t\t\t\t\t<\/style>[\/vc_column][vc_column width=&#8221;1\/3&#8243; css=&#8221;.vc_custom_1617972661252{margin-top: 0px !important;margin-right: 0px !important;margin-bottom: 0px !important;margin-left: 0px !important;padding-top: 0px !important;padding-right: 0px !important;padding-bottom: 0px !important;padding-left: 0px !important;}&#8221;]<div id=\"ultib3-15832772916a01e70bf12e1\" class=\" vc_custom_1622131723663 ultb3-box ult-adjust-bottom-margin  ultb3-hover-5\" style=\"background-color: #12446e;\"><div class=\"ultb3-box-overlay\" style=\"background:rgba(18,68,110,0.3);\"><\/div><img decoding=\"async\" src=\"https:\/\/www.abyssa.com\/abys2021\/wp-content\/uploads\/2021\/04\/abyssa-securisation-donnees.jpg\" style=\"\" class=\"ultb3-img ultb3-img-center\" alt=\"s\u00e9curisation des donn\u00e9es\"\/><div id=\"Info-banner-wrap5847\" class=\"ultb3-info ib3-info-center\" data-animation=\"fadeInLeft\" data-animation-delay=\"03\"><h2 class=\"ultb3-title ult-responsive\"  data-ultimate-target='#Info-banner-wrap5847 .ultb3-title'  data-responsive-json-new='{\"font-size\":\"desktop:34px;\",\"line-height\":\"desktop:64px;\"}'  style=\"font-family:Exo 2;font-weight:300;color:#ffffff;\">Data security<\/h2><a href=\"https:\/\/www.abyssa.com\/en\/qhse\/data-security\/\" title=\"S\u00e9curisation des donn\u00e9es\"  class=\"ultb3-btn ult-responsive\"  data-ultimate-target='#Info-banner-wrap5847 .ultb3-btn'  data-responsive-json-new='{\"font-size\":\"desktop:20px;\",\"line-height\":\"desktop:30px;\"}'  style=\"font-family:Exo 2;font-weight:600;\">+<i class=\"Defaults-angle-right\"><\/i><\/a><\/div><\/div><style>\n\t\t\t\t\t#ultib3-15832772916a01e70bf12e1 {\n\t\t\t\t\t\tmin-height:350px;\n\t\t\t\t\t}\n\t\t\t\t\t#ultib3-15832772916a01e70bf12e1 img.ultb3-img {\n\t\t\t\t\t\theight: 400px;\n\t\t\t\t\t}\n\t\t\t\t\t#ultib3-15832772916a01e70bf12e1 .ultb3-btn {\n\t\t\t\t\t\tborder:1px solid rgba(255,255,255,0.75);border-radius:50px;color:#f4f4f5;\n\t\t\t\t\t}\n\t\t\t\t\t#ultib3-15832772916a01e70bf12e1 .ultb3-btn:hover {\n\t\t\t\t\t\tbackground:rgba(255,255,255,0.75);color:#1d2a39;\n\t\t\t\t\t}\n\t\t\t\t\t#ultib3-15832772916a01e70bf12e1 .ultb3-btn:focus {\n\t\t\t\t\t\toutline: 2px solid #005fcc;\n\t\t\t\t\t\toutline-offset: 2px;\n\t\t\t\t\t}\n\t\t\t\t<\/style><style>\n\t\t\t\t\t\t@media (min-width: 1824px) {\n\t\t\t\t\t\t\t #ultib3-15832772916a01e70bf12e1 img.ultb3-img {\n\t\t\t\t\t\t\t\theight:400px;\n\t\t\t\t\t\t\t}\n\t\t\t\t\t\t}\n\t\t\t\t\t<\/style><style>\n\t\t\t\t\t\t@media (max-width: 1199px) {\n\t\t\t\t\t\t\t #ultib3-15832772916a01e70bf12e1 img.ultb3-img {\n\t\t\t\t\t\t\t\theight:400px;\n\t\t\t\t\t\t\t}\n\t\t\t\t\t\t}\n\t\t\t\t\t<\/style><style>\n\t\t\t\t\t\t@media (max-width: 991px) {\n\t\t\t\t\t\t\t #ultib3-15832772916a01e70bf12e1 img.ultb3-img {\n\t\t\t\t\t\t\t\theight:400px;\n\t\t\t\t\t\t\t}\n\t\t\t\t\t\t}\n\t\t\t\t\t<\/style><style>\n\t\t\t\t\t\t@media (max-width: 767px) {\n\t\t\t\t\t\t\t #ultib3-15832772916a01e70bf12e1 img.ultb3-img {\n\t\t\t\t\t\t\t\theight:400px;\n\t\t\t\t\t\t\t}\n\t\t\t\t\t\t}\n\t\t\t\t\t<\/style><style>\n\t\t\t\t\t\t@media (max-width: 479px) {\n\t\t\t\t\t\t\t #ultib3-15832772916a01e70bf12e1 img.ultb3-img {\n\t\t\t\t\t\t\t\theight:400px;\n\t\t\t\t\t\t\t}\n\t\t\t\t\t\t}\n\t\t\t\t\t<\/style>[\/vc_column][\/vc_row]<\/p>\n<\/div>","protected":false},"excerpt":{"rendered":"<p>[vc_row css=&#8221;.vc_custom_1616078071942{margin-bottom: 50px !important;}&#8221;][vc_column][vc_column_text]Our QHSE management programme is deployed to ensure safety at work and to protect the environment during all our activities. In a similar vein, ABYSSA stores all data collected on an HDS-certified and ISO 27001-certified server.[\/vc_column_text][\/vc_column][\/vc_row][vc_row full_width=&#8221;stretch_row_content&#8221; equal_height=&#8221;yes&#8221; content_placement=&#8221;middle&#8221;][vc_column width=&#8221;1\/3&#8243; css=&#8221;.vc_custom_1617972654182{margin-top: 0px !important;margin-right: 0px !important;margin-bottom: 0px !important;margin-left: 0px !important;padding-top: 0px !important;padding-right: 0px&hellip;<\/p>\n","protected":false},"author":1,"featured_media":0,"parent":0,"menu_order":0,"comment_status":"closed","ping_status":"closed","template":"","meta":{"footnotes":""},"class_list":["post-1647","page","type-page","status-publish","hentry","description-off"],"yoast_head":"<!-- This site is optimized with the Yoast SEO plugin v26.7 - https:\/\/yoast.com\/wordpress\/plugins\/seo\/ -->\n<title>QHSE - Abyssa<\/title>\n<meta name=\"description\" content=\"ABYSSA has set up a QSSE programme to ensure the safety of people and respect for the environment during its missions.\" \/>\n<meta name=\"robots\" content=\"index, follow, max-snippet:-1, max-image-preview:large, max-video-preview:-1\" \/>\n<link rel=\"canonical\" href=\"https:\/\/www.abyssa.com\/en\/qhse\/\" \/>\n<meta property=\"og:locale\" content=\"en_US\" \/>\n<meta property=\"og:type\" content=\"article\" \/>\n<meta property=\"og:title\" content=\"QHSE - Abyssa\" \/>\n<meta property=\"og:description\" content=\"ABYSSA has set up a QSSE programme to ensure the safety of people and respect for the environment during its missions.\" \/>\n<meta property=\"og:url\" content=\"https:\/\/www.abyssa.com\/en\/qhse\/\" \/>\n<meta property=\"og:site_name\" content=\"Abyssa\" \/>\n<meta property=\"article:modified_time\" content=\"2021-05-27T16:08:48+00:00\" \/>\n<meta name=\"twitter:card\" content=\"summary_large_image\" \/>\n<meta name=\"twitter:label1\" content=\"Est. reading time\" \/>\n\t<meta name=\"twitter:data1\" content=\"2 minutes\" \/>\n<script type=\"application\/ld+json\" class=\"yoast-schema-graph\">{\"@context\":\"https:\/\/schema.org\",\"@graph\":[{\"@type\":\"WebPage\",\"@id\":\"https:\/\/www.abyssa.com\/en\/qhse\/\",\"url\":\"https:\/\/www.abyssa.com\/en\/qhse\/\",\"name\":\"QHSE - Abyssa\",\"isPartOf\":{\"@id\":\"https:\/\/www.abyssa.com\/en\/#website\"},\"datePublished\":\"2021-03-17T15:50:39+00:00\",\"dateModified\":\"2021-05-27T16:08:48+00:00\",\"description\":\"ABYSSA has set up a QSSE programme to ensure the safety of people and respect for the environment during its missions.\",\"breadcrumb\":{\"@id\":\"https:\/\/www.abyssa.com\/en\/qhse\/#breadcrumb\"},\"inLanguage\":\"en-US\",\"potentialAction\":[{\"@type\":\"ReadAction\",\"target\":[\"https:\/\/www.abyssa.com\/en\/qhse\/\"]}]},{\"@type\":\"BreadcrumbList\",\"@id\":\"https:\/\/www.abyssa.com\/en\/qhse\/#breadcrumb\",\"itemListElement\":[{\"@type\":\"ListItem\",\"position\":1,\"name\":\"Accueil\",\"item\":\"https:\/\/www.abyssa.com\/en\/\"},{\"@type\":\"ListItem\",\"position\":2,\"name\":\"QHSE\"}]},{\"@type\":\"WebSite\",\"@id\":\"https:\/\/www.abyssa.com\/en\/#website\",\"url\":\"https:\/\/www.abyssa.com\/en\/\",\"name\":\"Abyssa\",\"description\":\"Soci\u00e9t\u00e9 fran\u00e7aise d&#039;exploration des grands fonds marins\",\"potentialAction\":[{\"@type\":\"SearchAction\",\"target\":{\"@type\":\"EntryPoint\",\"urlTemplate\":\"https:\/\/www.abyssa.com\/en\/?s={search_term_string}\"},\"query-input\":{\"@type\":\"PropertyValueSpecification\",\"valueRequired\":true,\"valueName\":\"search_term_string\"}}],\"inLanguage\":\"en-US\"}]}<\/script>\n<!-- \/ Yoast SEO plugin. -->","yoast_head_json":{"title":"QHSE - Abyssa","description":"ABYSSA has set up a QSSE programme to ensure the safety of people and respect for the environment during its missions.","robots":{"index":"index","follow":"follow","max-snippet":"max-snippet:-1","max-image-preview":"max-image-preview:large","max-video-preview":"max-video-preview:-1"},"canonical":"https:\/\/www.abyssa.com\/en\/qhse\/","og_locale":"en_US","og_type":"article","og_title":"QHSE - Abyssa","og_description":"ABYSSA has set up a QSSE programme to ensure the safety of people and respect for the environment during its missions.","og_url":"https:\/\/www.abyssa.com\/en\/qhse\/","og_site_name":"Abyssa","article_modified_time":"2021-05-27T16:08:48+00:00","twitter_card":"summary_large_image","twitter_misc":{"Est. reading time":"2 minutes"},"schema":{"@context":"https:\/\/schema.org","@graph":[{"@type":"WebPage","@id":"https:\/\/www.abyssa.com\/en\/qhse\/","url":"https:\/\/www.abyssa.com\/en\/qhse\/","name":"QHSE - Abyssa","isPartOf":{"@id":"https:\/\/www.abyssa.com\/en\/#website"},"datePublished":"2021-03-17T15:50:39+00:00","dateModified":"2021-05-27T16:08:48+00:00","description":"ABYSSA has set up a QSSE programme to ensure the safety of people and respect for the environment during its missions.","breadcrumb":{"@id":"https:\/\/www.abyssa.com\/en\/qhse\/#breadcrumb"},"inLanguage":"en-US","potentialAction":[{"@type":"ReadAction","target":["https:\/\/www.abyssa.com\/en\/qhse\/"]}]},{"@type":"BreadcrumbList","@id":"https:\/\/www.abyssa.com\/en\/qhse\/#breadcrumb","itemListElement":[{"@type":"ListItem","position":1,"name":"Accueil","item":"https:\/\/www.abyssa.com\/en\/"},{"@type":"ListItem","position":2,"name":"QHSE"}]},{"@type":"WebSite","@id":"https:\/\/www.abyssa.com\/en\/#website","url":"https:\/\/www.abyssa.com\/en\/","name":"Abyssa","description":"Soci\u00e9t\u00e9 fran\u00e7aise d&#039;exploration des grands fonds marins","potentialAction":[{"@type":"SearchAction","target":{"@type":"EntryPoint","urlTemplate":"https:\/\/www.abyssa.com\/en\/?s={search_term_string}"},"query-input":{"@type":"PropertyValueSpecification","valueRequired":true,"valueName":"search_term_string"}}],"inLanguage":"en-US"}]}},"_links":{"self":[{"href":"https:\/\/www.abyssa.com\/en\/wp-json\/wp\/v2\/pages\/1647","targetHints":{"allow":["GET"]}}],"collection":[{"href":"https:\/\/www.abyssa.com\/en\/wp-json\/wp\/v2\/pages"}],"about":[{"href":"https:\/\/www.abyssa.com\/en\/wp-json\/wp\/v2\/types\/page"}],"author":[{"embeddable":true,"href":"https:\/\/www.abyssa.com\/en\/wp-json\/wp\/v2\/users\/1"}],"replies":[{"embeddable":true,"href":"https:\/\/www.abyssa.com\/en\/wp-json\/wp\/v2\/comments?post=1647"}],"version-history":[{"count":0,"href":"https:\/\/www.abyssa.com\/en\/wp-json\/wp\/v2\/pages\/1647\/revisions"}],"wp:attachment":[{"href":"https:\/\/www.abyssa.com\/en\/wp-json\/wp\/v2\/media?parent=1647"}],"curies":[{"name":"wp","href":"https:\/\/api.w.org\/{rel}","templated":true}]}}