{"id":1634,"date":"2021-04-15T16:39:32","date_gmt":"2021-04-15T14:39:32","guid":{"rendered":"http:\/\/www.abyssa.com\/abys2021\/tools\/recherche-et-developpement\/"},"modified":"2021-05-25T15:25:33","modified_gmt":"2021-05-25T13:25:33","slug":"research-and-development","status":"publish","type":"page","link":"https:\/\/www.abyssa.com\/en\/tools\/research-and-development\/","title":{"rendered":"Research &#038; Development"},"content":{"rendered":"<div class=\"wpb-content-wrapper\"><p>[vc_row bg_type=&#8221;image&#8221; parallax_style=&#8221;vcpb-default&#8221; bg_image_new=&#8221;id^462|url^https:\/\/www.abyssa.com\/abys2021\/wp-content\/uploads\/2021\/04\/fondvideo-1920&#215;1080-1.svg|caption^null|alt^null|title^ABYSSA|description^null&#8221; bg_image_repeat=&#8221;no-repeat&#8221; bg_override=&#8221;ex-full&#8221; enable_overlay=&#8221;enable_overlay_value&#8221; overlay_color=&#8221;rgba(244,244,245,0.55)&#8221; css=&#8221;.vc_custom_1618497695441{margin-top: 0px !important;margin-bottom: 0px !important;border-bottom-width: 35px !important;}&#8221;][vc_column]<div id=\"ultimate-heading-123669f9ecd5e5fe2\" class=\"uvc-heading ult-adjust-bottom-margin ultimate-heading-123669f9ecd5e5fe2 uvc-7343 \" data-hspacer=\"icon_only\"  data-halign=\"left\" style=\"text-align:left\"><div class=\"uvc-heading-spacer icon_only\" style=\"margin-bottom:20px;\"><div class=\"ult-just-icon-wrapper  \"><div class=\"align-icon\" style=\"text-align:left;\">\n<div class=\"aio-icon advanced \"  style=\"color:#697787;border-style:dashed;border-color:#697787;border-width:1px;width:45px;height:45px;line-height:45px;border-radius:500px;font-size:20px;\">\n\t<i class=\"icomoon-the7-font-the7-plus-04\"><\/i>\n<\/div><\/div><\/div><\/div><div class=\"uvc-main-heading ult-responsive\"  data-ultimate-target='.uvc-heading.ultimate-heading-123669f9ecd5e5fe2 h2'  data-responsive-json-new='{\"font-size\":\"desktop:50px;\",\"line-height\":\"desktop:60px;\"}' ><h2 style=\"font-family:&#039;Exo 2&#039;;font-weight:200;margin-bottom:25px;\">The basis and the essence of ABYSSA's vision<\/h2><\/div><div class=\"uvc-sub-heading ult-responsive\"  data-ultimate-target='.uvc-heading.ultimate-heading-123669f9ecd5e5fe2 .uvc-sub-heading '  data-responsive-json-new='{\"font-size\":\"desktop:22px;\",\"line-height\":\"desktop:32px;\"}'  style=\"font-family:&#039;Exo 2&#039;;font-weight:200;margin-bottom:35px;\">ABYSSA was set up as the result of an R&amp;D project led by our team of Associate Directors, drawing on scientific collaboration and cooperation with a world-renowned academic institute. R&amp;D is the keystone at the centre of our vision for ABYSSA&#8217;s development.<\/div><\/div>[vc_column_text]The excitement of breaking new ground in the bid to overcome the challenges entailed in deep ocean floor exploration is what motivates us. This all depends on the ability to look ahead, share ideas and propose original exploration protocols tailored to requirements, thinking how to integrate new sensors, and being involved in deploying new data acquisition procedures. This is all part and parcel of the approach to R&amp;D promoted by ABYSSA, ensuring that scientific and academic advances are geared to the needs of industry.[\/vc_column_text][vc_row_inner content_placement=&#8221;top&#8221; gap=&#8221;35&#8243; css=&#8221;.vc_custom_1618413202008{margin-top: 35px !important;margin-bottom: 35px !important;}&#8221;][vc_column_inner width=&#8221;1\/2&#8243;]<div id=\"ultimate-heading-466069f9ecd5e608d\" class=\"uvc-heading ult-adjust-bottom-margin ultimate-heading-466069f9ecd5e608d uvc-1472 \" data-hspacer=\"no_spacer\"  data-halign=\"left\" style=\"text-align:left\"><div class=\"uvc-heading-spacer no_spacer\" style=\"top\"><\/div><div class=\"uvc-main-heading ult-responsive\"  data-ultimate-target='.uvc-heading.ultimate-heading-466069f9ecd5e608d h3'  data-responsive-json-new='{\"font-size\":\"desktop:30px;\",\"line-height\":\"desktop:40px;\"}' ><h3 style=\"font-family:&#039;Exo 2&#039;;font-weight:300;margin-bottom:25px;\">R&amp;D also depends on partnerships.<\/h3><\/div><div class=\"uvc-sub-heading ult-responsive\"  data-ultimate-target='.uvc-heading.ultimate-heading-466069f9ecd5e608d .uvc-sub-heading '  data-responsive-json-new='{\"font-size\":\"desktop:16px;\",\"line-height\":\"desktop:26px;\"}'  style=\"font-family:&#039;Exo 2&#039;;font-weight:300;\">Sharing knowledge and working as a team, bringing people from different backgrounds on board to work together are the foundations on which we are building ABYSSA. Partnerships enable us to explore hitherto largely unknown regions of the Earth, in the hope that, tomorrow, we will find answers to some of our questions.<\/p>\n<p>Following in the footsteps of Jules Verne and his Nautilus, trying to imagine what deep-sea exploration will look like in the future allows us shape what ABYSSA will become in the years ahead!<\/div><\/div>[\/vc_column_inner][vc_column_inner width=&#8221;1\/2&#8243;][vc_single_image image=&#8221;1504&#8243; img_size=&#8221;full&#8221; alignment=&#8221;center&#8221; image_hovers=&#8221;false&#8221; css=&#8221;.vc_custom_1619515016473{margin-bottom: 5px !important;}&#8221;][\/vc_column_inner][\/vc_row_inner][\/vc_column][\/vc_row]<\/p>\n<\/div>","protected":false},"excerpt":{"rendered":"<p>[vc_row bg_type=&#8221;image&#8221; parallax_style=&#8221;vcpb-default&#8221; bg_image_new=&#8221;id^462|url^https:\/\/www.abyssa.com\/abys2021\/wp-content\/uploads\/2021\/04\/fondvideo-1920&#215;1080-1.svg|caption^null|alt^null|title^ABYSSA|description^null&#8221; bg_image_repeat=&#8221;no-repeat&#8221; bg_override=&#8221;ex-full&#8221; enable_overlay=&#8221;enable_overlay_value&#8221; overlay_color=&#8221;rgba(244,244,245,0.55)&#8221; css=&#8221;.vc_custom_1618497695441{margin-top: 0px !important;margin-bottom: 0px !important;border-bottom-width: 35px !important;}&#8221;][vc_column][vc_column_text]The excitement of breaking new ground in the bid to overcome the challenges entailed in deep ocean floor exploration is what motivates us. This all depends on the ability to look ahead, share ideas and propose original exploration protocols tailored to&hellip;<\/p>\n","protected":false},"author":1,"featured_media":0,"parent":1623,"menu_order":3,"comment_status":"closed","ping_status":"closed","template":"","meta":{"footnotes":""},"class_list":["post-1634","page","type-page","status-publish","hentry","description-off"],"yoast_head":"<!-- This site is optimized with the Yoast SEO plugin v26.7 - https:\/\/yoast.com\/wordpress\/plugins\/seo\/ -->\n<title>Research &amp; Development - Abyssa<\/title>\n<meta name=\"description\" content=\"R&amp;D is at the heart of ABYSSA&#039;s vision for its development, an R&amp;D based on collaboration and scientific cooperation.\" \/>\n<meta name=\"robots\" content=\"index, follow, max-snippet:-1, max-image-preview:large, max-video-preview:-1\" \/>\n<link rel=\"canonical\" href=\"https:\/\/www.abyssa.com\/en\/tools\/research-and-development\/\" \/>\n<meta property=\"og:locale\" content=\"en_US\" \/>\n<meta property=\"og:type\" content=\"article\" \/>\n<meta property=\"og:title\" content=\"Research &amp; Development - Abyssa\" \/>\n<meta property=\"og:description\" content=\"R&amp;D is at the heart of ABYSSA&#039;s vision for its development, an R&amp;D based on collaboration and scientific cooperation.\" \/>\n<meta property=\"og:url\" content=\"https:\/\/www.abyssa.com\/en\/tools\/research-and-development\/\" \/>\n<meta property=\"og:site_name\" content=\"Abyssa\" \/>\n<meta property=\"article:modified_time\" content=\"2021-05-25T13:25:33+00:00\" \/>\n<meta name=\"twitter:card\" content=\"summary_large_image\" \/>\n<meta name=\"twitter:label1\" content=\"Est. reading time\" \/>\n\t<meta name=\"twitter:data1\" content=\"2 minutes\" \/>\n<script type=\"application\/ld+json\" class=\"yoast-schema-graph\">{\"@context\":\"https:\/\/schema.org\",\"@graph\":[{\"@type\":\"WebPage\",\"@id\":\"https:\/\/www.abyssa.com\/en\/tools\/research-and-development\/\",\"url\":\"https:\/\/www.abyssa.com\/en\/tools\/research-and-development\/\",\"name\":\"Research & Development - Abyssa\",\"isPartOf\":{\"@id\":\"https:\/\/www.abyssa.com\/en\/#website\"},\"datePublished\":\"2021-04-15T14:39:32+00:00\",\"dateModified\":\"2021-05-25T13:25:33+00:00\",\"description\":\"R&D is at the heart of ABYSSA's vision for its development, an R&D based on collaboration and scientific cooperation.\",\"breadcrumb\":{\"@id\":\"https:\/\/www.abyssa.com\/en\/tools\/research-and-development\/#breadcrumb\"},\"inLanguage\":\"en-US\",\"potentialAction\":[{\"@type\":\"ReadAction\",\"target\":[\"https:\/\/www.abyssa.com\/en\/tools\/research-and-development\/\"]}]},{\"@type\":\"BreadcrumbList\",\"@id\":\"https:\/\/www.abyssa.com\/en\/tools\/research-and-development\/#breadcrumb\",\"itemListElement\":[{\"@type\":\"ListItem\",\"position\":1,\"name\":\"Accueil\",\"item\":\"https:\/\/www.abyssa.com\/en\/\"},{\"@type\":\"ListItem\",\"position\":2,\"name\":\"Tools\",\"item\":\"https:\/\/www.abyssa.com\/en\/tools\/\"},{\"@type\":\"ListItem\",\"position\":3,\"name\":\"Research &#038; Development\"}]},{\"@type\":\"WebSite\",\"@id\":\"https:\/\/www.abyssa.com\/en\/#website\",\"url\":\"https:\/\/www.abyssa.com\/en\/\",\"name\":\"Abyssa\",\"description\":\"Soci\u00e9t\u00e9 fran\u00e7aise d&#039;exploration des grands fonds marins\",\"potentialAction\":[{\"@type\":\"SearchAction\",\"target\":{\"@type\":\"EntryPoint\",\"urlTemplate\":\"https:\/\/www.abyssa.com\/en\/?s={search_term_string}\"},\"query-input\":{\"@type\":\"PropertyValueSpecification\",\"valueRequired\":true,\"valueName\":\"search_term_string\"}}],\"inLanguage\":\"en-US\"}]}<\/script>\n<!-- \/ Yoast SEO plugin. -->","yoast_head_json":{"title":"Research & Development - Abyssa","description":"R&D is at the heart of ABYSSA's vision for its development, an R&D based on collaboration and scientific cooperation.","robots":{"index":"index","follow":"follow","max-snippet":"max-snippet:-1","max-image-preview":"max-image-preview:large","max-video-preview":"max-video-preview:-1"},"canonical":"https:\/\/www.abyssa.com\/en\/tools\/research-and-development\/","og_locale":"en_US","og_type":"article","og_title":"Research & Development - Abyssa","og_description":"R&D is at the heart of ABYSSA's vision for its development, an R&D based on collaboration and scientific cooperation.","og_url":"https:\/\/www.abyssa.com\/en\/tools\/research-and-development\/","og_site_name":"Abyssa","article_modified_time":"2021-05-25T13:25:33+00:00","twitter_card":"summary_large_image","twitter_misc":{"Est. reading time":"2 minutes"},"schema":{"@context":"https:\/\/schema.org","@graph":[{"@type":"WebPage","@id":"https:\/\/www.abyssa.com\/en\/tools\/research-and-development\/","url":"https:\/\/www.abyssa.com\/en\/tools\/research-and-development\/","name":"Research & Development - Abyssa","isPartOf":{"@id":"https:\/\/www.abyssa.com\/en\/#website"},"datePublished":"2021-04-15T14:39:32+00:00","dateModified":"2021-05-25T13:25:33+00:00","description":"R&D is at the heart of ABYSSA's vision for its development, an R&D based on collaboration and scientific cooperation.","breadcrumb":{"@id":"https:\/\/www.abyssa.com\/en\/tools\/research-and-development\/#breadcrumb"},"inLanguage":"en-US","potentialAction":[{"@type":"ReadAction","target":["https:\/\/www.abyssa.com\/en\/tools\/research-and-development\/"]}]},{"@type":"BreadcrumbList","@id":"https:\/\/www.abyssa.com\/en\/tools\/research-and-development\/#breadcrumb","itemListElement":[{"@type":"ListItem","position":1,"name":"Accueil","item":"https:\/\/www.abyssa.com\/en\/"},{"@type":"ListItem","position":2,"name":"Tools","item":"https:\/\/www.abyssa.com\/en\/tools\/"},{"@type":"ListItem","position":3,"name":"Research &#038; Development"}]},{"@type":"WebSite","@id":"https:\/\/www.abyssa.com\/en\/#website","url":"https:\/\/www.abyssa.com\/en\/","name":"Abyssa","description":"Soci\u00e9t\u00e9 fran\u00e7aise d&#039;exploration des grands fonds marins","potentialAction":[{"@type":"SearchAction","target":{"@type":"EntryPoint","urlTemplate":"https:\/\/www.abyssa.com\/en\/?s={search_term_string}"},"query-input":{"@type":"PropertyValueSpecification","valueRequired":true,"valueName":"search_term_string"}}],"inLanguage":"en-US"}]}},"_links":{"self":[{"href":"https:\/\/www.abyssa.com\/en\/wp-json\/wp\/v2\/pages\/1634","targetHints":{"allow":["GET"]}}],"collection":[{"href":"https:\/\/www.abyssa.com\/en\/wp-json\/wp\/v2\/pages"}],"about":[{"href":"https:\/\/www.abyssa.com\/en\/wp-json\/wp\/v2\/types\/page"}],"author":[{"embeddable":true,"href":"https:\/\/www.abyssa.com\/en\/wp-json\/wp\/v2\/users\/1"}],"replies":[{"embeddable":true,"href":"https:\/\/www.abyssa.com\/en\/wp-json\/wp\/v2\/comments?post=1634"}],"version-history":[{"count":0,"href":"https:\/\/www.abyssa.com\/en\/wp-json\/wp\/v2\/pages\/1634\/revisions"}],"up":[{"embeddable":true,"href":"https:\/\/www.abyssa.com\/en\/wp-json\/wp\/v2\/pages\/1623"}],"wp:attachment":[{"href":"https:\/\/www.abyssa.com\/en\/wp-json\/wp\/v2\/media?parent=1634"}],"curies":[{"name":"wp","href":"https:\/\/api.w.org\/{rel}","templated":true}]}}