{"id":1629,"date":"2021-04-15T14:34:38","date_gmt":"2021-04-15T12:34:38","guid":{"rendered":"http:\/\/www.abyssa.com\/abys2021\/tools\/la-flotte-so-magical\/"},"modified":"2021-05-28T16:28:51","modified_gmt":"2021-05-28T14:28:51","slug":"the-so-magical-fleet","status":"publish","type":"page","link":"https:\/\/www.abyssa.com\/en\/tools\/the-so-magical-fleet\/","title":{"rendered":"The So Magical fleet"},"content":{"rendered":"<div class=\"wpb-content-wrapper\"><p>[vc_row bg_type=&#8221;image&#8221; parallax_style=&#8221;vcpb-default&#8221; bg_image_new=&#8221;id^462|url^https:\/\/www.abyssa.com\/abys2021\/wp-content\/uploads\/2021\/04\/fondvideo-1920&#215;1080-1.svg|caption^null|alt^null|title^ABYSSA|description^null&#8221; bg_image_repeat=&#8221;no-repeat&#8221; bg_override=&#8221;ex-full&#8221; enable_overlay=&#8221;enable_overlay_value&#8221; overlay_color=&#8221;rgba(244,244,245,0.55)&#8221; css=&#8221;.vc_custom_1617873756232{margin-top: 0px !important;margin-bottom: 0px !important;border-bottom-width: 35px !important;}&#8221;][vc_column]<div id=\"ultimate-heading-774869f3dfc82958a\" class=\"uvc-heading ult-adjust-bottom-margin ultimate-heading-774869f3dfc82958a uvc-674 \" data-hspacer=\"icon_only\"  data-halign=\"left\" style=\"text-align:left\"><div class=\"uvc-heading-spacer icon_only\" style=\"margin-bottom:20px;\"><div class=\"ult-just-icon-wrapper  \"><div class=\"align-icon\" style=\"text-align:left;\">\n<div class=\"aio-icon advanced \"  style=\"color:#697787;border-style:dashed;border-color:#697787;border-width:1px;width:45px;height:45px;line-height:45px;border-radius:500px;font-size:20px;\">\n\t<i class=\"Defaults-ellipsis-h\"><\/i>\n<\/div><\/div><\/div><\/div><div class=\"uvc-main-heading ult-responsive\"  data-ultimate-target='.uvc-heading.ultimate-heading-774869f3dfc82958a h2'  data-responsive-json-new='{\"font-size\":\"desktop:50px;\",\"line-height\":\"desktop:60px;\"}' ><h2 style=\"font-family:&#039;Exo 2&#039;;font-weight:200;margin-bottom:25px;\">ABYSSA's magic trick for detecting Seafloor Massive Sulphide<\/h2><\/div><div class=\"uvc-sub-heading ult-responsive\"  data-ultimate-target='.uvc-heading.ultimate-heading-774869f3dfc82958a .uvc-sub-heading '  data-responsive-json-new='{\"font-size\":\"desktop:22px;\",\"line-height\":\"desktop:32px;\"}'  style=\"font-family:&#039;Exo 2&#039;;font-weight:200;margin-bottom:35px;\">The So Magical fleet is specifically designed for detecting Seafloor Massive Sulphide deposits at the sea floor.<\/div><\/div>[vc_column_text]Comprising several autonomous underwater vehicles able to cover vast tracts of the ocean floor, the So Magical fleet will be able to detect this rare and valuable mineral more efficiently and more rapidly than any other detection technique currently available.<\/p>\n<p><strong>So-Magical<\/strong> : <strong>S<\/strong>eafloor-<strong>O<\/strong>re <strong>MA<\/strong>gnetic and <strong>G<\/strong>eosciences <strong>I<\/strong>nvestigation with <strong>C<\/strong>ommunication by <strong>A<\/strong>coustic <strong>L<\/strong>ink ![\/vc_column_text][vc_row_inner content_placement=&#8221;top&#8221; gap=&#8221;35&#8243; css=&#8221;.vc_custom_1618413202008{margin-top: 35px !important;margin-bottom: 35px !important;}&#8221;][vc_column_inner width=&#8221;1\/2&#8243;]<div id=\"ultimate-heading-744369f3dfc82965a\" class=\"uvc-heading ult-adjust-bottom-margin ultimate-heading-744369f3dfc82965a uvc-7942 \" data-hspacer=\"no_spacer\"  data-halign=\"left\" style=\"text-align:left\"><div class=\"uvc-heading-spacer no_spacer\" style=\"top\"><\/div><div class=\"uvc-main-heading ult-responsive\"  data-ultimate-target='.uvc-heading.ultimate-heading-744369f3dfc82965a h3'  data-responsive-json-new='{\"font-size\":\"desktop:30px;\",\"line-height\":\"desktop:40px;\"}' ><h3 style=\"font-family:&#039;Exo 2&#039;;font-weight:300;margin-bottom:25px;\">Seafloor Massive Sulphide deposits<\/h3><\/div><div class=\"uvc-sub-heading ult-responsive\"  data-ultimate-target='.uvc-heading.ultimate-heading-744369f3dfc82965a .uvc-sub-heading '  data-responsive-json-new='{\"font-size\":\"desktop:16px;\",\"line-height\":\"desktop:26px;\"}'  style=\"font-family:&#039;Exo 2&#039;;font-weight:300;\">Seafloor Massive Sulphide deposits are small geological bodies (usually around 10 to 500 m across) found at depths of around 2500 m, and formed as a result of deep-sea hydrothermal activity. These sulphide deposits are rich in metals, making them a much sought-after mineral resource. The problem is that these geological deposits are not easy to find &#8211; it really is like looking for a needle in a haystack!<\/p>\n<p>It is also a challenge to find inactive geological sites where the biodiversity is not so rich and the environment is not so sensitive. In addition, they are not associated with thermal or chemical anomalies, making them hard to detect using conventional methods that look for such anomalies in the water column.<\/div><\/div>[\/vc_column_inner][vc_column_inner width=&#8221;1\/2&#8243; css=&#8221;.vc_custom_1620316124602{margin-top: 20px !important;}&#8221;][vc_single_image image=&#8221;1523&#8243; img_size=&#8221;full&#8221; alignment=&#8221;center&#8221; image_hovers=&#8221;false&#8221; css=&#8221;.vc_custom_1620316082768{margin-bottom: 10px !important;}&#8221;][vc_column_text css=&#8221;.vc_custom_1622021199408{margin-bottom: 10px !important;}&#8221;]<\/p>\n<p style=\"font-size: 9px; line-height: 11px;\">\u00a9 Ifremer\/CNRS, MOMARSAT, 2020 \u2013 https:\/\/doi.org\/10.18142\/130<\/p>\n<p>[\/vc_column_text][\/vc_column_inner][\/vc_row_inner]<div id=\"ultimate-heading-875069f3dfc8296d9\" class=\"uvc-heading ult-adjust-bottom-margin ultimate-heading-875069f3dfc8296d9 uvc-7549 \" data-hspacer=\"no_spacer\"  data-halign=\"left\" style=\"text-align:left\"><div class=\"uvc-heading-spacer no_spacer\" style=\"top\"><\/div><div class=\"uvc-main-heading ult-responsive\"  data-ultimate-target='.uvc-heading.ultimate-heading-875069f3dfc8296d9 h3'  data-responsive-json-new='{\"font-size\":\"desktop:30px;\",\"line-height\":\"desktop:40px;\"}' ><h3 style=\"font-family:&#039;Exo 2&#039;;font-weight:300;margin-bottom:25px;\">How, then, can we possibly detect active and inactive Seafloor Massive Sulphide deposits in the immense expanses of the oceans?<\/h3><\/div><div class=\"uvc-sub-heading ult-responsive\"  data-ultimate-target='.uvc-heading.ultimate-heading-875069f3dfc8296d9 .uvc-sub-heading '  data-responsive-json-new='{\"font-size\":\"desktop:16px;\",\"line-height\":\"desktop:26px;\"}'  style=\"font-family:&#039;Exo 2&#039;;font-weight:300;margin-bottom:25px;\">This is the question that we started to address in our R&amp;D work back in 2014-2015, leading to the concept of the So Magical fleet.<br \/>\nOur So Magical fleet will deploy two types of AUVs: a <strong>&#8216;leader&#8217;<\/strong> AUV and a group of <strong>&#8216;follower&#8217;<\/strong> AUVs guided by the information transmitted by the leader AUV over an acoustic link.<\/div><\/div>[\/vc_column][\/vc_row][vc_row full_width=&#8221;stretch_row_content&#8221; equal_height=&#8221;yes&#8221; content_placement=&#8221;middle&#8221; bg_type=&#8221;bg_color&#8221; bg_override=&#8221;ex-full&#8221; css=&#8221;.vc_custom_1618493437315{margin-top: 0px !important;margin-bottom: 0px !important;padding-top: 0px !important;padding-bottom: 0px !important;}&#8221; bg_color_value=&#8221;#37495f&#8221;][vc_column width=&#8221;1\/2&#8243; css=&#8221;.vc_custom_1618493646666{padding-top: 200px !important;padding-bottom: 200px !important;background-image: url(https:\/\/www.abyssa.com\/abys2021\/wp-content\/uploads\/2021\/04\/abyssa-flotte-auv-1.jpg?id=880) !important;background-position: center !important;background-repeat: no-repeat !important;background-size: cover !important;}&#8221;][\/vc_column][vc_column width=&#8221;1\/2&#8243; css=&#8221;.vc_custom_1616079379776{padding: 45px !important;}&#8221;]<div id=\"ultimate-heading-944369f3dfc829750\" class=\"uvc-heading ult-adjust-bottom-margin ultimate-heading-944369f3dfc829750 uvc-7825 \" data-hspacer=\"no_spacer\"  data-halign=\"left\" style=\"text-align:left\"><div class=\"uvc-heading-spacer no_spacer\" style=\"top\"><\/div><div class=\"uvc-main-heading ult-responsive\"  data-ultimate-target='.uvc-heading.ultimate-heading-944369f3dfc829750 h4'  data-responsive-json-new='{\"font-size\":\"desktop:26px;\",\"line-height\":\"desktop:36px;\"}' ><h4 style=\"font-family:&#039;Exo 2&#039;;font-weight:200;color:#f4f4f5;margin-bottom:15px;\">The Leader AUV<\/h4><\/div><div class=\"uvc-sub-heading ult-responsive\"  data-ultimate-target='.uvc-heading.ultimate-heading-944369f3dfc829750 .uvc-sub-heading '  data-responsive-json-new='{\"font-size\":\"desktop:16px;\",\"line-height\":\"desktop:26px;\"}'  style=\"font-family:&#039;Exo 2&#039;;font-weight:200;color:#f4f4f5;\">The leader AUV is a tried-and-tested deep-sea AUV equipped with multiple sensors and a dual acoustic communications system: the first is a long-range link designed to communicate with the surface vessel, while the second is a short-range link used to communicate with the squad of follower vehicles.<\/div><\/div><div id=\"ultimate-heading-329069f3dfc8297c2\" class=\"uvc-heading ult-adjust-bottom-margin ultimate-heading-329069f3dfc8297c2 uvc-1845 \" data-hspacer=\"no_spacer\"  data-halign=\"left\" style=\"text-align:left\"><div class=\"uvc-heading-spacer no_spacer\" style=\"top\"><\/div><div class=\"uvc-main-heading ult-responsive\"  data-ultimate-target='.uvc-heading.ultimate-heading-329069f3dfc8297c2 h4'  data-responsive-json-new='{\"font-size\":\"desktop:26px;\",\"line-height\":\"desktop:36px;\"}' ><h4 style=\"font-family:&#039;Exo 2&#039;;font-weight:200;color:#f4f4f5;margin-top:25px;margin-bottom:15px;\">The follower AUV<\/h4><\/div><div class=\"uvc-sub-heading ult-responsive\"  data-ultimate-target='.uvc-heading.ultimate-heading-329069f3dfc8297c2 .uvc-sub-heading '  data-responsive-json-new='{\"font-size\":\"desktop:16px;\",\"line-height\":\"desktop:26px;\"}'  style=\"font-family:&#039;Exo 2&#039;;font-weight:200;color:#f4f4f5;\">The follower AUVs innovate with a simplified system of navigation and positioning sensors as well as onboard scientific sensors. This simplified sensor platform makes the vehicles much lighter, significantly reducing unit costs per AUV. To detect Seafloor Massive Sulphide deposits, we use the specific magnetic signature of sulphide bodies, an efficient technique for identifying active and inactive sites. All our So Magical AUVs will therefore be equipped with 3-component magnetometers.<\/div><\/div>[\/vc_column][\/vc_row][vc_row gap=&#8221;35&#8243; content_placement=&#8221;top&#8221; bg_type=&#8221;bg_color&#8221; bg_override=&#8221;ex-full&#8221; css=&#8221;.vc_custom_1618496134880{padding: 10px !important;}&#8221; bg_color_value=&#8221;rgba(55,73,95,0.25)&#8221;][vc_column width=&#8221;1\/2&#8243;][vc_column_text]The fleet is designed for the deployment of up to seven AUVs working as a coordinated pack to map a target area at depths of as much as 3000 m below the surface. Our fleet will thus provide an extremely efficient and effective approach for systematically surveying the deep ocean floor and detecting Seafloor Massive Sulphide deposits.[\/vc_column_text][\/vc_column][vc_column width=&#8221;1\/2&#8243;][vc_raw_html css=&#8221;.vc_custom_1618495366893{padding: 0px !important;}&#8221;]JTNDdmlkZW8lMjB3aWR0aCUzRCUyMjEwMCUyNSUyMiUyMGhlaWdodCUzRCUyMmF1dG8lMjIlMjBjb250cm9scyUzRCUyMmNvbnRyb2xzJTIyJTIwY29udHJvbHNMaXN0JTNEJTIybm9kb3dubG9hZCUyMiUyMHBvc3RlciUzRCUyMmh0dHBzJTNBJTJGJTJGd3d3LmFieXNzYS5jb20lMkZhYnlzMjAyMSUyRndwLWNvbnRlbnQlMkZ1cGxvYWRzJTJGdmlkZW8lMkZ2aWduZXR0ZS1iYXRoeS5qcGclMjIlM0UlMEElMjAlMjAlM0Nzb3VyY2UlMjBzcmMlM0QlMjJodHRwcyUzQSUyRiUyRnd3dy5hYnlzc2EuY29tJTJGYWJ5czIwMjElMkZ3cC1jb250ZW50JTJGdXBsb2FkcyUyRnZpZGVvJTJGM2RiYXRoeWFjY2lkLm1wNCUyMiUyMHR5cGUlM0QlMjJ2aWRlbyUyRm1wNCUyMiUyMCUyRiUzRSUwQSUyMCUyMCUzQ3NvdXJjZSUyMHNyYyUzRCUyMmh0dHBzJTNBJTJGJTJGd3d3LmFieXNzYS5jb20lMkZhYnlzMjAyMSUyRndwLWNvbnRlbnQlMkZ1cGxvYWRzJTJGdmlkZW8lMkYzZGJhdGh5YWNjaWQud2VibSUyMiUyMHR5cGUlM0QlMjJ2aWRlbyUyRndlYm0lMjIlMjAlMkYlM0UlMEElM0MlMkZ2aWRlbyUzRQ==[\/vc_raw_html][\/vc_column][\/vc_row][vc_row full_width=&#8221;stretch_row&#8221; gap=&#8221;5&#8243; content_placement=&#8221;top&#8221; css=&#8221;.vc_custom_1618496185536{margin-bottom: 0px !important;}&#8221;][vc_column width=&#8221;1\/3&#8243; css=&#8221;.vc_custom_1618496248086{margin-bottom: 0px !important;padding-bottom: 0px !important;}&#8221;]<div id=\"ultimate-heading-246869f3dfc829831\" class=\"uvc-heading ult-adjust-bottom-margin ultimate-heading-246869f3dfc829831 uvc-2309 \" data-hspacer=\"no_spacer\"  data-halign=\"left\" style=\"text-align:left\"><div class=\"uvc-heading-spacer no_spacer\" style=\"top\"><\/div><div class=\"uvc-main-heading ult-responsive\"  data-ultimate-target='.uvc-heading.ultimate-heading-246869f3dfc829831 h2'  data-responsive-json-new='{\"font-size\":\"desktop:26px;\",\"line-height\":\"desktop:36px;\"}' ><h2 style=\"font-family:&#039;Exo 2&#039;;font-weight:300;margin-bottom:0px;\">Our key partners<\/h2><\/div><\/div>[\/vc_column][vc_column width=&#8221;2\/3&#8243;][vc_row_inner gap=&#8221;25&#8243;][vc_column_inner width=&#8221;1\/2&#8243;]<div id=\"ultimate-heading-772169f3dfc829d0f\" class=\"uvc-heading ult-adjust-bottom-margin ultimate-heading-772169f3dfc829d0f uvc-7635 \" data-hspacer=\"image_only\"  data-halign=\"left\" style=\"text-align:left\"><div class=\"uvc-heading-spacer image_only\" style=\"margin-bottom:15px;\"><img decoding=\"async\" src=\"https:\/\/www.abyssa.com\/abys2021\/wp-content\/uploads\/2021\/05\/RTSys.jpg\" class=\"ultimate-headings-icon-image\" alt=\"RTSys\" style=\"width:120px\"\/><\/div><div class=\"uvc-sub-heading ult-responsive\"  data-ultimate-target='.uvc-heading.ultimate-heading-772169f3dfc829d0f .uvc-sub-heading '  data-responsive-json-new='{\"font-size\":\"desktop:16px;\",\"line-height\":\"desktop:26px;\"}'  style=\"font-family:&#039;Exo 2&#039;;font-weight:200;\">RTSys for the development of the follower AUVs and their short-range acoustic link platform<\/div><\/div>[\/vc_column_inner][vc_column_inner width=&#8221;1\/2&#8243;]<div id=\"ultimate-heading-733069f3dfc82a1e3\" class=\"uvc-heading ult-adjust-bottom-margin ultimate-heading-733069f3dfc82a1e3 uvc-9586 \" data-hspacer=\"image_only\"  data-halign=\"left\" style=\"text-align:left\"><div class=\"uvc-heading-spacer image_only\" style=\"margin-bottom:15px;\"><img decoding=\"async\" src=\"https:\/\/www.abyssa.com\/abys2021\/wp-content\/uploads\/2021\/04\/ipgp.jpg\" class=\"ultimate-headings-icon-image\" alt=\"null\" style=\"width:120px\"\/><\/div><div class=\"uvc-sub-heading ult-responsive\"  data-ultimate-target='.uvc-heading.ultimate-heading-733069f3dfc82a1e3 .uvc-sub-heading '  data-responsive-json-new='{\"font-size\":\"desktop:16px;\",\"line-height\":\"desktop:26px;\"}'  style=\"font-family:&#039;Exo 2&#039;;font-weight:200;\">IPGP for the use of deep-sea magnetic data to detect mining sites<\/div><\/div>[\/vc_column_inner][\/vc_row_inner][\/vc_column][\/vc_row]<\/p>\n<\/div>","protected":false},"excerpt":{"rendered":"<p>[vc_row bg_type=&#8221;image&#8221; parallax_style=&#8221;vcpb-default&#8221; bg_image_new=&#8221;id^462|url^https:\/\/www.abyssa.com\/abys2021\/wp-content\/uploads\/2021\/04\/fondvideo-1920&#215;1080-1.svg|caption^null|alt^null|title^ABYSSA|description^null&#8221; bg_image_repeat=&#8221;no-repeat&#8221; bg_override=&#8221;ex-full&#8221; enable_overlay=&#8221;enable_overlay_value&#8221; overlay_color=&#8221;rgba(244,244,245,0.55)&#8221; css=&#8221;.vc_custom_1617873756232{margin-top: 0px !important;margin-bottom: 0px !important;border-bottom-width: 35px !important;}&#8221;][vc_column][vc_column_text]Comprising several autonomous underwater vehicles able to cover vast tracts of the ocean floor, the So Magical fleet will be able to detect this rare and valuable mineral more efficiently and more rapidly than any other detection technique currently available. So-Magical&hellip;<\/p>\n","protected":false},"author":1,"featured_media":0,"parent":1623,"menu_order":2,"comment_status":"closed","ping_status":"closed","template":"","meta":{"footnotes":""},"class_list":["post-1629","page","type-page","status-publish","hentry","description-off"],"yoast_head":"<!-- This site is optimized with the Yoast SEO plugin v26.7 - https:\/\/yoast.com\/wordpress\/plugins\/seo\/ -->\n<title>The So Magical fleet - Abyssa<\/title>\n<meta name=\"description\" content=\"The So-Magical ABYSSA fleet has been designed to detect sulphide deposits through deep sea exploration.\" \/>\n<meta name=\"robots\" content=\"index, follow, max-snippet:-1, max-image-preview:large, max-video-preview:-1\" \/>\n<link rel=\"canonical\" href=\"https:\/\/www.abyssa.com\/en\/tools\/the-so-magical-fleet\/\" \/>\n<meta property=\"og:locale\" content=\"en_US\" \/>\n<meta property=\"og:type\" content=\"article\" \/>\n<meta property=\"og:title\" content=\"The So Magical fleet - Abyssa\" \/>\n<meta property=\"og:description\" content=\"The So-Magical ABYSSA fleet has been designed to detect sulphide deposits through deep sea exploration.\" \/>\n<meta property=\"og:url\" content=\"https:\/\/www.abyssa.com\/en\/tools\/the-so-magical-fleet\/\" \/>\n<meta property=\"og:site_name\" content=\"Abyssa\" \/>\n<meta property=\"article:modified_time\" content=\"2021-05-28T14:28:51+00:00\" \/>\n<meta name=\"twitter:card\" content=\"summary_large_image\" \/>\n<meta name=\"twitter:label1\" content=\"Est. reading time\" \/>\n\t<meta name=\"twitter:data1\" content=\"4 minutes\" \/>\n<script type=\"application\/ld+json\" class=\"yoast-schema-graph\">{\"@context\":\"https:\/\/schema.org\",\"@graph\":[{\"@type\":\"WebPage\",\"@id\":\"https:\/\/www.abyssa.com\/en\/tools\/the-so-magical-fleet\/\",\"url\":\"https:\/\/www.abyssa.com\/en\/tools\/the-so-magical-fleet\/\",\"name\":\"The So Magical fleet - Abyssa\",\"isPartOf\":{\"@id\":\"https:\/\/www.abyssa.com\/en\/#website\"},\"datePublished\":\"2021-04-15T12:34:38+00:00\",\"dateModified\":\"2021-05-28T14:28:51+00:00\",\"description\":\"The So-Magical ABYSSA fleet has been designed to detect sulphide deposits through deep sea exploration.\",\"breadcrumb\":{\"@id\":\"https:\/\/www.abyssa.com\/en\/tools\/the-so-magical-fleet\/#breadcrumb\"},\"inLanguage\":\"en-US\",\"potentialAction\":[{\"@type\":\"ReadAction\",\"target\":[\"https:\/\/www.abyssa.com\/en\/tools\/the-so-magical-fleet\/\"]}]},{\"@type\":\"BreadcrumbList\",\"@id\":\"https:\/\/www.abyssa.com\/en\/tools\/the-so-magical-fleet\/#breadcrumb\",\"itemListElement\":[{\"@type\":\"ListItem\",\"position\":1,\"name\":\"Accueil\",\"item\":\"https:\/\/www.abyssa.com\/en\/\"},{\"@type\":\"ListItem\",\"position\":2,\"name\":\"Tools\",\"item\":\"https:\/\/www.abyssa.com\/en\/tools\/\"},{\"@type\":\"ListItem\",\"position\":3,\"name\":\"The So Magical fleet\"}]},{\"@type\":\"WebSite\",\"@id\":\"https:\/\/www.abyssa.com\/en\/#website\",\"url\":\"https:\/\/www.abyssa.com\/en\/\",\"name\":\"Abyssa\",\"description\":\"Soci\u00e9t\u00e9 fran\u00e7aise d&#039;exploration des grands fonds marins\",\"potentialAction\":[{\"@type\":\"SearchAction\",\"target\":{\"@type\":\"EntryPoint\",\"urlTemplate\":\"https:\/\/www.abyssa.com\/en\/?s={search_term_string}\"},\"query-input\":{\"@type\":\"PropertyValueSpecification\",\"valueRequired\":true,\"valueName\":\"search_term_string\"}}],\"inLanguage\":\"en-US\"}]}<\/script>\n<!-- \/ Yoast SEO plugin. -->","yoast_head_json":{"title":"The So Magical fleet - Abyssa","description":"The So-Magical ABYSSA fleet has been designed to detect sulphide deposits through deep sea exploration.","robots":{"index":"index","follow":"follow","max-snippet":"max-snippet:-1","max-image-preview":"max-image-preview:large","max-video-preview":"max-video-preview:-1"},"canonical":"https:\/\/www.abyssa.com\/en\/tools\/the-so-magical-fleet\/","og_locale":"en_US","og_type":"article","og_title":"The So Magical fleet - Abyssa","og_description":"The So-Magical ABYSSA fleet has been designed to detect sulphide deposits through deep sea exploration.","og_url":"https:\/\/www.abyssa.com\/en\/tools\/the-so-magical-fleet\/","og_site_name":"Abyssa","article_modified_time":"2021-05-28T14:28:51+00:00","twitter_card":"summary_large_image","twitter_misc":{"Est. reading time":"4 minutes"},"schema":{"@context":"https:\/\/schema.org","@graph":[{"@type":"WebPage","@id":"https:\/\/www.abyssa.com\/en\/tools\/the-so-magical-fleet\/","url":"https:\/\/www.abyssa.com\/en\/tools\/the-so-magical-fleet\/","name":"The So Magical fleet - Abyssa","isPartOf":{"@id":"https:\/\/www.abyssa.com\/en\/#website"},"datePublished":"2021-04-15T12:34:38+00:00","dateModified":"2021-05-28T14:28:51+00:00","description":"The So-Magical ABYSSA fleet has been designed to detect sulphide deposits through deep sea exploration.","breadcrumb":{"@id":"https:\/\/www.abyssa.com\/en\/tools\/the-so-magical-fleet\/#breadcrumb"},"inLanguage":"en-US","potentialAction":[{"@type":"ReadAction","target":["https:\/\/www.abyssa.com\/en\/tools\/the-so-magical-fleet\/"]}]},{"@type":"BreadcrumbList","@id":"https:\/\/www.abyssa.com\/en\/tools\/the-so-magical-fleet\/#breadcrumb","itemListElement":[{"@type":"ListItem","position":1,"name":"Accueil","item":"https:\/\/www.abyssa.com\/en\/"},{"@type":"ListItem","position":2,"name":"Tools","item":"https:\/\/www.abyssa.com\/en\/tools\/"},{"@type":"ListItem","position":3,"name":"The So Magical fleet"}]},{"@type":"WebSite","@id":"https:\/\/www.abyssa.com\/en\/#website","url":"https:\/\/www.abyssa.com\/en\/","name":"Abyssa","description":"Soci\u00e9t\u00e9 fran\u00e7aise d&#039;exploration des grands fonds marins","potentialAction":[{"@type":"SearchAction","target":{"@type":"EntryPoint","urlTemplate":"https:\/\/www.abyssa.com\/en\/?s={search_term_string}"},"query-input":{"@type":"PropertyValueSpecification","valueRequired":true,"valueName":"search_term_string"}}],"inLanguage":"en-US"}]}},"_links":{"self":[{"href":"https:\/\/www.abyssa.com\/en\/wp-json\/wp\/v2\/pages\/1629","targetHints":{"allow":["GET"]}}],"collection":[{"href":"https:\/\/www.abyssa.com\/en\/wp-json\/wp\/v2\/pages"}],"about":[{"href":"https:\/\/www.abyssa.com\/en\/wp-json\/wp\/v2\/types\/page"}],"author":[{"embeddable":true,"href":"https:\/\/www.abyssa.com\/en\/wp-json\/wp\/v2\/users\/1"}],"replies":[{"embeddable":true,"href":"https:\/\/www.abyssa.com\/en\/wp-json\/wp\/v2\/comments?post=1629"}],"version-history":[{"count":0,"href":"https:\/\/www.abyssa.com\/en\/wp-json\/wp\/v2\/pages\/1629\/revisions"}],"up":[{"embeddable":true,"href":"https:\/\/www.abyssa.com\/en\/wp-json\/wp\/v2\/pages\/1623"}],"wp:attachment":[{"href":"https:\/\/www.abyssa.com\/en\/wp-json\/wp\/v2\/media?parent=1629"}],"curies":[{"name":"wp","href":"https:\/\/api.w.org\/{rel}","templated":true}]}}