{"id":1623,"date":"2021-03-17T16:50:39","date_gmt":"2021-03-17T15:50:39","guid":{"rendered":"http:\/\/www.abyssa.com\/abys2021\/outils\/"},"modified":"2022-07-26T17:33:38","modified_gmt":"2022-07-26T15:33:38","slug":"tools","status":"publish","type":"page","link":"https:\/\/www.abyssa.com\/en\/tools\/","title":{"rendered":"Tools"},"content":{"rendered":"<div class=\"wpb-content-wrapper\"><p>[vc_row][vc_column]<div id=\"ultimate-heading-323369e06e097523c\" class=\"uvc-heading ult-adjust-bottom-margin ultimate-heading-323369e06e097523c uvc-2176 \" data-hspacer=\"icon_only\"  data-halign=\"left\" style=\"text-align:left\"><div class=\"uvc-heading-spacer icon_only\" style=\"margin-bottom:20px;\"><div class=\"ult-just-icon-wrapper  \"><div class=\"align-icon\" style=\"text-align:left;\">\n<div class=\"aio-icon advanced \"  style=\"color:#697787;border-style:dashed;border-color:#697787;border-width:1px;width:45px;height:45px;line-height:45px;border-radius:500px;font-size:20px;\">\n\t<i class=\"icomoon-the7-font-the7-plus-04\"><\/i>\n<\/div><\/div><\/div><\/div><div class=\"uvc-main-heading ult-responsive\"  data-ultimate-target='.uvc-heading.ultimate-heading-323369e06e097523c h2'  data-responsive-json-new='{\"font-size\":\"desktop:50px;\",\"line-height\":\"desktop:60px;\"}' ><h2 style=\"font-family:&#039;Exo 2&#039;;font-weight:200;margin-bottom:25px;\">Tools adapted to your needs<\/h2><\/div><div class=\"uvc-sub-heading ult-responsive\"  data-ultimate-target='.uvc-heading.ultimate-heading-323369e06e097523c .uvc-sub-heading '  data-responsive-json-new='{\"font-size\":\"desktop:22px;\",\"line-height\":\"desktop:32px;\"}'  style=\"font-family:&#039;Exo 2&#039;;font-weight:200;margin-bottom:35px;\">On-board measuring equipment, height of the AUVs above the bottom&#8230; ABYSSA tools adapt to your needs!<\/div><\/div>[vc_row_inner gap=&#8221;35&#8243; css=&#8221;.vc_custom_1617882607012{margin-top: 35px !important;margin-bottom: 35px !important;}&#8221;][vc_column_inner width=&#8221;1\/2&#8243;][vc_column_text]Depending on the needs and the desired deliverables, ABYSSA equips its AUVs with various non-intrusive, acoustic, optical or physico-chemical sensors.<\/p>\n<p>Similarly, depending on the desired level of precision, ABYSSA offers a multi-scale exploratory protocol by carrying out different passes at different navigation altitudes. It is thus possible to meet regional detection and\/or local characterisation objectives.[\/vc_column_text][\/vc_column_inner][vc_column_inner width=&#8221;1\/2&#8243;][vc_column_text]One of ABYSSA&#8217;s main assets is the use of the So-Magical fleet, designed for the detection of Seaflor Massive Sulphide. Composed of several interconnected AUVs sailing simultaneously, the So-Magical fleet allows for a much more efficient detection of Seaflor Massive Sulphide than any other solution currently on the market.<\/p>\n<p>At ABYSSA, R&amp;D (Research and Development) is a constant commitment, a constant preoccupation for the Associate Directors. In addition to the So-Magical fleet, other projects are under development.[\/vc_column_text][\/vc_column_inner][\/vc_row_inner][\/vc_column][\/vc_row][vc_row full_width=&#8221;stretch_row_content&#8221; equal_height=&#8221;yes&#8221; content_placement=&#8221;middle&#8221;][vc_column width=&#8221;1\/4&#8243; css=&#8221;.vc_custom_1617972654182{margin-top: 0px !important;margin-right: 0px !important;margin-bottom: 0px !important;margin-left: 0px !important;padding-top: 0px !important;padding-right: 0px !important;padding-bottom: 0px !important;padding-left: 0px !important;}&#8221;]<div id=\"ultib3-149153538969e06e0975667\" class=\" vc_custom_1622131634773 ultb3-box ult-adjust-bottom-margin  ultb3-hover-5\" style=\"background-color: rgba(55,73,95,0.3);\"><div class=\"ultb3-box-overlay\" style=\"background:rgba(55,73,95,0.4);\"><\/div><img decoding=\"async\" src=\"https:\/\/www.abyssa.com\/abys2021\/wp-content\/uploads\/2021\/04\/rendu-header.jpg\" style=\"\" class=\"ultb3-img ultb3-img-center\" alt=\"Abyssa\"\/><div id=\"Info-banner-wrap4401\" class=\"ultb3-info ib3-info-center\" data-animation=\"fadeInDown\" data-animation-delay=\"03\"><h2 class=\"ultb3-title ult-responsive\"  data-ultimate-target='#Info-banner-wrap4401 .ultb3-title'  data-responsive-json-new='{\"font-size\":\"desktop:34px;\",\"line-height\":\"desktop:44px;\"}'  style=\"font-family:Exo 2;font-weight:300;color:#ffffff;\">Resources and deliverables<\/h2><a href=\"https:\/\/www.abyssa.com\/en\/tools\/resources-and-deliverables\/\"  class=\"ultb3-btn ult-responsive\"  data-ultimate-target='#Info-banner-wrap4401 .ultb3-btn'  data-responsive-json-new='{\"font-size\":\"desktop:20px;\",\"line-height\":\"desktop:30px;\"}'  style=\"font-family:Exo 2;font-weight:600;\">+<i class=\"Defaults-angle-right\"><\/i><\/a><\/div><\/div><style>\n\t\t\t\t\t#ultib3-149153538969e06e0975667 {\n\t\t\t\t\t\tmin-height:350px;\n\t\t\t\t\t}\n\t\t\t\t\t#ultib3-149153538969e06e0975667 img.ultb3-img {\n\t\t\t\t\t\theight: 400px;\n\t\t\t\t\t}\n\t\t\t\t\t#ultib3-149153538969e06e0975667 .ultb3-btn {\n\t\t\t\t\t\tborder:1px solid rgba(255,255,255,0.75);border-radius:50px;color:#f4f4f5;\n\t\t\t\t\t}\n\t\t\t\t\t#ultib3-149153538969e06e0975667 .ultb3-btn:hover {\n\t\t\t\t\t\tbackground:rgba(255,255,255,0.75);color:#1d2a39;\n\t\t\t\t\t}\n\t\t\t\t\t#ultib3-149153538969e06e0975667 .ultb3-btn:focus {\n\t\t\t\t\t\toutline: 2px solid #005fcc;\n\t\t\t\t\t\toutline-offset: 2px;\n\t\t\t\t\t}\n\t\t\t\t<\/style><style>\n\t\t\t\t\t\t@media (min-width: 1824px) {\n\t\t\t\t\t\t\t #ultib3-149153538969e06e0975667 img.ultb3-img {\n\t\t\t\t\t\t\t\theight:400px;\n\t\t\t\t\t\t\t}\n\t\t\t\t\t\t}\n\t\t\t\t\t<\/style><style>\n\t\t\t\t\t\t@media (max-width: 1199px) {\n\t\t\t\t\t\t\t #ultib3-149153538969e06e0975667 img.ultb3-img {\n\t\t\t\t\t\t\t\theight:400px;\n\t\t\t\t\t\t\t}\n\t\t\t\t\t\t}\n\t\t\t\t\t<\/style><style>\n\t\t\t\t\t\t@media (max-width: 991px) {\n\t\t\t\t\t\t\t #ultib3-149153538969e06e0975667 img.ultb3-img {\n\t\t\t\t\t\t\t\theight:400px;\n\t\t\t\t\t\t\t}\n\t\t\t\t\t\t}\n\t\t\t\t\t<\/style><style>\n\t\t\t\t\t\t@media (max-width: 767px) {\n\t\t\t\t\t\t\t #ultib3-149153538969e06e0975667 img.ultb3-img {\n\t\t\t\t\t\t\t\theight:400px;\n\t\t\t\t\t\t\t}\n\t\t\t\t\t\t}\n\t\t\t\t\t<\/style><style>\n\t\t\t\t\t\t@media (max-width: 479px) {\n\t\t\t\t\t\t\t #ultib3-149153538969e06e0975667 img.ultb3-img {\n\t\t\t\t\t\t\t\theight:400px;\n\t\t\t\t\t\t\t}\n\t\t\t\t\t\t}\n\t\t\t\t\t<\/style>[\/vc_column][vc_column width=&#8221;1\/4&#8243; css=&#8221;.vc_custom_1618479544798{margin: 0px !important;padding: 0px !important;}&#8221;]<div id=\"ultib3-150990506869e06e0975a17\" class=\" vc_custom_1622131648068 ultb3-box ult-adjust-bottom-margin  ultb3-hover-5\" style=\"background-color: #12446e;\"><div class=\"ultb3-box-overlay\" style=\"background:rgba(18,68,110,0.45);\"><\/div><img decoding=\"async\" src=\"https:\/\/www.abyssa.com\/abys2021\/wp-content\/uploads\/2021\/04\/abyssa-auv-prospection.jpg\" style=\"\" class=\"ultb3-img ultb3-img-center\" alt=\"ABYSSA : auv prospection\"\/><div id=\"Info-banner-wrap6894\" class=\"ultb3-info ib3-info-center\" data-animation=\"fadeInLeft\" data-animation-delay=\"03\"><h2 class=\"ultb3-title ult-responsive\"  data-ultimate-target='#Info-banner-wrap6894 .ultb3-title'  data-responsive-json-new='{\"font-size\":\"desktop:34px;\",\"line-height\":\"desktop:44px;\"}'  style=\"font-family:Exo 2;font-weight:300;color:#ffffff;\">Multi-scale approach<\/h2><a href=\"https:\/\/www.abyssa.com\/en\/tools\/multi-scale-approach\/\"  class=\"ultb3-btn ult-responsive\"  data-ultimate-target='#Info-banner-wrap6894 .ultb3-btn'  data-responsive-json-new='{\"font-size\":\"desktop:20px;\",\"line-height\":\"desktop:30px;\"}'  style=\"font-family:Exo 2;font-weight:600;\">+<i class=\"Defaults-angle-right\"><\/i><\/a><\/div><\/div><style>\n\t\t\t\t\t#ultib3-150990506869e06e0975a17 {\n\t\t\t\t\t\tmin-height:350px;\n\t\t\t\t\t}\n\t\t\t\t\t#ultib3-150990506869e06e0975a17 img.ultb3-img {\n\t\t\t\t\t\theight: 400px;\n\t\t\t\t\t}\n\t\t\t\t\t#ultib3-150990506869e06e0975a17 .ultb3-btn {\n\t\t\t\t\t\tborder:1px solid rgba(255,255,255,0.75);border-radius:50px;color:#f4f4f5;\n\t\t\t\t\t}\n\t\t\t\t\t#ultib3-150990506869e06e0975a17 .ultb3-btn:hover {\n\t\t\t\t\t\tbackground:rgba(255,255,255,0.75);color:#1d2a39;\n\t\t\t\t\t}\n\t\t\t\t\t#ultib3-150990506869e06e0975a17 .ultb3-btn:focus {\n\t\t\t\t\t\toutline: 2px solid #005fcc;\n\t\t\t\t\t\toutline-offset: 2px;\n\t\t\t\t\t}\n\t\t\t\t<\/style><style>\n\t\t\t\t\t\t@media (min-width: 1824px) {\n\t\t\t\t\t\t\t #ultib3-150990506869e06e0975a17 img.ultb3-img {\n\t\t\t\t\t\t\t\theight:400px;\n\t\t\t\t\t\t\t}\n\t\t\t\t\t\t}\n\t\t\t\t\t<\/style><style>\n\t\t\t\t\t\t@media (max-width: 1199px) {\n\t\t\t\t\t\t\t #ultib3-150990506869e06e0975a17 img.ultb3-img {\n\t\t\t\t\t\t\t\theight:400px;\n\t\t\t\t\t\t\t}\n\t\t\t\t\t\t}\n\t\t\t\t\t<\/style><style>\n\t\t\t\t\t\t@media (max-width: 991px) {\n\t\t\t\t\t\t\t #ultib3-150990506869e06e0975a17 img.ultb3-img {\n\t\t\t\t\t\t\t\theight:400px;\n\t\t\t\t\t\t\t}\n\t\t\t\t\t\t}\n\t\t\t\t\t<\/style><style>\n\t\t\t\t\t\t@media (max-width: 767px) {\n\t\t\t\t\t\t\t #ultib3-150990506869e06e0975a17 img.ultb3-img {\n\t\t\t\t\t\t\t\theight:400px;\n\t\t\t\t\t\t\t}\n\t\t\t\t\t\t}\n\t\t\t\t\t<\/style><style>\n\t\t\t\t\t\t@media (max-width: 479px) {\n\t\t\t\t\t\t\t #ultib3-150990506869e06e0975a17 img.ultb3-img {\n\t\t\t\t\t\t\t\theight:400px;\n\t\t\t\t\t\t\t}\n\t\t\t\t\t\t}\n\t\t\t\t\t<\/style>[\/vc_column][vc_column width=&#8221;1\/4&#8243; css=&#8221;.vc_custom_1617972648085{margin-top: 0px !important;margin-right: 0px !important;margin-bottom: 0px !important;margin-left: 0px !important;padding-top: 0px !important;padding-right: 0px !important;padding-bottom: 0px !important;padding-left: 0px !important;}&#8221;]<div id=\"ultib3-162954530569e06e0975e17\" class=\" vc_custom_1622131660027 ultb3-box ult-adjust-bottom-margin  ultb3-hover-5\" style=\"background-color: #f4f4f5;\"><div class=\"ultb3-box-overlay\" style=\"background:rgba(55,73,95,0.3);\"><\/div><img decoding=\"async\" src=\"https:\/\/www.abyssa.com\/abys2021\/wp-content\/uploads\/2021\/04\/abyssa-flotte-auv-1.jpg\" style=\"\" class=\"ultb3-img ultb3-img-center\" alt=\"ABYSSA flotte auv\"\/><div id=\"Info-banner-wrap2879\" class=\"ultb3-info ib3-info-center\" data-animation=\"fadeInUp\" data-animation-delay=\"03\"><h2 class=\"ultb3-title ult-responsive\"  data-ultimate-target='#Info-banner-wrap2879 .ultb3-title'  data-responsive-json-new='{\"font-size\":\"desktop:34px;\",\"line-height\":\"desktop:44px;\"}'  style=\"font-family:Exo 2;font-weight:300;color:#ffffff;\">The So Magical fleet<\/h2><a href=\"https:\/\/www.abyssa.com\/en\/tools\/the-so-magical-fleet\/\"  class=\"ultb3-btn ult-responsive\"  data-ultimate-target='#Info-banner-wrap2879 .ultb3-btn'  data-responsive-json-new='{\"font-size\":\"desktop:20px;\",\"line-height\":\"desktop:30px;\"}'  style=\"font-family:Exo 2;font-weight:600;\">+<i class=\"Defaults-angle-right\"><\/i><\/a><\/div><\/div><style>\n\t\t\t\t\t#ultib3-162954530569e06e0975e17 {\n\t\t\t\t\t\tmin-height:350px;\n\t\t\t\t\t}\n\t\t\t\t\t#ultib3-162954530569e06e0975e17 img.ultb3-img {\n\t\t\t\t\t\theight: 400px;\n\t\t\t\t\t}\n\t\t\t\t\t#ultib3-162954530569e06e0975e17 .ultb3-btn {\n\t\t\t\t\t\tborder:1px solid rgba(255,255,255,0.75);border-radius:50px;color:#f4f4f5;\n\t\t\t\t\t}\n\t\t\t\t\t#ultib3-162954530569e06e0975e17 .ultb3-btn:hover {\n\t\t\t\t\t\tbackground:rgba(255,255,255,0.75);color:#1d2a39;\n\t\t\t\t\t}\n\t\t\t\t\t#ultib3-162954530569e06e0975e17 .ultb3-btn:focus {\n\t\t\t\t\t\toutline: 2px solid #005fcc;\n\t\t\t\t\t\toutline-offset: 2px;\n\t\t\t\t\t}\n\t\t\t\t<\/style><style>\n\t\t\t\t\t\t@media (min-width: 1824px) {\n\t\t\t\t\t\t\t #ultib3-162954530569e06e0975e17 img.ultb3-img {\n\t\t\t\t\t\t\t\theight:400px;\n\t\t\t\t\t\t\t}\n\t\t\t\t\t\t}\n\t\t\t\t\t<\/style><style>\n\t\t\t\t\t\t@media (max-width: 1199px) {\n\t\t\t\t\t\t\t #ultib3-162954530569e06e0975e17 img.ultb3-img {\n\t\t\t\t\t\t\t\theight:400px;\n\t\t\t\t\t\t\t}\n\t\t\t\t\t\t}\n\t\t\t\t\t<\/style><style>\n\t\t\t\t\t\t@media (max-width: 991px) {\n\t\t\t\t\t\t\t #ultib3-162954530569e06e0975e17 img.ultb3-img {\n\t\t\t\t\t\t\t\theight:400px;\n\t\t\t\t\t\t\t}\n\t\t\t\t\t\t}\n\t\t\t\t\t<\/style><style>\n\t\t\t\t\t\t@media (max-width: 767px) {\n\t\t\t\t\t\t\t #ultib3-162954530569e06e0975e17 img.ultb3-img {\n\t\t\t\t\t\t\t\theight:400px;\n\t\t\t\t\t\t\t}\n\t\t\t\t\t\t}\n\t\t\t\t\t<\/style><style>\n\t\t\t\t\t\t@media (max-width: 479px) {\n\t\t\t\t\t\t\t #ultib3-162954530569e06e0975e17 img.ultb3-img {\n\t\t\t\t\t\t\t\theight:400px;\n\t\t\t\t\t\t\t}\n\t\t\t\t\t\t}\n\t\t\t\t\t<\/style>[\/vc_column][vc_column width=&#8221;1\/4&#8243; css=&#8221;.vc_custom_1617972661252{margin-top: 0px !important;margin-right: 0px !important;margin-bottom: 0px !important;margin-left: 0px !important;padding-top: 0px !important;padding-right: 0px !important;padding-bottom: 0px !important;padding-left: 0px !important;}&#8221;]<div id=\"ultib3-251887661369e06e0976241\" class=\" vc_custom_1622131671119 ultb3-box ult-adjust-bottom-margin  ultb3-hover-5\" style=\"background-color: #12446e;\"><div class=\"ultb3-box-overlay\" style=\"background:rgba(18,68,110,0.45);\"><\/div><img decoding=\"async\" src=\"https:\/\/www.abyssa.com\/abys2021\/wp-content\/uploads\/2021\/04\/nautilus-auv.jpg\" style=\"\" class=\"ultb3-img ultb3-img-center\" alt=\"Nautilus\"\/><div id=\"Info-banner-wrap3219\" class=\"ultb3-info ib3-info-center\" data-animation=\"fadeInLeft\" data-animation-delay=\"03\"><h2 class=\"ultb3-title ult-responsive\"  data-ultimate-target='#Info-banner-wrap3219 .ultb3-title'  data-responsive-json-new='{\"font-size\":\"desktop:34px;\",\"line-height\":\"desktop:44px;\"}'  style=\"font-family:Exo 2;font-weight:300;color:#ffffff;\">R&amp;D<\/h2><a href=\"https:\/\/www.abyssa.com\/en\/tools\/research-and-development\/\"  class=\"ultb3-btn ult-responsive\"  data-ultimate-target='#Info-banner-wrap3219 .ultb3-btn'  data-responsive-json-new='{\"font-size\":\"desktop:20px;\",\"line-height\":\"desktop:30px;\"}'  style=\"font-family:Exo 2;font-weight:600;\">+<i class=\"Defaults-angle-right\"><\/i><\/a><\/div><\/div><style>\n\t\t\t\t\t#ultib3-251887661369e06e0976241 {\n\t\t\t\t\t\tmin-height:350px;\n\t\t\t\t\t}\n\t\t\t\t\t#ultib3-251887661369e06e0976241 img.ultb3-img {\n\t\t\t\t\t\theight: 400px;\n\t\t\t\t\t}\n\t\t\t\t\t#ultib3-251887661369e06e0976241 .ultb3-btn {\n\t\t\t\t\t\tborder:1px solid rgba(255,255,255,0.75);border-radius:50px;color:#f4f4f5;\n\t\t\t\t\t}\n\t\t\t\t\t#ultib3-251887661369e06e0976241 .ultb3-btn:hover {\n\t\t\t\t\t\tbackground:rgba(255,255,255,0.75);color:#1d2a39;\n\t\t\t\t\t}\n\t\t\t\t\t#ultib3-251887661369e06e0976241 .ultb3-btn:focus {\n\t\t\t\t\t\toutline: 2px solid #005fcc;\n\t\t\t\t\t\toutline-offset: 2px;\n\t\t\t\t\t}\n\t\t\t\t<\/style><style>\n\t\t\t\t\t\t@media (min-width: 1824px) {\n\t\t\t\t\t\t\t #ultib3-251887661369e06e0976241 img.ultb3-img {\n\t\t\t\t\t\t\t\theight:400px;\n\t\t\t\t\t\t\t}\n\t\t\t\t\t\t}\n\t\t\t\t\t<\/style><style>\n\t\t\t\t\t\t@media (max-width: 1199px) {\n\t\t\t\t\t\t\t #ultib3-251887661369e06e0976241 img.ultb3-img {\n\t\t\t\t\t\t\t\theight:400px;\n\t\t\t\t\t\t\t}\n\t\t\t\t\t\t}\n\t\t\t\t\t<\/style><style>\n\t\t\t\t\t\t@media (max-width: 991px) {\n\t\t\t\t\t\t\t #ultib3-251887661369e06e0976241 img.ultb3-img {\n\t\t\t\t\t\t\t\theight:400px;\n\t\t\t\t\t\t\t}\n\t\t\t\t\t\t}\n\t\t\t\t\t<\/style><style>\n\t\t\t\t\t\t@media (max-width: 767px) {\n\t\t\t\t\t\t\t #ultib3-251887661369e06e0976241 img.ultb3-img {\n\t\t\t\t\t\t\t\theight:400px;\n\t\t\t\t\t\t\t}\n\t\t\t\t\t\t}\n\t\t\t\t\t<\/style><style>\n\t\t\t\t\t\t@media (max-width: 479px) {\n\t\t\t\t\t\t\t #ultib3-251887661369e06e0976241 img.ultb3-img {\n\t\t\t\t\t\t\t\theight:400px;\n\t\t\t\t\t\t\t}\n\t\t\t\t\t\t}\n\t\t\t\t\t<\/style>[\/vc_column][\/vc_row]<\/p>\n<\/div>","protected":false},"excerpt":{"rendered":"<p>[vc_row][vc_column][vc_row_inner gap=&#8221;35&#8243; css=&#8221;.vc_custom_1617882607012{margin-top: 35px !important;margin-bottom: 35px !important;}&#8221;][vc_column_inner width=&#8221;1\/2&#8243;][vc_column_text]Depending on the needs and the desired deliverables, ABYSSA equips its AUVs with various non-intrusive, acoustic, optical or physico-chemical sensors. Similarly, depending on the desired level of precision, ABYSSA offers a multi-scale exploratory protocol by carrying out different passes at different navigation altitudes. It is thus possible to&hellip;<\/p>\n","protected":false},"author":1,"featured_media":0,"parent":0,"menu_order":0,"comment_status":"closed","ping_status":"closed","template":"","meta":{"footnotes":""},"class_list":["post-1623","page","type-page","status-publish","hentry","description-off"],"yoast_head":"<!-- This site is optimized with the Yoast SEO plugin v26.7 - https:\/\/yoast.com\/wordpress\/plugins\/seo\/ -->\n<title>Tools - Abyssa<\/title>\n<meta name=\"description\" content=\"Deep-sea exploration: ABYSSA equips its AUVs with various non-intrusive, acoustic, optical or physico-chemical sensors.\" \/>\n<meta name=\"robots\" content=\"index, follow, max-snippet:-1, max-image-preview:large, max-video-preview:-1\" \/>\n<link rel=\"canonical\" href=\"https:\/\/www.abyssa.com\/en\/tools\/\" \/>\n<meta property=\"og:locale\" content=\"en_US\" \/>\n<meta property=\"og:type\" content=\"article\" \/>\n<meta property=\"og:title\" content=\"Tools - Abyssa\" \/>\n<meta property=\"og:description\" content=\"Deep-sea exploration: ABYSSA equips its AUVs with various non-intrusive, acoustic, optical or physico-chemical sensors.\" \/>\n<meta property=\"og:url\" content=\"https:\/\/www.abyssa.com\/en\/tools\/\" \/>\n<meta property=\"og:site_name\" content=\"Abyssa\" \/>\n<meta property=\"article:modified_time\" content=\"2022-07-26T15:33:38+00:00\" \/>\n<meta name=\"twitter:card\" content=\"summary_large_image\" \/>\n<meta name=\"twitter:label1\" content=\"Est. reading time\" \/>\n\t<meta name=\"twitter:data1\" content=\"2 minutes\" \/>\n<script type=\"application\/ld+json\" class=\"yoast-schema-graph\">{\"@context\":\"https:\/\/schema.org\",\"@graph\":[{\"@type\":\"WebPage\",\"@id\":\"https:\/\/www.abyssa.com\/en\/tools\/\",\"url\":\"https:\/\/www.abyssa.com\/en\/tools\/\",\"name\":\"Tools - Abyssa\",\"isPartOf\":{\"@id\":\"https:\/\/www.abyssa.com\/en\/#website\"},\"datePublished\":\"2021-03-17T15:50:39+00:00\",\"dateModified\":\"2022-07-26T15:33:38+00:00\",\"description\":\"Deep-sea exploration: ABYSSA equips its AUVs with various non-intrusive, acoustic, optical or physico-chemical sensors.\",\"breadcrumb\":{\"@id\":\"https:\/\/www.abyssa.com\/en\/tools\/#breadcrumb\"},\"inLanguage\":\"en-US\",\"potentialAction\":[{\"@type\":\"ReadAction\",\"target\":[\"https:\/\/www.abyssa.com\/en\/tools\/\"]}]},{\"@type\":\"BreadcrumbList\",\"@id\":\"https:\/\/www.abyssa.com\/en\/tools\/#breadcrumb\",\"itemListElement\":[{\"@type\":\"ListItem\",\"position\":1,\"name\":\"Accueil\",\"item\":\"https:\/\/www.abyssa.com\/en\/\"},{\"@type\":\"ListItem\",\"position\":2,\"name\":\"Tools\"}]},{\"@type\":\"WebSite\",\"@id\":\"https:\/\/www.abyssa.com\/en\/#website\",\"url\":\"https:\/\/www.abyssa.com\/en\/\",\"name\":\"Abyssa\",\"description\":\"Soci\u00e9t\u00e9 fran\u00e7aise d&#039;exploration des grands fonds marins\",\"potentialAction\":[{\"@type\":\"SearchAction\",\"target\":{\"@type\":\"EntryPoint\",\"urlTemplate\":\"https:\/\/www.abyssa.com\/en\/?s={search_term_string}\"},\"query-input\":{\"@type\":\"PropertyValueSpecification\",\"valueRequired\":true,\"valueName\":\"search_term_string\"}}],\"inLanguage\":\"en-US\"}]}<\/script>\n<!-- \/ Yoast SEO plugin. -->","yoast_head_json":{"title":"Tools - Abyssa","description":"Deep-sea exploration: ABYSSA equips its AUVs with various non-intrusive, acoustic, optical or physico-chemical sensors.","robots":{"index":"index","follow":"follow","max-snippet":"max-snippet:-1","max-image-preview":"max-image-preview:large","max-video-preview":"max-video-preview:-1"},"canonical":"https:\/\/www.abyssa.com\/en\/tools\/","og_locale":"en_US","og_type":"article","og_title":"Tools - Abyssa","og_description":"Deep-sea exploration: ABYSSA equips its AUVs with various non-intrusive, acoustic, optical or physico-chemical sensors.","og_url":"https:\/\/www.abyssa.com\/en\/tools\/","og_site_name":"Abyssa","article_modified_time":"2022-07-26T15:33:38+00:00","twitter_card":"summary_large_image","twitter_misc":{"Est. reading time":"2 minutes"},"schema":{"@context":"https:\/\/schema.org","@graph":[{"@type":"WebPage","@id":"https:\/\/www.abyssa.com\/en\/tools\/","url":"https:\/\/www.abyssa.com\/en\/tools\/","name":"Tools - Abyssa","isPartOf":{"@id":"https:\/\/www.abyssa.com\/en\/#website"},"datePublished":"2021-03-17T15:50:39+00:00","dateModified":"2022-07-26T15:33:38+00:00","description":"Deep-sea exploration: ABYSSA equips its AUVs with various non-intrusive, acoustic, optical or physico-chemical sensors.","breadcrumb":{"@id":"https:\/\/www.abyssa.com\/en\/tools\/#breadcrumb"},"inLanguage":"en-US","potentialAction":[{"@type":"ReadAction","target":["https:\/\/www.abyssa.com\/en\/tools\/"]}]},{"@type":"BreadcrumbList","@id":"https:\/\/www.abyssa.com\/en\/tools\/#breadcrumb","itemListElement":[{"@type":"ListItem","position":1,"name":"Accueil","item":"https:\/\/www.abyssa.com\/en\/"},{"@type":"ListItem","position":2,"name":"Tools"}]},{"@type":"WebSite","@id":"https:\/\/www.abyssa.com\/en\/#website","url":"https:\/\/www.abyssa.com\/en\/","name":"Abyssa","description":"Soci\u00e9t\u00e9 fran\u00e7aise d&#039;exploration des grands fonds marins","potentialAction":[{"@type":"SearchAction","target":{"@type":"EntryPoint","urlTemplate":"https:\/\/www.abyssa.com\/en\/?s={search_term_string}"},"query-input":{"@type":"PropertyValueSpecification","valueRequired":true,"valueName":"search_term_string"}}],"inLanguage":"en-US"}]}},"_links":{"self":[{"href":"https:\/\/www.abyssa.com\/en\/wp-json\/wp\/v2\/pages\/1623","targetHints":{"allow":["GET"]}}],"collection":[{"href":"https:\/\/www.abyssa.com\/en\/wp-json\/wp\/v2\/pages"}],"about":[{"href":"https:\/\/www.abyssa.com\/en\/wp-json\/wp\/v2\/types\/page"}],"author":[{"embeddable":true,"href":"https:\/\/www.abyssa.com\/en\/wp-json\/wp\/v2\/users\/1"}],"replies":[{"embeddable":true,"href":"https:\/\/www.abyssa.com\/en\/wp-json\/wp\/v2\/comments?post=1623"}],"version-history":[{"count":0,"href":"https:\/\/www.abyssa.com\/en\/wp-json\/wp\/v2\/pages\/1623\/revisions"}],"wp:attachment":[{"href":"https:\/\/www.abyssa.com\/en\/wp-json\/wp\/v2\/media?parent=1623"}],"curies":[{"name":"wp","href":"https:\/\/api.w.org\/{rel}","templated":true}]}}