{"id":1615,"date":"2021-04-08T09:44:54","date_gmt":"2021-04-08T07:44:54","guid":{"rendered":"http:\/\/www.abyssa.com\/abys2021\/our-offer\/inventorier\/"},"modified":"2022-08-01T17:43:23","modified_gmt":"2022-08-01T15:43:23","slug":"surveying","status":"publish","type":"page","link":"https:\/\/www.abyssa.com\/en\/our-offer\/surveying\/","title":{"rendered":"Surveying"},"content":{"rendered":"<div class=\"wpb-content-wrapper\"><p>[vc_row bg_type=&#8221;image&#8221; parallax_style=&#8221;vcpb-default&#8221; bg_image_new=&#8221;id^462|url^https:\/\/www.abyssa.com\/abys2021\/wp-content\/uploads\/2021\/04\/fondvideo-1920&#215;1080-1.svg|caption^null|alt^null|title^ABYSSA|description^null&#8221; bg_image_repeat=&#8221;no-repeat&#8221; bg_override=&#8221;ex-full&#8221; enable_overlay=&#8221;enable_overlay_value&#8221; overlay_color=&#8221;rgba(244,244,245,0.55)&#8221; seperator_enable=&#8221;seperator_enable_value&#8221; seperator_position=&#8221;bottom_seperator&#8221; icon_type=&#8221;selector&#8221; icon=&#8221;icomoon-the7-font-the7-arrow-29-1&#8243; icon_size=&#8221;25&#8243; icon_color=&#8221;#ffffff&#8221; icon_style=&#8221;circle&#8221; icon_color_bg=&#8221;#37495f&#8221; css=&#8221;.vc_custom_1617887322228{margin-top: 0px !important;margin-bottom: 0px !important;border-bottom-width: 35px !important;}&#8221;][vc_column]<div id=\"ultimate-heading-318369d283c7828de\" class=\"uvc-heading ult-adjust-bottom-margin ultimate-heading-318369d283c7828de uvc-234 \" data-hspacer=\"icon_only\"  data-halign=\"left\" style=\"text-align:left\"><div class=\"uvc-heading-spacer icon_only\" style=\"margin-bottom:20px;\"><div class=\"ult-just-icon-wrapper  \"><div class=\"align-icon\" style=\"text-align:left;\">\n<div class=\"aio-icon advanced \"  style=\"color:#697787;border-style:dashed;border-color:#697787;border-width:1px;width:45px;height:45px;line-height:45px;border-radius:500px;font-size:20px;\">\n\t<i class=\"fas fa-list-ul\"><\/i>\n<\/div><\/div><\/div><\/div><div class=\"uvc-main-heading ult-responsive\"  data-ultimate-target='.uvc-heading.ultimate-heading-318369d283c7828de h2'  data-responsive-json-new='{\"font-size\":\"desktop:50px;\",\"line-height\":\"desktop:60px;\"}' ><h2 style=\"font-family:&#039;Exo 2&#039;;font-weight:200;margin-bottom:25px;\">Conducting surveys of sub-sea environments<\/h2><\/div><div class=\"uvc-sub-heading ult-responsive\"  data-ultimate-target='.uvc-heading.ultimate-heading-318369d283c7828de .uvc-sub-heading '  data-responsive-json-new='{\"font-size\":\"desktop:22px;\",\"line-height\":\"desktop:32px;\"}'  style=\"font-family:&#039;Exo 2&#039;;font-weight:200;margin-bottom:35px;\">Part of what we do at ABYSSA entails conducting surveys to draw up inventories of sub-sea environments and resources, to depths of 6000 metres.<\/div><\/div>[vc_row_inner gap=&#8221;35&#8243; css=&#8221;.vc_custom_1617882607012{margin-top: 35px !important;margin-bottom: 35px !important;}&#8221;][vc_column_inner width=&#8221;1\/2&#8243;]<div id=\"ultimate-heading-521369d283c782989\" class=\"uvc-heading ult-adjust-bottom-margin ultimate-heading-521369d283c782989 uvc-1727 \" data-hspacer=\"no_spacer\"  data-halign=\"left\" style=\"text-align:left\"><div class=\"uvc-heading-spacer no_spacer\" style=\"top\"><\/div><div class=\"uvc-main-heading ult-responsive\"  data-ultimate-target='.uvc-heading.ultimate-heading-521369d283c782989 h3'  data-responsive-json-new='{\"font-size\":\"desktop:30px;\",\"line-height\":\"desktop:40px;\"}' ><h3 style=\"font-family:&#039;Exo 2&#039;;font-weight:300;margin-bottom:25px;\">ABYSSA's survey system<\/h3><\/div><div class=\"uvc-sub-heading ult-responsive\"  data-ultimate-target='.uvc-heading.ultimate-heading-521369d283c782989 .uvc-sub-heading '  data-responsive-json-new='{\"font-size\":\"desktop:16px;\",\"line-height\":\"desktop:26px;\"}'  style=\"font-family:&#039;Exo 2&#039;;font-weight:300;\">Using different sensors and probes, data acquired by ABYSSA&#8217;s survey system can be used to respond to, or help respond to, various issues addressed by communities and authorities responsible for the deep oceans in their care, by the international community and by industrial operators.<\/div><\/div>[\/vc_column_inner][vc_column_inner width=&#8221;1\/2&#8243;][vc_column_text]<strong>This may include (non-exhaustive list):<\/strong><\/p>\n<ul>\n<li>Locating and assessing the potential and the nature of resources and deposits (topo-bathymetry, substrate, hydrology, typology of mineral resources, etc.)<\/li>\n<li>Assesing the richness and sensitivity of ecosystems (topo-bathymetry, major ecosystems, specific biodiversity, hydrology, currents and water-column density, etc.)<\/li>\n<li>Monitoring climate change: (carbon capture and transfer, recycling organic matter, hydrology (pH), currents and water-column density, flow, etc.)<\/li>\n<li>Locating and characterising underwater objects (topo-bathymetry, magnetometry, imaging, etc.)<\/li>\n<\/ul>\n<p>[\/vc_column_text][\/vc_column_inner][\/vc_row_inner][\/vc_column][\/vc_row][vc_row full_width=&#8221;stretch_row_content&#8221; equal_height=&#8221;yes&#8221; content_placement=&#8221;top&#8221; bg_type=&#8221;bg_color&#8221; bg_override=&#8221;ex-full&#8221; css=&#8221;.vc_custom_1617887390021{margin-bottom: 0px !important;padding-top: 35px !important;padding-right: 35px !important;padding-bottom: 35px !important;padding-left: 35px !important;}&#8221; bg_color_value=&#8221;#37495f&#8221;][vc_column css=&#8221;.vc_custom_1617883314145{margin-top: 0px !important;margin-bottom: 0px !important;padding-top: 0px !important;padding-bottom: 0px !important;}&#8221;]<div id=\"ultimate-heading-336769d283c7829f8\" class=\"uvc-heading ult-adjust-bottom-margin ultimate-heading-336769d283c7829f8 uvc-4736 \" data-hspacer=\"no_spacer\"  data-halign=\"center\" style=\"text-align:center\"><div class=\"uvc-heading-spacer no_spacer\" style=\"top\"><\/div><div class=\"uvc-main-heading ult-responsive\"  data-ultimate-target='.uvc-heading.ultimate-heading-336769d283c7829f8 h2'  data-responsive-json-new='{\"font-size\":\"desktop:34px;\",\"line-height\":\"desktop:44px;\"}' ><h2 style=\"font-family:&#039;Exo 2&#039;;font-weight:200;color:#ffffff;margin-top:25px;margin-bottom:35px;\">The table below shows the five major categories of resources inventoried by ABYSSA<\/h2><\/div><\/div>[vc_row_inner content_placement=&#8221;top&#8221; gap=&#8221;5&#8243;][vc_column_inner width=&#8221;1\/5&#8243;][vc_single_image image=&#8221;1436&#8243; img_size=&#8221;full&#8221; alignment=&#8221;center&#8221; image_hovers=&#8221;false&#8221; css=&#8221;.vc_custom_1618827251096{margin-top: 0px !important;margin-right: 0px !important;margin-bottom: 15px !important;margin-left: 0px !important;padding-top: 0px !important;padding-right: 0px !important;padding-bottom: 0px !important;padding-left: 0px !important;}&#8221;][vc_column_text css=&#8221;.vc_custom_1621956748675{margin-bottom: 10px !important;}&#8221;]<\/p>\n<p style=\"font-size: 9px; line-height: 11px; color: #fff;\">\u00a9 Ifremer\/MNHN, KANADEEP2, 2019 \u2013 https:\/\/doi.org\/10.17600\/18000883<\/p>\n<p>[\/vc_column_text]<div id=\"ultimate-heading-390369d283c782a5e\" class=\"uvc-heading ult-adjust-bottom-margin ultimate-heading-390369d283c782a5e uvc-670 \" data-hspacer=\"no_spacer\"  data-halign=\"left\" style=\"text-align:left\"><div class=\"uvc-heading-spacer no_spacer\" style=\"top\"><\/div><div class=\"uvc-main-heading ult-responsive\"  data-ultimate-target='.uvc-heading.ultimate-heading-390369d283c782a5e h3'  data-responsive-json-new='{\"font-size\":\"desktop:20px;\",\"line-height\":\"desktop:30px;\"}' ><h3 style=\"font-family:&#039;Exo 2&#039;;font-weight:normal;font-style:normal;color:#f4f4f5;margin-bottom:15px;\">Forms and facies<\/h3><\/div><div class=\"uvc-sub-heading ult-responsive\"  data-ultimate-target='.uvc-heading.ultimate-heading-390369d283c782a5e .uvc-sub-heading '  data-responsive-json-new='{\"font-size\":\"desktop:16px;\",\"line-height\":\"desktop:26px;\"}'  style=\"font-family:&#039;Exo 2&#039;;font-weight:300;color:#ffffff;margin-bottom:35px;\"><\/p>\n<ul>\n<li>Extensive and detailed mapping<\/li>\n<li>Bathymetry<\/li>\n<li>Nature of substrata<\/li>\n<li>Subsea\/sea-surface structures<\/li>\n<li>Key types of facies (hydrothermal springs, sea mounts, ridges, abyssal plains, etc.)<\/li>\n<li>Magnetometry<\/li>\n<\/ul>\n<p><\/div><\/div>[\/vc_column_inner][vc_column_inner width=&#8221;1\/5&#8243;][vc_single_image image=&#8221;1437&#8243; img_size=&#8221;full&#8221; alignment=&#8221;center&#8221; image_hovers=&#8221;false&#8221; css=&#8221;.vc_custom_1618827416259{margin-top: 0px !important;margin-right: 0px !important;margin-bottom: 15px !important;margin-left: 0px !important;padding-top: 0px !important;padding-right: 0px !important;padding-bottom: 0px !important;padding-left: 0px !important;}&#8221;][vc_column_text css=&#8221;.vc_custom_1622109997197{margin-bottom: 10px !important;}&#8221;]<\/p>\n<p style=\"font-size: 9px; line-height: 11px; color: #fff;\">\u00a9 Ifremer\/CNRS, MOMARSAT, 2020 \u2013 https:\/\/doi.org\/10.18142\/130<\/p>\n<p>[\/vc_column_text]<div id=\"ultimate-heading-481869d283c782ac6\" class=\"uvc-heading ult-adjust-bottom-margin ultimate-heading-481869d283c782ac6 uvc-9815 \" data-hspacer=\"no_spacer\"  data-halign=\"left\" style=\"text-align:left\"><div class=\"uvc-heading-spacer no_spacer\" style=\"top\"><\/div><div class=\"uvc-main-heading ult-responsive\"  data-ultimate-target='.uvc-heading.ultimate-heading-481869d283c782ac6 h3'  data-responsive-json-new='{\"font-size\":\"desktop:20px;\",\"line-height\":\"desktop:30px;\"}' ><h3 style=\"font-family:&#039;Exo 2&#039;;font-weight:normal;font-style:normal;color:#f4f4f5;margin-bottom:15px;\">Geological and mineral resources<\/h3><\/div><div class=\"uvc-sub-heading ult-responsive\"  data-ultimate-target='.uvc-heading.ultimate-heading-481869d283c782ac6 .uvc-sub-heading '  data-responsive-json-new='{\"font-size\":\"desktop:16px;\",\"line-height\":\"desktop:26px;\"}'  style=\"font-family:&#039;Exo 2&#039;;font-weight:300;color:#ffffff;margin-bottom:35px;\"><\/p>\n<ul>\n<li>Metallic mineral resources (polymetallic nodules, cobalt-rich crusts, seafloor massive sulphide)<\/li>\n<li>Non-metallic resources (aggregates, phosphates)<\/li>\n<\/ul>\n<p><\/div><\/div>[\/vc_column_inner][vc_column_inner width=&#8221;1\/5&#8243;][vc_single_image image=&#8221;1438&#8243; img_size=&#8221;full&#8221; alignment=&#8221;center&#8221; image_hovers=&#8221;false&#8221; css=&#8221;.vc_custom_1618827428464{margin-top: 0px !important;margin-right: 0px !important;margin-bottom: 15px !important;margin-left: 0px !important;padding-top: 0px !important;padding-right: 0px !important;padding-bottom: 0px !important;padding-left: 0px !important;}&#8221;][vc_column_text css=&#8221;.vc_custom_1621956792946{margin-bottom: 10px !important;}&#8221;]<\/p>\n<p style=\"font-size: 9px; line-height: 11px; color: #fff;\">\u00a9 Ifremer\/MNHN, KANADEEP2, 2019 \u2013 https:\/\/doi.org\/10.17600\/18000883<\/p>\n<p>[\/vc_column_text]<div id=\"ultimate-heading-410369d283c782b2c\" class=\"uvc-heading ult-adjust-bottom-margin ultimate-heading-410369d283c782b2c uvc-8819 \" data-hspacer=\"no_spacer\"  data-halign=\"left\" style=\"text-align:left\"><div class=\"uvc-heading-spacer no_spacer\" style=\"top\"><\/div><div class=\"uvc-main-heading ult-responsive\"  data-ultimate-target='.uvc-heading.ultimate-heading-410369d283c782b2c h3'  data-responsive-json-new='{\"font-size\":\"desktop:20px;\",\"line-height\":\"desktop:30px;\"}' ><h3 style=\"font-family:&#039;Exo 2&#039;;font-weight:normal;font-style:normal;color:#f4f4f5;margin-bottom:15px;\">Biological resources<\/h3><\/div><div class=\"uvc-sub-heading ult-responsive\"  data-ultimate-target='.uvc-heading.ultimate-heading-410369d283c782b2c .uvc-sub-heading '  data-responsive-json-new='{\"font-size\":\"desktop:16px;\",\"line-height\":\"desktop:26px;\"}'  style=\"font-family:&#039;Exo 2&#039;;font-weight:300;color:#ffffff;margin-bottom:35px;\"><\/p>\n<ul>\n<li>Biodiversity<\/li>\n<li>Major deep-sea ecosystems (hydrothermal oases, cold-water corals, etc.)<\/li>\n<\/ul>\n<p><\/div><\/div>[\/vc_column_inner][vc_column_inner width=&#8221;1\/5&#8243;][vc_single_image image=&#8221;1439&#8243; img_size=&#8221;full&#8221; alignment=&#8221;center&#8221; image_hovers=&#8221;false&#8221; css=&#8221;.vc_custom_1618827439552{margin-top: 0px !important;margin-right: 0px !important;margin-bottom: 15px !important;margin-left: 0px !important;padding-top: 0px !important;padding-right: 0px !important;padding-bottom: 0px !important;padding-left: 0px !important;}&#8221;][vc_column_text css=&#8221;.vc_custom_1622110009247{margin-bottom: 10px !important;}&#8221;]<\/p>\n<p style=\"font-size: 9px; line-height: 11px; color: #fff;\">\u00a9 Ifremer\/CNRS, MOMARSAT, 2020 \u2013 https:\/\/doi.org\/10.18142\/130<\/p>\n<p>[\/vc_column_text]<div id=\"ultimate-heading-847669d283c782b90\" class=\"uvc-heading ult-adjust-bottom-margin ultimate-heading-847669d283c782b90 uvc-2000 \" data-hspacer=\"no_spacer\"  data-halign=\"left\" style=\"text-align:left\"><div class=\"uvc-heading-spacer no_spacer\" style=\"top\"><\/div><div class=\"uvc-main-heading ult-responsive\"  data-ultimate-target='.uvc-heading.ultimate-heading-847669d283c782b90 h3'  data-responsive-json-new='{\"font-size\":\"desktop:20px;\",\"line-height\":\"desktop:30px;\"}' ><h3 style=\"font-family:&#039;Exo 2&#039;;font-weight:normal;font-style:normal;color:#f4f4f5;margin-bottom:15px;\">Hydrological and energy resources<\/h3><\/div><div class=\"uvc-sub-heading ult-responsive\"  data-ultimate-target='.uvc-heading.ultimate-heading-847669d283c782b90 .uvc-sub-heading '  data-responsive-json-new='{\"font-size\":\"desktop:16px;\",\"line-height\":\"desktop:26px;\"}'  style=\"font-family:&#039;Exo 2&#039;;font-weight:300;color:#ffffff;margin-bottom:35px;\"><\/p>\n<ul>\n<li>Hydrodynamics and currents<\/li>\n<li>Temperature\/salinity<\/li>\n<li>Turbidity<\/li>\n<li>Oxygen\/pH<\/li>\n<li>CO<sub>2<\/sub>\/Organic matter<\/li>\n<li>Flow (methane, hydrogen, etc.)<\/li>\n<li>Seeps\/plumes<\/li>\n<\/ul>\n<p><\/div><\/div>[\/vc_column_inner][vc_column_inner width=&#8221;1\/5&#8243;][vc_single_image image=&#8221;1423&#8243; img_size=&#8221;full&#8221; alignment=&#8221;center&#8221; image_hovers=&#8221;false&#8221; css=&#8221;.vc_custom_1618827517760{margin-top: 0px !important;margin-right: 0px !important;margin-bottom: 35px !important;margin-left: 0px !important;padding-top: 0px !important;padding-right: 0px !important;padding-bottom: 0px !important;padding-left: 0px !important;}&#8221;]<div id=\"ultimate-heading-733269d283c782bf4\" class=\"uvc-heading ult-adjust-bottom-margin ultimate-heading-733269d283c782bf4 uvc-8205 \" data-hspacer=\"no_spacer\"  data-halign=\"left\" style=\"text-align:left\"><div class=\"uvc-heading-spacer no_spacer\" style=\"top\"><\/div><div class=\"uvc-main-heading ult-responsive\"  data-ultimate-target='.uvc-heading.ultimate-heading-733269d283c782bf4 h3'  data-responsive-json-new='{\"font-size\":\"desktop:20px;\",\"line-height\":\"desktop:30px;\"}' ><h3 style=\"font-family:&#039;Exo 2&#039;;font-weight:normal;font-style:normal;color:#f4f4f5;margin-bottom:15px;\">Cultural heritage and underwater objects<\/h3><\/div><div class=\"uvc-sub-heading ult-responsive\"  data-ultimate-target='.uvc-heading.ultimate-heading-733269d283c782bf4 .uvc-sub-heading '  data-responsive-json-new='{\"font-size\":\"desktop:16px;\",\"line-height\":\"desktop:26px;\"}'  style=\"font-family:&#039;Exo 2&#039;;font-weight:300;color:#ffffff;margin-bottom:35px;\"><\/p>\n<ul>\n<li>Military shipwrecks<\/li>\n<li>Wrecks (fishing and sea transport vessels, as well as aircraft)<\/li>\n<li>Wrecks from expeditions and voyages of discovery<\/li>\n<li>Treasure<\/li>\n<li>Submarine cables and pipelines<\/li>\n<\/ul>\n<p><\/div><\/div>[\/vc_column_inner][\/vc_row_inner][\/vc_column][\/vc_row]<\/p>\n<\/div>","protected":false},"excerpt":{"rendered":"<p>[vc_row bg_type=&#8221;image&#8221; parallax_style=&#8221;vcpb-default&#8221; bg_image_new=&#8221;id^462|url^https:\/\/www.abyssa.com\/abys2021\/wp-content\/uploads\/2021\/04\/fondvideo-1920&#215;1080-1.svg|caption^null|alt^null|title^ABYSSA|description^null&#8221; bg_image_repeat=&#8221;no-repeat&#8221; bg_override=&#8221;ex-full&#8221; enable_overlay=&#8221;enable_overlay_value&#8221; overlay_color=&#8221;rgba(244,244,245,0.55)&#8221; seperator_enable=&#8221;seperator_enable_value&#8221; seperator_position=&#8221;bottom_seperator&#8221; icon_type=&#8221;selector&#8221; icon=&#8221;icomoon-the7-font-the7-arrow-29-1&#8243; icon_size=&#8221;25&#8243; icon_color=&#8221;#ffffff&#8221; icon_style=&#8221;circle&#8221; icon_color_bg=&#8221;#37495f&#8221; css=&#8221;.vc_custom_1617887322228{margin-top: 0px !important;margin-bottom: 0px !important;border-bottom-width: 35px !important;}&#8221;][vc_column][vc_row_inner gap=&#8221;35&#8243; css=&#8221;.vc_custom_1617882607012{margin-top: 35px !important;margin-bottom: 35px !important;}&#8221;][vc_column_inner width=&#8221;1\/2&#8243;][\/vc_column_inner][vc_column_inner width=&#8221;1\/2&#8243;][vc_column_text]This may include (non-exhaustive list): Locating and assessing the potential and the nature of resources and deposits (topo-bathymetry, substrate, hydrology, typology of mineral resources, etc.)&hellip;<\/p>\n","protected":false},"author":1,"featured_media":0,"parent":1606,"menu_order":3,"comment_status":"closed","ping_status":"closed","template":"","meta":{"footnotes":""},"class_list":["post-1615","page","type-page","status-publish","hentry","description-off"],"yoast_head":"<!-- This site is optimized with the Yoast SEO plugin v26.7 - https:\/\/yoast.com\/wordpress\/plugins\/seo\/ -->\n<title>Surveying - Abyssa<\/title>\n<meta name=\"description\" content=\"By deploying its AUVs in the deep sea up to 6,000 metres, ABYSSA carries out an inventory of the geological, biological and oceanic heritage of the world.\" \/>\n<meta name=\"robots\" content=\"index, follow, max-snippet:-1, max-image-preview:large, max-video-preview:-1\" \/>\n<link rel=\"canonical\" href=\"https:\/\/www.abyssa.com\/en\/our-offer\/surveying\/\" \/>\n<meta property=\"og:locale\" content=\"en_US\" \/>\n<meta property=\"og:type\" content=\"article\" \/>\n<meta property=\"og:title\" content=\"Surveying - Abyssa\" \/>\n<meta property=\"og:description\" content=\"By deploying its AUVs in the deep sea up to 6,000 metres, ABYSSA carries out an inventory of the geological, biological and oceanic heritage of the world.\" \/>\n<meta property=\"og:url\" content=\"https:\/\/www.abyssa.com\/en\/our-offer\/surveying\/\" \/>\n<meta property=\"og:site_name\" content=\"Abyssa\" \/>\n<meta property=\"article:modified_time\" content=\"2022-08-01T15:43:23+00:00\" \/>\n<meta name=\"twitter:card\" content=\"summary_large_image\" \/>\n<meta name=\"twitter:label1\" content=\"Est. reading time\" \/>\n\t<meta name=\"twitter:data1\" content=\"3 minutes\" \/>\n<script type=\"application\/ld+json\" class=\"yoast-schema-graph\">{\"@context\":\"https:\/\/schema.org\",\"@graph\":[{\"@type\":\"WebPage\",\"@id\":\"https:\/\/www.abyssa.com\/en\/our-offer\/surveying\/\",\"url\":\"https:\/\/www.abyssa.com\/en\/our-offer\/surveying\/\",\"name\":\"Surveying - Abyssa\",\"isPartOf\":{\"@id\":\"https:\/\/www.abyssa.com\/en\/#website\"},\"datePublished\":\"2021-04-08T07:44:54+00:00\",\"dateModified\":\"2022-08-01T15:43:23+00:00\",\"description\":\"By deploying its AUVs in the deep sea up to 6,000 metres, ABYSSA carries out an inventory of the geological, biological and oceanic heritage of the world.\",\"breadcrumb\":{\"@id\":\"https:\/\/www.abyssa.com\/en\/our-offer\/surveying\/#breadcrumb\"},\"inLanguage\":\"en-US\",\"potentialAction\":[{\"@type\":\"ReadAction\",\"target\":[\"https:\/\/www.abyssa.com\/en\/our-offer\/surveying\/\"]}]},{\"@type\":\"BreadcrumbList\",\"@id\":\"https:\/\/www.abyssa.com\/en\/our-offer\/surveying\/#breadcrumb\",\"itemListElement\":[{\"@type\":\"ListItem\",\"position\":1,\"name\":\"Accueil\",\"item\":\"https:\/\/www.abyssa.com\/en\/\"},{\"@type\":\"ListItem\",\"position\":2,\"name\":\"Our offer\",\"item\":\"https:\/\/www.abyssa.com\/en\/our-offer\/\"},{\"@type\":\"ListItem\",\"position\":3,\"name\":\"Surveying\"}]},{\"@type\":\"WebSite\",\"@id\":\"https:\/\/www.abyssa.com\/en\/#website\",\"url\":\"https:\/\/www.abyssa.com\/en\/\",\"name\":\"Abyssa\",\"description\":\"Soci\u00e9t\u00e9 fran\u00e7aise d&#039;exploration des grands fonds marins\",\"potentialAction\":[{\"@type\":\"SearchAction\",\"target\":{\"@type\":\"EntryPoint\",\"urlTemplate\":\"https:\/\/www.abyssa.com\/en\/?s={search_term_string}\"},\"query-input\":{\"@type\":\"PropertyValueSpecification\",\"valueRequired\":true,\"valueName\":\"search_term_string\"}}],\"inLanguage\":\"en-US\"}]}<\/script>\n<!-- \/ Yoast SEO plugin. -->","yoast_head_json":{"title":"Surveying - Abyssa","description":"By deploying its AUVs in the deep sea up to 6,000 metres, ABYSSA carries out an inventory of the geological, biological and oceanic heritage of the world.","robots":{"index":"index","follow":"follow","max-snippet":"max-snippet:-1","max-image-preview":"max-image-preview:large","max-video-preview":"max-video-preview:-1"},"canonical":"https:\/\/www.abyssa.com\/en\/our-offer\/surveying\/","og_locale":"en_US","og_type":"article","og_title":"Surveying - Abyssa","og_description":"By deploying its AUVs in the deep sea up to 6,000 metres, ABYSSA carries out an inventory of the geological, biological and oceanic heritage of the world.","og_url":"https:\/\/www.abyssa.com\/en\/our-offer\/surveying\/","og_site_name":"Abyssa","article_modified_time":"2022-08-01T15:43:23+00:00","twitter_card":"summary_large_image","twitter_misc":{"Est. reading time":"3 minutes"},"schema":{"@context":"https:\/\/schema.org","@graph":[{"@type":"WebPage","@id":"https:\/\/www.abyssa.com\/en\/our-offer\/surveying\/","url":"https:\/\/www.abyssa.com\/en\/our-offer\/surveying\/","name":"Surveying - Abyssa","isPartOf":{"@id":"https:\/\/www.abyssa.com\/en\/#website"},"datePublished":"2021-04-08T07:44:54+00:00","dateModified":"2022-08-01T15:43:23+00:00","description":"By deploying its AUVs in the deep sea up to 6,000 metres, ABYSSA carries out an inventory of the geological, biological and oceanic heritage of the world.","breadcrumb":{"@id":"https:\/\/www.abyssa.com\/en\/our-offer\/surveying\/#breadcrumb"},"inLanguage":"en-US","potentialAction":[{"@type":"ReadAction","target":["https:\/\/www.abyssa.com\/en\/our-offer\/surveying\/"]}]},{"@type":"BreadcrumbList","@id":"https:\/\/www.abyssa.com\/en\/our-offer\/surveying\/#breadcrumb","itemListElement":[{"@type":"ListItem","position":1,"name":"Accueil","item":"https:\/\/www.abyssa.com\/en\/"},{"@type":"ListItem","position":2,"name":"Our offer","item":"https:\/\/www.abyssa.com\/en\/our-offer\/"},{"@type":"ListItem","position":3,"name":"Surveying"}]},{"@type":"WebSite","@id":"https:\/\/www.abyssa.com\/en\/#website","url":"https:\/\/www.abyssa.com\/en\/","name":"Abyssa","description":"Soci\u00e9t\u00e9 fran\u00e7aise d&#039;exploration des grands fonds marins","potentialAction":[{"@type":"SearchAction","target":{"@type":"EntryPoint","urlTemplate":"https:\/\/www.abyssa.com\/en\/?s={search_term_string}"},"query-input":{"@type":"PropertyValueSpecification","valueRequired":true,"valueName":"search_term_string"}}],"inLanguage":"en-US"}]}},"_links":{"self":[{"href":"https:\/\/www.abyssa.com\/en\/wp-json\/wp\/v2\/pages\/1615","targetHints":{"allow":["GET"]}}],"collection":[{"href":"https:\/\/www.abyssa.com\/en\/wp-json\/wp\/v2\/pages"}],"about":[{"href":"https:\/\/www.abyssa.com\/en\/wp-json\/wp\/v2\/types\/page"}],"author":[{"embeddable":true,"href":"https:\/\/www.abyssa.com\/en\/wp-json\/wp\/v2\/users\/1"}],"replies":[{"embeddable":true,"href":"https:\/\/www.abyssa.com\/en\/wp-json\/wp\/v2\/comments?post=1615"}],"version-history":[{"count":0,"href":"https:\/\/www.abyssa.com\/en\/wp-json\/wp\/v2\/pages\/1615\/revisions"}],"up":[{"embeddable":true,"href":"https:\/\/www.abyssa.com\/en\/wp-json\/wp\/v2\/pages\/1606"}],"wp:attachment":[{"href":"https:\/\/www.abyssa.com\/en\/wp-json\/wp\/v2\/media?parent=1615"}],"curies":[{"name":"wp","href":"https:\/\/api.w.org\/{rel}","templated":true}]}}