{"id":1612,"date":"2021-04-08T09:44:54","date_gmt":"2021-04-08T07:44:54","guid":{"rendered":"http:\/\/www.abyssa.com\/abys2021\/our-offer\/localiser\/"},"modified":"2024-07-17T11:16:47","modified_gmt":"2024-07-17T09:16:47","slug":"locating","status":"publish","type":"page","link":"https:\/\/www.abyssa.com\/en\/our-offer\/locating\/","title":{"rendered":"Locating"},"content":{"rendered":"<div class=\"wpb-content-wrapper\"><p>[vc_row bg_type=&#8221;image&#8221; parallax_style=&#8221;vcpb-default&#8221; bg_image_new=&#8221;id^462|url^https:\/\/www.abyssa.com\/abys2021\/wp-content\/uploads\/2021\/04\/fondvideo-1920&#215;1080-1.svg|caption^null|alt^null|title^ABYSSA|description^null&#8221; bg_image_repeat=&#8221;no-repeat&#8221; bg_override=&#8221;ex-full&#8221; enable_overlay=&#8221;enable_overlay_value&#8221; overlay_color=&#8221;rgba(244,244,245,0.55)&#8221; css=&#8221;.vc_custom_1617887676062{margin-top: 0px !important;margin-bottom: 0px !important;padding-bottom: 35px !important;}&#8221;][vc_column]<div id=\"ultimate-heading-41206a01e42551703\" class=\"uvc-heading ult-adjust-bottom-margin ultimate-heading-41206a01e42551703 uvc-6386 \" data-hspacer=\"icon_only\"  data-halign=\"left\" style=\"text-align:left\"><div class=\"uvc-heading-spacer icon_only\" style=\"margin-bottom:20px;\"><div class=\"ult-just-icon-wrapper  \"><div class=\"align-icon\" style=\"text-align:left;\">\n<div class=\"aio-icon advanced \"  style=\"color:#697787;border-style:dashed;border-color:#697787;border-width:1px;width:45px;height:45px;line-height:45px;border-radius:500px;font-size:20px;\">\n\t<i class=\"Defaults-search\"><\/i>\n<\/div><\/div><\/div><\/div><div class=\"uvc-main-heading ult-responsive\"  data-ultimate-target='.uvc-heading.ultimate-heading-41206a01e42551703 h2'  data-responsive-json-new='{\"font-size\":\"desktop:50px;\",\"line-height\":\"desktop:60px;\"}' ><h2 style=\"font-family:&#039;Exo 2&#039;;font-weight:200;margin-bottom:25px;\">Locating services in deep-sea environments<\/h2><\/div><div class=\"uvc-sub-heading ult-responsive\"  data-ultimate-target='.uvc-heading.ultimate-heading-41206a01e42551703 .uvc-sub-heading '  data-responsive-json-new='{\"font-size\":\"desktop:22px;\",\"line-height\":\"desktop:32px;\"}'  style=\"font-family:&#039;Exo 2&#039;;font-weight:200;margin-bottom:35px;\">Vast areas of deep ocean are remote and difficult to access but they may host small objects of scientific and\/or economic interest.<\/div><\/div>[vc_row_inner gap=&#8221;35&#8243; css=&#8221;.vc_custom_1617882607012{margin-top: 35px !important;margin-bottom: 35px !important;}&#8221;][vc_column_inner width=&#8221;1\/2&#8243;]<div id=\"ultimate-heading-83186a01e425517f3\" class=\"uvc-heading ult-adjust-bottom-margin ultimate-heading-83186a01e425517f3 uvc-938 \" data-hspacer=\"no_spacer\"  data-halign=\"left\" style=\"text-align:left\"><div class=\"uvc-heading-spacer no_spacer\" style=\"top\"><\/div><div class=\"uvc-main-heading ult-responsive\"  data-ultimate-target='.uvc-heading.ultimate-heading-83186a01e425517f3 h3'  data-responsive-json-new='{\"font-size\":\"desktop:30px;\",\"line-height\":\"desktop:40px;\"}' ><h3 style=\"font-family:&#039;Exo 2&#039;;font-weight:300;margin-bottom:25px;\">One of ABYSSA's core activities is to accurately locate such objects<\/h3><\/div><div class=\"uvc-sub-heading ult-responsive\"  data-ultimate-target='.uvc-heading.ultimate-heading-83186a01e425517f3 .uvc-sub-heading '  data-responsive-json-new='{\"font-size\":\"desktop:16px;\",\"line-height\":\"desktop:26px;\"}'  style=\"font-family:&#039;Exo 2&#039;;font-weight:300;\">Depending on the altitude at which our Autonomous Underwater Vehicles (AUVs) travel, we can draw up regional or local maps of the sea floor, and detect small objects by deploying the various onboard sensors (acoustic and optical sensors and environmental probes). <\/div><\/div>[\/vc_column_inner][vc_column_inner width=&#8221;1\/2&#8243;][vc_column_text]ABYSSA can then use these to pinpoint the location of an isolated object even more accurately. This may include locating a <strong>shipwreck<\/strong>, thousands of which cover the sea floor, or a <strong>shipping container<\/strong> that has been lost at sea. According to the World Shipping Council, an estimated 2,600 to 10,000 containers are lost every year. We can also look for an aircraft&#8217;s <strong>black box<\/strong>, to find out why it crashed, or even radioactive <strong>waste<\/strong> deliberately dumped or accidentally discharged at sea.<\/p>\n<p>We can also locate linear objects, such as <strong>cables<\/strong>, <strong>pipelines<\/strong> or <strong>outlet channels<\/strong>, or even natural sites featuring remarkable geological, magnetic, topographic or thermal <strong>anomalies<\/strong>, as well as the occasional <strong>biocoenosis<\/strong>.[\/vc_column_text][\/vc_column_inner][\/vc_row_inner][\/vc_column][\/vc_row][vc_row full_width=&#8221;stretch_row_content&#8221; bg_type=&#8221;image&#8221; parallax_style=&#8221;vcpb-default&#8221; bg_image_new=&#8221;id^648|url^https:\/\/www.abyssa.com\/abys2021\/wp-content\/uploads\/2021\/04\/abyssa-auv-localiser.jpg|caption^null|alt^ABYSSA AUV|title^ABYSSA AUV|description^null&#8221; bg_image_repeat=&#8221;no-repeat&#8221; bg_override=&#8221;ex-full&#8221; css=&#8221;.vc_custom_1617890728317{margin-top: 0px !important;margin-bottom: 0px !important;padding-top: 35px !important;padding-right: 35px !important;padding-bottom: 35px !important;padding-left: 35px !important;}&#8221;][vc_column css=&#8221;.vc_custom_1617890763751{padding-top: 12% !important;padding-bottom: 12% !important;}&#8221;]<div id=\"ultimate-heading-43106a01e4255187b\" class=\"uvc-heading ult-adjust-bottom-margin ultimate-heading-43106a01e4255187b uvc-3609 \" data-hspacer=\"no_spacer\"  data-halign=\"right\" style=\"text-align:right\"><div class=\"uvc-heading-spacer no_spacer\" style=\"top\"><\/div><div class=\"uvc-main-heading ult-responsive\"  data-ultimate-target='.uvc-heading.ultimate-heading-43106a01e4255187b p'  data-responsive-json-new='{\"font-size\":\"desktop:26px;\",\"line-height\":\"desktop:36px;\"}' ><p style=\"font-family:&#039;Exo 2&#039;;font-weight:200;color:#f4f4f5;\">ABYSSA's multi-scale approach is based on our new deep ocean exploration protocols.<\/p><\/div><\/div><div class=\" vc_custom_1721207783599 ubtn-ctn-right \"><a class=\"ubtn-link ult-adjust-bottom-margin ubtn-right ubtn-small \" href=\"https:\/\/www.abyssa.com\/en\/tools\/multi-scale-approach\/\" title=\"Multi-scale approach\" ><button type=\"button\" id=\"ubtn-1664\"  class=\"ubtn ult-adjust-bottom-margin ult-responsive ubtn-small ubtn-fade-bg  ulta-grow  ubtn-sep-icon ubtn-sep-icon-at-left  ubtn-right  ubtn-only-icon   tooltip-6a01e425518e5\"  data-hover=\"\" data-border-color=\"#ffffff\" data-bg=\"rgba(244,244,245,0.15)\" data-hover-bg=\"rgba(30,51,75,0.65)\" data-border-hover=\"\" data-shadow-hover=\"\" data-shadow-click=\"none\" data-shadow=\"\" data-shd-shadow=\"\"  data-ultimate-target='#ubtn-1664'  data-responsive-json-new='{\"font-size\":\"\",\"line-height\":\"\"}'  style=\"font-family:&#039;Exo 2&#039;;font-weight:200;border-radius:300px;border-width:1px;border-color:#ffffff;border-style:solid;background: rgba(244,244,245,0.15);\"><span class=\"ubtn-data ubtn-icon\"><i class=\"icomoon-the7-font-the7-plus-04\" style=\"font-size:18px;color:#ffffff;\"><\/i><\/span><span class=\"ubtn-hover\" style=\"background-color:rgba(30,51,75,0.65)\"><\/span><span class=\"ubtn-data ubtn-text \" ><\/span><\/button><\/a><\/div>[\/vc_column][\/vc_row]<\/p>\n<\/div>","protected":false},"excerpt":{"rendered":"<p>[vc_row bg_type=&#8221;image&#8221; parallax_style=&#8221;vcpb-default&#8221; bg_image_new=&#8221;id^462|url^https:\/\/www.abyssa.com\/abys2021\/wp-content\/uploads\/2021\/04\/fondvideo-1920&#215;1080-1.svg|caption^null|alt^null|title^ABYSSA|description^null&#8221; bg_image_repeat=&#8221;no-repeat&#8221; bg_override=&#8221;ex-full&#8221; enable_overlay=&#8221;enable_overlay_value&#8221; overlay_color=&#8221;rgba(244,244,245,0.55)&#8221; css=&#8221;.vc_custom_1617887676062{margin-top: 0px !important;margin-bottom: 0px !important;padding-bottom: 35px !important;}&#8221;][vc_column][vc_row_inner gap=&#8221;35&#8243; css=&#8221;.vc_custom_1617882607012{margin-top: 35px !important;margin-bottom: 35px !important;}&#8221;][vc_column_inner width=&#8221;1\/2&#8243;][\/vc_column_inner][vc_column_inner width=&#8221;1\/2&#8243;][vc_column_text]ABYSSA can then use these to pinpoint the location of an isolated object even more accurately. This may include locating a shipwreck, thousands of which cover the sea floor, or a shipping container&hellip;<\/p>\n","protected":false},"author":1,"featured_media":0,"parent":1606,"menu_order":2,"comment_status":"closed","ping_status":"closed","template":"","meta":{"footnotes":""},"class_list":["post-1612","page","type-page","status-publish","hentry","description-off"],"yoast_head":"<!-- This site is optimized with the Yoast SEO plugin v26.7 - https:\/\/yoast.com\/wordpress\/plugins\/seo\/ -->\n<title>Locating - Abyssa<\/title>\n<meta name=\"description\" content=\"With its AUVs, ABYSSA explores the deep sea to locate small objects of scientific or economic interest.\" \/>\n<meta name=\"robots\" content=\"index, follow, max-snippet:-1, max-image-preview:large, max-video-preview:-1\" \/>\n<link rel=\"canonical\" href=\"https:\/\/www.abyssa.com\/en\/our-offer\/locating\/\" \/>\n<meta property=\"og:locale\" content=\"en_US\" \/>\n<meta property=\"og:type\" content=\"article\" \/>\n<meta property=\"og:title\" content=\"Locating - Abyssa\" \/>\n<meta property=\"og:description\" content=\"With its AUVs, ABYSSA explores the deep sea to locate small objects of scientific or economic interest.\" \/>\n<meta property=\"og:url\" content=\"https:\/\/www.abyssa.com\/en\/our-offer\/locating\/\" \/>\n<meta property=\"og:site_name\" content=\"Abyssa\" \/>\n<meta property=\"article:modified_time\" content=\"2024-07-17T09:16:47+00:00\" \/>\n<meta name=\"twitter:card\" content=\"summary_large_image\" \/>\n<meta name=\"twitter:label1\" content=\"Est. reading time\" \/>\n\t<meta name=\"twitter:data1\" content=\"2 minutes\" \/>\n<script type=\"application\/ld+json\" class=\"yoast-schema-graph\">{\"@context\":\"https:\/\/schema.org\",\"@graph\":[{\"@type\":\"WebPage\",\"@id\":\"https:\/\/www.abyssa.com\/en\/our-offer\/locating\/\",\"url\":\"https:\/\/www.abyssa.com\/en\/our-offer\/locating\/\",\"name\":\"Locating - Abyssa\",\"isPartOf\":{\"@id\":\"https:\/\/www.abyssa.com\/en\/#website\"},\"datePublished\":\"2021-04-08T07:44:54+00:00\",\"dateModified\":\"2024-07-17T09:16:47+00:00\",\"description\":\"With its AUVs, ABYSSA explores the deep sea to locate small objects of scientific or economic interest.\",\"breadcrumb\":{\"@id\":\"https:\/\/www.abyssa.com\/en\/our-offer\/locating\/#breadcrumb\"},\"inLanguage\":\"en-US\",\"potentialAction\":[{\"@type\":\"ReadAction\",\"target\":[\"https:\/\/www.abyssa.com\/en\/our-offer\/locating\/\"]}]},{\"@type\":\"BreadcrumbList\",\"@id\":\"https:\/\/www.abyssa.com\/en\/our-offer\/locating\/#breadcrumb\",\"itemListElement\":[{\"@type\":\"ListItem\",\"position\":1,\"name\":\"Accueil\",\"item\":\"https:\/\/www.abyssa.com\/en\/\"},{\"@type\":\"ListItem\",\"position\":2,\"name\":\"Our offer\",\"item\":\"https:\/\/www.abyssa.com\/en\/our-offer\/\"},{\"@type\":\"ListItem\",\"position\":3,\"name\":\"Locating\"}]},{\"@type\":\"WebSite\",\"@id\":\"https:\/\/www.abyssa.com\/en\/#website\",\"url\":\"https:\/\/www.abyssa.com\/en\/\",\"name\":\"Abyssa\",\"description\":\"Soci\u00e9t\u00e9 fran\u00e7aise d&#039;exploration des grands fonds marins\",\"potentialAction\":[{\"@type\":\"SearchAction\",\"target\":{\"@type\":\"EntryPoint\",\"urlTemplate\":\"https:\/\/www.abyssa.com\/en\/?s={search_term_string}\"},\"query-input\":{\"@type\":\"PropertyValueSpecification\",\"valueRequired\":true,\"valueName\":\"search_term_string\"}}],\"inLanguage\":\"en-US\"}]}<\/script>\n<!-- \/ Yoast SEO plugin. -->","yoast_head_json":{"title":"Locating - Abyssa","description":"With its AUVs, ABYSSA explores the deep sea to locate small objects of scientific or economic interest.","robots":{"index":"index","follow":"follow","max-snippet":"max-snippet:-1","max-image-preview":"max-image-preview:large","max-video-preview":"max-video-preview:-1"},"canonical":"https:\/\/www.abyssa.com\/en\/our-offer\/locating\/","og_locale":"en_US","og_type":"article","og_title":"Locating - Abyssa","og_description":"With its AUVs, ABYSSA explores the deep sea to locate small objects of scientific or economic interest.","og_url":"https:\/\/www.abyssa.com\/en\/our-offer\/locating\/","og_site_name":"Abyssa","article_modified_time":"2024-07-17T09:16:47+00:00","twitter_card":"summary_large_image","twitter_misc":{"Est. reading time":"2 minutes"},"schema":{"@context":"https:\/\/schema.org","@graph":[{"@type":"WebPage","@id":"https:\/\/www.abyssa.com\/en\/our-offer\/locating\/","url":"https:\/\/www.abyssa.com\/en\/our-offer\/locating\/","name":"Locating - Abyssa","isPartOf":{"@id":"https:\/\/www.abyssa.com\/en\/#website"},"datePublished":"2021-04-08T07:44:54+00:00","dateModified":"2024-07-17T09:16:47+00:00","description":"With its AUVs, ABYSSA explores the deep sea to locate small objects of scientific or economic interest.","breadcrumb":{"@id":"https:\/\/www.abyssa.com\/en\/our-offer\/locating\/#breadcrumb"},"inLanguage":"en-US","potentialAction":[{"@type":"ReadAction","target":["https:\/\/www.abyssa.com\/en\/our-offer\/locating\/"]}]},{"@type":"BreadcrumbList","@id":"https:\/\/www.abyssa.com\/en\/our-offer\/locating\/#breadcrumb","itemListElement":[{"@type":"ListItem","position":1,"name":"Accueil","item":"https:\/\/www.abyssa.com\/en\/"},{"@type":"ListItem","position":2,"name":"Our offer","item":"https:\/\/www.abyssa.com\/en\/our-offer\/"},{"@type":"ListItem","position":3,"name":"Locating"}]},{"@type":"WebSite","@id":"https:\/\/www.abyssa.com\/en\/#website","url":"https:\/\/www.abyssa.com\/en\/","name":"Abyssa","description":"Soci\u00e9t\u00e9 fran\u00e7aise d&#039;exploration des grands fonds marins","potentialAction":[{"@type":"SearchAction","target":{"@type":"EntryPoint","urlTemplate":"https:\/\/www.abyssa.com\/en\/?s={search_term_string}"},"query-input":{"@type":"PropertyValueSpecification","valueRequired":true,"valueName":"search_term_string"}}],"inLanguage":"en-US"}]}},"_links":{"self":[{"href":"https:\/\/www.abyssa.com\/en\/wp-json\/wp\/v2\/pages\/1612","targetHints":{"allow":["GET"]}}],"collection":[{"href":"https:\/\/www.abyssa.com\/en\/wp-json\/wp\/v2\/pages"}],"about":[{"href":"https:\/\/www.abyssa.com\/en\/wp-json\/wp\/v2\/types\/page"}],"author":[{"embeddable":true,"href":"https:\/\/www.abyssa.com\/en\/wp-json\/wp\/v2\/users\/1"}],"replies":[{"embeddable":true,"href":"https:\/\/www.abyssa.com\/en\/wp-json\/wp\/v2\/comments?post=1612"}],"version-history":[{"count":4,"href":"https:\/\/www.abyssa.com\/en\/wp-json\/wp\/v2\/pages\/1612\/revisions"}],"predecessor-version":[{"id":2979,"href":"https:\/\/www.abyssa.com\/en\/wp-json\/wp\/v2\/pages\/1612\/revisions\/2979"}],"up":[{"embeddable":true,"href":"https:\/\/www.abyssa.com\/en\/wp-json\/wp\/v2\/pages\/1606"}],"wp:attachment":[{"href":"https:\/\/www.abyssa.com\/en\/wp-json\/wp\/v2\/media?parent=1612"}],"curies":[{"name":"wp","href":"https:\/\/api.w.org\/{rel}","templated":true}]}}