{"id":1609,"date":"2021-05-08T09:44:54","date_gmt":"2021-05-08T07:44:54","guid":{"rendered":"http:\/\/www.abyssa.com\/abys2021\/our-offer\/cartographier\/"},"modified":"2022-08-01T17:41:47","modified_gmt":"2022-08-01T15:41:47","slug":"mapping","status":"publish","type":"page","link":"https:\/\/www.abyssa.com\/en\/our-offer\/mapping\/","title":{"rendered":"Mapping"},"content":{"rendered":"<div class=\"wpb-content-wrapper\"><p>[vc_row bg_type=&#8221;image&#8221; parallax_style=&#8221;vcpb-default&#8221; bg_image_new=&#8221;id^462|url^https:\/\/www.abyssa.com\/abys2021\/wp-content\/uploads\/2021\/04\/fondvideo-1920&#215;1080-1.svg|caption^null|alt^null|title^ABYSSA|description^null&#8221; bg_image_repeat=&#8221;no-repeat&#8221; bg_override=&#8221;ex-full&#8221; enable_overlay=&#8221;enable_overlay_value&#8221; overlay_color=&#8221;rgba(244,244,245,0.55)&#8221; css=&#8221;.vc_custom_1617873756232{margin-top: 0px !important;margin-bottom: 0px !important;border-bottom-width: 35px !important;}&#8221;][vc_column]<div id=\"ultimate-heading-922969d55bc2db543\" class=\"uvc-heading ult-adjust-bottom-margin ultimate-heading-922969d55bc2db543 uvc-1976 \" data-hspacer=\"icon_only\"  data-halign=\"left\" style=\"text-align:left\"><div class=\"uvc-heading-spacer icon_only\" style=\"margin-bottom:20px;\"><div class=\"ult-just-icon-wrapper  \"><div class=\"align-icon\" style=\"text-align:left;\">\n<div class=\"aio-icon advanced \"  style=\"color:#697787;border-style:dashed;border-color:#697787;border-width:1px;width:45px;height:45px;line-height:45px;border-radius:500px;font-size:20px;\">\n\t<i class=\"far fa-map\"><\/i>\n<\/div><\/div><\/div><\/div><div class=\"uvc-main-heading ult-responsive\"  data-ultimate-target='.uvc-heading.ultimate-heading-922969d55bc2db543 h2'  data-responsive-json-new='{\"font-size\":\"desktop:50px;\",\"line-height\":\"desktop:60px;\"}' ><h2 style=\"font-family:&#039;Exo 2&#039;;font-weight:200;margin-bottom:25px;\">Mapping the deep ocean floor<\/h2><\/div><div class=\"uvc-sub-heading ult-responsive\"  data-ultimate-target='.uvc-heading.ultimate-heading-922969d55bc2db543 .uvc-sub-heading '  data-responsive-json-new='{\"font-size\":\"desktop:22px;\",\"line-height\":\"desktop:32px;\"}'  style=\"font-family:&#039;Exo 2&#039;;font-weight:200;margin-bottom:35px;\">There are two main reasons for our lack of knowledge of the deep ocean floor: first, the difficulties entailed in getting close to it, and second, its sheer immensity. One of ABYSSA&#8217;s core activities is to produce high-resolution maps of the seabed, to characterise these areas and track how they are changing.<\/div><\/div>[vc_column_text]The deep ocean floor is, in fact, the home, often extending over vast areas, of biodiversity and geodiversity of great scientific and economic interest, as well as of hydrodynamic phenomena that are intricately related to global climate conditions.<\/p>\n<p>Mapping these vast tracts of the ocean floor can help address issues relating to the regional, morphological, geological and biological context.[\/vc_column_text][vc_row_inner content_placement=&#8221;top&#8221; gap=&#8221;35&#8243; css=&#8221;.vc_custom_1618413202008{margin-top: 35px !important;margin-bottom: 35px !important;}&#8221;][vc_column_inner width=&#8221;1\/2&#8243;][vc_column_text]ABYSSA&#8217;s AUVs are Autonomous Underwater Vehicles used to acquire information and data in line with profiling specified in proximity to the deep ocean floor. We generally work at altitudes of less than 100 m above the sea floor, depending on the measurements to be taken and the desired resolution.<\/p>\n<p>However deep we go, the resolution at the seabed will be the same, since it depends solely on the altitude at which the AUV is moving above the seabed (the distance between the vehicle and the seabed). That means that the resolution at the seabed, even at great depth, is still very good, enabling ABYSSA to produce highly accurate high-resolution mappings.[\/vc_column_text][\/vc_column_inner][vc_column_inner width=&#8221;1\/2&#8243;]<style type=\"text\/css\" data-type=\"the7_shortcodes-inline-css\">.gallery-carousel-shortcode.gallery-carousel-shortcode-id-d38ddd44c8587f10a0d1299fe3b238da.owl-carousel .owl-nav div {\n  width: 36px;\n  height: 36px;\n  border-radius: 500px;\n}\n.dt-arrow-border-on.gallery-carousel-shortcode.gallery-carousel-shortcode-id-d38ddd44c8587f10a0d1299fe3b238da.owl-carousel .owl-nav div:not(:hover):before {\n  border-width: 0px;\n}\n.dt-arrow-hover-border-on.gallery-carousel-shortcode.gallery-carousel-shortcode-id-d38ddd44c8587f10a0d1299fe3b238da.owl-carousel .owl-nav div:hover:after {\n  border-width: 0px;\n}\n.gallery-carousel-shortcode.gallery-carousel-shortcode-id-d38ddd44c8587f10a0d1299fe3b238da.owl-carousel .owl-nav div.owl-prev {\n  top: 50%;\n  transform: translateY(calc(-50% + 0px));\n  left: -43px;\n}\n@media all and (-ms-high-contrast: none) {\n  .gallery-carousel-shortcode.gallery-carousel-shortcode-id-d38ddd44c8587f10a0d1299fe3b238da.owl-carousel .owl-nav div.owl-prev {\n    transform: translateY(-50%);\n    margin-top: 0px;\n  }\n}\n.gallery-carousel-shortcode.gallery-carousel-shortcode-id-d38ddd44c8587f10a0d1299fe3b238da.owl-carousel .owl-nav div.owl-prev i {\n  padding: 0px 0px 0px 0px;\n}\n.gallery-carousel-shortcode.gallery-carousel-shortcode-id-d38ddd44c8587f10a0d1299fe3b238da.owl-carousel .owl-nav div.owl-next {\n  top: 50%;\n  transform: translateY(calc(-50% + 0px));\n  right: -43px;\n}\n@media all and (-ms-high-contrast: none) {\n  .gallery-carousel-shortcode.gallery-carousel-shortcode-id-d38ddd44c8587f10a0d1299fe3b238da.owl-carousel .owl-nav div.owl-next {\n    transform: translateY(-50%);\n    margin-top: 0px;\n  }\n}\n.gallery-carousel-shortcode.gallery-carousel-shortcode-id-d38ddd44c8587f10a0d1299fe3b238da.owl-carousel .owl-nav div.owl-next i {\n  padding: 0px 0px 0px 0px;\n}\n.gallery-carousel-shortcode.gallery-carousel-shortcode-id-d38ddd44c8587f10a0d1299fe3b238da.owl-carousel .owl-nav i {\n  font-size: 18px;\n}\n.gallery-carousel-shortcode.gallery-carousel-shortcode-id-d38ddd44c8587f10a0d1299fe3b238da.owl-carousel .owl-nav div:not(:hover) i,\n.gallery-carousel-shortcode.gallery-carousel-shortcode-id-d38ddd44c8587f10a0d1299fe3b238da.owl-carousel .owl-nav div:not(:hover) i:before {\n  color: #051c37;\n  background: none;\n}\n.gallery-carousel-shortcode.gallery-carousel-shortcode-id-d38ddd44c8587f10a0d1299fe3b238da.owl-carousel .owl-nav div:hover i,\n.gallery-carousel-shortcode.gallery-carousel-shortcode-id-d38ddd44c8587f10a0d1299fe3b238da.owl-carousel .owl-nav div:hover i:before {\n  color: #051c37;\n  background: none;\n}\n.gallery-carousel-shortcode.gallery-carousel-shortcode-id-d38ddd44c8587f10a0d1299fe3b238da .owl-dots {\n  top: calc(100% + 20px);\n  left: 50%;\n  transform: translateX(calc(-50% + 0px));\n}\n@media all and (-ms-high-contrast: none) {\n  .gallery-carousel-shortcode.gallery-carousel-shortcode-id-d38ddd44c8587f10a0d1299fe3b238da .owl-dots {\n    transform: translateX(-50%);\n    margin-left: 0px;\n  }\n}\n.gallery-carousel-shortcode.gallery-carousel-shortcode-id-d38ddd44c8587f10a0d1299fe3b238da .owl-dot {\n  width: 10px;\n  height: 10px;\n  margin: 0 8px;\n}\n@media screen and (max-width: 778px) {\n  .gallery-carousel-shortcode.gallery-carousel-shortcode-id-d38ddd44c8587f10a0d1299fe3b238da.hide-arrows .owl-nav a {\n    display: none;\n  }\n}\n@media screen and (max-width: 778px) {\n  .gallery-carousel-shortcode.gallery-carousel-shortcode-id-d38ddd44c8587f10a0d1299fe3b238da.reposition-arrows .owl-nav .owl-prev {\n    top: 50%;\n    transform: translateY(calc(-50% + 0px));\n    left: 10px;\n  }\n  .gallery-carousel-shortcode.gallery-carousel-shortcode-id-d38ddd44c8587f10a0d1299fe3b238da.reposition-arrows .owl-nav .owl-next {\n    top: 50%;\n    transform: translateY(calc(-50% + 0px));\n    right: 10px;\n  }\n}\n@media screen and (max-width: 778px) and all and (-ms-high-contrast: none) {\n  .gallery-carousel-shortcode.gallery-carousel-shortcode-id-d38ddd44c8587f10a0d1299fe3b238da.reposition-arrows .owl-nav .owl-prev {\n    transform: translateY(-50%);\n    margin-top: 0px;\n  }\n}\n@media screen and (max-width: 778px) and all and (-ms-high-contrast: none) {\n  .gallery-carousel-shortcode.gallery-carousel-shortcode-id-d38ddd44c8587f10a0d1299fe3b238da.reposition-arrows .owl-nav .owl-next {\n    transform: translateY(-50%);\n    margin-top: 0px;\n  }\n}\n.gallery-carousel-shortcode.gallery-carousel-shortcode-id-d38ddd44c8587f10a0d1299fe3b238da figure,\n.gallery-carousel-shortcode.gallery-carousel-shortcode-id-d38ddd44c8587f10a0d1299fe3b238da .rollover,\n.gallery-carousel-shortcode.gallery-carousel-shortcode-id-d38ddd44c8587f10a0d1299fe3b238da img,\n.gallery-carousel-shortcode.gallery-carousel-shortcode-id-d38ddd44c8587f10a0d1299fe3b238da .gallery-rollover {\n  border-radius: 0px;\n}\n.gallery-carousel-shortcode.gallery-carousel-shortcode-id-d38ddd44c8587f10a0d1299fe3b238da.enable-bg-rollover .gallery-rollover {\n  background: -webkit-linear-gradient();\n  background: linear-gradient();\n}\n.gallery-carousel-shortcode.gallery-carousel-shortcode-id-d38ddd44c8587f10a0d1299fe3b238da.enable-img-shadow .owl-stage-outer {\n  padding: 14px 0;\n}\n.gallery-carousel-shortcode.gallery-carousel-shortcode-id-d38ddd44c8587f10a0d1299fe3b238da.enable-bg-rollover.hover-scale figure .rollover:after {\n  background: -webkit-linear-gradient();\n  background: linear-gradient();\n}\n.gallery-carousel-shortcode.gallery-carousel-shortcode-id-d38ddd44c8587f10a0d1299fe3b238da.gallery-shortcode .gallery-zoom-ico {\n  width: 44px;\n  height: 44px;\n  line-height: 44px;\n  border-radius: 100px;\n  margin: -22px 0 0 -22px;\n  border-width: 0px;\n}\n.dt-icon-bg-on.gallery-carousel-shortcode.gallery-carousel-shortcode-id-d38ddd44c8587f10a0d1299fe3b238da.gallery-shortcode .gallery-zoom-ico {\n  background: rgba(255,255,255,0.3);\n  box-shadow: none;\n}\n.gallery-carousel-shortcode.gallery-carousel-shortcode-id-d38ddd44c8587f10a0d1299fe3b238da.gallery-shortcode .gallery-zoom-ico:before,\n.gallery-carousel-shortcode.gallery-carousel-shortcode-id-d38ddd44c8587f10a0d1299fe3b238da.gallery-shortcode .gallery-zoom-ico span {\n  font-size: 32px;\n  line-height: 44px;\n  color: #ffffff;\n  background: none;\n}<\/style><div class=\"owl-carousel gallery-carousel-shortcode gallery-shortcode  dt-gallery-container dt-owl-carousel-call gallery-carousel-shortcode-id-d38ddd44c8587f10a0d1299fe3b238da enable-bg-rollover meta-info-off dt-arrow-border-on dt-arrow-hover-border-on bullets-small-dot-stroke reposition-arrows dt-icon-bg-off arrows-bg-off disable-arrows-hover-bg arrows-hover-bg-off  hover-fade \" data-scroll-mode=\"1\" data-col-num=\"1\" data-wide-col-num=\"1\" data-laptop-col=\"1\" data-h-tablet-columns-num=\"1\" data-v-tablet-columns-num=\"1\" data-phone-columns-num=\"1\" data-col-gap=\"10\" data-stage-padding=\"0\" data-speed=\"600\" data-autoplay=\"true\" data-autoplay_speed=\"4000\" data-arrows=\"true\" data-bullet=\"false\" data-next-icon=\"icon-ar-021-r\" data-prev-icon=\"icon-ar-021-l\" data-img-shadow-size=\"12px\" data-img-shadow-spread=\"3px\"><div data-post-id=\"1422\" data-date=\"2021-04-08T11:48:26+02:00\" data-name=\"carte-bathy-01\"><figure class=\"post\"><a href=\"https:\/\/www.abyssa.com\/abys2021\/wp-content\/uploads\/2021\/04\/carte-bathy-01.jpg\" class=\"rollover dt-pswp-item layzr-bg\" data-large_image_width=\"1920\" data-large_image_height=\"1080\" data-dt-img-description=\"\" ><img fetchpriority=\"high\" decoding=\"async\" class=\"preload-me owl-lazy-load aspect\" src=\"data:image\/svg+xml,%3Csvg%20xmlns%3D&#39;http%3A%2F%2Fwww.w3.org%2F2000%2Fsvg&#39;%20viewBox%3D&#39;0%200%201920%201080&#39;%2F%3E\" data-src=\"https:\/\/www.abyssa.com\/abys2021\/wp-content\/uploads\/2021\/04\/carte-bathy-01.jpg\" data-srcset=\"https:\/\/www.abyssa.com\/abys2021\/wp-content\/uploads\/2021\/04\/carte-bathy-01.jpg 1920w\" loading=\"eager\" style=\"--ratio: 1920 \/ 1080\" sizes=\"(max-width: 1920px) 100vw, 1920px\" alt=\"\" width=\"1920\" height=\"1080\"  \/><span class=\"gallery-rollover\"><\/span><\/a><\/figure><\/div><div data-post-id=\"1419\" data-date=\"2021-04-08T11:46:25+02:00\" data-name=\"carte-bathy-02\"><figure class=\"post\"><a href=\"https:\/\/www.abyssa.com\/abys2021\/wp-content\/uploads\/2021\/04\/carte-bathy-02.jpg\" class=\"rollover dt-pswp-item layzr-bg\" data-large_image_width=\"1920\" data-large_image_height=\"1080\" data-dt-img-description=\"\" ><img decoding=\"async\" class=\"preload-me owl-lazy-load aspect\" src=\"data:image\/svg+xml,%3Csvg%20xmlns%3D&#39;http%3A%2F%2Fwww.w3.org%2F2000%2Fsvg&#39;%20viewBox%3D&#39;0%200%201920%201080&#39;%2F%3E\" data-src=\"https:\/\/www.abyssa.com\/abys2021\/wp-content\/uploads\/2021\/04\/carte-bathy-02.jpg\" data-srcset=\"https:\/\/www.abyssa.com\/abys2021\/wp-content\/uploads\/2021\/04\/carte-bathy-02.jpg 1920w\" loading=\"eager\" style=\"--ratio: 1920 \/ 1080\" sizes=\"(max-width: 1920px) 100vw, 1920px\" alt=\"\" width=\"1920\" height=\"1080\"  \/><span class=\"gallery-rollover\"><\/span><\/a><\/figure><\/div><div data-post-id=\"1420\" data-date=\"2021-04-08T11:46:26+02:00\" data-name=\"carte-bathy-03\"><figure class=\"post\"><a href=\"https:\/\/www.abyssa.com\/abys2021\/wp-content\/uploads\/2021\/04\/carte-bathy-03.jpg\" class=\"rollover dt-pswp-item layzr-bg\" data-large_image_width=\"1920\" data-large_image_height=\"1080\" data-dt-img-description=\"\" ><img decoding=\"async\" class=\"preload-me owl-lazy-load aspect\" src=\"data:image\/svg+xml,%3Csvg%20xmlns%3D&#39;http%3A%2F%2Fwww.w3.org%2F2000%2Fsvg&#39;%20viewBox%3D&#39;0%200%201920%201080&#39;%2F%3E\" data-src=\"https:\/\/www.abyssa.com\/abys2021\/wp-content\/uploads\/2021\/04\/carte-bathy-03.jpg\" data-srcset=\"https:\/\/www.abyssa.com\/abys2021\/wp-content\/uploads\/2021\/04\/carte-bathy-03.jpg 1920w\" loading=\"eager\" style=\"--ratio: 1920 \/ 1080\" sizes=\"(max-width: 1920px) 100vw, 1920px\" alt=\"\" width=\"1920\" height=\"1080\"  \/><span class=\"gallery-rollover\"><\/span><\/a><\/figure><\/div><div data-post-id=\"1421\" data-date=\"2021-04-08T11:46:28+02:00\" data-name=\"carte-bathy-04\"><figure class=\"post\"><a href=\"https:\/\/www.abyssa.com\/abys2021\/wp-content\/uploads\/2021\/04\/carte-bathy-04.jpg\" class=\"rollover dt-pswp-item layzr-bg\" data-large_image_width=\"1920\" data-large_image_height=\"1080\" data-dt-img-description=\"\" ><img decoding=\"async\" class=\"preload-me owl-lazy-load aspect\" src=\"data:image\/svg+xml,%3Csvg%20xmlns%3D&#39;http%3A%2F%2Fwww.w3.org%2F2000%2Fsvg&#39;%20viewBox%3D&#39;0%200%201920%201080&#39;%2F%3E\" data-src=\"https:\/\/www.abyssa.com\/abys2021\/wp-content\/uploads\/2021\/04\/carte-bathy-04.jpg\" data-srcset=\"https:\/\/www.abyssa.com\/abys2021\/wp-content\/uploads\/2021\/04\/carte-bathy-04.jpg 1920w\" loading=\"eager\" style=\"--ratio: 1920 \/ 1080\" sizes=\"(max-width: 1920px) 100vw, 1920px\" alt=\"\" width=\"1920\" height=\"1080\"  \/><span class=\"gallery-rollover\"><\/span><\/a><\/figure><\/div><\/div>[\/vc_column_inner][\/vc_row_inner][\/vc_column][\/vc_row][vc_row full_width=&#8221;stretch_row_content&#8221; equal_height=&#8221;yes&#8221; content_placement=&#8221;middle&#8221; bg_type=&#8221;bg_color&#8221; bg_override=&#8221;ex-full&#8221; css=&#8221;.vc_custom_1617868666841{margin-top: 0px !important;margin-bottom: 0px !important;}&#8221; bg_color_value=&#8221;#37495f&#8221;][vc_column width=&#8221;1\/2&#8243; css=&#8221;.vc_custom_1659368503602{padding-top: 100px !important;padding-bottom: 100px !important;background-image: url(https:\/\/www.abyssa.com\/abys2021\/wp-content\/uploads\/2022\/08\/cartographier-auv-2.jpg?id=2299) !important;background-position: center !important;background-repeat: no-repeat !important;background-size: cover !important;}&#8221;][\/vc_column][vc_column width=&#8221;1\/2&#8243; css=&#8221;.vc_custom_1616079379776{padding: 45px !important;}&#8221;]<div id=\"ultimate-heading-377269d55bc2df5e7\" class=\"uvc-heading ult-adjust-bottom-margin ultimate-heading-377269d55bc2df5e7 uvc-2214 \" data-hspacer=\"no_spacer\"  data-halign=\"left\" style=\"text-align:left\"><div class=\"uvc-heading-spacer no_spacer\" style=\"top\"><\/div><div class=\"uvc-main-heading ult-responsive\"  data-ultimate-target='.uvc-heading.ultimate-heading-377269d55bc2df5e7 h2'  data-responsive-json-new='{\"font-size\":\"desktop:45px;\",\"line-height\":\"desktop:55px;\"}' ><h2 style=\"font-family:&#039;Exo 2&#039;;font-weight:200;color:#f4f4f5;margin-bottom:25px;\">From surface vessels to AUVs<\/h2><\/div><div class=\"uvc-sub-heading ult-responsive\"  data-ultimate-target='.uvc-heading.ultimate-heading-377269d55bc2df5e7 .uvc-sub-heading '  data-responsive-json-new='{\"font-size\":\"desktop:18px;\",\"line-height\":\"desktop:28px;\"}'  style=\"font-family:&#039;Exo 2&#039;;font-weight:200;color:#f4f4f5;\">Since the 19th century, most underwater observation has been carried out using scientific instrumentation aboard surface vessels equipped for oceanographic studies.<\/p>\n<p>Over the years, to obtain more precise data, such instrumentation has been used in ever-closer proximity to the seabed, drawing on advances in pressure-resistant technology, improved measurement acquisition capabilities thanks to environmental sensors and probes, data storage and data-sharing technology, and measurement platforms with greater autonomy, etc., culminating in the development of Autonomous Underwater Vehicles (AUVs).<\/div><\/div>[\/vc_column][\/vc_row]<\/p>\n<\/div>","protected":false},"excerpt":{"rendered":"<p>[vc_row bg_type=&#8221;image&#8221; parallax_style=&#8221;vcpb-default&#8221; bg_image_new=&#8221;id^462|url^https:\/\/www.abyssa.com\/abys2021\/wp-content\/uploads\/2021\/04\/fondvideo-1920&#215;1080-1.svg|caption^null|alt^null|title^ABYSSA|description^null&#8221; bg_image_repeat=&#8221;no-repeat&#8221; bg_override=&#8221;ex-full&#8221; enable_overlay=&#8221;enable_overlay_value&#8221; overlay_color=&#8221;rgba(244,244,245,0.55)&#8221; css=&#8221;.vc_custom_1617873756232{margin-top: 0px !important;margin-bottom: 0px !important;border-bottom-width: 35px !important;}&#8221;][vc_column][vc_column_text]The deep ocean floor is, in fact, the home, often extending over vast areas, of biodiversity and geodiversity of great scientific and economic interest, as well as of hydrodynamic phenomena that are intricately related to global climate conditions. Mapping these vast&hellip;<\/p>\n","protected":false},"author":1,"featured_media":0,"parent":1606,"menu_order":1,"comment_status":"closed","ping_status":"closed","template":"","meta":{"footnotes":""},"class_list":["post-1609","page","type-page","status-publish","hentry","description-off"],"yoast_head":"<!-- This site is optimized with the Yoast SEO plugin v26.7 - https:\/\/yoast.com\/wordpress\/plugins\/seo\/ -->\n<title>Mapping - Abyssa<\/title>\n<meta name=\"description\" content=\"ABYSSA carries out high-resolution underwater mapping to characterise the deep sea and its evolution.\" \/>\n<meta name=\"robots\" content=\"index, follow, max-snippet:-1, max-image-preview:large, max-video-preview:-1\" \/>\n<link rel=\"canonical\" href=\"https:\/\/www.abyssa.com\/en\/our-offer\/mapping\/\" \/>\n<meta property=\"og:locale\" content=\"en_US\" \/>\n<meta property=\"og:type\" content=\"article\" \/>\n<meta property=\"og:title\" content=\"Mapping - Abyssa\" \/>\n<meta property=\"og:description\" content=\"ABYSSA carries out high-resolution underwater mapping to characterise the deep sea and its evolution.\" \/>\n<meta property=\"og:url\" content=\"https:\/\/www.abyssa.com\/en\/our-offer\/mapping\/\" \/>\n<meta property=\"og:site_name\" content=\"Abyssa\" \/>\n<meta property=\"article:modified_time\" content=\"2022-08-01T15:41:47+00:00\" \/>\n<meta name=\"twitter:card\" content=\"summary_large_image\" \/>\n<meta name=\"twitter:label1\" content=\"Est. reading time\" \/>\n\t<meta name=\"twitter:data1\" content=\"2 minutes\" \/>\n<script type=\"application\/ld+json\" class=\"yoast-schema-graph\">{\"@context\":\"https:\/\/schema.org\",\"@graph\":[{\"@type\":\"WebPage\",\"@id\":\"https:\/\/www.abyssa.com\/en\/our-offer\/mapping\/\",\"url\":\"https:\/\/www.abyssa.com\/en\/our-offer\/mapping\/\",\"name\":\"Mapping - Abyssa\",\"isPartOf\":{\"@id\":\"https:\/\/www.abyssa.com\/en\/#website\"},\"datePublished\":\"2021-05-08T07:44:54+00:00\",\"dateModified\":\"2022-08-01T15:41:47+00:00\",\"description\":\"ABYSSA carries out high-resolution underwater mapping to characterise the deep sea and its evolution.\",\"breadcrumb\":{\"@id\":\"https:\/\/www.abyssa.com\/en\/our-offer\/mapping\/#breadcrumb\"},\"inLanguage\":\"en-US\",\"potentialAction\":[{\"@type\":\"ReadAction\",\"target\":[\"https:\/\/www.abyssa.com\/en\/our-offer\/mapping\/\"]}]},{\"@type\":\"BreadcrumbList\",\"@id\":\"https:\/\/www.abyssa.com\/en\/our-offer\/mapping\/#breadcrumb\",\"itemListElement\":[{\"@type\":\"ListItem\",\"position\":1,\"name\":\"Accueil\",\"item\":\"https:\/\/www.abyssa.com\/en\/\"},{\"@type\":\"ListItem\",\"position\":2,\"name\":\"Our offer\",\"item\":\"https:\/\/www.abyssa.com\/en\/our-offer\/\"},{\"@type\":\"ListItem\",\"position\":3,\"name\":\"Mapping\"}]},{\"@type\":\"WebSite\",\"@id\":\"https:\/\/www.abyssa.com\/en\/#website\",\"url\":\"https:\/\/www.abyssa.com\/en\/\",\"name\":\"Abyssa\",\"description\":\"Soci\u00e9t\u00e9 fran\u00e7aise d&#039;exploration des grands fonds marins\",\"potentialAction\":[{\"@type\":\"SearchAction\",\"target\":{\"@type\":\"EntryPoint\",\"urlTemplate\":\"https:\/\/www.abyssa.com\/en\/?s={search_term_string}\"},\"query-input\":{\"@type\":\"PropertyValueSpecification\",\"valueRequired\":true,\"valueName\":\"search_term_string\"}}],\"inLanguage\":\"en-US\"}]}<\/script>\n<!-- \/ Yoast SEO plugin. -->","yoast_head_json":{"title":"Mapping - Abyssa","description":"ABYSSA carries out high-resolution underwater mapping to characterise the deep sea and its evolution.","robots":{"index":"index","follow":"follow","max-snippet":"max-snippet:-1","max-image-preview":"max-image-preview:large","max-video-preview":"max-video-preview:-1"},"canonical":"https:\/\/www.abyssa.com\/en\/our-offer\/mapping\/","og_locale":"en_US","og_type":"article","og_title":"Mapping - Abyssa","og_description":"ABYSSA carries out high-resolution underwater mapping to characterise the deep sea and its evolution.","og_url":"https:\/\/www.abyssa.com\/en\/our-offer\/mapping\/","og_site_name":"Abyssa","article_modified_time":"2022-08-01T15:41:47+00:00","twitter_card":"summary_large_image","twitter_misc":{"Est. reading time":"2 minutes"},"schema":{"@context":"https:\/\/schema.org","@graph":[{"@type":"WebPage","@id":"https:\/\/www.abyssa.com\/en\/our-offer\/mapping\/","url":"https:\/\/www.abyssa.com\/en\/our-offer\/mapping\/","name":"Mapping - Abyssa","isPartOf":{"@id":"https:\/\/www.abyssa.com\/en\/#website"},"datePublished":"2021-05-08T07:44:54+00:00","dateModified":"2022-08-01T15:41:47+00:00","description":"ABYSSA carries out high-resolution underwater mapping to characterise the deep sea and its evolution.","breadcrumb":{"@id":"https:\/\/www.abyssa.com\/en\/our-offer\/mapping\/#breadcrumb"},"inLanguage":"en-US","potentialAction":[{"@type":"ReadAction","target":["https:\/\/www.abyssa.com\/en\/our-offer\/mapping\/"]}]},{"@type":"BreadcrumbList","@id":"https:\/\/www.abyssa.com\/en\/our-offer\/mapping\/#breadcrumb","itemListElement":[{"@type":"ListItem","position":1,"name":"Accueil","item":"https:\/\/www.abyssa.com\/en\/"},{"@type":"ListItem","position":2,"name":"Our offer","item":"https:\/\/www.abyssa.com\/en\/our-offer\/"},{"@type":"ListItem","position":3,"name":"Mapping"}]},{"@type":"WebSite","@id":"https:\/\/www.abyssa.com\/en\/#website","url":"https:\/\/www.abyssa.com\/en\/","name":"Abyssa","description":"Soci\u00e9t\u00e9 fran\u00e7aise d&#039;exploration des grands fonds marins","potentialAction":[{"@type":"SearchAction","target":{"@type":"EntryPoint","urlTemplate":"https:\/\/www.abyssa.com\/en\/?s={search_term_string}"},"query-input":{"@type":"PropertyValueSpecification","valueRequired":true,"valueName":"search_term_string"}}],"inLanguage":"en-US"}]}},"_links":{"self":[{"href":"https:\/\/www.abyssa.com\/en\/wp-json\/wp\/v2\/pages\/1609","targetHints":{"allow":["GET"]}}],"collection":[{"href":"https:\/\/www.abyssa.com\/en\/wp-json\/wp\/v2\/pages"}],"about":[{"href":"https:\/\/www.abyssa.com\/en\/wp-json\/wp\/v2\/types\/page"}],"author":[{"embeddable":true,"href":"https:\/\/www.abyssa.com\/en\/wp-json\/wp\/v2\/users\/1"}],"replies":[{"embeddable":true,"href":"https:\/\/www.abyssa.com\/en\/wp-json\/wp\/v2\/comments?post=1609"}],"version-history":[{"count":0,"href":"https:\/\/www.abyssa.com\/en\/wp-json\/wp\/v2\/pages\/1609\/revisions"}],"up":[{"embeddable":true,"href":"https:\/\/www.abyssa.com\/en\/wp-json\/wp\/v2\/pages\/1606"}],"wp:attachment":[{"href":"https:\/\/www.abyssa.com\/en\/wp-json\/wp\/v2\/media?parent=1609"}],"curies":[{"name":"wp","href":"https:\/\/api.w.org\/{rel}","templated":true}]}}