{"id":1594,"date":"2021-03-17T16:50:39","date_gmt":"2021-03-17T15:50:39","guid":{"rendered":"http:\/\/www.abyssa.com\/abys2021\/contacts\/"},"modified":"2022-07-26T17:42:25","modified_gmt":"2022-07-26T15:42:25","slug":"contact","status":"publish","type":"page","link":"https:\/\/www.abyssa.com\/en\/contact\/","title":{"rendered":"Contact"},"content":{"rendered":"<div class=\"wpb-content-wrapper\"><p>[vc_row css=&#8221;.vc_custom_1619165031343{margin-top: 0px !important;margin-bottom: 0px !important;border-bottom-width: 35px !important;}&#8221;][vc_column]<div id=\"ultimate-heading-514569df07afd1e34\" class=\"uvc-heading ult-adjust-bottom-margin ultimate-heading-514569df07afd1e34 uvc-2017 \" data-hspacer=\"icon_only\"  data-halign=\"left\" style=\"text-align:left\"><div class=\"uvc-heading-spacer icon_only\" style=\"margin-bottom:20px;\"><div class=\"ult-just-icon-wrapper  \"><div class=\"align-icon\" style=\"text-align:left;\">\n<div class=\"aio-icon advanced \"  style=\"color:#697787;border-style:dashed;border-color:#697787;border-width:1px;width:45px;height:45px;line-height:45px;border-radius:500px;font-size:20px;\">\n\t<i class=\"fab fa-wpforms\"><\/i>\n<\/div><\/div><\/div><\/div><div class=\"uvc-main-heading ult-responsive\"  data-ultimate-target='.uvc-heading.ultimate-heading-514569df07afd1e34 h2'  data-responsive-json-new='{\"font-size\":\"desktop:50px;\",\"line-height\":\"desktop:60px;\"}' ><h2 style=\"font-family:&#039;Exo 2&#039;;font-weight:200;margin-bottom:25px;\">Contact us<\/h2><\/div><div class=\"uvc-sub-heading ult-responsive\"  data-ultimate-target='.uvc-heading.ultimate-heading-514569df07afd1e34 .uvc-sub-heading '  data-responsive-json-new='{\"font-size\":\"desktop:22px;\",\"line-height\":\"desktop:32px;\"}'  style=\"font-family:&#039;Exo 2&#039;;font-weight:200;margin-bottom:35px;\">Please fill out this form if you would like to find out more about ABYSSA and the services we provide, or if you wish to contact one of our Associate Directors.<\/div><\/div>[vc_column_text css=&#8221;.vc_custom_1621246957413{margin-bottom: 10px !important;}&#8221;]We&#8217;ll get back to you as soon as we can.[\/vc_column_text][vc_row_inner content_placement=&#8221;top&#8221; gap=&#8221;35&#8243;][vc_column_inner]\n<div class=\"wpcf7 no-js\" id=\"wpcf7-f1811-o1\" lang=\"fr-FR\" dir=\"ltr\" data-wpcf7-id=\"1811\">\n<div class=\"screen-reader-response\"><p role=\"status\" aria-live=\"polite\" aria-atomic=\"true\"><\/p> <ul><\/ul><\/div>\n<form action=\"\/en\/wp-json\/wp\/v2\/pages\/1594#wpcf7-f1811-o1\" method=\"post\" class=\"wpcf7-form init\" aria-label=\"Formulaire de contact\" novalidate=\"novalidate\" data-status=\"init\">\n<fieldset class=\"hidden-fields-container\"><input type=\"hidden\" name=\"_wpcf7\" value=\"1811\" \/><input type=\"hidden\" name=\"_wpcf7_version\" value=\"6.1.4\" \/><input type=\"hidden\" name=\"_wpcf7_locale\" value=\"fr_FR\" \/><input type=\"hidden\" name=\"_wpcf7_unit_tag\" value=\"wpcf7-f1811-o1\" \/><input type=\"hidden\" name=\"_wpcf7_container_post\" value=\"0\" \/><input type=\"hidden\" name=\"_wpcf7_posted_data_hash\" value=\"\" \/><input type=\"hidden\" name=\"_wpcf7_recaptcha_response\" value=\"\" \/>\n<\/fieldset>\n<input class=\"wpcf7-form-control wpcf7-hidden\" value=\"Demande d&#039;information EN\" type=\"hidden\" name=\"your-subject\" \/>\n<div class=\"vc_row-has-fill\">\n\t<div class=\"vc_column_container vc_col-sm-6\">\n\t\t<div class=\"vc_column-inner\" style=\"padding-top: 10px;\">\n\t\t\t<p><span class=\"wpcf7-form-control-wrap\" data-name=\"nom\"><input size=\"40\" maxlength=\"400\" class=\"wpcf7-form-control wpcf7-text wpcf7-validates-as-required\" aria-required=\"true\" aria-invalid=\"false\" placeholder=\"Last name*\" value=\"\" type=\"text\" name=\"nom\" \/><\/span>\n\t\t\t<\/p>\n\t\t<\/div>\n\t<\/div>\n\t<div class=\"vc_column_container vc_col-sm-6\">\n\t\t<div class=\"vc_column-inner\" style=\"padding-top: 10px;\">\n\t\t\t<p><span class=\"wpcf7-form-control-wrap\" data-name=\"prenom\"><input size=\"40\" maxlength=\"400\" class=\"wpcf7-form-control wpcf7-text wpcf7-validates-as-required\" aria-required=\"true\" aria-invalid=\"false\" placeholder=\"First name*\" value=\"\" type=\"text\" name=\"prenom\" \/><\/span>\n\t\t\t<\/p>\n\t\t<\/div>\n\t<\/div>\n\t<div class=\"vc_column_container vc_col-sm-6\">\n\t\t<div class=\"vc_column-inner\" style=\"padding-top: 10px;\">\n\t\t\t<p><span class=\"wpcf7-form-control-wrap\" data-name=\"tel\"><input size=\"40\" maxlength=\"400\" class=\"wpcf7-form-control wpcf7-tel wpcf7-text wpcf7-validates-as-tel\" aria-invalid=\"false\" placeholder=\"Phone\" value=\"\" type=\"tel\" name=\"tel\" \/><\/span>\n\t\t\t<\/p>\n\t\t<\/div>\n\t<\/div>\n\t<div class=\"vc_column_container vc_col-sm-6\">\n\t\t<div class=\"vc_column-inner\" style=\"padding-top: 10px;\">\n\t\t\t<p><span class=\"wpcf7-form-control-wrap\" data-name=\"email\"><input size=\"40\" maxlength=\"400\" class=\"wpcf7-form-control wpcf7-email wpcf7-validates-as-required wpcf7-text wpcf7-validates-as-email\" aria-required=\"true\" aria-invalid=\"false\" placeholder=\"Email*\" value=\"\" type=\"email\" name=\"email\" \/><\/span>\n\t\t\t<\/p>\n\t\t<\/div>\n\t<\/div>\n\t<div class=\"vc_column_container vc_col-sm-6\">\n\t\t<div class=\"vc_column-inner\" style=\"padding-top: 10px;\">\n\t\t\t<p><span class=\"wpcf7-form-control-wrap\" data-name=\"societe\"><input size=\"40\" maxlength=\"400\" class=\"wpcf7-form-control wpcf7-text wpcf7-validates-as-required\" aria-required=\"true\" aria-invalid=\"false\" placeholder=\"Company*\" value=\"\" type=\"text\" name=\"societe\" \/><\/span>\n\t\t\t<\/p>\n\t\t<\/div>\n\t<\/div>\n\t<div class=\"vc_column_container vc_col-sm-6\">\n\t\t<div class=\"vc_column-inner\" style=\"padding-top: 10px;\">\n\t\t\t<p><span class=\"wpcf7-form-control-wrap\" data-name=\"fonction\"><input size=\"40\" maxlength=\"400\" class=\"wpcf7-form-control wpcf7-text\" aria-invalid=\"false\" placeholder=\"Function\" value=\"\" type=\"text\" name=\"fonction\" \/><\/span>\n\t\t\t<\/p>\n\t\t<\/div>\n\t<\/div>\n\t<div class=\"vc_column_container vc_col-sm-12\">\n\t\t<div class=\"vc_column-inner\" style=\"padding-top: 20px;\">\n\t\t\t<p><span class=\"wpcf7-form-control-wrap\" data-name=\"message\"><textarea cols=\"40\" rows=\"10\" maxlength=\"2000\" class=\"wpcf7-form-control wpcf7-textarea\" aria-invalid=\"false\" placeholder=\"Your message\" name=\"message\"><\/textarea><\/span>\n\t\t\t<\/p>\n\t\t<\/div>\n\t<\/div>\n\t<p style=\"font-size: 16px;\"><span class=\"wpcf7-form-control-wrap\" data-name=\"rgpd\"><span class=\"wpcf7-form-control wpcf7-checkbox wpcf7-validates-as-required\"><span class=\"wpcf7-list-item first last\"><label><input type=\"checkbox\" name=\"rgpd[]\" value=\"In order to answer my request for information, I authorize ABYSSA to store the data I have provided in this form.\" \/><span class=\"wpcf7-list-item-label\">In order to answer my request for information, I authorize ABYSSA to store the data I have provided in this form.<\/span><\/label><\/span><\/span><\/span>\n\t<\/p>\n\t<p style=\"margin-top: 20px;\"><input class=\"wpcf7-form-control wpcf7-submit has-spinner\" type=\"submit\" value=\"SEND\" \/>\n\t<\/p>\n\t<p style=\"font-size:14px;\">Fields marked with an asterisk (*) are required\n\t<\/p>\n<\/div><div class=\"wpcf7-response-output\" aria-hidden=\"true\"><\/div>\n<\/form>\n<\/div>\n[\/vc_column_inner][\/vc_row_inner][\/vc_column][\/vc_row]<\/p>\n<\/div>","protected":false},"excerpt":{"rendered":"<p>[vc_row css=&#8221;.vc_custom_1619165031343{margin-top: 0px !important;margin-bottom: 0px !important;border-bottom-width: 35px !important;}&#8221;][vc_column][vc_column_text css=&#8221;.vc_custom_1621246957413{margin-bottom: 10px !important;}&#8221;]We&#8217;ll get back to you as soon as we can.[\/vc_column_text][vc_row_inner content_placement=&#8221;top&#8221; gap=&#8221;35&#8243;][vc_column_inner][\/vc_column_inner][\/vc_row_inner][\/vc_column][\/vc_row]<\/p>\n","protected":false},"author":1,"featured_media":0,"parent":0,"menu_order":0,"comment_status":"closed","ping_status":"closed","template":"","meta":{"footnotes":""},"class_list":["post-1594","page","type-page","status-publish","hentry","description-off"],"yoast_head":"<!-- This site is optimized with the Yoast SEO plugin v26.7 - https:\/\/yoast.com\/wordpress\/plugins\/seo\/ -->\n<title>Contact - Abyssa<\/title>\n<meta name=\"description\" content=\"Would you like to contact ABYSSA, find out more about our company or become a partner? Contact ABYSSA via our online form.\" \/>\n<meta name=\"robots\" content=\"index, follow, max-snippet:-1, max-image-preview:large, max-video-preview:-1\" \/>\n<link rel=\"canonical\" href=\"https:\/\/www.abyssa.com\/en\/contact\/\" \/>\n<meta property=\"og:locale\" content=\"en_US\" \/>\n<meta property=\"og:type\" content=\"article\" \/>\n<meta property=\"og:title\" content=\"Contact - Abyssa\" \/>\n<meta property=\"og:description\" content=\"Would you like to contact ABYSSA, find out more about our company or become a partner? Contact ABYSSA via our online form.\" \/>\n<meta property=\"og:url\" content=\"https:\/\/www.abyssa.com\/en\/contact\/\" \/>\n<meta property=\"og:site_name\" content=\"Abyssa\" \/>\n<meta property=\"article:modified_time\" content=\"2022-07-26T15:42:25+00:00\" \/>\n<meta name=\"twitter:card\" content=\"summary_large_image\" \/>\n<meta name=\"twitter:label1\" content=\"Est. reading time\" \/>\n\t<meta name=\"twitter:data1\" content=\"1 minute\" \/>\n<script type=\"application\/ld+json\" class=\"yoast-schema-graph\">{\"@context\":\"https:\/\/schema.org\",\"@graph\":[{\"@type\":\"WebPage\",\"@id\":\"https:\/\/www.abyssa.com\/en\/contact\/\",\"url\":\"https:\/\/www.abyssa.com\/en\/contact\/\",\"name\":\"Contact - Abyssa\",\"isPartOf\":{\"@id\":\"https:\/\/www.abyssa.com\/en\/#website\"},\"datePublished\":\"2021-03-17T15:50:39+00:00\",\"dateModified\":\"2022-07-26T15:42:25+00:00\",\"description\":\"Would you like to contact ABYSSA, find out more about our company or become a partner? Contact ABYSSA via our online form.\",\"breadcrumb\":{\"@id\":\"https:\/\/www.abyssa.com\/en\/contact\/#breadcrumb\"},\"inLanguage\":\"en-US\",\"potentialAction\":[{\"@type\":\"ReadAction\",\"target\":[\"https:\/\/www.abyssa.com\/en\/contact\/\"]}]},{\"@type\":\"BreadcrumbList\",\"@id\":\"https:\/\/www.abyssa.com\/en\/contact\/#breadcrumb\",\"itemListElement\":[{\"@type\":\"ListItem\",\"position\":1,\"name\":\"Accueil\",\"item\":\"https:\/\/www.abyssa.com\/en\/\"},{\"@type\":\"ListItem\",\"position\":2,\"name\":\"Contact\"}]},{\"@type\":\"WebSite\",\"@id\":\"https:\/\/www.abyssa.com\/en\/#website\",\"url\":\"https:\/\/www.abyssa.com\/en\/\",\"name\":\"Abyssa\",\"description\":\"Soci\u00e9t\u00e9 fran\u00e7aise d&#039;exploration des grands fonds marins\",\"potentialAction\":[{\"@type\":\"SearchAction\",\"target\":{\"@type\":\"EntryPoint\",\"urlTemplate\":\"https:\/\/www.abyssa.com\/en\/?s={search_term_string}\"},\"query-input\":{\"@type\":\"PropertyValueSpecification\",\"valueRequired\":true,\"valueName\":\"search_term_string\"}}],\"inLanguage\":\"en-US\"}]}<\/script>\n<!-- \/ Yoast SEO plugin. -->","yoast_head_json":{"title":"Contact - Abyssa","description":"Would you like to contact ABYSSA, find out more about our company or become a partner? Contact ABYSSA via our online form.","robots":{"index":"index","follow":"follow","max-snippet":"max-snippet:-1","max-image-preview":"max-image-preview:large","max-video-preview":"max-video-preview:-1"},"canonical":"https:\/\/www.abyssa.com\/en\/contact\/","og_locale":"en_US","og_type":"article","og_title":"Contact - Abyssa","og_description":"Would you like to contact ABYSSA, find out more about our company or become a partner? Contact ABYSSA via our online form.","og_url":"https:\/\/www.abyssa.com\/en\/contact\/","og_site_name":"Abyssa","article_modified_time":"2022-07-26T15:42:25+00:00","twitter_card":"summary_large_image","twitter_misc":{"Est. reading time":"1 minute"},"schema":{"@context":"https:\/\/schema.org","@graph":[{"@type":"WebPage","@id":"https:\/\/www.abyssa.com\/en\/contact\/","url":"https:\/\/www.abyssa.com\/en\/contact\/","name":"Contact - Abyssa","isPartOf":{"@id":"https:\/\/www.abyssa.com\/en\/#website"},"datePublished":"2021-03-17T15:50:39+00:00","dateModified":"2022-07-26T15:42:25+00:00","description":"Would you like to contact ABYSSA, find out more about our company or become a partner? Contact ABYSSA via our online form.","breadcrumb":{"@id":"https:\/\/www.abyssa.com\/en\/contact\/#breadcrumb"},"inLanguage":"en-US","potentialAction":[{"@type":"ReadAction","target":["https:\/\/www.abyssa.com\/en\/contact\/"]}]},{"@type":"BreadcrumbList","@id":"https:\/\/www.abyssa.com\/en\/contact\/#breadcrumb","itemListElement":[{"@type":"ListItem","position":1,"name":"Accueil","item":"https:\/\/www.abyssa.com\/en\/"},{"@type":"ListItem","position":2,"name":"Contact"}]},{"@type":"WebSite","@id":"https:\/\/www.abyssa.com\/en\/#website","url":"https:\/\/www.abyssa.com\/en\/","name":"Abyssa","description":"Soci\u00e9t\u00e9 fran\u00e7aise d&#039;exploration des grands fonds marins","potentialAction":[{"@type":"SearchAction","target":{"@type":"EntryPoint","urlTemplate":"https:\/\/www.abyssa.com\/en\/?s={search_term_string}"},"query-input":{"@type":"PropertyValueSpecification","valueRequired":true,"valueName":"search_term_string"}}],"inLanguage":"en-US"}]}},"_links":{"self":[{"href":"https:\/\/www.abyssa.com\/en\/wp-json\/wp\/v2\/pages\/1594","targetHints":{"allow":["GET"]}}],"collection":[{"href":"https:\/\/www.abyssa.com\/en\/wp-json\/wp\/v2\/pages"}],"about":[{"href":"https:\/\/www.abyssa.com\/en\/wp-json\/wp\/v2\/types\/page"}],"author":[{"embeddable":true,"href":"https:\/\/www.abyssa.com\/en\/wp-json\/wp\/v2\/users\/1"}],"replies":[{"embeddable":true,"href":"https:\/\/www.abyssa.com\/en\/wp-json\/wp\/v2\/comments?post=1594"}],"version-history":[{"count":0,"href":"https:\/\/www.abyssa.com\/en\/wp-json\/wp\/v2\/pages\/1594\/revisions"}],"wp:attachment":[{"href":"https:\/\/www.abyssa.com\/en\/wp-json\/wp\/v2\/media?parent=1594"}],"curies":[{"name":"wp","href":"https:\/\/api.w.org\/{rel}","templated":true}]}}