{"id":1571,"date":"2021-03-17T16:50:39","date_gmt":"2021-03-17T15:50:39","guid":{"rendered":"http:\/\/www.abyssa.com\/abys2021\/abyssa\/philosophie-de-lentreprise\/"},"modified":"2021-05-26T09:40:58","modified_gmt":"2021-05-26T07:40:58","slug":"our-philosophy","status":"publish","type":"page","link":"https:\/\/www.abyssa.com\/en\/abyssa\/our-philosophy\/","title":{"rendered":"Our philosophy"},"content":{"rendered":"<div class=\"wpb-content-wrapper\"><p>[vc_row css=&#8221;.vc_custom_1618575337600{margin-top: 0px !important;margin-bottom: 0px !important;border-bottom-width: 35px !important;}&#8221;][vc_column]<div id=\"ultimate-heading-840969d6b23ce0806\" class=\"uvc-heading ult-adjust-bottom-margin ultimate-heading-840969d6b23ce0806 uvc-1819 \" data-hspacer=\"icon_only\"  data-halign=\"left\" style=\"text-align:left\"><div class=\"uvc-heading-spacer icon_only\" style=\"margin-bottom:20px;\"><div class=\"ult-just-icon-wrapper  \"><div class=\"align-icon\" style=\"text-align:left;\">\n<div class=\"aio-icon advanced \"  style=\"color:#697787;border-style:dashed;border-color:#697787;border-width:1px;width:45px;height:45px;line-height:45px;border-radius:500px;font-size:20px;\">\n\t<i class=\"icomoon-the7-font-the7-plus-04\"><\/i>\n<\/div><\/div><\/div><\/div><div class=\"uvc-main-heading ult-responsive\"  data-ultimate-target='.uvc-heading.ultimate-heading-840969d6b23ce0806 h2'  data-responsive-json-new='{\"font-size\":\"desktop:50px;\",\"line-height\":\"desktop:60px;\"}' ><h2 style=\"font-family:&#039;Exo 2&#039;;font-weight:200;margin-bottom:25px;\">To learn, understand and share knowledge: ABYSSA's philosophy<\/h2><\/div><div class=\"uvc-sub-heading ult-responsive\"  data-ultimate-target='.uvc-heading.ultimate-heading-840969d6b23ce0806 .uvc-sub-heading '  data-responsive-json-new='{\"font-size\":\"desktop:22px;\",\"line-height\":\"desktop:32px;\"}'  style=\"font-family:&#039;Exo 2&#039;;font-weight:200;margin-bottom:35px;\">Oceanography is a science that encompasses different technical, scientific, environmental, economic and social science disciplines to study the marine world, much as Geography does for the study of the Earth.<\/div><\/div>[vc_column_text]Our desire to make it the focus of our business activities is based on the exciting realisation that even now, in the 21st century, most of the world&#8217;s oceans are still unknown territory, especially the very deepest reaches of the seabed, over 2000 m below the surface, which cover over half our planet.<br \/>\nThe depths of our oceans are increasingly arousing interest for the wealth of biological, mineral and energy resources they may contain. To meet very real needs, while trying to avoid the errors of the past and the over-exploitation of natural resources, we need to acquire knowledge that can be used to inform more intelligent decision-making for the future.<\/p>\n<p>Based on this growing awareness and faced with the immensity of the deep ocean regions that have yet to be explored, the associates and founders of ABYSSA are keen to develop a concept of extensive, non-intrusive exploration, with an eye on costs, by making our fleet of autonomous underwater vehicles (AUVs) available for surveying the deep ocean. The &#8220;MESSIDOR fleet&#8221;, an inspired and disruptive project that won the Bpifrance Concours Mondial de l\u2019Innovation (World Innovation Challenge) in 2014 and 2015, will initially be deployed to search for inactive sulphide deposits in the deep seabed by tracking their specific magnetic signature.[\/vc_column_text][vc_row_inner content_placement=&#8221;middle&#8221; gap=&#8221;35&#8243;][vc_column_inner width=&#8221;1\/3&#8243; css=&#8221;.vc_custom_1618576652797{border-top-width: 1px !important;border-right-width: 1px !important;border-bottom-width: 1px !important;border-left-width: 1px !important;padding-top: 30px !important;padding-right: 30px !important;padding-bottom: 30px !important;padding-left: 30px !important;background-color: rgba(18,68,110,0.05) !important;*background-color: rgb(18,68,110) !important;border-left-color: rgba(18,68,110,0.45) !important;border-left-style: dashed !important;border-right-color: rgba(18,68,110,0.45) !important;border-right-style: dashed !important;border-top-color: rgba(18,68,110,0.45) !important;border-top-style: dashed !important;border-bottom-color: rgba(18,68,110,0.45) !important;border-bottom-style: dashed !important;}&#8221;]<div id=\"ultimate-heading-442669d6b23ce096a\" class=\"uvc-heading ult-adjust-bottom-margin ultimate-heading-442669d6b23ce096a uvc-7450 \" data-hspacer=\"icon_only\"  data-halign=\"left\" style=\"text-align:left\"><div class=\"uvc-heading-spacer icon_only\" style=\"margin-bottom:5px;\"><div class=\"ult-just-icon-wrapper  \"><div class=\"align-icon\" style=\"text-align:left;\">\n<div class=\"aio-icon none \"  style=\"color:#12446e;font-size:20px;\">\n\t<i class=\"icomoon-the7-font-the7-arrow-29-1\"><\/i>\n<\/div><\/div><\/div><\/div><div class=\"uvc-main-heading ult-responsive\"  data-ultimate-target='.uvc-heading.ultimate-heading-442669d6b23ce096a p'  data-responsive-json-new='{\"font-size\":\"desktop:55px;\",\"line-height\":\"desktop:60px;\"}' ><p style=\"font-family:&#039;Exo 2&#039;;font-weight:200;margin-bottom:15px;\">95%<\/p><\/div><div class=\"uvc-sub-heading ult-responsive\"  data-ultimate-target='.uvc-heading.ultimate-heading-442669d6b23ce096a .uvc-sub-heading '  data-responsive-json-new='{\"font-size\":\"desktop:18px;\",\"line-height\":\"desktop:28px;\"}'  style=\"font-family:&#039;Exo 2&#039;;font-weight:300;margin-bottom:25px;\">of the total surface area of the deep seabed has yet to be explored<\/div><\/div>[\/vc_column_inner][vc_column_inner width=&#8221;2\/3&#8243;][vc_column_text]Since 2019, ABYSSA&#8217;s core activity has entailed conducting deep seabed surveys using AUVs deployed individually or as a fleet, to produce classic maps of the sea floor and inventories of undersea heritage with a view to characterising environmental geodiversity and biodiversity. Around 95% of the total surface area of the deep seabed has yet to be explored, and only a tiny fraction of the area that has been surveyed to date has been studied in any depth: ABYSSA therefore hopes to further our knowledge of these deep-sea environments, a complex mosaic of habitats in heterogeneous environments that play an extremely important role in how our climate is changing. The future of humanity depends on such knowledge.[\/vc_column_text][\/vc_column_inner][\/vc_row_inner]<div id=\"ultimate-heading-503869d6b23ce09e0\" class=\"uvc-heading ult-adjust-bottom-margin ultimate-heading-503869d6b23ce09e0 uvc-5927 \" data-hspacer=\"no_spacer\"  data-halign=\"left\" style=\"text-align:left\"><div class=\"uvc-heading-spacer no_spacer\" style=\"top\"><\/div><div class=\"uvc-main-heading ult-responsive\"  data-ultimate-target='.uvc-heading.ultimate-heading-503869d6b23ce09e0 h3'  data-responsive-json-new='{\"font-size\":\"desktop:34px;\",\"line-height\":\"desktop:44px;\"}' ><h3 style=\"font-family:&#039;Exo 2&#039;;font-weight:300;margin-top:30px;margin-bottom:25px;\">The future of humanity depends on it<\/h3><\/div><\/div>[vc_column_text]For maritime regions and island states, our surveys will be key in drawing up the inventory of their sub-sea heritage. Whether they wish to protect and create sanctuaries in the form of marine reservations or decide to exploit some of the wealth of biological and mineral resources to be found, the first step is to understand the environment in depth: without such knowledge, it is impossible to take environmental sensitivities into consideration. Furthermore, the public authorities need decision-aid tools to deal with the issues for which civil society, and industrial players, hold them accountable. How can they take well-founded decisions if they know nothing of the heritage, oceanography or environmental characteristics at stake? If the authorities make uninformed decisions that are not based on scientific fact, this can cause untold damage, and such decisions are likely to be contested by opposing interests.<\/p>\n<p>The same applies to industrial players whose projects must not be allowed to go ahead without serious consideration of all the environmental issues at stake. Such issues can be extremely restrictive, and must, therefore, be substantiated on the basis of factual data resulting from technical and scientific studies. In addition, certain biological and genetic resources may prove invaluable in the medical field, while some mineral resources are already of interest for strategic metals needed to drive energy and digital transition.<br \/>\nThanks to current technology and constant advances being made in the field of Research, Development and Innovation, we feel it is essential to develop initiatives aimed at acquiring new knowledge of these vast ocean expanses. Exploring the deep seabed is the first step toward understanding how our climate works and developing appropriate decision-aid tools.[\/vc_column_text][vc_single_image image=&#8221;1507&#8243; img_size=&#8221;full&#8221; image_hovers=&#8221;false&#8221; css=&#8221;.vc_custom_1619789782373{margin-top: 25px !important;}&#8221;][\/vc_column][\/vc_row]<\/p>\n<\/div>","protected":false},"excerpt":{"rendered":"<p>[vc_row css=&#8221;.vc_custom_1618575337600{margin-top: 0px !important;margin-bottom: 0px !important;border-bottom-width: 35px !important;}&#8221;][vc_column][vc_column_text]Our desire to make it the focus of our business activities is based on the exciting realisation that even now, in the 21st century, most of the world&#8217;s oceans are still unknown territory, especially the very deepest reaches of the seabed, over 2000 m below the surface, which&hellip;<\/p>\n","protected":false},"author":1,"featured_media":0,"parent":1568,"menu_order":3,"comment_status":"closed","ping_status":"closed","template":"","meta":{"footnotes":""},"class_list":["post-1571","page","type-page","status-publish","hentry","description-off"],"yoast_head":"<!-- This site is optimized with the Yoast SEO plugin v26.7 - https:\/\/yoast.com\/wordpress\/plugins\/seo\/ -->\n<title>Our philosophy - Abyssa<\/title>\n<meta name=\"description\" content=\"ABYSSA: exploring the deep sea to acquire decision support tools for informed prescriptions.\" \/>\n<meta name=\"robots\" content=\"index, follow, max-snippet:-1, max-image-preview:large, max-video-preview:-1\" \/>\n<link rel=\"canonical\" href=\"https:\/\/www.abyssa.com\/en\/abyssa\/our-philosophy\/\" \/>\n<meta property=\"og:locale\" content=\"en_US\" \/>\n<meta property=\"og:type\" content=\"article\" \/>\n<meta property=\"og:title\" content=\"Our philosophy - Abyssa\" \/>\n<meta property=\"og:description\" content=\"ABYSSA: exploring the deep sea to acquire decision support tools for informed prescriptions.\" \/>\n<meta property=\"og:url\" content=\"https:\/\/www.abyssa.com\/en\/abyssa\/our-philosophy\/\" \/>\n<meta property=\"og:site_name\" content=\"Abyssa\" \/>\n<meta property=\"article:modified_time\" content=\"2021-05-26T07:40:58+00:00\" \/>\n<meta name=\"twitter:card\" content=\"summary_large_image\" \/>\n<meta name=\"twitter:label1\" content=\"Est. reading time\" \/>\n\t<meta name=\"twitter:data1\" content=\"4 minutes\" \/>\n<script type=\"application\/ld+json\" class=\"yoast-schema-graph\">{\"@context\":\"https:\/\/schema.org\",\"@graph\":[{\"@type\":\"WebPage\",\"@id\":\"https:\/\/www.abyssa.com\/en\/abyssa\/our-philosophy\/\",\"url\":\"https:\/\/www.abyssa.com\/en\/abyssa\/our-philosophy\/\",\"name\":\"Our philosophy - Abyssa\",\"isPartOf\":{\"@id\":\"https:\/\/www.abyssa.com\/en\/#website\"},\"datePublished\":\"2021-03-17T15:50:39+00:00\",\"dateModified\":\"2021-05-26T07:40:58+00:00\",\"description\":\"ABYSSA: exploring the deep sea to acquire decision support tools for informed prescriptions.\",\"breadcrumb\":{\"@id\":\"https:\/\/www.abyssa.com\/en\/abyssa\/our-philosophy\/#breadcrumb\"},\"inLanguage\":\"en-US\",\"potentialAction\":[{\"@type\":\"ReadAction\",\"target\":[\"https:\/\/www.abyssa.com\/en\/abyssa\/our-philosophy\/\"]}]},{\"@type\":\"BreadcrumbList\",\"@id\":\"https:\/\/www.abyssa.com\/en\/abyssa\/our-philosophy\/#breadcrumb\",\"itemListElement\":[{\"@type\":\"ListItem\",\"position\":1,\"name\":\"Accueil\",\"item\":\"https:\/\/www.abyssa.com\/en\/\"},{\"@type\":\"ListItem\",\"position\":2,\"name\":\"ABYSSA\",\"item\":\"https:\/\/www.abyssa.com\/en\/abyssa\/\"},{\"@type\":\"ListItem\",\"position\":3,\"name\":\"Our philosophy\"}]},{\"@type\":\"WebSite\",\"@id\":\"https:\/\/www.abyssa.com\/en\/#website\",\"url\":\"https:\/\/www.abyssa.com\/en\/\",\"name\":\"Abyssa\",\"description\":\"Soci\u00e9t\u00e9 fran\u00e7aise d&#039;exploration des grands fonds marins\",\"potentialAction\":[{\"@type\":\"SearchAction\",\"target\":{\"@type\":\"EntryPoint\",\"urlTemplate\":\"https:\/\/www.abyssa.com\/en\/?s={search_term_string}\"},\"query-input\":{\"@type\":\"PropertyValueSpecification\",\"valueRequired\":true,\"valueName\":\"search_term_string\"}}],\"inLanguage\":\"en-US\"}]}<\/script>\n<!-- \/ Yoast SEO plugin. -->","yoast_head_json":{"title":"Our philosophy - Abyssa","description":"ABYSSA: exploring the deep sea to acquire decision support tools for informed prescriptions.","robots":{"index":"index","follow":"follow","max-snippet":"max-snippet:-1","max-image-preview":"max-image-preview:large","max-video-preview":"max-video-preview:-1"},"canonical":"https:\/\/www.abyssa.com\/en\/abyssa\/our-philosophy\/","og_locale":"en_US","og_type":"article","og_title":"Our philosophy - Abyssa","og_description":"ABYSSA: exploring the deep sea to acquire decision support tools for informed prescriptions.","og_url":"https:\/\/www.abyssa.com\/en\/abyssa\/our-philosophy\/","og_site_name":"Abyssa","article_modified_time":"2021-05-26T07:40:58+00:00","twitter_card":"summary_large_image","twitter_misc":{"Est. reading time":"4 minutes"},"schema":{"@context":"https:\/\/schema.org","@graph":[{"@type":"WebPage","@id":"https:\/\/www.abyssa.com\/en\/abyssa\/our-philosophy\/","url":"https:\/\/www.abyssa.com\/en\/abyssa\/our-philosophy\/","name":"Our philosophy - Abyssa","isPartOf":{"@id":"https:\/\/www.abyssa.com\/en\/#website"},"datePublished":"2021-03-17T15:50:39+00:00","dateModified":"2021-05-26T07:40:58+00:00","description":"ABYSSA: exploring the deep sea to acquire decision support tools for informed prescriptions.","breadcrumb":{"@id":"https:\/\/www.abyssa.com\/en\/abyssa\/our-philosophy\/#breadcrumb"},"inLanguage":"en-US","potentialAction":[{"@type":"ReadAction","target":["https:\/\/www.abyssa.com\/en\/abyssa\/our-philosophy\/"]}]},{"@type":"BreadcrumbList","@id":"https:\/\/www.abyssa.com\/en\/abyssa\/our-philosophy\/#breadcrumb","itemListElement":[{"@type":"ListItem","position":1,"name":"Accueil","item":"https:\/\/www.abyssa.com\/en\/"},{"@type":"ListItem","position":2,"name":"ABYSSA","item":"https:\/\/www.abyssa.com\/en\/abyssa\/"},{"@type":"ListItem","position":3,"name":"Our philosophy"}]},{"@type":"WebSite","@id":"https:\/\/www.abyssa.com\/en\/#website","url":"https:\/\/www.abyssa.com\/en\/","name":"Abyssa","description":"Soci\u00e9t\u00e9 fran\u00e7aise d&#039;exploration des grands fonds marins","potentialAction":[{"@type":"SearchAction","target":{"@type":"EntryPoint","urlTemplate":"https:\/\/www.abyssa.com\/en\/?s={search_term_string}"},"query-input":{"@type":"PropertyValueSpecification","valueRequired":true,"valueName":"search_term_string"}}],"inLanguage":"en-US"}]}},"_links":{"self":[{"href":"https:\/\/www.abyssa.com\/en\/wp-json\/wp\/v2\/pages\/1571","targetHints":{"allow":["GET"]}}],"collection":[{"href":"https:\/\/www.abyssa.com\/en\/wp-json\/wp\/v2\/pages"}],"about":[{"href":"https:\/\/www.abyssa.com\/en\/wp-json\/wp\/v2\/types\/page"}],"author":[{"embeddable":true,"href":"https:\/\/www.abyssa.com\/en\/wp-json\/wp\/v2\/users\/1"}],"replies":[{"embeddable":true,"href":"https:\/\/www.abyssa.com\/en\/wp-json\/wp\/v2\/comments?post=1571"}],"version-history":[{"count":0,"href":"https:\/\/www.abyssa.com\/en\/wp-json\/wp\/v2\/pages\/1571\/revisions"}],"up":[{"embeddable":true,"href":"https:\/\/www.abyssa.com\/en\/wp-json\/wp\/v2\/pages\/1568"}],"wp:attachment":[{"href":"https:\/\/www.abyssa.com\/en\/wp-json\/wp\/v2\/media?parent=1571"}],"curies":[{"name":"wp","href":"https:\/\/api.w.org\/{rel}","templated":true}]}}