{"id":1558,"date":"2021-03-17T16:50:39","date_gmt":"2021-03-17T15:50:39","guid":{"rendered":"http:\/\/www.abyssa.com\/abys2021\/la-societe\/"},"modified":"2025-07-07T11:38:21","modified_gmt":"2025-07-07T09:38:21","slug":"the-company","status":"publish","type":"page","link":"https:\/\/www.abyssa.com\/en\/abyssa\/the-company\/","title":{"rendered":"The company"},"content":{"rendered":"<div class=\"wpb-content-wrapper\"><p>[vc_row][vc_column]<div id=\"ultimate-heading-738369ed75eee8b88\" class=\"uvc-heading ult-adjust-bottom-margin ultimate-heading-738369ed75eee8b88 uvc-2647 \" data-hspacer=\"icon_only\"  data-halign=\"left\" style=\"text-align:left\"><div class=\"uvc-heading-spacer icon_only\" style=\"margin-bottom:20px;\"><div class=\"ult-just-icon-wrapper  \"><div class=\"align-icon\" style=\"text-align:left;\">\n<div class=\"aio-icon advanced \"  style=\"color:#697787;border-style:dashed;border-color:#697787;border-width:1px;width:45px;height:45px;line-height:45px;border-radius:500px;font-size:20px;\">\n\t<i class=\"icomoon-the7-font-the7-plus-04\"><\/i>\n<\/div><\/div><\/div><\/div><div class=\"uvc-main-heading ult-responsive\"  data-ultimate-target='.uvc-heading.ultimate-heading-738369ed75eee8b88 h2'  data-responsive-json-new='{\"font-size\":\"desktop:50px;\",\"line-height\":\"desktop:60px;\"}' ><h2 style=\"font-family:&#039;Exo 2&#039;;font-weight:200;margin-bottom:25px;\">ABYSSA, the experts in deep seabed exploration<\/h2><\/div><div class=\"uvc-sub-heading ult-responsive\"  data-ultimate-target='.uvc-heading.ultimate-heading-738369ed75eee8b88 .uvc-sub-heading '  data-responsive-json-new='{\"font-size\":\"desktop:22px;\",\"line-height\":\"desktop:32px;\"}'  style=\"font-family:&#039;Exo 2&#039;;font-weight:200;margin-bottom:35px;\">ABYSSA provides services primarily for governments and public authorities that wish to understand the deep underwater heritage for which they are responsible, as well as for industrial players requiring information on marine resources and the environmental constraints that they must take into account.<\/div><\/div>[\/vc_column][\/vc_row][vc_row gap=&#8221;35&#8243; equal_height=&#8221;yes&#8221; content_placement=&#8221;middle&#8221;][vc_column width=&#8221;2\/3&#8243;]<div id=\"ultimate-heading-164169ed75eee8c3a\" class=\"uvc-heading ult-adjust-bottom-margin ultimate-heading-164169ed75eee8c3a uvc-6064 \" data-hspacer=\"no_spacer\"  data-halign=\"left\" style=\"text-align:left\"><div class=\"uvc-heading-spacer no_spacer\" style=\"top\"><\/div><div class=\"uvc-main-heading ult-responsive\"  data-ultimate-target='.uvc-heading.ultimate-heading-164169ed75eee8c3a h2'  data-responsive-json-new='{\"font-size\":\"desktop:45px;\",\"line-height\":\"desktop:55px;\"}' ><h2 style=\"font-family:&#039;Exo 2&#039;;font-weight:200;margin-bottom:25px;\">A promising start<\/h2><\/div><div class=\"uvc-sub-heading ult-responsive\"  data-ultimate-target='.uvc-heading.ultimate-heading-164169ed75eee8c3a .uvc-sub-heading '  data-responsive-json-new='{\"font-size\":\"desktop:16px;\",\"line-height\":\"desktop:26px;\"}'  style=\"font-family:&#039;Exo 2&#039;;font-weight:300;\">ABYSSA was set up as the result of a scientific project (the MESSIDOR\/MELODI project that ran from 2014 to 2018), supported by Bpifrance as winner of the Concours Mondial Innovation (World Innovation Challenge), and which aimed to deploy a fleet of AUVs for detecting Seafloor Massive Sulphide (one of the three major mineral resources to be found in the deep seabed).<\/p>\n<p>Since being set up, ABYSSA has found support from a number of institutions, organisations and partners, including: the Vice-Presidency of French Polynesia, the government of New Caledonia, France&#8217;s General Secretariat for the Sea (SG Mer), the French Ministry of Foreign Affairs, Ifremer, the Institut de Physique du Globe de Paris (IPGP), the French Maritime Cluster, the French Marine Industry Group (GICAN), TechnipFMC, and the Deep Sea Mining Alliance (DSMA).<\/div><\/div>[\/vc_column][vc_column width=&#8221;1\/3&#8243;]<div class=\"ult-animation  ult-no-mobile \" data-animate=\"fadeInRightBig\" data-animation-delay=\"0\" data-animation-duration=\"3\" data-animation-iteration=\"1\" style=\"\" >[vc_single_image image=&#8221;1409&#8243; img_size=&#8221;full&#8221; alignment=&#8221;center&#8221; css_animation=&#8221;none&#8221; image_hovers=&#8221;false&#8221;]<\/div>[\/vc_column][\/vc_row][vc_row full_width=&#8221;stretch_row_content&#8221; equal_height=&#8221;yes&#8221; content_placement=&#8221;middle&#8221; bg_type=&#8221;bg_color&#8221; bg_override=&#8221;ex-full&#8221; css=&#8221;.vc_custom_1616152420903{margin-top: 35px !important;margin-bottom: 35px !important;}&#8221; bg_color_value=&#8221;#37495f&#8221;][vc_column width=&#8221;1\/2&#8243; css=&#8221;.vc_custom_1658848651634{background-image: url(https:\/\/www.abyssa.com\/abys2021\/wp-content\/uploads\/2022\/07\/societe.jpg?id=2246) !important;background-position: center !important;background-repeat: no-repeat !important;background-size: cover !important;}&#8221;][vc_empty_space height=&#8221;200px&#8221;][\/vc_column][vc_column width=&#8221;1\/2&#8243; css=&#8221;.vc_custom_1616079379776{padding: 45px !important;}&#8221;]<div id=\"ultimate-heading-654369ed75eee8d15\" class=\"uvc-heading ult-adjust-bottom-margin ultimate-heading-654369ed75eee8d15 uvc-3306 \" data-hspacer=\"no_spacer\"  data-halign=\"left\" style=\"text-align:left\"><div class=\"uvc-heading-spacer no_spacer\" style=\"top\"><\/div><div class=\"uvc-main-heading ult-responsive\"  data-ultimate-target='.uvc-heading.ultimate-heading-654369ed75eee8d15 h2'  data-responsive-json-new='{\"font-size\":\"desktop:45px;\",\"line-height\":\"desktop:55px;\"}' ><h2 style=\"font-family:&#039;Exo 2&#039;;font-weight:200;color:#f4f4f5;margin-bottom:25px;\">Our vision and the challenges ahead<\/h2><\/div><div class=\"uvc-sub-heading ult-responsive\"  data-ultimate-target='.uvc-heading.ultimate-heading-654369ed75eee8d15 .uvc-sub-heading '  data-responsive-json-new='{\"font-size\":\"desktop:16px;\",\"line-height\":\"desktop:26px;\"}'  style=\"font-family:&#039;Exo 2&#039;;font-weight:300;color:#f4f4f5;\">In exploring the deep seabed, ABYSSA wants to address various challenges:<\/p>\n<ul>\n<li>A scientific challenge, since so little is known about deep ocean environments;<\/li>\n<li>An economic and strategic challenge, since the deep seabed harbours potential geological, biological and renewable energy resources;<\/li>\n<li>A technological challenge, since such precise exploratory and mapping surveys imply the use of highly-specialised, cutting-edge technology.<\/li>\n<\/ul>\n<p>Deploying AUVs to explore the deep seabed is a way to build up our knowledge of these environments which have barely, if ever, been explored, yet is a fundamental prerequisite for understanding and protecting these environments.<\/div><\/div>[\/vc_column][\/vc_row][vc_row full_width=&#8221;stretch_row&#8221; equal_height=&#8221;yes&#8221; content_placement=&#8221;middle&#8221; bg_type=&#8221;image&#8221; parallax_style=&#8221;vcpb-default&#8221; bg_image_new=&#8221;id^256|url^https:\/\/www.abyssa.com\/abys2021\/wp-content\/uploads\/2021\/03\/motif-carte.svg|caption^null|alt^null|title^motif-carte|description^null&#8221; bg_image_repeat=&#8221;no-repeat&#8221; bg_image_size=&#8221;initial&#8221; bg_override=&#8221;ex-full&#8221; css=&#8221;.vc_custom_1751881070262{margin-top: 35px !important;margin-bottom: 0px !important;}&#8221;][vc_column width=&#8221;2\/3&#8243; css=&#8221;.vc_custom_1616083517277{padding-bottom: 35px !important;}&#8221;]<div id=\"ultimate-heading-671669ed75eee8d87\" class=\"uvc-heading ult-adjust-bottom-margin ultimate-heading-671669ed75eee8d87 uvc-775 \" data-hspacer=\"no_spacer\"  data-halign=\"left\" style=\"text-align:left\"><div class=\"uvc-heading-spacer no_spacer\" style=\"top\"><\/div><div class=\"uvc-main-heading ult-responsive\"  data-ultimate-target='.uvc-heading.ultimate-heading-671669ed75eee8d87 h2'  data-responsive-json-new='{\"font-size\":\"desktop:45px;\",\"line-height\":\"desktop:55px;\"}' ><h2 style=\"font-family:&#039;Exo 2&#039;;font-weight:200;margin-bottom:25px;\">What we do<\/h2><\/div><div class=\"uvc-sub-heading ult-responsive\"  data-ultimate-target='.uvc-heading.ultimate-heading-671669ed75eee8d87 .uvc-sub-heading '  data-responsive-json-new='{\"font-size\":\"desktop:16px;\",\"line-height\":\"desktop:26px;\"}'  style=\"font-family:&#039;Exo 2&#039;;font-weight:300;\">We explore the deep ocean (down to 6000 m) using Autonomous Underwater Vehicles (AUVs) to carry out high-resolution seabed mapping.<br \/>\nMapping surveys performed for private- or public-sector clients provide technical data (bathymetric data, seabed characterisation, currents, etc.) and environmental data (habitat and environmental sensitivity, geodiversity and biodiversity inventory) for applications ranging from marine heritage inventory to industrial projects.<\/p>\n<p>In addition to this operational component, ABYSSA also provides advice and data analysis services. Prior to launching any exploration, ABYSSA works with the client to specify the objectives and content of the exploration campaign. Together with the ABYSSA scientific team, we also carry out analysis and interpretation of the data collected.<br \/>\nGiven the current lack of knowledge about the deep ocean environment, this data is essential for making informed decisions.<\/div><\/div>[\/vc_column][vc_column css_animation=&#8221;slideInRight&#8221; width=&#8221;1\/3&#8243;]<div class=\" ubtn-ctn-center \"><a class=\"ubtn-link ult-adjust-bottom-margin ubtn-center ubtn-normal \" href=\"https:\/\/www.abyssa.com\/en\/our-offer\/mapping\/\" title=\"Mapping\" ><button type=\"button\" id=\"ubtn-8436\"  class=\"ubtn ult-adjust-bottom-margin ult-responsive ubtn-normal ubtn-fade-bg  ulta-grow  ubtn-sep-icon ubtn-sep-icon-right-push  ubtn-center   tooltip-69ed75eee8df4\"  data-hover=\"#f4f4f5\" data-border-color=\"#1e334b\" data-bg=\"rgba(244,244,245,0.5)\" data-hover-bg=\"rgba(30,51,75,0.65)\" data-border-hover=\"#ffffff\" data-shadow-hover=\"\" data-shadow-click=\"none\" data-shadow=\"\" data-shd-shadow=\"\"  data-ultimate-target='#ubtn-8436'  data-responsive-json-new='{\"font-size\":\"desktop:20px;\",\"line-height\":\"desktop:30px;\"}'  style=\"font-family:&#039;Exo 2&#039;;font-weight:200;border-radius:300px;border-width:1px;border-color:#1e334b;border-style:solid;background: rgba(244,244,245,0.5);color: #1e334b;\"><span class=\"ubtn-data ubtn-icon\"><i class=\"icomoon-the7-font-the7-plus-04\" style=\"font-size:18px;color:#ffffff;\"><\/i><\/span><span class=\"ubtn-hover\" style=\"background-color:rgba(30,51,75,0.65)\"><\/span><span class=\"ubtn-data ubtn-text \" >Mapping<\/span><\/button><\/a><\/div><div class=\" ubtn-ctn-center \"><a class=\"ubtn-link ult-adjust-bottom-margin ubtn-center ubtn-normal \" href=\"https:\/\/www.abyssa.com\/en\/our-offer\/locating\/\" title=\"Locating\" ><button type=\"button\" id=\"ubtn-3164\"  class=\"ubtn ult-adjust-bottom-margin ult-responsive ubtn-normal ubtn-fade-bg  ulta-grow  ubtn-sep-icon ubtn-sep-icon-right-push  ubtn-center   tooltip-69ed75eee8e6c\"  data-hover=\"#f4f4f5\" data-border-color=\"#1e334b\" data-bg=\"rgba(244,244,245,0.5)\" data-hover-bg=\"rgba(30,51,75,0.65)\" data-border-hover=\"#ffffff\" data-shadow-hover=\"\" data-shadow-click=\"none\" data-shadow=\"\" data-shd-shadow=\"\"  data-ultimate-target='#ubtn-3164'  data-responsive-json-new='{\"font-size\":\"desktop:20px;\",\"line-height\":\"desktop:30px;\"}'  style=\"font-family:&#039;Exo 2&#039;;font-weight:200;border-radius:300px;border-width:1px;border-color:#1e334b;border-style:solid;background: rgba(244,244,245,0.5);color: #1e334b;\"><span class=\"ubtn-data ubtn-icon\"><i class=\"icomoon-the7-font-the7-plus-04\" style=\"font-size:18px;color:#ffffff;\"><\/i><\/span><span class=\"ubtn-hover\" style=\"background-color:rgba(30,51,75,0.65)\"><\/span><span class=\"ubtn-data ubtn-text \" >Locating<\/span><\/button><\/a><\/div><div class=\" ubtn-ctn-center \"><a class=\"ubtn-link ult-adjust-bottom-margin ubtn-center ubtn-normal \" href=\"https:\/\/www.abyssa.com\/en\/our-offer\/surveying\/\" title=\"Surveying\" ><button type=\"button\" id=\"ubtn-7905\"  class=\"ubtn ult-adjust-bottom-margin ult-responsive ubtn-normal ubtn-fade-bg  ulta-grow  ubtn-sep-icon ubtn-sep-icon-right-push  ubtn-center   tooltip-69ed75eee8ed0\"  data-hover=\"#f4f4f5\" data-border-color=\"#1e334b\" data-bg=\"rgba(244,244,245,0.5)\" data-hover-bg=\"rgba(30,51,75,0.5)\" data-border-hover=\"#ffffff\" data-shadow-hover=\"\" data-shadow-click=\"none\" data-shadow=\"\" data-shd-shadow=\"\"  data-ultimate-target='#ubtn-7905'  data-responsive-json-new='{\"font-size\":\"desktop:20px;\",\"line-height\":\"desktop:30px;\"}'  style=\"font-family:&#039;Exo 2&#039;;font-weight:200;border-radius:300px;border-width:1px;border-color:#1e334b;border-style:solid;background: rgba(244,244,245,0.5);color: #1e334b;\"><span class=\"ubtn-data ubtn-icon\"><i class=\"icomoon-the7-font-the7-plus-04\" style=\"font-size:18px;color:#ffffff;\"><\/i><\/span><span class=\"ubtn-hover\" style=\"background-color:rgba(30,51,75,0.5)\"><\/span><span class=\"ubtn-data ubtn-text \" >Surveying<\/span><\/button><\/a><\/div><div class=\" ubtn-ctn-center \"><a class=\"ubtn-link ult-adjust-bottom-margin ubtn-center ubtn-normal \" href=\"https:\/\/www.abyssa.com\/en\/our-offer\/operating-the-auvs\/\" title=\"Operating the AUVs\" ><button type=\"button\" id=\"ubtn-3698\"  class=\"ubtn ult-adjust-bottom-margin ult-responsive ubtn-normal ubtn-fade-bg  ulta-grow  ubtn-sep-icon ubtn-sep-icon-right-push  ubtn-center   tooltip-69ed75eee8f33\"  data-hover=\"#f4f4f5\" data-border-color=\"#1e334b\" data-bg=\"rgba(244,244,245,0.5)\" data-hover-bg=\"rgba(30,51,75,0.65)\" data-border-hover=\"#ffffff\" data-shadow-hover=\"\" data-shadow-click=\"none\" data-shadow=\"\" data-shd-shadow=\"\"  data-ultimate-target='#ubtn-3698'  data-responsive-json-new='{\"font-size\":\"desktop:20px;\",\"line-height\":\"desktop:30px;\"}'  style=\"font-family:&#039;Exo 2&#039;;font-weight:200;border-radius:300px;border-width:1px;border-color:#1e334b;border-style:solid;background: rgba(244,244,245,0.5);color: #1e334b;\"><span class=\"ubtn-data ubtn-icon\"><i class=\"icomoon-the7-font-the7-plus-04\" style=\"font-size:18px;color:#ffffff;\"><\/i><\/span><span class=\"ubtn-hover\" style=\"background-color:rgba(30,51,75,0.65)\"><\/span><span class=\"ubtn-data ubtn-text \" >Operating the AUVs<\/span><\/button><\/a><\/div>[\/vc_column][\/vc_row][vc_row full_width=&#8221;stretch_row&#8221; gap=&#8221;35&#8243; content_placement=&#8221;middle&#8221; css=&#8221;.vc_custom_1751880718883{margin-bottom: 0px !important;padding-top: 30px !important;padding-bottom: 30px !important;background-color: #ffffff !important;}&#8221;][vc_column width=&#8221;2\/3&#8243; css=&#8221;.vc_custom_1751880587449{padding-top: 0px !important;}&#8221;]<div id=\"ultimate-heading-497269ed75eee8f99\" class=\"uvc-heading ult-adjust-bottom-margin ultimate-heading-497269ed75eee8f99 uvc-7098 \" data-hspacer=\"no_spacer\"  data-halign=\"left\" style=\"text-align:left\"><div class=\"uvc-heading-spacer no_spacer\" style=\"top\"><\/div><div class=\"uvc-main-heading ult-responsive\"  data-ultimate-target='.uvc-heading.ultimate-heading-497269ed75eee8f99 h2'  data-responsive-json-new='{\"font-size\":\"desktop:35px;\",\"line-height\":\"desktop:45px;\"}' ><h2 style=\"font-family:&#039;Exo 2&#039;;font-weight:200;margin-bottom:15px;\">ISO 9001 certification<\/h2><\/div><div class=\"uvc-sub-heading ult-responsive\"  data-ultimate-target='.uvc-heading.ultimate-heading-497269ed75eee8f99 .uvc-sub-heading '  data-responsive-json-new='{\"font-size\":\"desktop:16px;\",\"line-height\":\"desktop:26px;\"}'  style=\"font-family:&#039;Exo 2&#039;;font-weight:300;\">The company has held ISO9001 certification since May 2025. This testifies to the efficiency of the management, production and information systems within the team, ensuring commitment and quality service to its customers.<\/div><\/div>[\/vc_column][vc_column width=&#8221;1\/3&#8243; css=&#8221;.vc_custom_1751880596873{padding-top: 0px !important;}&#8221;][vc_single_image image=&#8221;4015&#8243; img_size=&#8221;full&#8221; alignment=&#8221;center&#8221; css=&#8221;.vc_custom_1751880446738{margin-bottom: 0px !important;}&#8221; image_hovers=&#8221;false&#8221;][\/vc_column][\/vc_row]<\/p>\n<\/div>","protected":false},"excerpt":{"rendered":"<p>[vc_row][vc_column][\/vc_column][\/vc_row][vc_row gap=&#8221;35&#8243; equal_height=&#8221;yes&#8221; content_placement=&#8221;middle&#8221;][vc_column width=&#8221;2\/3&#8243;][\/vc_column][vc_column width=&#8221;1\/3&#8243;][\/vc_column][\/vc_row][vc_row full_width=&#8221;stretch_row_content&#8221; equal_height=&#8221;yes&#8221; content_placement=&#8221;middle&#8221; bg_type=&#8221;bg_color&#8221; bg_override=&#8221;ex-full&#8221; css=&#8221;.vc_custom_1616152420903{margin-top: 35px !important;margin-bottom: 35px !important;}&#8221; bg_color_value=&#8221;#37495f&#8221;][vc_column width=&#8221;1\/2&#8243; css=&#8221;.vc_custom_1658848651634{background-image: url(https:\/\/www.abyssa.com\/abys2021\/wp-content\/uploads\/2022\/07\/societe.jpg?id=2246) !important;background-position: center !important;background-repeat: no-repeat !important;background-size: cover !important;}&#8221;][vc_empty_space height=&#8221;200px&#8221;][\/vc_column][vc_column width=&#8221;1\/2&#8243; css=&#8221;.vc_custom_1616079379776{padding: 45px !important;}&#8221;][\/vc_column][\/vc_row][vc_row full_width=&#8221;stretch_row&#8221; equal_height=&#8221;yes&#8221; content_placement=&#8221;middle&#8221; bg_type=&#8221;image&#8221; parallax_style=&#8221;vcpb-default&#8221; bg_image_new=&#8221;id^256|url^https:\/\/www.abyssa.com\/abys2021\/wp-content\/uploads\/2021\/03\/motif-carte.svg|caption^null|alt^null|title^motif-carte|description^null&#8221; bg_image_repeat=&#8221;no-repeat&#8221; bg_image_size=&#8221;initial&#8221; bg_override=&#8221;ex-full&#8221; css=&#8221;.vc_custom_1751881070262{margin-top: 35px !important;margin-bottom: 0px !important;}&#8221;][vc_column width=&#8221;2\/3&#8243; css=&#8221;.vc_custom_1616083517277{padding-bottom: 35px !important;}&#8221;][\/vc_column][vc_column css_animation=&#8221;slideInRight&#8221; width=&#8221;1\/3&#8243;][\/vc_column][\/vc_row][vc_row full_width=&#8221;stretch_row&#8221; gap=&#8221;35&#8243; content_placement=&#8221;middle&#8221;&hellip;<\/p>\n","protected":false},"author":1,"featured_media":0,"parent":1568,"menu_order":1,"comment_status":"closed","ping_status":"closed","template":"","meta":{"footnotes":""},"class_list":["post-1558","page","type-page","status-publish","hentry","description-off"],"yoast_head":"<!-- This site is optimized with the Yoast SEO plugin v26.7 - https:\/\/yoast.com\/wordpress\/plugins\/seo\/ -->\n<title>The company - Abyssa<\/title>\n<meta name=\"description\" content=\"By exploring the deep seabed, ABYSSA is meeting scientific, economic and technological challenges.\" \/>\n<meta name=\"robots\" content=\"index, follow, max-snippet:-1, max-image-preview:large, max-video-preview:-1\" \/>\n<link rel=\"canonical\" href=\"https:\/\/www.abyssa.com\/en\/abyssa\/the-company\/\" \/>\n<meta property=\"og:locale\" content=\"en_US\" \/>\n<meta property=\"og:type\" content=\"article\" \/>\n<meta property=\"og:title\" content=\"The company - Abyssa\" \/>\n<meta property=\"og:description\" content=\"By exploring the deep seabed, ABYSSA is meeting scientific, economic and technological challenges.\" \/>\n<meta property=\"og:url\" content=\"https:\/\/www.abyssa.com\/en\/abyssa\/the-company\/\" \/>\n<meta property=\"og:site_name\" content=\"Abyssa\" \/>\n<meta property=\"article:modified_time\" content=\"2025-07-07T09:38:21+00:00\" \/>\n<meta name=\"twitter:card\" content=\"summary_large_image\" \/>\n<meta name=\"twitter:label1\" content=\"Est. reading time\" \/>\n\t<meta name=\"twitter:data1\" content=\"5 minutes\" \/>\n<script type=\"application\/ld+json\" class=\"yoast-schema-graph\">{\"@context\":\"https:\/\/schema.org\",\"@graph\":[{\"@type\":\"WebPage\",\"@id\":\"https:\/\/www.abyssa.com\/en\/abyssa\/the-company\/\",\"url\":\"https:\/\/www.abyssa.com\/en\/abyssa\/the-company\/\",\"name\":\"The company - Abyssa\",\"isPartOf\":{\"@id\":\"https:\/\/www.abyssa.com\/en\/#website\"},\"datePublished\":\"2021-03-17T15:50:39+00:00\",\"dateModified\":\"2025-07-07T09:38:21+00:00\",\"description\":\"By exploring the deep seabed, ABYSSA is meeting scientific, economic and technological challenges.\",\"breadcrumb\":{\"@id\":\"https:\/\/www.abyssa.com\/en\/abyssa\/the-company\/#breadcrumb\"},\"inLanguage\":\"en-US\",\"potentialAction\":[{\"@type\":\"ReadAction\",\"target\":[\"https:\/\/www.abyssa.com\/en\/abyssa\/the-company\/\"]}]},{\"@type\":\"BreadcrumbList\",\"@id\":\"https:\/\/www.abyssa.com\/en\/abyssa\/the-company\/#breadcrumb\",\"itemListElement\":[{\"@type\":\"ListItem\",\"position\":1,\"name\":\"Accueil\",\"item\":\"https:\/\/www.abyssa.com\/en\/\"},{\"@type\":\"ListItem\",\"position\":2,\"name\":\"ABYSSA\",\"item\":\"https:\/\/www.abyssa.com\/en\/abyssa\/\"},{\"@type\":\"ListItem\",\"position\":3,\"name\":\"The company\"}]},{\"@type\":\"WebSite\",\"@id\":\"https:\/\/www.abyssa.com\/en\/#website\",\"url\":\"https:\/\/www.abyssa.com\/en\/\",\"name\":\"Abyssa\",\"description\":\"Soci\u00e9t\u00e9 fran\u00e7aise d&#039;exploration des grands fonds marins\",\"potentialAction\":[{\"@type\":\"SearchAction\",\"target\":{\"@type\":\"EntryPoint\",\"urlTemplate\":\"https:\/\/www.abyssa.com\/en\/?s={search_term_string}\"},\"query-input\":{\"@type\":\"PropertyValueSpecification\",\"valueRequired\":true,\"valueName\":\"search_term_string\"}}],\"inLanguage\":\"en-US\"}]}<\/script>\n<!-- \/ Yoast SEO plugin. -->","yoast_head_json":{"title":"The company - Abyssa","description":"By exploring the deep seabed, ABYSSA is meeting scientific, economic and technological challenges.","robots":{"index":"index","follow":"follow","max-snippet":"max-snippet:-1","max-image-preview":"max-image-preview:large","max-video-preview":"max-video-preview:-1"},"canonical":"https:\/\/www.abyssa.com\/en\/abyssa\/the-company\/","og_locale":"en_US","og_type":"article","og_title":"The company - Abyssa","og_description":"By exploring the deep seabed, ABYSSA is meeting scientific, economic and technological challenges.","og_url":"https:\/\/www.abyssa.com\/en\/abyssa\/the-company\/","og_site_name":"Abyssa","article_modified_time":"2025-07-07T09:38:21+00:00","twitter_card":"summary_large_image","twitter_misc":{"Est. reading time":"5 minutes"},"schema":{"@context":"https:\/\/schema.org","@graph":[{"@type":"WebPage","@id":"https:\/\/www.abyssa.com\/en\/abyssa\/the-company\/","url":"https:\/\/www.abyssa.com\/en\/abyssa\/the-company\/","name":"The company - Abyssa","isPartOf":{"@id":"https:\/\/www.abyssa.com\/en\/#website"},"datePublished":"2021-03-17T15:50:39+00:00","dateModified":"2025-07-07T09:38:21+00:00","description":"By exploring the deep seabed, ABYSSA is meeting scientific, economic and technological challenges.","breadcrumb":{"@id":"https:\/\/www.abyssa.com\/en\/abyssa\/the-company\/#breadcrumb"},"inLanguage":"en-US","potentialAction":[{"@type":"ReadAction","target":["https:\/\/www.abyssa.com\/en\/abyssa\/the-company\/"]}]},{"@type":"BreadcrumbList","@id":"https:\/\/www.abyssa.com\/en\/abyssa\/the-company\/#breadcrumb","itemListElement":[{"@type":"ListItem","position":1,"name":"Accueil","item":"https:\/\/www.abyssa.com\/en\/"},{"@type":"ListItem","position":2,"name":"ABYSSA","item":"https:\/\/www.abyssa.com\/en\/abyssa\/"},{"@type":"ListItem","position":3,"name":"The company"}]},{"@type":"WebSite","@id":"https:\/\/www.abyssa.com\/en\/#website","url":"https:\/\/www.abyssa.com\/en\/","name":"Abyssa","description":"Soci\u00e9t\u00e9 fran\u00e7aise d&#039;exploration des grands fonds marins","potentialAction":[{"@type":"SearchAction","target":{"@type":"EntryPoint","urlTemplate":"https:\/\/www.abyssa.com\/en\/?s={search_term_string}"},"query-input":{"@type":"PropertyValueSpecification","valueRequired":true,"valueName":"search_term_string"}}],"inLanguage":"en-US"}]}},"_links":{"self":[{"href":"https:\/\/www.abyssa.com\/en\/wp-json\/wp\/v2\/pages\/1558","targetHints":{"allow":["GET"]}}],"collection":[{"href":"https:\/\/www.abyssa.com\/en\/wp-json\/wp\/v2\/pages"}],"about":[{"href":"https:\/\/www.abyssa.com\/en\/wp-json\/wp\/v2\/types\/page"}],"author":[{"embeddable":true,"href":"https:\/\/www.abyssa.com\/en\/wp-json\/wp\/v2\/users\/1"}],"replies":[{"embeddable":true,"href":"https:\/\/www.abyssa.com\/en\/wp-json\/wp\/v2\/comments?post=1558"}],"version-history":[{"count":3,"href":"https:\/\/www.abyssa.com\/en\/wp-json\/wp\/v2\/pages\/1558\/revisions"}],"predecessor-version":[{"id":4024,"href":"https:\/\/www.abyssa.com\/en\/wp-json\/wp\/v2\/pages\/1558\/revisions\/4024"}],"up":[{"embeddable":true,"href":"https:\/\/www.abyssa.com\/en\/wp-json\/wp\/v2\/pages\/1568"}],"wp:attachment":[{"href":"https:\/\/www.abyssa.com\/en\/wp-json\/wp\/v2\/media?parent=1558"}],"curies":[{"name":"wp","href":"https:\/\/api.w.org\/{rel}","templated":true}]}}